{"id":3306,"date":"2022-08-29T13:09:14","date_gmt":"2022-08-29T13:09:14","guid":{"rendered":"https:\/\/www.volume-software.com\/?page_id=3306"},"modified":"2022-09-19T14:06:09","modified_gmt":"2022-09-19T14:06:09","slug":"przetworca-tektury-falistej","status":"publish","type":"page","link":"https:\/\/www.volume-software.com\/pl\/panstwa-branza\/przetworca-tektury-falistej\/","title":{"rendered":"Przetw\u00f3rca tektury falistej"},"content":{"rendered":"<p style=\"text-align: justify;\">Celem <strong>przetw\u00f3rcy tektury falistej<\/strong> jest sprzeda\u017c opakowa\u0144 swoim klientom. Arkusze tektury kupowane s\u0105 od firm posiadaj\u0105cych tekturnice i przerabiane s\u0105 zwyk\u0142e na pude\u0142ka zgodne z norm\u0105 FEFCO lub inne bardziej z\u0142o\u017cone opakowania.<\/p>\n<h2><b class=\"b4\">Arkusze<\/b> <b class=\"b4\">tektu<\/b><b class=\"b3\">ry<\/b> <b class=\"b5\">falistej<\/b>.<\/h2>\n<p>Wyprodukowane arkusze tektury mog\u0105 mie\u0107 r\u00f3\u017cne &#8220;<strong>profile fali<\/strong>&#8220;. Do opisu profilu cz\u0119sto u\u017cywamy kodu utworzonego ze skojarzenia kod\u00f3w fali (w kolejno\u015bci: od fali zewn\u0119trznej do wewn\u0119trznej):<\/p>\n<ul>\n<li><strong>Tektura dwuwarstwowa<\/strong>. Element elastyczny.<\/li>\n<li><strong>Tektura tr\u00f3jwarstwowa<\/strong>. Na przyk\u0142ad: A, C or B.<\/li>\n<li><strong>Tektura pi\u0119ciowarstwowa<\/strong> lub \u201c<strong>Double-double<\/strong>\u201c. Na przyk\u0142ad: EB or BC.<\/li>\n<li><strong>Tektura siedmiowarstwowa<\/strong>. Na przyk\u0142ad: BAK, BCA.<\/li>\n<\/ul>\n<p><a href=\"https:\/\/www.volume-software.com\/wp-content\/uploads\/2022\/09\/profil-carton-cannelure_pl.jpg\" data-rel=\"lightbox-image-0\" data-rl_title=\"\" data-rl_caption=\"\" title=\"\"><img loading=\"lazy\" decoding=\"async\" class=\"aligncenter wp-image-3401 size-full\" src=\"https:\/\/www.volume-software.com\/wp-content\/uploads\/2022\/09\/profil-carton-cannelure_pl.jpg\" alt=\"profil-karton-fala\" width=\"598\" height=\"70\" srcset=\"https:\/\/www.volume-software.com\/wp-content\/uploads\/2022\/09\/profil-carton-cannelure_pl.jpg 598w, https:\/\/www.volume-software.com\/wp-content\/uploads\/2022\/09\/profil-carton-cannelure_pl-400x47.jpg 400w, https:\/\/www.volume-software.com\/wp-content\/uploads\/2022\/09\/profil-carton-cannelure_pl-190x22.jpg 190w\" sizes=\"auto, (max-width: 598px) 100vw, 598px\" \/><\/a><\/p>\n<p style=\"text-align: justify;\">W zale\u017cno\u015bci od rodzaju fali oraz gatunku papieru istniej\u0105 r\u00f3\u017cne &#8220;<strong>sk\u0142ady tektury falistej<\/strong>&#8220;.<\/p>\n<p style=\"text-align: justify;\">Arkusz tektury falistej ma okre\u015blony <strong>sk\u0142ad.<\/strong> Arkusz ma okre\u015blony wymiar (&#8220;<strong>grubo\u015b\u0107<\/strong>&#8220;,&#8221;<strong>szeroko\u015b\u0107<\/strong>&#8221; i &#8220;<strong>d\u0142ugo\u015b\u0107<\/strong>&#8220;). Dodatkowo mo\u017ce by\u0107 slotowany i bigowany.<\/p>\n<div id=\"attachment_417\" style=\"width: 410px\" class=\"wp-caption aligncenter\"><img loading=\"lazy\" decoding=\"async\" aria-describedby=\"caption-attachment-417\" class=\"wp-image-417 size-medium\" src=\"https:\/\/www.volume-software.com\/wp-content\/uploads\/2015\/04\/packaging-2-400x258.jpg\" alt=\"Arkusze tektury falistej\" width=\"400\" height=\"258\" srcset=\"https:\/\/www.volume-software.com\/wp-content\/uploads\/2015\/04\/packaging-2-400x258.jpg 400w, https:\/\/www.volume-software.com\/wp-content\/uploads\/2015\/04\/packaging-2-190x122.jpg 190w, https:\/\/www.volume-software.com\/wp-content\/uploads\/2015\/04\/packaging-2-600x386.jpg 600w, https:\/\/www.volume-software.com\/wp-content\/uploads\/2015\/04\/packaging-2.jpg 635w\" sizes=\"auto, (max-width: 400px) 100vw, 400px\" \/><p id=\"caption-attachment-417\" class=\"wp-caption-text\">Arkusze tektury falistej<\/p><\/div>\n<h2>Produkcja opakowa\u0144<\/h2>\n<p>Tektura falista kolejno przechodzi przez szereg <strong>maszyn przetwarzaj\u0105cych<\/strong>, aby wyprodukowa\u0107 opakowanie zgodne z oczekiwaniami klienta. Opakowania mog\u0105 by\u0107 proste, <strong>kartony szczelinowe<\/strong> (opisane w normie <strong>FEFCO<\/strong>), z\u0142o\u017cone, fasonowe (z <strong>wykrojnikiem<\/strong>), jak r\u00f3wnie\u017c wieloelementowe <strong>POS<\/strong>-y.<\/p>\n<p>Poszczeg\u00f3lne etapy przetwarzania mog\u0105 obejmowa\u0107 nast\u0119puj\u0105ce elementy:<\/p>\n<ul>\n<li><strong>Slotowanie\/bigowanie<\/strong>: maszyna slotuj\u0105ca lub biguj\u0105ca.<\/li>\n<li><strong>Druk<\/strong>: fleksograficzna lub offsetowa maszyna drukarska z zespo\u0142ami lakieruj\u0105cymi.<\/li>\n<li><strong>Sztancowanie<\/strong>: <strong>sztanca rotacyjna<\/strong> lub <strong>maszyna do sztancowania z p\u0142askim sto\u0142em<\/strong>.<\/li>\n<li><strong>Sk\u0142adarko-sklejarka<\/strong>: do sk\u0142adania i spajania (klejenie lub szycie) pude\u0142ek<\/li>\n<li><strong>Maszyna do owijania ta\u015bm\u0105<\/strong>.<\/li>\n<\/ul>\n<div id=\"attachment_695\" style=\"width: 410px\" class=\"wp-caption aligncenter\"><img loading=\"lazy\" decoding=\"async\" aria-describedby=\"caption-attachment-695\" class=\"wp-image-695 size-medium\" src=\"https:\/\/www.volume-software.com\/wp-content\/uploads\/2015\/04\/packaging-3-400x226.jpg\" alt=\"Pud\u0142o z tektury falistej \" width=\"400\" height=\"226\" srcset=\"https:\/\/www.volume-software.com\/wp-content\/uploads\/2015\/04\/packaging-3-400x226.jpg 400w, https:\/\/www.volume-software.com\/wp-content\/uploads\/2015\/04\/packaging-3-190x107.jpg 190w, https:\/\/www.volume-software.com\/wp-content\/uploads\/2015\/04\/packaging-3-600x339.jpg 600w, https:\/\/www.volume-software.com\/wp-content\/uploads\/2015\/04\/packaging-3-810x458.jpg 810w, https:\/\/www.volume-software.com\/wp-content\/uploads\/2015\/04\/packaging-3.jpg 975w\" sizes=\"auto, (max-width: 400px) 100vw, 400px\" \/><p id=\"caption-attachment-695\" class=\"wp-caption-text\">Pud\u0142o z tektury falistej: przyk\u0142ad<\/p><\/div>\n<h2>Magazynowanie i logistyka<\/h2>\n<p style=\"text-align: justify;\">Dobre <strong>zarz\u0105dzanie zapasami<\/strong> wed\u0142ug <strong>partii produkcji<\/strong> i <strong>lokalizacji<\/strong> jest istotnym elementem zarz\u0105dzania dla dzia\u0142alno\u015bci przetw\u00f3rcy tektury. Kluczowym czynnikiem jest r\u00f3wnie\u017c logistyka, pozwalaj\u0105ca na lepsz\u0105 organizacj\u0119 dostaw.<\/p>\n<h2 style=\"text-align: justify;\">Odpowied\u017a firmy Volume Software na potrzeby przetw\u00f3rc\u00f3w tektury falistej: VoluPack ERP.<\/h2>\n<p>System informatyczny VoluPack jest skierowany specjalnie do przetw\u00f3rc\u00f3w tektury.<\/p>\n<p style=\"text-align: center;\"><a class=\"mks_button mks_button_large rounded\" href=\"https:\/\/www.volume-software.com\/pl\/nasze-rozwiazania\/volupack-erp\/\" target=\"_self\" style=\"color: #FFFFFF; background-color: #0092DF;\" >Nasze rozwi\u0105zanie dla tekturnic : VoluPack ERP<\/a>\n","protected":false},"excerpt":{"rendered":"<p>Celem przetw\u00f3rcy tektury falistej jest sprzeda\u017c opakowa\u0144 swoim klientom. Arkusze tektury kupowane s\u0105 od firm posiadaj\u0105cych tekturnice i przerabiane s\u0105 zwyk\u0142e na pude\u0142ka zgodne z norm\u0105 FEFCO lub inne bardziej z\u0142o\u017cone opakowania. Arkusze tektury falistej. Wyprodukowane arkusze tektury mog\u0105 mie\u0107 r\u00f3\u017cne &#8220;profile fali&#8220;. Do opisu profilu cz\u0119sto u\u017cywamy kodu utworzonego ze skojarzenia kod\u00f3w fali (w [&hellip;]<\/p>\n","protected":false},"author":1,"featured_media":2883,"parent":2892,"menu_order":0,"comment_status":"closed","ping_status":"closed","template":"","meta":{"footnotes":""},"class_list":["post-3306","page","type-page","status-publish","has-post-thumbnail","hentry"],"yoast_head":"<!-- This site is optimized with the Yoast SEO plugin v27.3 - https:\/\/yoast.com\/product\/yoast-seo-wordpress\/ -->\n<title>Przetw\u00f3rca tektury falistej - Volume Software<\/title>\n<meta name=\"description\" content=\"Celem przetw\u00f3rcy tektury falistej jest sprzeda\u017c opakowa\u0144 swoim klientom.\" \/>\n<meta name=\"robots\" content=\"index, follow, max-snippet:-1, max-image-preview:large, max-video-preview:-1\" \/>\n<link rel=\"canonical\" href=\"https:\/\/www.volume-software.com\/pl\/panstwa-branza\/przetworca-tektury-falistej\/\" \/>\n<meta property=\"og:locale\" content=\"pl_PL\" \/>\n<meta property=\"og:type\" content=\"article\" \/>\n<meta property=\"og:title\" content=\"Przetw\u00f3rca tektury falistej - Volume Software\" \/>\n<meta property=\"og:description\" content=\"Celem przetw\u00f3rcy tektury falistej jest sprzeda\u017c opakowa\u0144 swoim klientom.\" \/>\n<meta property=\"og:url\" content=\"https:\/\/www.volume-software.com\/pl\/panstwa-branza\/przetworca-tektury-falistej\/\" \/>\n<meta property=\"og:site_name\" content=\"Volume Software\" \/>\n<meta property=\"article:publisher\" content=\"https:\/\/www.facebook.com\/pages\/Volume-Software\/216816211713393\" \/>\n<meta property=\"article:modified_time\" content=\"2022-09-19T14:06:09+00:00\" \/>\n<meta property=\"og:image\" content=\"https:\/\/www.volume-software.com\/wp-content\/uploads\/2015\/02\/volume_software.png\" \/>\n\t<meta property=\"og:image:width\" content=\"900\" \/>\n\t<meta property=\"og:image:height\" content=\"264\" \/>\n\t<meta property=\"og:image:type\" content=\"image\/png\" \/>\n<meta name=\"twitter:card\" content=\"summary_large_image\" \/>\n<meta name=\"twitter:site\" content=\"@VolumeSoftware\" \/>\n<meta name=\"twitter:label1\" content=\"Szacowany czas czytania\" \/>\n\t<meta name=\"twitter:data1\" content=\"3 minuty\" \/>\n<script type=\"application\/ld+json\" class=\"yoast-schema-graph\">{\"@context\":\"https:\\\/\\\/schema.org\",\"@graph\":[{\"@type\":\"WebPage\",\"@id\":\"https:\\\/\\\/www.volume-software.com\\\/pl\\\/panstwa-branza\\\/przetworca-tektury-falistej\\\/\",\"url\":\"https:\\\/\\\/www.volume-software.com\\\/pl\\\/panstwa-branza\\\/przetworca-tektury-falistej\\\/\",\"name\":\"Przetw\u00f3rca tektury falistej - Volume Software\",\"isPartOf\":{\"@id\":\"https:\\\/\\\/www.volume-software.com\\\/#website\"},\"primaryImageOfPage\":{\"@id\":\"https:\\\/\\\/www.volume-software.com\\\/pl\\\/panstwa-branza\\\/przetworca-tektury-falistej\\\/#primaryimage\"},\"image\":{\"@id\":\"https:\\\/\\\/www.volume-software.com\\\/pl\\\/panstwa-branza\\\/przetworca-tektury-falistej\\\/#primaryimage\"},\"thumbnailUrl\":\"https:\\\/\\\/www.volume-software.com\\\/wp-content\\\/uploads\\\/2015\\\/02\\\/volume_software.png\",\"datePublished\":\"2022-08-29T13:09:14+00:00\",\"dateModified\":\"2022-09-19T14:06:09+00:00\",\"description\":\"Celem przetw\u00f3rcy tektury falistej jest sprzeda\u017c opakowa\u0144 swoim klientom.\",\"breadcrumb\":{\"@id\":\"https:\\\/\\\/www.volume-software.com\\\/pl\\\/panstwa-branza\\\/przetworca-tektury-falistej\\\/#breadcrumb\"},\"inLanguage\":\"pl-PL\",\"potentialAction\":[{\"@type\":\"ReadAction\",\"target\":[\"https:\\\/\\\/www.volume-software.com\\\/pl\\\/panstwa-branza\\\/przetworca-tektury-falistej\\\/\"]}]},{\"@type\":\"ImageObject\",\"inLanguage\":\"pl-PL\",\"@id\":\"https:\\\/\\\/www.volume-software.com\\\/pl\\\/panstwa-branza\\\/przetworca-tektury-falistej\\\/#primaryimage\",\"url\":\"https:\\\/\\\/www.volume-software.com\\\/wp-content\\\/uploads\\\/2015\\\/02\\\/volume_software.png\",\"contentUrl\":\"https:\\\/\\\/www.volume-software.com\\\/wp-content\\\/uploads\\\/2015\\\/02\\\/volume_software.png\",\"width\":900,\"height\":264},{\"@type\":\"BreadcrumbList\",\"@id\":\"https:\\\/\\\/www.volume-software.com\\\/pl\\\/panstwa-branza\\\/przetworca-tektury-falistej\\\/#breadcrumb\",\"itemListElement\":[{\"@type\":\"ListItem\",\"position\":1,\"name\":\"Volume Software\",\"item\":\"https:\\\/\\\/www.volume-software.com\\\/pl\\\/\"},{\"@type\":\"ListItem\",\"position\":2,\"name\":\"Pa\u0144stwa bran\u017ca\",\"item\":\"https:\\\/\\\/www.volume-software.com\\\/pl\\\/panstwa-branza\\\/\"},{\"@type\":\"ListItem\",\"position\":3,\"name\":\"Przetw\u00f3rca tektury falistej\"}]},{\"@type\":\"WebSite\",\"@id\":\"https:\\\/\\\/www.volume-software.com\\\/#website\",\"url\":\"https:\\\/\\\/www.volume-software.com\\\/\",\"name\":\"Volume Software\",\"description\":\"Producent systemu ERP dla bran\u017cy opakowaniowej i poligraficznej\",\"publisher\":{\"@id\":\"https:\\\/\\\/www.volume-software.com\\\/#organization\"},\"potentialAction\":[{\"@type\":\"SearchAction\",\"target\":{\"@type\":\"EntryPoint\",\"urlTemplate\":\"https:\\\/\\\/www.volume-software.com\\\/?s={search_term_string}\"},\"query-input\":{\"@type\":\"PropertyValueSpecification\",\"valueRequired\":true,\"valueName\":\"search_term_string\"}}],\"inLanguage\":\"pl-PL\"},{\"@type\":\"Organization\",\"@id\":\"https:\\\/\\\/www.volume-software.com\\\/#organization\",\"name\":\"Volume Software\",\"url\":\"https:\\\/\\\/www.volume-software.com\\\/\",\"logo\":{\"@type\":\"ImageObject\",\"inLanguage\":\"pl-PL\",\"@id\":\"https:\\\/\\\/www.volume-software.com\\\/#\\\/schema\\\/logo\\\/image\\\/\",\"url\":\"http:\\\/\\\/www.volume-software.com\\\/wp-content\\\/uploads\\\/2015\\\/02\\\/volume_software.png\",\"contentUrl\":\"http:\\\/\\\/www.volume-software.com\\\/wp-content\\\/uploads\\\/2015\\\/02\\\/volume_software.png\",\"width\":900,\"height\":264,\"caption\":\"Volume Software\"},\"image\":{\"@id\":\"https:\\\/\\\/www.volume-software.com\\\/#\\\/schema\\\/logo\\\/image\\\/\"},\"sameAs\":[\"https:\\\/\\\/www.facebook.com\\\/pages\\\/Volume-Software\\\/216816211713393\",\"https:\\\/\\\/x.com\\\/VolumeSoftware\",\"https:\\\/\\\/www.linkedin.com\\\/company\\\/volume-software\",\"https:\\\/\\\/www.youtube.com\\\/user\\\/VolumeSoftware\"]}]}<\/script>\n<!-- \/ Yoast SEO plugin. -->","yoast_head_json":{"title":"Przetw\u00f3rca tektury falistej - Volume Software","description":"Celem przetw\u00f3rcy tektury falistej jest sprzeda\u017c opakowa\u0144 swoim klientom.","robots":{"index":"index","follow":"follow","max-snippet":"max-snippet:-1","max-image-preview":"max-image-preview:large","max-video-preview":"max-video-preview:-1"},"canonical":"https:\/\/www.volume-software.com\/pl\/panstwa-branza\/przetworca-tektury-falistej\/","og_locale":"pl_PL","og_type":"article","og_title":"Przetw\u00f3rca tektury falistej - Volume Software","og_description":"Celem przetw\u00f3rcy tektury falistej jest sprzeda\u017c opakowa\u0144 swoim klientom.","og_url":"https:\/\/www.volume-software.com\/pl\/panstwa-branza\/przetworca-tektury-falistej\/","og_site_name":"Volume Software","article_publisher":"https:\/\/www.facebook.com\/pages\/Volume-Software\/216816211713393","article_modified_time":"2022-09-19T14:06:09+00:00","og_image":[{"width":900,"height":264,"url":"https:\/\/www.volume-software.com\/wp-content\/uploads\/2015\/02\/volume_software.png","type":"image\/png"}],"twitter_card":"summary_large_image","twitter_site":"@VolumeSoftware","twitter_misc":{"Szacowany czas czytania":"3 minuty"},"schema":{"@context":"https:\/\/schema.org","@graph":[{"@type":"WebPage","@id":"https:\/\/www.volume-software.com\/pl\/panstwa-branza\/przetworca-tektury-falistej\/","url":"https:\/\/www.volume-software.com\/pl\/panstwa-branza\/przetworca-tektury-falistej\/","name":"Przetw\u00f3rca tektury falistej - Volume Software","isPartOf":{"@id":"https:\/\/www.volume-software.com\/#website"},"primaryImageOfPage":{"@id":"https:\/\/www.volume-software.com\/pl\/panstwa-branza\/przetworca-tektury-falistej\/#primaryimage"},"image":{"@id":"https:\/\/www.volume-software.com\/pl\/panstwa-branza\/przetworca-tektury-falistej\/#primaryimage"},"thumbnailUrl":"https:\/\/www.volume-software.com\/wp-content\/uploads\/2015\/02\/volume_software.png","datePublished":"2022-08-29T13:09:14+00:00","dateModified":"2022-09-19T14:06:09+00:00","description":"Celem przetw\u00f3rcy tektury falistej jest sprzeda\u017c opakowa\u0144 swoim klientom.","breadcrumb":{"@id":"https:\/\/www.volume-software.com\/pl\/panstwa-branza\/przetworca-tektury-falistej\/#breadcrumb"},"inLanguage":"pl-PL","potentialAction":[{"@type":"ReadAction","target":["https:\/\/www.volume-software.com\/pl\/panstwa-branza\/przetworca-tektury-falistej\/"]}]},{"@type":"ImageObject","inLanguage":"pl-PL","@id":"https:\/\/www.volume-software.com\/pl\/panstwa-branza\/przetworca-tektury-falistej\/#primaryimage","url":"https:\/\/www.volume-software.com\/wp-content\/uploads\/2015\/02\/volume_software.png","contentUrl":"https:\/\/www.volume-software.com\/wp-content\/uploads\/2015\/02\/volume_software.png","width":900,"height":264},{"@type":"BreadcrumbList","@id":"https:\/\/www.volume-software.com\/pl\/panstwa-branza\/przetworca-tektury-falistej\/#breadcrumb","itemListElement":[{"@type":"ListItem","position":1,"name":"Volume Software","item":"https:\/\/www.volume-software.com\/pl\/"},{"@type":"ListItem","position":2,"name":"Pa\u0144stwa bran\u017ca","item":"https:\/\/www.volume-software.com\/pl\/panstwa-branza\/"},{"@type":"ListItem","position":3,"name":"Przetw\u00f3rca tektury falistej"}]},{"@type":"WebSite","@id":"https:\/\/www.volume-software.com\/#website","url":"https:\/\/www.volume-software.com\/","name":"Volume Software","description":"Producent systemu ERP dla bran\u017cy opakowaniowej i poligraficznej","publisher":{"@id":"https:\/\/www.volume-software.com\/#organization"},"potentialAction":[{"@type":"SearchAction","target":{"@type":"EntryPoint","urlTemplate":"https:\/\/www.volume-software.com\/?s={search_term_string}"},"query-input":{"@type":"PropertyValueSpecification","valueRequired":true,"valueName":"search_term_string"}}],"inLanguage":"pl-PL"},{"@type":"Organization","@id":"https:\/\/www.volume-software.com\/#organization","name":"Volume Software","url":"https:\/\/www.volume-software.com\/","logo":{"@type":"ImageObject","inLanguage":"pl-PL","@id":"https:\/\/www.volume-software.com\/#\/schema\/logo\/image\/","url":"http:\/\/www.volume-software.com\/wp-content\/uploads\/2015\/02\/volume_software.png","contentUrl":"http:\/\/www.volume-software.com\/wp-content\/uploads\/2015\/02\/volume_software.png","width":900,"height":264,"caption":"Volume Software"},"image":{"@id":"https:\/\/www.volume-software.com\/#\/schema\/logo\/image\/"},"sameAs":["https:\/\/www.facebook.com\/pages\/Volume-Software\/216816211713393","https:\/\/x.com\/VolumeSoftware","https:\/\/www.linkedin.com\/company\/volume-software","https:\/\/www.youtube.com\/user\/VolumeSoftware"]}]}},"_links":{"self":[{"href":"https:\/\/www.volume-software.com\/pl\/wp-json\/wp\/v2\/pages\/3306","targetHints":{"allow":["GET"]}}],"collection":[{"href":"https:\/\/www.volume-software.com\/pl\/wp-json\/wp\/v2\/pages"}],"about":[{"href":"https:\/\/www.volume-software.com\/pl\/wp-json\/wp\/v2\/types\/page"}],"author":[{"embeddable":true,"href":"https:\/\/www.volume-software.com\/pl\/wp-json\/wp\/v2\/users\/1"}],"replies":[{"embeddable":true,"href":"https:\/\/www.volume-software.com\/pl\/wp-json\/wp\/v2\/comments?post=3306"}],"version-history":[{"count":10,"href":"https:\/\/www.volume-software.com\/pl\/wp-json\/wp\/v2\/pages\/3306\/revisions"}],"predecessor-version":[{"id":3444,"href":"https:\/\/www.volume-software.com\/pl\/wp-json\/wp\/v2\/pages\/3306\/revisions\/3444"}],"up":[{"embeddable":true,"href":"https:\/\/www.volume-software.com\/pl\/wp-json\/wp\/v2\/pages\/2892"}],"wp:featuredmedia":[{"embeddable":true,"href":"https:\/\/www.volume-software.com\/pl\/wp-json\/wp\/v2\/media\/2883"}],"wp:attachment":[{"href":"https:\/\/www.volume-software.com\/pl\/wp-json\/wp\/v2\/media?parent=3306"}],"curies":[{"name":"wp","href":"https:\/\/api.w.org\/{rel}","templated":true}]}}