{"id":3300,"date":"2022-08-29T14:01:33","date_gmt":"2022-08-29T14:01:33","guid":{"rendered":"https:\/\/www.volume-software.com\/?page_id=3300"},"modified":"2022-09-19T14:05:21","modified_gmt":"2022-09-19T14:05:21","slug":"producent-tektury-falistej","status":"publish","type":"page","link":"https:\/\/www.volume-software.com\/pl\/panstwa-branza\/producent-tektury-falistej\/","title":{"rendered":"Producent tektury falistej"},"content":{"rendered":"<p style=\"text-align: justify;\">Celem <strong>producenta tektury falistej<\/strong> jest sprzeda\u017c tektury oraz opakowa\u0144 z tektury falistej swoim klientom. Produkuje arkusze tektury falistej na linii do produkcji tektury falistej (zwanej tekturnic\u0105) i przetwarza tektur\u0119 w pude\u0142ka (zgodne z norm\u0105 FEFCO), bardziej z\u0142o\u017cone opakowania i konstrukcje POS. Producent tektury sprzedaje j\u0105 bezpo\u015brednio <a href=\"https:\/\/www.volume-software.com\/pl\/panstwa-branza\/przetworca-tektury-falistej\/\">przetw\u00f3rcom tektury falistej<\/a>.<\/p>\n<h2 style=\"text-align: justify;\">Papiery<\/h2>\n<p style=\"text-align: justify;\">Aby wyprodukowa\u0107 tektur\u0119 falist\u0105, producent tektury zamawia <strong>role papieru<\/strong> u <a href=\"https:\/\/www.volume-software.com\/en\/trades\/papermaking\/\">producenta papieru<\/a>. Role papieru dostarczane s\u0105 najcz\u0119\u015bciej w <strong>szeroko\u015bciach<\/strong>, kt\u00f3re mog\u0105 wynosi\u0107 od 1750 mm do 3300 mm. Istniej\u0105 r\u00f3\u017cne rodzaje papier\u00f3w, min.:<\/p>\n<ul>\n<li style=\"text-align: justify;\"><strong>Kraftliner<\/strong>: papier u\u017cywany do produkcji warstwy p\u0142askiej, wysokiej jako\u015bci, wykonany z w\u0142\u00f3kien pierwotnych. Jest najbardziej wytrzyma\u0142y i najdro\u017cszy.<\/li>\n<li style=\"text-align: justify;\"><strong>Testliner<\/strong>: papier u\u017cywany do produkcji warstwy p\u0142askiej, wykonany g\u0142\u00f3wnie z w\u0142\u00f3kien pochodz\u0105cych z recyklingu.<\/li>\n<li style=\"text-align: justify;\"><strong>Papier CMP (Chemi-mechanical)<\/strong>: najbardziej odporny papier na warstw\u0119 falowan\u0105 (tzw. fluting).<\/li>\n<li style=\"text-align: justify;\"><strong>Wellenstoff<\/strong>: papier na warstw\u0119 falowan\u0105 (tzw. fluting), wykonany g\u0142\u00f3wnie z w\u0142\u00f3kien pochodz\u0105cych z recyklingu.<\/li>\n<\/ul>\n<div id=\"attachment_693\" style=\"width: 410px\" class=\"wp-caption aligncenter\"><img loading=\"lazy\" decoding=\"async\" aria-describedby=\"caption-attachment-693\" class=\"wp-image-693 size-medium\" src=\"https:\/\/www.volume-software.com\/wp-content\/uploads\/2015\/04\/bobine-1-400x299.jpg\" alt=\"Papier rolowy\" width=\"400\" height=\"299\" srcset=\"https:\/\/www.volume-software.com\/wp-content\/uploads\/2015\/04\/bobine-1-400x299.jpg 400w, https:\/\/www.volume-software.com\/wp-content\/uploads\/2015\/04\/bobine-1-190x142.jpg 190w, https:\/\/www.volume-software.com\/wp-content\/uploads\/2015\/04\/bobine-1-600x449.jpg 600w, https:\/\/www.volume-software.com\/wp-content\/uploads\/2015\/04\/bobine-1.jpg 794w\" sizes=\"auto, (max-width: 400px) 100vw, 400px\" \/><p id=\"caption-attachment-693\" class=\"wp-caption-text\">Papier rolowy<\/p><\/div>\n<h2>Produkcja tektury falistej.<\/h2>\n<p style=\"text-align: justify;\">Tektur\u0119 falist\u0105 wykonuje si\u0119 na tekturnicy, czyli maszynie o d\u0142ugo\u015bci ponad 100 metr\u00f3w i zmiennej szeroko\u015bci (\u015brednio 2,50 metra). Linia do produkcji tektury sk\u0142ada si\u0119 z kilku element\u00f3w:<\/p>\n<ul>\n<li style=\"text-align: justify;\">Dwie <strong>pojedyncze ok\u0142adziny (single facers)<\/strong>: ich rol\u0105 jest sklejenie <strong>warstwy p\u0142askiej (liner)<\/strong> z <strong>warstw\u0105 falowan\u0105 (fluting)<\/strong>. Papier do produkcji warstwy falowanej (fluting) jest karbowany na gor\u0105co w <strong>w\u0142ach ryfluj\u0105cych<\/strong>. Istniej\u0105 r\u00f3\u017cne rozmiary wa\u0142\u00f3w ryfluj\u0105cych, kt\u00f3re nadaj\u0105 falom r\u00f3\u017cn\u0105 wysoko\u015b\u0107. Przyk\u0142ady: <strong>Fala A<\/strong> (<strong>du\u017ca<\/strong>, ~4,5 mm), <strong>Fala C<\/strong> (<strong>\u015brednia<\/strong>, ~3,5 do 4,5 mm), <strong>Fala B<\/strong> (<strong>ma\u0142a<\/strong>, ~2,5 do 3,5 mm) , <strong>Fala E<\/strong> (<strong>mikro<\/strong>, ~1,5 do 2 mm), <strong>Fala K<\/strong> lub <strong>Fala D<\/strong> (<strong>bardzo du\u017ca<\/strong>, ponad 7 mm). Sklejenie warstwy p\u0142askiej (linera) z warstw\u0105 falowan\u0105 (fluting) uzyskuje si\u0119 za pomoc\u0105 kleju na bazie skrobi.<\/li>\n<li style=\"text-align: justify;\">Mo\u017ce istnie\u0107 trzecia pojedyncza warstwa, je\u015bli linia tekturnicy mo\u017ce produkowa\u0107 <strong>tektur\u0119 tr\u00f3jwarstwow\u0105<\/strong>. Istniej\u0105 tekturnice <strong>siedmiowarstwowe<\/strong>, a nawet dziewi\u0119ciowarstwowe.<\/li>\n<li style=\"text-align: justify;\"><strong>Podw\u00f3jny modu\u0142 klej\u0105cy<\/strong>, czyli tzw. <strong>double facer<\/strong>, gdzie obie pojedyncze ok\u0142adziny s\u0105 montowane z linerem w celu uzyskania podw\u00f3jnej warstwy &#8220;double-double&#8221;.<\/li>\n<li style=\"text-align: justify;\"><strong>St\u00f3\u0142 grzewczo-susz\u0105cy<\/strong>: jego zadaniem jest wysuszenie kleju. Po wyj\u015bciu z maszyny tektura jest ju\u017c twarda.<\/li>\n<li style=\"text-align: justify;\"><strong>Slotowanie\/bigowanie<\/strong>: wykonuje slotowanie i bigowanie arkuszy tektury, zgodnie z zaplanowanym programem i zleceniem produkcyjnym. No\u017ce tn\u0105 arkusz tektury na formatki; odcinaj\u0105 tak\u017ce odpad. Bigowanie arkuszy: dzi\u0119ki temu sk\u0142adanie klap b\u0119dzie p\u00f3\u017aniej \u0142atwiejsze.<\/li>\n<li style=\"text-align: justify;\"><strong>No\u017ce poprzeczne<\/strong> (<strong>sheeters<\/strong>): tn\u0105 arkusze wzd\u0142u\u017c wyj\u015bcia z tekturnicy. Po poci\u0119ciu arkusze uk\u0142adane s\u0105 w stosy na paletach.<\/li>\n<\/ul>\n<div id=\"attachment_3411\" style=\"width: 607px\" class=\"wp-caption aligncenter\"><a href=\"https:\/\/www.volume-software.com\/wp-content\/uploads\/2022\/09\/onduleuse-train-onduleur_pl-2.jpg\" data-rel=\"lightbox-image-0\" data-rl_title=\"\" data-rl_caption=\"\" title=\"\"><img loading=\"lazy\" decoding=\"async\" aria-describedby=\"caption-attachment-3411\" class=\"wp-image-3411 size-full\" src=\"https:\/\/www.volume-software.com\/wp-content\/uploads\/2022\/09\/onduleuse-train-onduleur_pl-2.jpg\" alt=\"Schemat dzia\u0142ania tekturnicy\" width=\"597\" height=\"209\" srcset=\"https:\/\/www.volume-software.com\/wp-content\/uploads\/2022\/09\/onduleuse-train-onduleur_pl-2.jpg 597w, https:\/\/www.volume-software.com\/wp-content\/uploads\/2022\/09\/onduleuse-train-onduleur_pl-2-400x140.jpg 400w, https:\/\/www.volume-software.com\/wp-content\/uploads\/2022\/09\/onduleuse-train-onduleur_pl-2-190x67.jpg 190w\" sizes=\"auto, (max-width: 597px) 100vw, 597px\" \/><\/a><p id=\"caption-attachment-3411\" class=\"wp-caption-text\">Schemat dzia\u0142ania tekturnicy<\/p><\/div>\n<h2>Arkusze tektury falistej.<\/h2>\n<p style=\"text-align: justify;\">Wyprodukowane arkusze tektury mog\u0105 mie\u0107 r\u00f3\u017cne <strong>&#8220;profile fali&#8221;<\/strong>. Do opisu profilu cz\u0119sto u\u017cywamy kodu utworzonego ze skojarzenia kod\u00f3w fali (w tej kolejno\u015bci: od fali zewn\u0119trznej do wewn\u0119trznej):<\/p>\n<ul>\n<li><strong>Tektura dwuwarstwowa<\/strong>. Element elastyczny, a nie arkusz.<\/li>\n<li><strong>Tektura tr\u00f3jwarstwowa<\/strong>. Na przyk\u0142ad: A, C lub B.<\/li>\n<li><strong>Tektura pi\u0119ciowarstwowa<\/strong> lub <strong>&#8220;Double-double&#8221;<\/strong>. Na przyk\u0142ad: EB or BC.<\/li>\n<li><strong>Tektura siedmiowarstwowa<\/strong>. Na przyk\u0142ad: BAK, BCA.<\/li>\n<\/ul>\n<div id=\"attachment_3401\" style=\"width: 608px\" class=\"wp-caption aligncenter\"><a href=\"https:\/\/www.volume-software.com\/wp-content\/uploads\/2022\/09\/profil-carton-cannelure_pl.jpg\" data-rel=\"lightbox-image-1\" data-rl_title=\"\" data-rl_caption=\"\" title=\"\"><img loading=\"lazy\" decoding=\"async\" aria-describedby=\"caption-attachment-3401\" class=\"wp-image-3401 size-full\" src=\"https:\/\/www.volume-software.com\/wp-content\/uploads\/2022\/09\/profil-carton-cannelure_pl.jpg\" alt=\"profil-papier-rodzaj fali\" width=\"598\" height=\"70\" srcset=\"https:\/\/www.volume-software.com\/wp-content\/uploads\/2022\/09\/profil-carton-cannelure_pl.jpg 598w, https:\/\/www.volume-software.com\/wp-content\/uploads\/2022\/09\/profil-carton-cannelure_pl-400x47.jpg 400w, https:\/\/www.volume-software.com\/wp-content\/uploads\/2022\/09\/profil-carton-cannelure_pl-190x22.jpg 190w\" sizes=\"auto, (max-width: 598px) 100vw, 598px\" \/><\/a><p id=\"caption-attachment-3401\" class=\"wp-caption-text\">profil-papier-rodzaj fali<\/p><\/div>\n<p style=\"text-align: justify;\">W zale\u017cno\u015bci od profilu fali i stosowanych r\u00f3\u017cnych rodzaj\u00f3w papieru, istniej\u0105 r\u00f3\u017cne <strong>&#8220;sk\u0142ady tektury&#8221;<\/strong>. Dopasowanie gatunk\u00f3w tektury jest wa\u017cne dla producent\u00f3w. Tektura musi posiada\u0107 okre\u015blon\u0105 <strong>wytrzyma\u0142o\u015b\u0107<\/strong> na: zgniatanie, przebicie, wilgo\u0107 itp.. W tym kontek\u015bcie okresowo przeprowadzane s\u0105 wewn\u0119trzne kontrole <strong>laboratoryjne<\/strong>.<\/p>\n<p style=\"text-align: justify;\">Tak wi\u0119c arkusz tektury wykonany jest z odpowiedniego <strong>sk\u0142adu tektury<\/strong>, o okre\u015blonym wymiarze (&#8220;<strong>szeroko\u015b\u0107<\/strong>&#8221; i &#8220;<strong>d\u0142ugo\u015b\u0107<\/strong>&#8220;) i jest ewentualnie <strong>zbigowany<\/strong> (przygotowany do z\u0142o\u017cenia) wzd\u0142u\u017c.<\/p>\n<div id=\"attachment_417\" style=\"width: 410px\" class=\"wp-caption aligncenter\"><img loading=\"lazy\" decoding=\"async\" aria-describedby=\"caption-attachment-417\" class=\"wp-image-417 size-medium\" src=\"https:\/\/www.volume-software.com\/wp-content\/uploads\/2015\/04\/packaging-2-400x258.jpg\" alt=\"Arkusze tektury falistej\" width=\"400\" height=\"258\" srcset=\"https:\/\/www.volume-software.com\/wp-content\/uploads\/2015\/04\/packaging-2-400x258.jpg 400w, https:\/\/www.volume-software.com\/wp-content\/uploads\/2015\/04\/packaging-2-190x122.jpg 190w, https:\/\/www.volume-software.com\/wp-content\/uploads\/2015\/04\/packaging-2-600x386.jpg 600w, https:\/\/www.volume-software.com\/wp-content\/uploads\/2015\/04\/packaging-2.jpg 635w\" sizes=\"auto, (max-width: 400px) 100vw, 400px\" \/><p id=\"caption-attachment-417\" class=\"wp-caption-text\">Arkusze tektury falistej<\/p><\/div>\n<h2>Produkcja opakowa\u0144<\/h2>\n<p style=\"text-align: justify;\">Tektura falista przechodzi przez szereg <strong>maszyn przetwarzaj\u0105cych<\/strong>, aby wyprodukowa\u0107 opakowanie spe\u0142niaj\u0105ce oczekiwania klienta. Opakowania najcz\u0119\u015bciej maj\u0105 posta\u0107 <strong>karton\u00f3w<\/strong> zgodnie z norm\u0105 <strong>FEFCO<\/strong>, karton wilkogabarytowe, <strong>fasonowe<\/strong> (pod wykrojnik), jak r\u00f3wnie\u017c wieloelementowe <strong>POS<\/strong>-y.<\/p>\n<p style=\"text-align: justify;\">Poszczeg\u00f3lne etapy przetwarzania mog\u0105 obejmowa\u0107 nast\u0119puj\u0105ce elementy:<\/p>\n<ul>\n<li style=\"text-align: justify;\"><strong>Sztanca lub big\u00f3wka<\/strong>: formatowanie lub wygniatanie (bigowanie).<\/li>\n<li style=\"text-align: justify;\"><strong>Druk<\/strong>: fleksograficzna lub offsetowa maszyna drukarska z zespo\u0142ami lakieruj\u0105cymi.<\/li>\n<li style=\"text-align: justify;\"><strong>Sztancowanie<\/strong>: <strong>rotacyjna maszyna sztancuj\u0105ca<\/strong> lub <strong>maszyna do sztancowania z p\u0142askim sto\u0142em<\/strong>.<\/li>\n<li style=\"text-align: justify;\"><strong>Sklejarko-sk\u0142adarka<\/strong>: do sk\u0142adania i sklejania\/szycia pude\u0142ek<\/li>\n<li style=\"text-align: justify;\"><strong>Maszyna do owijania ta\u015bm\u0105<\/strong>.<\/li>\n<\/ul>\n<div id=\"attachment_695\" style=\"width: 410px\" class=\"wp-caption aligncenter\"><img loading=\"lazy\" decoding=\"async\" aria-describedby=\"caption-attachment-695\" class=\"wp-image-695 size-medium\" src=\"https:\/\/www.volume-software.com\/wp-content\/uploads\/2015\/04\/packaging-3-400x226.jpg\" alt=\"Pud\u0142o z tektury falistej \" width=\"400\" height=\"226\" srcset=\"https:\/\/www.volume-software.com\/wp-content\/uploads\/2015\/04\/packaging-3-400x226.jpg 400w, https:\/\/www.volume-software.com\/wp-content\/uploads\/2015\/04\/packaging-3-190x107.jpg 190w, https:\/\/www.volume-software.com\/wp-content\/uploads\/2015\/04\/packaging-3-600x339.jpg 600w, https:\/\/www.volume-software.com\/wp-content\/uploads\/2015\/04\/packaging-3-810x458.jpg 810w, https:\/\/www.volume-software.com\/wp-content\/uploads\/2015\/04\/packaging-3.jpg 975w\" sizes=\"auto, (max-width: 400px) 100vw, 400px\" \/><p id=\"caption-attachment-695\" class=\"wp-caption-text\">Pude\u0142ko z tektury falistej: pude\u0142ko z dopasowanym wiekiem<\/p><\/div>\n<h2>Magazynowanie i logistyka<\/h2>\n<p style=\"text-align: justify;\">Dobre <strong>zarz\u0105dzanie zapasami<\/strong> wed\u0142ug <strong>partii<\/strong> i <strong>lokalizacji<\/strong> jest istotnym elementem zarz\u0105dzania prac\u0105 tekturnicy. Kluczowym czynnikiem jest r\u00f3wnie\u017c logistyka, pozwalaj\u0105ca na lepsz\u0105 organizacj\u0119 dostaw.<\/p>\n<h2 style=\"text-align: justify;\">Odpowied\u017a firmy Volume Software na potrzeby firm zajmuj\u0105cych si\u0119 produkcj\u0105 i przetwarzaniem tektury: VoluPack ERP.<\/h2>\n<p>System informatyczny VoluPack jest specjalnie skierowany do producent\u00f3w tektury falistej.<\/p>\n<p style=\"text-align: center;\"><a class=\"mks_button mks_button_large rounded\" href=\"https:\/\/www.volume-software.com\/pl\/nasze-rozwiazania\/volupack-erp\/\" target=\"_self\" style=\"color: #FFFFFF; background-color: #0092DF;\" >Nasze rozwi\u0105zanie dla tekturnic : VoluPack ERP<\/a>\n","protected":false},"excerpt":{"rendered":"<p>Celem producenta tektury falistej jest sprzeda\u017c tektury oraz opakowa\u0144 z tektury falistej swoim klientom. Produkuje arkusze tektury falistej na linii do produkcji tektury falistej (zwanej tekturnic\u0105) i przetwarza tektur\u0119 w pude\u0142ka (zgodne z norm\u0105 FEFCO), bardziej z\u0142o\u017cone opakowania i konstrukcje POS. Producent tektury sprzedaje j\u0105 bezpo\u015brednio przetw\u00f3rcom tektury falistej. Papiery Aby wyprodukowa\u0107 tektur\u0119 falist\u0105, producent [&hellip;]<\/p>\n","protected":false},"author":1,"featured_media":2883,"parent":2892,"menu_order":0,"comment_status":"closed","ping_status":"closed","template":"","meta":{"footnotes":""},"class_list":["post-3300","page","type-page","status-publish","has-post-thumbnail","hentry"],"yoast_head":"<!-- This site is optimized with the Yoast SEO plugin v27.3 - https:\/\/yoast.com\/product\/yoast-seo-wordpress\/ -->\n<title>Producent tektury falistej - Volume Software<\/title>\n<meta name=\"description\" content=\"Celem producenta tektury falistej jest sprzeda\u017c tektury oraz opakowa\u0144 z tektury swoim klientom. Zajmuje si\u0119 produkcj\u0105 arkuszy tektury falistej na tekturnicy.\" \/>\n<meta name=\"robots\" content=\"index, follow, max-snippet:-1, max-image-preview:large, max-video-preview:-1\" \/>\n<link rel=\"canonical\" href=\"https:\/\/www.volume-software.com\/pl\/panstwa-branza\/producent-tektury-falistej\/\" \/>\n<meta property=\"og:locale\" content=\"pl_PL\" \/>\n<meta property=\"og:type\" content=\"article\" \/>\n<meta property=\"og:title\" content=\"Producent tektury falistej - Volume Software\" \/>\n<meta property=\"og:description\" content=\"Celem producenta tektury falistej jest sprzeda\u017c tektury oraz opakowa\u0144 z tektury swoim klientom. Zajmuje si\u0119 produkcj\u0105 arkuszy tektury falistej na tekturnicy.\" \/>\n<meta property=\"og:url\" content=\"https:\/\/www.volume-software.com\/pl\/panstwa-branza\/producent-tektury-falistej\/\" \/>\n<meta property=\"og:site_name\" content=\"Volume Software\" \/>\n<meta property=\"article:publisher\" content=\"https:\/\/www.facebook.com\/pages\/Volume-Software\/216816211713393\" \/>\n<meta property=\"article:modified_time\" content=\"2022-09-19T14:05:21+00:00\" \/>\n<meta property=\"og:image\" content=\"https:\/\/www.volume-software.com\/wp-content\/uploads\/2015\/02\/volume_software.png\" \/>\n\t<meta property=\"og:image:width\" content=\"900\" \/>\n\t<meta property=\"og:image:height\" content=\"264\" \/>\n\t<meta property=\"og:image:type\" content=\"image\/png\" \/>\n<meta name=\"twitter:card\" content=\"summary_large_image\" \/>\n<meta name=\"twitter:site\" content=\"@VolumeSoftware\" \/>\n<meta name=\"twitter:label1\" content=\"Szacowany czas czytania\" \/>\n\t<meta name=\"twitter:data1\" content=\"5 minut\" \/>\n<script type=\"application\/ld+json\" class=\"yoast-schema-graph\">{\"@context\":\"https:\\\/\\\/schema.org\",\"@graph\":[{\"@type\":\"WebPage\",\"@id\":\"https:\\\/\\\/www.volume-software.com\\\/pl\\\/panstwa-branza\\\/producent-tektury-falistej\\\/\",\"url\":\"https:\\\/\\\/www.volume-software.com\\\/pl\\\/panstwa-branza\\\/producent-tektury-falistej\\\/\",\"name\":\"Producent tektury falistej - Volume Software\",\"isPartOf\":{\"@id\":\"https:\\\/\\\/www.volume-software.com\\\/#website\"},\"primaryImageOfPage\":{\"@id\":\"https:\\\/\\\/www.volume-software.com\\\/pl\\\/panstwa-branza\\\/producent-tektury-falistej\\\/#primaryimage\"},\"image\":{\"@id\":\"https:\\\/\\\/www.volume-software.com\\\/pl\\\/panstwa-branza\\\/producent-tektury-falistej\\\/#primaryimage\"},\"thumbnailUrl\":\"https:\\\/\\\/www.volume-software.com\\\/wp-content\\\/uploads\\\/2015\\\/02\\\/volume_software.png\",\"datePublished\":\"2022-08-29T14:01:33+00:00\",\"dateModified\":\"2022-09-19T14:05:21+00:00\",\"description\":\"Celem producenta tektury falistej jest sprzeda\u017c tektury oraz opakowa\u0144 z tektury swoim klientom. Zajmuje si\u0119 produkcj\u0105 arkuszy tektury falistej na tekturnicy.\",\"breadcrumb\":{\"@id\":\"https:\\\/\\\/www.volume-software.com\\\/pl\\\/panstwa-branza\\\/producent-tektury-falistej\\\/#breadcrumb\"},\"inLanguage\":\"pl-PL\",\"potentialAction\":[{\"@type\":\"ReadAction\",\"target\":[\"https:\\\/\\\/www.volume-software.com\\\/pl\\\/panstwa-branza\\\/producent-tektury-falistej\\\/\"]}]},{\"@type\":\"ImageObject\",\"inLanguage\":\"pl-PL\",\"@id\":\"https:\\\/\\\/www.volume-software.com\\\/pl\\\/panstwa-branza\\\/producent-tektury-falistej\\\/#primaryimage\",\"url\":\"https:\\\/\\\/www.volume-software.com\\\/wp-content\\\/uploads\\\/2015\\\/02\\\/volume_software.png\",\"contentUrl\":\"https:\\\/\\\/www.volume-software.com\\\/wp-content\\\/uploads\\\/2015\\\/02\\\/volume_software.png\",\"width\":900,\"height\":264},{\"@type\":\"BreadcrumbList\",\"@id\":\"https:\\\/\\\/www.volume-software.com\\\/pl\\\/panstwa-branza\\\/producent-tektury-falistej\\\/#breadcrumb\",\"itemListElement\":[{\"@type\":\"ListItem\",\"position\":1,\"name\":\"Volume Software\",\"item\":\"https:\\\/\\\/www.volume-software.com\\\/pl\\\/\"},{\"@type\":\"ListItem\",\"position\":2,\"name\":\"Pa\u0144stwa bran\u017ca\",\"item\":\"https:\\\/\\\/www.volume-software.com\\\/pl\\\/panstwa-branza\\\/\"},{\"@type\":\"ListItem\",\"position\":3,\"name\":\"Producent tektury falistej\"}]},{\"@type\":\"WebSite\",\"@id\":\"https:\\\/\\\/www.volume-software.com\\\/#website\",\"url\":\"https:\\\/\\\/www.volume-software.com\\\/\",\"name\":\"Volume Software\",\"description\":\"Producent systemu ERP dla bran\u017cy opakowaniowej i poligraficznej\",\"publisher\":{\"@id\":\"https:\\\/\\\/www.volume-software.com\\\/#organization\"},\"potentialAction\":[{\"@type\":\"SearchAction\",\"target\":{\"@type\":\"EntryPoint\",\"urlTemplate\":\"https:\\\/\\\/www.volume-software.com\\\/?s={search_term_string}\"},\"query-input\":{\"@type\":\"PropertyValueSpecification\",\"valueRequired\":true,\"valueName\":\"search_term_string\"}}],\"inLanguage\":\"pl-PL\"},{\"@type\":\"Organization\",\"@id\":\"https:\\\/\\\/www.volume-software.com\\\/#organization\",\"name\":\"Volume Software\",\"url\":\"https:\\\/\\\/www.volume-software.com\\\/\",\"logo\":{\"@type\":\"ImageObject\",\"inLanguage\":\"pl-PL\",\"@id\":\"https:\\\/\\\/www.volume-software.com\\\/#\\\/schema\\\/logo\\\/image\\\/\",\"url\":\"http:\\\/\\\/www.volume-software.com\\\/wp-content\\\/uploads\\\/2015\\\/02\\\/volume_software.png\",\"contentUrl\":\"http:\\\/\\\/www.volume-software.com\\\/wp-content\\\/uploads\\\/2015\\\/02\\\/volume_software.png\",\"width\":900,\"height\":264,\"caption\":\"Volume Software\"},\"image\":{\"@id\":\"https:\\\/\\\/www.volume-software.com\\\/#\\\/schema\\\/logo\\\/image\\\/\"},\"sameAs\":[\"https:\\\/\\\/www.facebook.com\\\/pages\\\/Volume-Software\\\/216816211713393\",\"https:\\\/\\\/x.com\\\/VolumeSoftware\",\"https:\\\/\\\/www.linkedin.com\\\/company\\\/volume-software\",\"https:\\\/\\\/www.youtube.com\\\/user\\\/VolumeSoftware\"]}]}<\/script>\n<!-- \/ Yoast SEO plugin. -->","yoast_head_json":{"title":"Producent tektury falistej - Volume Software","description":"Celem producenta tektury falistej jest sprzeda\u017c tektury oraz opakowa\u0144 z tektury swoim klientom. Zajmuje si\u0119 produkcj\u0105 arkuszy tektury falistej na tekturnicy.","robots":{"index":"index","follow":"follow","max-snippet":"max-snippet:-1","max-image-preview":"max-image-preview:large","max-video-preview":"max-video-preview:-1"},"canonical":"https:\/\/www.volume-software.com\/pl\/panstwa-branza\/producent-tektury-falistej\/","og_locale":"pl_PL","og_type":"article","og_title":"Producent tektury falistej - Volume Software","og_description":"Celem producenta tektury falistej jest sprzeda\u017c tektury oraz opakowa\u0144 z tektury swoim klientom. Zajmuje si\u0119 produkcj\u0105 arkuszy tektury falistej na tekturnicy.","og_url":"https:\/\/www.volume-software.com\/pl\/panstwa-branza\/producent-tektury-falistej\/","og_site_name":"Volume Software","article_publisher":"https:\/\/www.facebook.com\/pages\/Volume-Software\/216816211713393","article_modified_time":"2022-09-19T14:05:21+00:00","og_image":[{"width":900,"height":264,"url":"https:\/\/www.volume-software.com\/wp-content\/uploads\/2015\/02\/volume_software.png","type":"image\/png"}],"twitter_card":"summary_large_image","twitter_site":"@VolumeSoftware","twitter_misc":{"Szacowany czas czytania":"5 minut"},"schema":{"@context":"https:\/\/schema.org","@graph":[{"@type":"WebPage","@id":"https:\/\/www.volume-software.com\/pl\/panstwa-branza\/producent-tektury-falistej\/","url":"https:\/\/www.volume-software.com\/pl\/panstwa-branza\/producent-tektury-falistej\/","name":"Producent tektury falistej - Volume Software","isPartOf":{"@id":"https:\/\/www.volume-software.com\/#website"},"primaryImageOfPage":{"@id":"https:\/\/www.volume-software.com\/pl\/panstwa-branza\/producent-tektury-falistej\/#primaryimage"},"image":{"@id":"https:\/\/www.volume-software.com\/pl\/panstwa-branza\/producent-tektury-falistej\/#primaryimage"},"thumbnailUrl":"https:\/\/www.volume-software.com\/wp-content\/uploads\/2015\/02\/volume_software.png","datePublished":"2022-08-29T14:01:33+00:00","dateModified":"2022-09-19T14:05:21+00:00","description":"Celem producenta tektury falistej jest sprzeda\u017c tektury oraz opakowa\u0144 z tektury swoim klientom. Zajmuje si\u0119 produkcj\u0105 arkuszy tektury falistej na tekturnicy.","breadcrumb":{"@id":"https:\/\/www.volume-software.com\/pl\/panstwa-branza\/producent-tektury-falistej\/#breadcrumb"},"inLanguage":"pl-PL","potentialAction":[{"@type":"ReadAction","target":["https:\/\/www.volume-software.com\/pl\/panstwa-branza\/producent-tektury-falistej\/"]}]},{"@type":"ImageObject","inLanguage":"pl-PL","@id":"https:\/\/www.volume-software.com\/pl\/panstwa-branza\/producent-tektury-falistej\/#primaryimage","url":"https:\/\/www.volume-software.com\/wp-content\/uploads\/2015\/02\/volume_software.png","contentUrl":"https:\/\/www.volume-software.com\/wp-content\/uploads\/2015\/02\/volume_software.png","width":900,"height":264},{"@type":"BreadcrumbList","@id":"https:\/\/www.volume-software.com\/pl\/panstwa-branza\/producent-tektury-falistej\/#breadcrumb","itemListElement":[{"@type":"ListItem","position":1,"name":"Volume Software","item":"https:\/\/www.volume-software.com\/pl\/"},{"@type":"ListItem","position":2,"name":"Pa\u0144stwa bran\u017ca","item":"https:\/\/www.volume-software.com\/pl\/panstwa-branza\/"},{"@type":"ListItem","position":3,"name":"Producent tektury falistej"}]},{"@type":"WebSite","@id":"https:\/\/www.volume-software.com\/#website","url":"https:\/\/www.volume-software.com\/","name":"Volume Software","description":"Producent systemu ERP dla bran\u017cy opakowaniowej i poligraficznej","publisher":{"@id":"https:\/\/www.volume-software.com\/#organization"},"potentialAction":[{"@type":"SearchAction","target":{"@type":"EntryPoint","urlTemplate":"https:\/\/www.volume-software.com\/?s={search_term_string}"},"query-input":{"@type":"PropertyValueSpecification","valueRequired":true,"valueName":"search_term_string"}}],"inLanguage":"pl-PL"},{"@type":"Organization","@id":"https:\/\/www.volume-software.com\/#organization","name":"Volume Software","url":"https:\/\/www.volume-software.com\/","logo":{"@type":"ImageObject","inLanguage":"pl-PL","@id":"https:\/\/www.volume-software.com\/#\/schema\/logo\/image\/","url":"http:\/\/www.volume-software.com\/wp-content\/uploads\/2015\/02\/volume_software.png","contentUrl":"http:\/\/www.volume-software.com\/wp-content\/uploads\/2015\/02\/volume_software.png","width":900,"height":264,"caption":"Volume Software"},"image":{"@id":"https:\/\/www.volume-software.com\/#\/schema\/logo\/image\/"},"sameAs":["https:\/\/www.facebook.com\/pages\/Volume-Software\/216816211713393","https:\/\/x.com\/VolumeSoftware","https:\/\/www.linkedin.com\/company\/volume-software","https:\/\/www.youtube.com\/user\/VolumeSoftware"]}]}},"_links":{"self":[{"href":"https:\/\/www.volume-software.com\/pl\/wp-json\/wp\/v2\/pages\/3300","targetHints":{"allow":["GET"]}}],"collection":[{"href":"https:\/\/www.volume-software.com\/pl\/wp-json\/wp\/v2\/pages"}],"about":[{"href":"https:\/\/www.volume-software.com\/pl\/wp-json\/wp\/v2\/types\/page"}],"author":[{"embeddable":true,"href":"https:\/\/www.volume-software.com\/pl\/wp-json\/wp\/v2\/users\/1"}],"replies":[{"embeddable":true,"href":"https:\/\/www.volume-software.com\/pl\/wp-json\/wp\/v2\/comments?post=3300"}],"version-history":[{"count":23,"href":"https:\/\/www.volume-software.com\/pl\/wp-json\/wp\/v2\/pages\/3300\/revisions"}],"predecessor-version":[{"id":3443,"href":"https:\/\/www.volume-software.com\/pl\/wp-json\/wp\/v2\/pages\/3300\/revisions\/3443"}],"up":[{"embeddable":true,"href":"https:\/\/www.volume-software.com\/pl\/wp-json\/wp\/v2\/pages\/2892"}],"wp:featuredmedia":[{"embeddable":true,"href":"https:\/\/www.volume-software.com\/pl\/wp-json\/wp\/v2\/media\/2883"}],"wp:attachment":[{"href":"https:\/\/www.volume-software.com\/pl\/wp-json\/wp\/v2\/media?parent=3300"}],"curies":[{"name":"wp","href":"https:\/\/api.w.org\/{rel}","templated":true}]}}