{"id":3288,"date":"2022-08-29T14:23:24","date_gmt":"2022-08-29T14:23:24","guid":{"rendered":"https:\/\/www.volume-software.com\/?page_id=3288"},"modified":"2022-08-29T14:58:56","modified_gmt":"2022-08-29T14:58:56","slug":"doradztwo-i-integracja","status":"publish","type":"page","link":"https:\/\/www.volume-software.com\/pl\/nasze-wsparcie\/doradztwo-i-integracja\/","title":{"rendered":"Doradztwo i integracja"},"content":{"rendered":"<h2>S\u0142uchanie Twoich potrzeb, aby zapewni\u0107 Ci najlepsz\u0105 odpowied\u017a.<\/h2>\n<p style=\"text-align: justify;\">Jako <strong>integrator<\/strong>, Volume software <strong>zawsze towarzyszy i wspiera klienta podczas projektu wdro\u017cenia systemu ERP<\/strong>, od wyboru infrastruktury technicznej do produkcyjnego uruchomienia ERP dostosowanego do Twojego biznesu i potrzeb.<\/p>\n<p style=\"text-align: justify;\">Je\u015bli chodzi o <strong>infrastruktur\u0119 techniczn\u0105<\/strong>, mo\u017cemy pom\u00f3c w nast\u0119puj\u0105cych kwestiach:<\/p>\n<ul>\n<li style=\"text-align: justify;\">Architektura og\u00f3lna. Doradzimy w zakresie architektur wielofirmowych i zdalnych multisite&#8217;\u00f3w.<\/li>\n<li><a href=\"https:\/\/www.volume-software.com\/pl\/nasze-wsparcie\/hosting-saas\/\">Hosting SaaS<\/a>, ta koncepcja mo\u017ce odpowiada\u0107 Twoim potrzebom.<\/li>\n<li>Wyb\u00f3r materia\u0142u i oprogramowania.<\/li>\n<li>Oprogramowanie systemowe.<\/li>\n<li>Znajomo\u015b\u0107 bazy danych (Oracle).<\/li>\n<\/ul>\n<p><img loading=\"lazy\" decoding=\"async\" class=\" wp-image-307 size-medium aligncenter\" src=\"https:\/\/www.volume-software.com\/wp-content\/uploads\/2015\/04\/service-conseil-1-400x238.jpg\" alt=\"us\u0142ugi doradcze-1\" width=\"400\" height=\"238\" srcset=\"https:\/\/www.volume-software.com\/wp-content\/uploads\/2015\/04\/service-conseil-1-400x238.jpg 400w, https:\/\/www.volume-software.com\/wp-content\/uploads\/2015\/04\/service-conseil-1-190x113.jpg 190w, https:\/\/www.volume-software.com\/wp-content\/uploads\/2015\/04\/service-conseil-1-600x358.jpg 600w, https:\/\/www.volume-software.com\/wp-content\/uploads\/2015\/04\/service-conseil-1-810x483.jpg 810w, https:\/\/www.volume-software.com\/wp-content\/uploads\/2015\/04\/service-conseil-1-1140x680.jpg 1140w, https:\/\/www.volume-software.com\/wp-content\/uploads\/2015\/04\/service-conseil-1.jpg 1602w\" sizes=\"auto, (max-width: 400px) 100vw, 400px\" \/>W zakresie wdro\u017cenia <strong>Pa\u0144stwa projektu ERP<\/strong>, mo\u017cemy pom\u00f3c Pa\u0144stwu w nast\u0119puj\u0105cych kwestiach:<\/p>\n<ul>\n<li>Sformalizowanie potrzeb.<\/li>\n<li>Wyznaczenie zalece\u0144 operacyjnych.<\/li>\n<li>Konfiguracja ERP zgodnie z trybem pracy.<\/li>\n<li>Testowanie i walidacja modu\u0142\u00f3w systemu ERP.<\/li>\n<li>Uruchomienie produkcji.<\/li>\n<li>Analizowanie i rozwijanie nowych modu\u0142\u00f3w ERP.<\/li>\n<li><a href=\"https:\/\/www.volume-software.com\/pl\/nasze-wsparcie\/szkolenie\/\">Szkolenia i przekazywanie wiedzy swoim zespo\u0142om<\/a>.<\/li>\n<li><a href=\"https:\/\/www.volume-software.com\/pl\/nasze-wsparcie\/wsparcie\/\">Wsparcie<\/a> programistyczne, merytoryczne i systemowe.<\/li>\n<\/ul>\n<p style=\"text-align: justify;\">Skuteczne wdro\u017cenie systemu ERP wymaga zaanga\u017cowania, motywacji i autonomii u\u017cytkownik\u00f3w korzystaj\u0105cych z oprogramowania.<\/p>\n","protected":false},"excerpt":{"rendered":"<p>S\u0142uchanie Twoich potrzeb, aby zapewni\u0107 Ci najlepsz\u0105 odpowied\u017a. Jako integrator, Volume software zawsze towarzyszy i wspiera klienta podczas projektu wdro\u017cenia systemu ERP, od wyboru infrastruktury technicznej do produkcyjnego uruchomienia ERP dostosowanego do Twojego biznesu i potrzeb. Je\u015bli chodzi o infrastruktur\u0119 techniczn\u0105, mo\u017cemy pom\u00f3c w nast\u0119puj\u0105cych kwestiach: Architektura og\u00f3lna. Doradzimy w zakresie architektur wielofirmowych i zdalnych [&hellip;]<\/p>\n","protected":false},"author":1,"featured_media":2883,"parent":2895,"menu_order":0,"comment_status":"closed","ping_status":"closed","template":"","meta":{"footnotes":""},"class_list":["post-3288","page","type-page","status-publish","has-post-thumbnail","hentry"],"yoast_head":"<!-- This site is optimized with the Yoast SEO plugin v27.3 - https:\/\/yoast.com\/product\/yoast-seo-wordpress\/ -->\n<title>Doradztwo i integracja - Volume Software<\/title>\n<meta name=\"description\" content=\"S\u0142uchanie Twoich potrzeb, aby zapewni\u0107 Ci najlepsz\u0105 odpowied\u017a. Jako integrator, Volume Software b\u0119dzie wspiera\u0142 Twoj\u0105 firm\u0119 na wszystkich etapach Twojego projektu ERP,\" \/>\n<meta name=\"robots\" content=\"index, follow, max-snippet:-1, max-image-preview:large, max-video-preview:-1\" \/>\n<link rel=\"canonical\" href=\"https:\/\/www.volume-software.com\/pl\/nasze-wsparcie\/doradztwo-i-integracja\/\" \/>\n<meta property=\"og:locale\" content=\"pl_PL\" \/>\n<meta property=\"og:type\" content=\"article\" \/>\n<meta property=\"og:title\" content=\"Doradztwo i integracja - Volume Software\" \/>\n<meta property=\"og:description\" content=\"S\u0142uchanie Twoich potrzeb, aby zapewni\u0107 Ci najlepsz\u0105 odpowied\u017a. Jako integrator, Volume Software b\u0119dzie wspiera\u0142 Twoj\u0105 firm\u0119 na wszystkich etapach Twojego projektu ERP,\" \/>\n<meta property=\"og:url\" content=\"https:\/\/www.volume-software.com\/pl\/nasze-wsparcie\/doradztwo-i-integracja\/\" \/>\n<meta property=\"og:site_name\" content=\"Volume Software\" \/>\n<meta property=\"article:publisher\" content=\"https:\/\/www.facebook.com\/pages\/Volume-Software\/216816211713393\" \/>\n<meta property=\"article:modified_time\" content=\"2022-08-29T14:58:56+00:00\" \/>\n<meta property=\"og:image\" content=\"https:\/\/www.volume-software.com\/wp-content\/uploads\/2015\/02\/volume_software.png\" \/>\n\t<meta property=\"og:image:width\" content=\"900\" \/>\n\t<meta property=\"og:image:height\" content=\"264\" \/>\n\t<meta property=\"og:image:type\" content=\"image\/png\" \/>\n<meta name=\"twitter:card\" content=\"summary_large_image\" \/>\n<meta name=\"twitter:site\" content=\"@VolumeSoftware\" \/>\n<meta name=\"twitter:label1\" content=\"Szacowany czas czytania\" \/>\n\t<meta name=\"twitter:data1\" content=\"1 minuta\" \/>\n<script type=\"application\/ld+json\" class=\"yoast-schema-graph\">{\"@context\":\"https:\\\/\\\/schema.org\",\"@graph\":[{\"@type\":\"WebPage\",\"@id\":\"https:\\\/\\\/www.volume-software.com\\\/pl\\\/nasze-wsparcie\\\/doradztwo-i-integracja\\\/\",\"url\":\"https:\\\/\\\/www.volume-software.com\\\/pl\\\/nasze-wsparcie\\\/doradztwo-i-integracja\\\/\",\"name\":\"Doradztwo i integracja - Volume Software\",\"isPartOf\":{\"@id\":\"https:\\\/\\\/www.volume-software.com\\\/#website\"},\"primaryImageOfPage\":{\"@id\":\"https:\\\/\\\/www.volume-software.com\\\/pl\\\/nasze-wsparcie\\\/doradztwo-i-integracja\\\/#primaryimage\"},\"image\":{\"@id\":\"https:\\\/\\\/www.volume-software.com\\\/pl\\\/nasze-wsparcie\\\/doradztwo-i-integracja\\\/#primaryimage\"},\"thumbnailUrl\":\"https:\\\/\\\/www.volume-software.com\\\/wp-content\\\/uploads\\\/2015\\\/02\\\/volume_software.png\",\"datePublished\":\"2022-08-29T14:23:24+00:00\",\"dateModified\":\"2022-08-29T14:58:56+00:00\",\"description\":\"S\u0142uchanie Twoich potrzeb, aby zapewni\u0107 Ci najlepsz\u0105 odpowied\u017a. Jako integrator, Volume Software b\u0119dzie wspiera\u0142 Twoj\u0105 firm\u0119 na wszystkich etapach Twojego projektu ERP,\",\"breadcrumb\":{\"@id\":\"https:\\\/\\\/www.volume-software.com\\\/pl\\\/nasze-wsparcie\\\/doradztwo-i-integracja\\\/#breadcrumb\"},\"inLanguage\":\"pl-PL\",\"potentialAction\":[{\"@type\":\"ReadAction\",\"target\":[\"https:\\\/\\\/www.volume-software.com\\\/pl\\\/nasze-wsparcie\\\/doradztwo-i-integracja\\\/\"]}]},{\"@type\":\"ImageObject\",\"inLanguage\":\"pl-PL\",\"@id\":\"https:\\\/\\\/www.volume-software.com\\\/pl\\\/nasze-wsparcie\\\/doradztwo-i-integracja\\\/#primaryimage\",\"url\":\"https:\\\/\\\/www.volume-software.com\\\/wp-content\\\/uploads\\\/2015\\\/02\\\/volume_software.png\",\"contentUrl\":\"https:\\\/\\\/www.volume-software.com\\\/wp-content\\\/uploads\\\/2015\\\/02\\\/volume_software.png\",\"width\":900,\"height\":264},{\"@type\":\"BreadcrumbList\",\"@id\":\"https:\\\/\\\/www.volume-software.com\\\/pl\\\/nasze-wsparcie\\\/doradztwo-i-integracja\\\/#breadcrumb\",\"itemListElement\":[{\"@type\":\"ListItem\",\"position\":1,\"name\":\"Volume Software\",\"item\":\"https:\\\/\\\/www.volume-software.com\\\/pl\\\/\"},{\"@type\":\"ListItem\",\"position\":2,\"name\":\"Nasze wsparcie\",\"item\":\"https:\\\/\\\/www.volume-software.com\\\/pl\\\/nasze-wsparcie\\\/\"},{\"@type\":\"ListItem\",\"position\":3,\"name\":\"Doradztwo i integracja\"}]},{\"@type\":\"WebSite\",\"@id\":\"https:\\\/\\\/www.volume-software.com\\\/#website\",\"url\":\"https:\\\/\\\/www.volume-software.com\\\/\",\"name\":\"Volume Software\",\"description\":\"Producent systemu ERP dla bran\u017cy opakowaniowej i poligraficznej\",\"publisher\":{\"@id\":\"https:\\\/\\\/www.volume-software.com\\\/#organization\"},\"potentialAction\":[{\"@type\":\"SearchAction\",\"target\":{\"@type\":\"EntryPoint\",\"urlTemplate\":\"https:\\\/\\\/www.volume-software.com\\\/?s={search_term_string}\"},\"query-input\":{\"@type\":\"PropertyValueSpecification\",\"valueRequired\":true,\"valueName\":\"search_term_string\"}}],\"inLanguage\":\"pl-PL\"},{\"@type\":\"Organization\",\"@id\":\"https:\\\/\\\/www.volume-software.com\\\/#organization\",\"name\":\"Volume Software\",\"url\":\"https:\\\/\\\/www.volume-software.com\\\/\",\"logo\":{\"@type\":\"ImageObject\",\"inLanguage\":\"pl-PL\",\"@id\":\"https:\\\/\\\/www.volume-software.com\\\/#\\\/schema\\\/logo\\\/image\\\/\",\"url\":\"http:\\\/\\\/www.volume-software.com\\\/wp-content\\\/uploads\\\/2015\\\/02\\\/volume_software.png\",\"contentUrl\":\"http:\\\/\\\/www.volume-software.com\\\/wp-content\\\/uploads\\\/2015\\\/02\\\/volume_software.png\",\"width\":900,\"height\":264,\"caption\":\"Volume Software\"},\"image\":{\"@id\":\"https:\\\/\\\/www.volume-software.com\\\/#\\\/schema\\\/logo\\\/image\\\/\"},\"sameAs\":[\"https:\\\/\\\/www.facebook.com\\\/pages\\\/Volume-Software\\\/216816211713393\",\"https:\\\/\\\/x.com\\\/VolumeSoftware\",\"https:\\\/\\\/www.linkedin.com\\\/company\\\/volume-software\",\"https:\\\/\\\/www.youtube.com\\\/user\\\/VolumeSoftware\"]}]}<\/script>\n<!-- \/ Yoast SEO plugin. -->","yoast_head_json":{"title":"Doradztwo i integracja - Volume Software","description":"S\u0142uchanie Twoich potrzeb, aby zapewni\u0107 Ci najlepsz\u0105 odpowied\u017a. Jako integrator, Volume Software b\u0119dzie wspiera\u0142 Twoj\u0105 firm\u0119 na wszystkich etapach Twojego projektu ERP,","robots":{"index":"index","follow":"follow","max-snippet":"max-snippet:-1","max-image-preview":"max-image-preview:large","max-video-preview":"max-video-preview:-1"},"canonical":"https:\/\/www.volume-software.com\/pl\/nasze-wsparcie\/doradztwo-i-integracja\/","og_locale":"pl_PL","og_type":"article","og_title":"Doradztwo i integracja - Volume Software","og_description":"S\u0142uchanie Twoich potrzeb, aby zapewni\u0107 Ci najlepsz\u0105 odpowied\u017a. Jako integrator, Volume Software b\u0119dzie wspiera\u0142 Twoj\u0105 firm\u0119 na wszystkich etapach Twojego projektu ERP,","og_url":"https:\/\/www.volume-software.com\/pl\/nasze-wsparcie\/doradztwo-i-integracja\/","og_site_name":"Volume Software","article_publisher":"https:\/\/www.facebook.com\/pages\/Volume-Software\/216816211713393","article_modified_time":"2022-08-29T14:58:56+00:00","og_image":[{"width":900,"height":264,"url":"https:\/\/www.volume-software.com\/wp-content\/uploads\/2015\/02\/volume_software.png","type":"image\/png"}],"twitter_card":"summary_large_image","twitter_site":"@VolumeSoftware","twitter_misc":{"Szacowany czas czytania":"1 minuta"},"schema":{"@context":"https:\/\/schema.org","@graph":[{"@type":"WebPage","@id":"https:\/\/www.volume-software.com\/pl\/nasze-wsparcie\/doradztwo-i-integracja\/","url":"https:\/\/www.volume-software.com\/pl\/nasze-wsparcie\/doradztwo-i-integracja\/","name":"Doradztwo i integracja - Volume Software","isPartOf":{"@id":"https:\/\/www.volume-software.com\/#website"},"primaryImageOfPage":{"@id":"https:\/\/www.volume-software.com\/pl\/nasze-wsparcie\/doradztwo-i-integracja\/#primaryimage"},"image":{"@id":"https:\/\/www.volume-software.com\/pl\/nasze-wsparcie\/doradztwo-i-integracja\/#primaryimage"},"thumbnailUrl":"https:\/\/www.volume-software.com\/wp-content\/uploads\/2015\/02\/volume_software.png","datePublished":"2022-08-29T14:23:24+00:00","dateModified":"2022-08-29T14:58:56+00:00","description":"S\u0142uchanie Twoich potrzeb, aby zapewni\u0107 Ci najlepsz\u0105 odpowied\u017a. Jako integrator, Volume Software b\u0119dzie wspiera\u0142 Twoj\u0105 firm\u0119 na wszystkich etapach Twojego projektu ERP,","breadcrumb":{"@id":"https:\/\/www.volume-software.com\/pl\/nasze-wsparcie\/doradztwo-i-integracja\/#breadcrumb"},"inLanguage":"pl-PL","potentialAction":[{"@type":"ReadAction","target":["https:\/\/www.volume-software.com\/pl\/nasze-wsparcie\/doradztwo-i-integracja\/"]}]},{"@type":"ImageObject","inLanguage":"pl-PL","@id":"https:\/\/www.volume-software.com\/pl\/nasze-wsparcie\/doradztwo-i-integracja\/#primaryimage","url":"https:\/\/www.volume-software.com\/wp-content\/uploads\/2015\/02\/volume_software.png","contentUrl":"https:\/\/www.volume-software.com\/wp-content\/uploads\/2015\/02\/volume_software.png","width":900,"height":264},{"@type":"BreadcrumbList","@id":"https:\/\/www.volume-software.com\/pl\/nasze-wsparcie\/doradztwo-i-integracja\/#breadcrumb","itemListElement":[{"@type":"ListItem","position":1,"name":"Volume Software","item":"https:\/\/www.volume-software.com\/pl\/"},{"@type":"ListItem","position":2,"name":"Nasze wsparcie","item":"https:\/\/www.volume-software.com\/pl\/nasze-wsparcie\/"},{"@type":"ListItem","position":3,"name":"Doradztwo i integracja"}]},{"@type":"WebSite","@id":"https:\/\/www.volume-software.com\/#website","url":"https:\/\/www.volume-software.com\/","name":"Volume Software","description":"Producent systemu ERP dla bran\u017cy opakowaniowej i poligraficznej","publisher":{"@id":"https:\/\/www.volume-software.com\/#organization"},"potentialAction":[{"@type":"SearchAction","target":{"@type":"EntryPoint","urlTemplate":"https:\/\/www.volume-software.com\/?s={search_term_string}"},"query-input":{"@type":"PropertyValueSpecification","valueRequired":true,"valueName":"search_term_string"}}],"inLanguage":"pl-PL"},{"@type":"Organization","@id":"https:\/\/www.volume-software.com\/#organization","name":"Volume Software","url":"https:\/\/www.volume-software.com\/","logo":{"@type":"ImageObject","inLanguage":"pl-PL","@id":"https:\/\/www.volume-software.com\/#\/schema\/logo\/image\/","url":"http:\/\/www.volume-software.com\/wp-content\/uploads\/2015\/02\/volume_software.png","contentUrl":"http:\/\/www.volume-software.com\/wp-content\/uploads\/2015\/02\/volume_software.png","width":900,"height":264,"caption":"Volume Software"},"image":{"@id":"https:\/\/www.volume-software.com\/#\/schema\/logo\/image\/"},"sameAs":["https:\/\/www.facebook.com\/pages\/Volume-Software\/216816211713393","https:\/\/x.com\/VolumeSoftware","https:\/\/www.linkedin.com\/company\/volume-software","https:\/\/www.youtube.com\/user\/VolumeSoftware"]}]}},"_links":{"self":[{"href":"https:\/\/www.volume-software.com\/pl\/wp-json\/wp\/v2\/pages\/3288","targetHints":{"allow":["GET"]}}],"collection":[{"href":"https:\/\/www.volume-software.com\/pl\/wp-json\/wp\/v2\/pages"}],"about":[{"href":"https:\/\/www.volume-software.com\/pl\/wp-json\/wp\/v2\/types\/page"}],"author":[{"embeddable":true,"href":"https:\/\/www.volume-software.com\/pl\/wp-json\/wp\/v2\/users\/1"}],"replies":[{"embeddable":true,"href":"https:\/\/www.volume-software.com\/pl\/wp-json\/wp\/v2\/comments?post=3288"}],"version-history":[{"count":3,"href":"https:\/\/www.volume-software.com\/pl\/wp-json\/wp\/v2\/pages\/3288\/revisions"}],"predecessor-version":[{"id":3357,"href":"https:\/\/www.volume-software.com\/pl\/wp-json\/wp\/v2\/pages\/3288\/revisions\/3357"}],"up":[{"embeddable":true,"href":"https:\/\/www.volume-software.com\/pl\/wp-json\/wp\/v2\/pages\/2895"}],"wp:featuredmedia":[{"embeddable":true,"href":"https:\/\/www.volume-software.com\/pl\/wp-json\/wp\/v2\/media\/2883"}],"wp:attachment":[{"href":"https:\/\/www.volume-software.com\/pl\/wp-json\/wp\/v2\/media?parent=3288"}],"curies":[{"name":"wp","href":"https:\/\/api.w.org\/{rel}","templated":true}]}}