{"id":3284,"date":"2022-08-29T14:08:44","date_gmt":"2022-08-29T14:08:44","guid":{"rendered":"https:\/\/www.volume-software.com\/?page_id=3284"},"modified":"2022-09-19T14:09:44","modified_gmt":"2022-09-19T14:09:44","slug":"przetworca-tektury-litej","status":"publish","type":"page","link":"https:\/\/www.volume-software.com\/pl\/panstwa-branza\/przetworca-tektury-litej\/","title":{"rendered":"Przetw\u00f3rca tektury litej"},"content":{"rendered":"<p style=\"text-align: justify;\">Celem <strong>przetw\u00f3rcy tektury litej<\/strong> jest sprzeda\u017c opakowa\u0144 swoim klientom. <strong>Tektura lita<\/strong> w arkuszach lub w rolkach kupowana jest bezpo\u015brednio w <a href=\"https:\/\/www.volume-software.com\/en\/trades\/papermaking\/\">papierni<\/a>. Nast\u0119pnie przetwarzana jest na pude\u0142ka o wysokiej warto\u015bci dodanej.<\/p>\n<p style=\"text-align: justify;\"><img loading=\"lazy\" decoding=\"async\" class=\"aligncenter wp-image-717 size-medium\" src=\"https:\/\/www.volume-software.com\/wp-content\/uploads\/2015\/04\/etui-carton-compact-2-400x287.jpg\" alt=\"Kompaktowe etui z kartonu\" width=\"400\" height=\"287\" srcset=\"https:\/\/www.volume-software.com\/wp-content\/uploads\/2015\/04\/etui-carton-compact-2-400x287.jpg 400w, https:\/\/www.volume-software.com\/wp-content\/uploads\/2015\/04\/etui-carton-compact-2-190x136.jpg 190w, https:\/\/www.volume-software.com\/wp-content\/uploads\/2015\/04\/etui-carton-compact-2-600x431.jpg 600w, https:\/\/www.volume-software.com\/wp-content\/uploads\/2015\/04\/etui-carton-compact-2.jpg 616w\" sizes=\"auto, (max-width: 400px) 100vw, 400px\" \/><\/p>\n<h2 style=\"text-align: justify;\">Inne rodzaje pude\u0142ek.<\/h2>\n<p style=\"text-align: justify;\">Na przyk\u0142ad, przetw\u00f3rcy <strong>tektur litych<\/strong> pracuj\u0105 dla przemys\u0142u spo\u017cywczego, laboratori\u00f3w farmaceutycznych, d\u00f3br kapita\u0142owych, us\u0142ug marketingowych. Oferowana jest bardzo szeroka gama produkt\u00f3w, gdzie wygl\u0105d produktu ko\u0144cowego jest bardzo wa\u017cny.<\/p>\n<p style=\"text-align: justify;\">Pude\u0142ka mog\u0105 by\u0107 zgodne ze standardami ECMA lub mog\u0105 to by\u0107 specjalne zam\u00f3wienia, kt\u00f3re zosta\u0142y poddane szczeg\u00f3\u0142owemu projektowi CAD.<\/p>\n<p style=\"text-align: justify;\">W\u015br\u00f3d g\u0142\u00f3wnych kategorii pude\u0142, poni\u017cej kilka przyk\u0142ad\u00f3w:<\/p>\n<ul>\n<li style=\"text-align: justify;\">Pude\u0142ka z prost\u0105 klap\u0105<\/li>\n<li style=\"text-align: justify;\">Odwr\u00f3cone pude\u0142ka z uchwytami<\/li>\n<li style=\"text-align: justify;\">Pude\u0142ka z automatycznym dnem i mo\u017cliwo\u015bci\u0105 sk\u0142adania.<\/li>\n<li style=\"text-align: justify;\">Tace z blokad\u0105<\/li>\n<li style=\"text-align: justify;\">Pude\u0142ka z klapkami do wsuni\u0119cia<\/li>\n<li style=\"text-align: justify;\">Pakiety wyposa\u017cone w klap\u0119 czo\u0142ow\u0105 ca\u0142kowicie zakryt\u0105<\/li>\n<li style=\"text-align: justify;\">&#8230; i wiele innych!<\/li>\n<\/ul>\n<p><img loading=\"lazy\" decoding=\"async\" class=\"aligncenter wp-image-719 size-medium\" src=\"https:\/\/www.volume-software.com\/wp-content\/uploads\/2015\/04\/etui-carton-compact-1-400x287.jpg\" alt=\"Kompaktowe etui z kartonu\" width=\"400\" height=\"287\" srcset=\"https:\/\/www.volume-software.com\/wp-content\/uploads\/2015\/04\/etui-carton-compact-1-400x287.jpg 400w, https:\/\/www.volume-software.com\/wp-content\/uploads\/2015\/04\/etui-carton-compact-1-190x136.jpg 190w, https:\/\/www.volume-software.com\/wp-content\/uploads\/2015\/04\/etui-carton-compact-1-600x431.jpg 600w, https:\/\/www.volume-software.com\/wp-content\/uploads\/2015\/04\/etui-carton-compact-1.jpg 620w\" sizes=\"auto, (max-width: 400px) 100vw, 400px\" \/><\/p>\n<h2>Produkcja opakowa\u0144.<\/h2>\n<p style=\"text-align: justify;\"><strong>Arkusze tektury litej<\/strong> przechodz\u0105 kolejno przez szereg <strong>maszyn przetwarzaj\u0105cych<\/strong>, aby wyprodukowa\u0107 opakowanie zgodne z oczekiwaniami klienta:<\/p>\n<ul>\n<li style=\"text-align: justify;\"><strong>Druk<\/strong>: offsetowa maszyna drukarska z zespo\u0142ami lakieruj\u0105cymi.<\/li>\n<li style=\"text-align: justify;\"><strong>Sztancowanie<\/strong>: maszyna do sztancowania (wykrawania) z p\u0142askim sto\u0142em z narz\u0119dziem do wykrawania i <strong>narz\u0119dziem do pisania alfabetem Braille&#8217;a<\/strong>, opcjonalnie zintegrowanym ze sztanc\u0105.<\/li>\n<li style=\"text-align: justify;\"><strong>Sk\u0142adarko sklejarka<\/strong>: do sk\u0142adania i klejenia pude\u0142ek. Opcjonalne obrotowe narz\u0119dzie do t\u0142oczenia alfabetem Braille&#8217;a.<\/li>\n<li style=\"text-align: justify;\">Maszyna do <strong>owijania ta\u015bm\u0105<\/strong>.<\/li>\n<\/ul>\n<p><img loading=\"lazy\" decoding=\"async\" class=\"aligncenter wp-image-721 size-medium\" src=\"https:\/\/www.volume-software.com\/wp-content\/uploads\/2015\/04\/etui-carton-compact-3-400x289.jpg\" alt=\"Kompaktowe etui z kartonu\" width=\"400\" height=\"289\" srcset=\"https:\/\/www.volume-software.com\/wp-content\/uploads\/2015\/04\/etui-carton-compact-3-400x289.jpg 400w, https:\/\/www.volume-software.com\/wp-content\/uploads\/2015\/04\/etui-carton-compact-3-190x137.jpg 190w, https:\/\/www.volume-software.com\/wp-content\/uploads\/2015\/04\/etui-carton-compact-3-600x433.jpg 600w, https:\/\/www.volume-software.com\/wp-content\/uploads\/2015\/04\/etui-carton-compact-3.jpg 616w\" sizes=\"auto, (max-width: 400px) 100vw, 400px\" \/><\/p>\n<h2>Magazynowanie i logistyka<\/h2>\n<p style=\"text-align: justify;\">Dobre <strong>zarz\u0105dzanie zapasami<\/strong> wed\u0142ug <strong>partii<\/strong> produkcji i <strong>lokalizacj<\/strong> jest istotnym elementem zarz\u0105dzania w dzia\u0142alno\u015bci przetw\u00f3rcy tektury litej. Kluczowym czynnikiem jest r\u00f3wnie\u017c logistyka, pozwalaj\u0105ca na lepsz\u0105 jako\u015b\u0107 dostaw.<\/p>\n<h2 style=\"text-align: justify;\">Odpowied\u017a firmy Volume Software na potrzeby przetw\u00f3rc\u00f3w tektur litych: VoluPack ERP.<\/h2>\n<p>System informatyczny VoluPack jest skierowany specjalnie do przetw\u00f3rc\u00f3w tektury litej.<\/p>\n<h2><\/h2>\n<p style=\"text-align: center;\"><a class=\"mks_button mks_button_large rounded\" href=\"https:\/\/www.volume-software.com\/pl\/nasze-rozwiazania\/volupack-erp\/\" target=\"_self\" style=\"color: #FFFFFF; background-color: #0092DF;\" >Nasze rozwi\u0105zanie dla przetw\u00f3rc\u00f3w tektury litej: VoluPack ERP<\/a>\n<p>Fotografie autorskie : <a href=\"http:\/\/www.ecma.org\/events-and-promotion\/carton-award\/2014.html\" target=\"_blank\" rel=\"noopener\">Winners Pro Carton \/ ECMA Award 2014 r<\/a>.<\/p>\n","protected":false},"excerpt":{"rendered":"<p>Celem przetw\u00f3rcy tektury litej jest sprzeda\u017c opakowa\u0144 swoim klientom. Tektura lita w arkuszach lub w rolkach kupowana jest bezpo\u015brednio w papierni. Nast\u0119pnie przetwarzana jest na pude\u0142ka o wysokiej warto\u015bci dodanej. Inne rodzaje pude\u0142ek. Na przyk\u0142ad, przetw\u00f3rcy tektur litych pracuj\u0105 dla przemys\u0142u spo\u017cywczego, laboratori\u00f3w farmaceutycznych, d\u00f3br kapita\u0142owych, us\u0142ug marketingowych. Oferowana jest bardzo szeroka gama produkt\u00f3w, gdzie [&hellip;]<\/p>\n","protected":false},"author":1,"featured_media":0,"parent":2892,"menu_order":0,"comment_status":"closed","ping_status":"closed","template":"","meta":{"footnotes":""},"class_list":["post-3284","page","type-page","status-publish","hentry"],"yoast_head":"<!-- This site is optimized with the Yoast SEO plugin v27.3 - https:\/\/yoast.com\/product\/yoast-seo-wordpress\/ -->\n<title>Przetw\u00f3rca tektury litej - Volume Software<\/title>\n<meta name=\"description\" content=\"Celem przetw\u00f3rcy tektury litej jest sprzeda\u017c opakowa\u0144 swoim klientom.\" \/>\n<meta name=\"robots\" content=\"index, follow, max-snippet:-1, max-image-preview:large, max-video-preview:-1\" \/>\n<link rel=\"canonical\" href=\"https:\/\/www.volume-software.com\/pl\/panstwa-branza\/przetworca-tektury-litej\/\" \/>\n<meta property=\"og:locale\" content=\"pl_PL\" \/>\n<meta property=\"og:type\" content=\"article\" \/>\n<meta property=\"og:title\" content=\"Przetw\u00f3rca tektury litej - Volume Software\" \/>\n<meta property=\"og:description\" content=\"Celem przetw\u00f3rcy tektury litej jest sprzeda\u017c opakowa\u0144 swoim klientom.\" \/>\n<meta property=\"og:url\" content=\"https:\/\/www.volume-software.com\/pl\/panstwa-branza\/przetworca-tektury-litej\/\" \/>\n<meta property=\"og:site_name\" content=\"Volume Software\" \/>\n<meta property=\"article:publisher\" content=\"https:\/\/www.facebook.com\/pages\/Volume-Software\/216816211713393\" \/>\n<meta property=\"article:modified_time\" content=\"2022-09-19T14:09:44+00:00\" \/>\n<meta property=\"og:image\" content=\"https:\/\/www.volume-software.com\/wp-content\/uploads\/2015\/04\/etui-carton-compact-2-400x287.jpg\" \/>\n<meta name=\"twitter:card\" content=\"summary_large_image\" \/>\n<meta name=\"twitter:site\" content=\"@VolumeSoftware\" \/>\n<meta name=\"twitter:label1\" content=\"Szacowany czas czytania\" \/>\n\t<meta name=\"twitter:data1\" content=\"2 minuty\" \/>\n<script type=\"application\/ld+json\" class=\"yoast-schema-graph\">{\"@context\":\"https:\\\/\\\/schema.org\",\"@graph\":[{\"@type\":\"WebPage\",\"@id\":\"https:\\\/\\\/www.volume-software.com\\\/pl\\\/panstwa-branza\\\/przetworca-tektury-litej\\\/\",\"url\":\"https:\\\/\\\/www.volume-software.com\\\/pl\\\/panstwa-branza\\\/przetworca-tektury-litej\\\/\",\"name\":\"Przetw\u00f3rca tektury litej - Volume Software\",\"isPartOf\":{\"@id\":\"https:\\\/\\\/www.volume-software.com\\\/#website\"},\"primaryImageOfPage\":{\"@id\":\"https:\\\/\\\/www.volume-software.com\\\/pl\\\/panstwa-branza\\\/przetworca-tektury-litej\\\/#primaryimage\"},\"image\":{\"@id\":\"https:\\\/\\\/www.volume-software.com\\\/pl\\\/panstwa-branza\\\/przetworca-tektury-litej\\\/#primaryimage\"},\"thumbnailUrl\":\"https:\\\/\\\/www.volume-software.com\\\/wp-content\\\/uploads\\\/2015\\\/04\\\/etui-carton-compact-2-400x287.jpg\",\"datePublished\":\"2022-08-29T14:08:44+00:00\",\"dateModified\":\"2022-09-19T14:09:44+00:00\",\"description\":\"Celem przetw\u00f3rcy tektury litej jest sprzeda\u017c opakowa\u0144 swoim klientom.\",\"breadcrumb\":{\"@id\":\"https:\\\/\\\/www.volume-software.com\\\/pl\\\/panstwa-branza\\\/przetworca-tektury-litej\\\/#breadcrumb\"},\"inLanguage\":\"pl-PL\",\"potentialAction\":[{\"@type\":\"ReadAction\",\"target\":[\"https:\\\/\\\/www.volume-software.com\\\/pl\\\/panstwa-branza\\\/przetworca-tektury-litej\\\/\"]}]},{\"@type\":\"ImageObject\",\"inLanguage\":\"pl-PL\",\"@id\":\"https:\\\/\\\/www.volume-software.com\\\/pl\\\/panstwa-branza\\\/przetworca-tektury-litej\\\/#primaryimage\",\"url\":\"https:\\\/\\\/www.volume-software.com\\\/wp-content\\\/uploads\\\/2015\\\/04\\\/etui-carton-compact-2-400x287.jpg\",\"contentUrl\":\"https:\\\/\\\/www.volume-software.com\\\/wp-content\\\/uploads\\\/2015\\\/04\\\/etui-carton-compact-2-400x287.jpg\"},{\"@type\":\"BreadcrumbList\",\"@id\":\"https:\\\/\\\/www.volume-software.com\\\/pl\\\/panstwa-branza\\\/przetworca-tektury-litej\\\/#breadcrumb\",\"itemListElement\":[{\"@type\":\"ListItem\",\"position\":1,\"name\":\"Volume Software\",\"item\":\"https:\\\/\\\/www.volume-software.com\\\/pl\\\/\"},{\"@type\":\"ListItem\",\"position\":2,\"name\":\"Pa\u0144stwa bran\u017ca\",\"item\":\"https:\\\/\\\/www.volume-software.com\\\/pl\\\/panstwa-branza\\\/\"},{\"@type\":\"ListItem\",\"position\":3,\"name\":\"Przetw\u00f3rca tektury litej\"}]},{\"@type\":\"WebSite\",\"@id\":\"https:\\\/\\\/www.volume-software.com\\\/#website\",\"url\":\"https:\\\/\\\/www.volume-software.com\\\/\",\"name\":\"Volume Software\",\"description\":\"Producent systemu ERP dla bran\u017cy opakowaniowej i poligraficznej\",\"publisher\":{\"@id\":\"https:\\\/\\\/www.volume-software.com\\\/#organization\"},\"potentialAction\":[{\"@type\":\"SearchAction\",\"target\":{\"@type\":\"EntryPoint\",\"urlTemplate\":\"https:\\\/\\\/www.volume-software.com\\\/?s={search_term_string}\"},\"query-input\":{\"@type\":\"PropertyValueSpecification\",\"valueRequired\":true,\"valueName\":\"search_term_string\"}}],\"inLanguage\":\"pl-PL\"},{\"@type\":\"Organization\",\"@id\":\"https:\\\/\\\/www.volume-software.com\\\/#organization\",\"name\":\"Volume Software\",\"url\":\"https:\\\/\\\/www.volume-software.com\\\/\",\"logo\":{\"@type\":\"ImageObject\",\"inLanguage\":\"pl-PL\",\"@id\":\"https:\\\/\\\/www.volume-software.com\\\/#\\\/schema\\\/logo\\\/image\\\/\",\"url\":\"http:\\\/\\\/www.volume-software.com\\\/wp-content\\\/uploads\\\/2015\\\/02\\\/volume_software.png\",\"contentUrl\":\"http:\\\/\\\/www.volume-software.com\\\/wp-content\\\/uploads\\\/2015\\\/02\\\/volume_software.png\",\"width\":900,\"height\":264,\"caption\":\"Volume Software\"},\"image\":{\"@id\":\"https:\\\/\\\/www.volume-software.com\\\/#\\\/schema\\\/logo\\\/image\\\/\"},\"sameAs\":[\"https:\\\/\\\/www.facebook.com\\\/pages\\\/Volume-Software\\\/216816211713393\",\"https:\\\/\\\/x.com\\\/VolumeSoftware\",\"https:\\\/\\\/www.linkedin.com\\\/company\\\/volume-software\",\"https:\\\/\\\/www.youtube.com\\\/user\\\/VolumeSoftware\"]}]}<\/script>\n<!-- \/ Yoast SEO plugin. -->","yoast_head_json":{"title":"Przetw\u00f3rca tektury litej - Volume Software","description":"Celem przetw\u00f3rcy tektury litej jest sprzeda\u017c opakowa\u0144 swoim klientom.","robots":{"index":"index","follow":"follow","max-snippet":"max-snippet:-1","max-image-preview":"max-image-preview:large","max-video-preview":"max-video-preview:-1"},"canonical":"https:\/\/www.volume-software.com\/pl\/panstwa-branza\/przetworca-tektury-litej\/","og_locale":"pl_PL","og_type":"article","og_title":"Przetw\u00f3rca tektury litej - Volume Software","og_description":"Celem przetw\u00f3rcy tektury litej jest sprzeda\u017c opakowa\u0144 swoim klientom.","og_url":"https:\/\/www.volume-software.com\/pl\/panstwa-branza\/przetworca-tektury-litej\/","og_site_name":"Volume Software","article_publisher":"https:\/\/www.facebook.com\/pages\/Volume-Software\/216816211713393","article_modified_time":"2022-09-19T14:09:44+00:00","og_image":[{"url":"https:\/\/www.volume-software.com\/wp-content\/uploads\/2015\/04\/etui-carton-compact-2-400x287.jpg","type":"","width":"","height":""}],"twitter_card":"summary_large_image","twitter_site":"@VolumeSoftware","twitter_misc":{"Szacowany czas czytania":"2 minuty"},"schema":{"@context":"https:\/\/schema.org","@graph":[{"@type":"WebPage","@id":"https:\/\/www.volume-software.com\/pl\/panstwa-branza\/przetworca-tektury-litej\/","url":"https:\/\/www.volume-software.com\/pl\/panstwa-branza\/przetworca-tektury-litej\/","name":"Przetw\u00f3rca tektury litej - Volume Software","isPartOf":{"@id":"https:\/\/www.volume-software.com\/#website"},"primaryImageOfPage":{"@id":"https:\/\/www.volume-software.com\/pl\/panstwa-branza\/przetworca-tektury-litej\/#primaryimage"},"image":{"@id":"https:\/\/www.volume-software.com\/pl\/panstwa-branza\/przetworca-tektury-litej\/#primaryimage"},"thumbnailUrl":"https:\/\/www.volume-software.com\/wp-content\/uploads\/2015\/04\/etui-carton-compact-2-400x287.jpg","datePublished":"2022-08-29T14:08:44+00:00","dateModified":"2022-09-19T14:09:44+00:00","description":"Celem przetw\u00f3rcy tektury litej jest sprzeda\u017c opakowa\u0144 swoim klientom.","breadcrumb":{"@id":"https:\/\/www.volume-software.com\/pl\/panstwa-branza\/przetworca-tektury-litej\/#breadcrumb"},"inLanguage":"pl-PL","potentialAction":[{"@type":"ReadAction","target":["https:\/\/www.volume-software.com\/pl\/panstwa-branza\/przetworca-tektury-litej\/"]}]},{"@type":"ImageObject","inLanguage":"pl-PL","@id":"https:\/\/www.volume-software.com\/pl\/panstwa-branza\/przetworca-tektury-litej\/#primaryimage","url":"https:\/\/www.volume-software.com\/wp-content\/uploads\/2015\/04\/etui-carton-compact-2-400x287.jpg","contentUrl":"https:\/\/www.volume-software.com\/wp-content\/uploads\/2015\/04\/etui-carton-compact-2-400x287.jpg"},{"@type":"BreadcrumbList","@id":"https:\/\/www.volume-software.com\/pl\/panstwa-branza\/przetworca-tektury-litej\/#breadcrumb","itemListElement":[{"@type":"ListItem","position":1,"name":"Volume Software","item":"https:\/\/www.volume-software.com\/pl\/"},{"@type":"ListItem","position":2,"name":"Pa\u0144stwa bran\u017ca","item":"https:\/\/www.volume-software.com\/pl\/panstwa-branza\/"},{"@type":"ListItem","position":3,"name":"Przetw\u00f3rca tektury litej"}]},{"@type":"WebSite","@id":"https:\/\/www.volume-software.com\/#website","url":"https:\/\/www.volume-software.com\/","name":"Volume Software","description":"Producent systemu ERP dla bran\u017cy opakowaniowej i poligraficznej","publisher":{"@id":"https:\/\/www.volume-software.com\/#organization"},"potentialAction":[{"@type":"SearchAction","target":{"@type":"EntryPoint","urlTemplate":"https:\/\/www.volume-software.com\/?s={search_term_string}"},"query-input":{"@type":"PropertyValueSpecification","valueRequired":true,"valueName":"search_term_string"}}],"inLanguage":"pl-PL"},{"@type":"Organization","@id":"https:\/\/www.volume-software.com\/#organization","name":"Volume Software","url":"https:\/\/www.volume-software.com\/","logo":{"@type":"ImageObject","inLanguage":"pl-PL","@id":"https:\/\/www.volume-software.com\/#\/schema\/logo\/image\/","url":"http:\/\/www.volume-software.com\/wp-content\/uploads\/2015\/02\/volume_software.png","contentUrl":"http:\/\/www.volume-software.com\/wp-content\/uploads\/2015\/02\/volume_software.png","width":900,"height":264,"caption":"Volume Software"},"image":{"@id":"https:\/\/www.volume-software.com\/#\/schema\/logo\/image\/"},"sameAs":["https:\/\/www.facebook.com\/pages\/Volume-Software\/216816211713393","https:\/\/x.com\/VolumeSoftware","https:\/\/www.linkedin.com\/company\/volume-software","https:\/\/www.youtube.com\/user\/VolumeSoftware"]}]}},"_links":{"self":[{"href":"https:\/\/www.volume-software.com\/pl\/wp-json\/wp\/v2\/pages\/3284","targetHints":{"allow":["GET"]}}],"collection":[{"href":"https:\/\/www.volume-software.com\/pl\/wp-json\/wp\/v2\/pages"}],"about":[{"href":"https:\/\/www.volume-software.com\/pl\/wp-json\/wp\/v2\/types\/page"}],"author":[{"embeddable":true,"href":"https:\/\/www.volume-software.com\/pl\/wp-json\/wp\/v2\/users\/1"}],"replies":[{"embeddable":true,"href":"https:\/\/www.volume-software.com\/pl\/wp-json\/wp\/v2\/comments?post=3284"}],"version-history":[{"count":4,"href":"https:\/\/www.volume-software.com\/pl\/wp-json\/wp\/v2\/pages\/3284\/revisions"}],"predecessor-version":[{"id":3445,"href":"https:\/\/www.volume-software.com\/pl\/wp-json\/wp\/v2\/pages\/3284\/revisions\/3445"}],"up":[{"embeddable":true,"href":"https:\/\/www.volume-software.com\/pl\/wp-json\/wp\/v2\/pages\/2892"}],"wp:attachment":[{"href":"https:\/\/www.volume-software.com\/pl\/wp-json\/wp\/v2\/media?parent=3284"}],"curies":[{"name":"wp","href":"https:\/\/api.w.org\/{rel}","templated":true}]}}