{"id":3282,"date":"2022-08-29T14:18:52","date_gmt":"2022-08-29T14:18:52","guid":{"rendered":"https:\/\/www.volume-software.com\/?page_id=3282"},"modified":"2022-09-19T14:13:02","modified_gmt":"2022-09-19T14:13:02","slug":"papiernie","status":"publish","type":"page","link":"https:\/\/www.volume-software.com\/pl\/panstwa-branza\/papiernie\/","title":{"rendered":"Papiernia"},"content":{"rendered":"<p style=\"text-align: justify;\">Celem <strong>papierni<\/strong> (<strong>papiernictwa<\/strong>) jest wytwarzanie <strong>papieru<\/strong>. W przemy\u015ble opakowaniowym role papieru s\u0105 sprzedawane zak\u0142adom produkcji tektury falistej na <a href=\"https:\/\/www.volume-software.com\/en\/trades\/corrugator\/\">tekturnicach<\/a> lub ci\u0119te s\u0105 na arkusze dla <a href=\"https:\/\/www.volume-software.com\/en\/trades\/solid-board-converter\/\">przetw\u00f3rc\u00f3w tektury litej<\/a>.<\/p>\n<p style=\"text-align: justify;\"><strong>Papier<\/strong> jest materia\u0142em wykonanym z w\u0142\u00f3kien ro\u015blinnych (celulozy); w\u0142\u00f3kna te, zredukowane do fibryn s\u0105 zawieszone w wodzie, tworz\u0105c pulp\u0119, kt\u00f3ra jest roz\u0142o\u017cona na sicie i nast\u0119pnie wysuszona na cienk\u0105 wst\u0119g\u0119. Niekt\u00f3re papiernie nadal produkuj\u0105 mas\u0119 papierow\u0105 z drewnianych bali lub wi\u00f3r\u00f3w; ale obecnie w Europie dominuj\u0105c\u0105 tendencj\u0105 jest przetwarzanie <strong>bel makulatury<\/strong> (papieru recyklingowego).<\/p>\n<div id=\"attachment_693\" style=\"width: 410px\" class=\"wp-caption aligncenter\"><img loading=\"lazy\" decoding=\"async\" aria-describedby=\"caption-attachment-693\" class=\"wp-image-693 size-medium\" src=\"https:\/\/www.volume-software.com\/wp-content\/uploads\/2015\/04\/bobine-1-400x299.jpg\" alt=\"Role papieru\" width=\"400\" height=\"299\" srcset=\"https:\/\/www.volume-software.com\/wp-content\/uploads\/2015\/04\/bobine-1-400x299.jpg 400w, https:\/\/www.volume-software.com\/wp-content\/uploads\/2015\/04\/bobine-1-190x142.jpg 190w, https:\/\/www.volume-software.com\/wp-content\/uploads\/2015\/04\/bobine-1-600x449.jpg 600w, https:\/\/www.volume-software.com\/wp-content\/uploads\/2015\/04\/bobine-1.jpg 794w\" sizes=\"auto, (max-width: 400px) 100vw, 400px\" \/><p id=\"caption-attachment-693\" class=\"wp-caption-text\">Role papieru<\/p><\/div>\n<h2 style=\"text-align: justify;\">Papiery<\/h2>\n<p style=\"text-align: justify;\">Papiernie finalnie produkuj\u0105 rolki o <strong>szeroko\u015bci<\/strong>, kt\u00f3ra mo\u017ce wynosi\u0107 od 420 mm do 3680 mm. Istniej\u0105 r\u00f3\u017cne rodzaje papier\u00f3w, min.:<\/p>\n<ul>\n<li style=\"text-align: justify;\"><strong>Kraftliner<\/strong>: papier u\u017cywany do produkcji warstwy p\u0142askiej, wysokiej jako\u015bci, wykonany z w\u0142\u00f3kien pierwotnych. Jest najbardziej wytrzyma\u0142y i najdro\u017cszy. Jest najbardziej odporny i najdro\u017cszy.<\/li>\n<li style=\"text-align: justify;\"><strong>Testliner<\/strong>: papier u\u017cywany do produkcji warstwy p\u0142askiej, wykonany g\u0142\u00f3wnie z w\u0142\u00f3kien pochodz\u0105cych z recyklingu.<\/li>\n<li style=\"text-align: justify;\"><strong>Papier CMP<\/strong> (Chemi-mechanical): najbardziej odporny papier na warstw\u0119 falowan\u0105 (tzw. fluting).<\/li>\n<li style=\"text-align: justify;\"><strong>Wellenstoff<\/strong>: papier na warstw\u0119 falowan\u0105 (tzw. fluting), wykonany g\u0142\u00f3wnie z w\u0142\u00f3kien pochodz\u0105cych z recyklingu.<\/li>\n<\/ul>\n<h2>Magazynowanie i logistyka<\/h2>\n<p style=\"text-align: justify;\">Dobre <strong>zarz\u0105dzanie zapasami<\/strong> wed\u0142ug <strong>partii<\/strong> produkcji i <strong>lokalizacji<\/strong> jest istotnym elementem zarz\u0105dzania dzia\u0142alno\u015bci\u0105 papierni. Kluczowym czynnikiem jest tak\u017ce logistyka, pozwalaj\u0105ca na lepszy obieg dostaw.<\/p>\n<h2 style=\"text-align: justify;\">Odpowied\u017a firmy Volume Software na potrzeby papierni: VoluPack ERP.<\/h2>\n<p>System informacyjny VoluPack jest skierowany w szczeg\u00f3lno\u015bci do zak\u0142ad\u00f3w przemys\u0142u papierniczego.<\/p>\n<p style=\"text-align: center;\"><a class=\"mks_button mks_button_large rounded\" href=\"https:\/\/www.volume-software.com\/pl\/nasze-rozwiazania\/volupack-erp\/\" target=\"_self\" style=\"color: #FFFFFF; background-color: #0092DF;\" >Nasze rozwi\u0105zanie dla przemys\u0142u papierniczego: VoluPack ERP<\/a>\n","protected":false},"excerpt":{"rendered":"<p>Celem papierni (papiernictwa) jest wytwarzanie papieru. W przemy\u015ble opakowaniowym role papieru s\u0105 sprzedawane zak\u0142adom produkcji tektury falistej na tekturnicach lub ci\u0119te s\u0105 na arkusze dla przetw\u00f3rc\u00f3w tektury litej. Papier jest materia\u0142em wykonanym z w\u0142\u00f3kien ro\u015blinnych (celulozy); w\u0142\u00f3kna te, zredukowane do fibryn s\u0105 zawieszone w wodzie, tworz\u0105c pulp\u0119, kt\u00f3ra jest roz\u0142o\u017cona na sicie i nast\u0119pnie wysuszona [&hellip;]<\/p>\n","protected":false},"author":1,"featured_media":2883,"parent":2892,"menu_order":0,"comment_status":"closed","ping_status":"closed","template":"","meta":{"footnotes":""},"class_list":["post-3282","page","type-page","status-publish","has-post-thumbnail","hentry"],"yoast_head":"<!-- This site is optimized with the Yoast SEO plugin v27.3 - https:\/\/yoast.com\/product\/yoast-seo-wordpress\/ -->\n<title>Papiernia - Volume Software<\/title>\n<meta name=\"description\" content=\"Celem papierni jest produkcja papieru. Najcz\u0119\u015bciej w rolach. Zwoje papieru s\u0105 nast\u0119pnie sprzedawane na przyk\u0142ad do firm zajmuj\u0105cych si\u0119 produkcj\u0105 i przetwarzaniem tektury falistej.\" \/>\n<meta name=\"robots\" content=\"index, follow, max-snippet:-1, max-image-preview:large, max-video-preview:-1\" \/>\n<link rel=\"canonical\" href=\"https:\/\/www.volume-software.com\/pl\/panstwa-branza\/papiernie\/\" \/>\n<meta property=\"og:locale\" content=\"pl_PL\" \/>\n<meta property=\"og:type\" content=\"article\" \/>\n<meta property=\"og:title\" content=\"Papiernia - Volume Software\" \/>\n<meta property=\"og:description\" content=\"Celem papierni jest produkcja papieru. Najcz\u0119\u015bciej w rolach. Zwoje papieru s\u0105 nast\u0119pnie sprzedawane na przyk\u0142ad do firm zajmuj\u0105cych si\u0119 produkcj\u0105 i przetwarzaniem tektury falistej.\" \/>\n<meta property=\"og:url\" content=\"https:\/\/www.volume-software.com\/pl\/panstwa-branza\/papiernie\/\" \/>\n<meta property=\"og:site_name\" content=\"Volume Software\" \/>\n<meta property=\"article:publisher\" content=\"https:\/\/www.facebook.com\/pages\/Volume-Software\/216816211713393\" \/>\n<meta property=\"article:modified_time\" content=\"2022-09-19T14:13:02+00:00\" \/>\n<meta property=\"og:image\" content=\"https:\/\/www.volume-software.com\/wp-content\/uploads\/2015\/02\/volume_software.png\" \/>\n\t<meta property=\"og:image:width\" content=\"900\" \/>\n\t<meta property=\"og:image:height\" content=\"264\" \/>\n\t<meta property=\"og:image:type\" content=\"image\/png\" \/>\n<meta name=\"twitter:card\" content=\"summary_large_image\" \/>\n<meta name=\"twitter:site\" content=\"@VolumeSoftware\" \/>\n<meta name=\"twitter:label1\" content=\"Szacowany czas czytania\" \/>\n\t<meta name=\"twitter:data1\" content=\"2 minuty\" \/>\n<script type=\"application\/ld+json\" class=\"yoast-schema-graph\">{\"@context\":\"https:\\\/\\\/schema.org\",\"@graph\":[{\"@type\":\"WebPage\",\"@id\":\"https:\\\/\\\/www.volume-software.com\\\/pl\\\/panstwa-branza\\\/papiernie\\\/\",\"url\":\"https:\\\/\\\/www.volume-software.com\\\/pl\\\/panstwa-branza\\\/papiernie\\\/\",\"name\":\"Papiernia - Volume Software\",\"isPartOf\":{\"@id\":\"https:\\\/\\\/www.volume-software.com\\\/#website\"},\"primaryImageOfPage\":{\"@id\":\"https:\\\/\\\/www.volume-software.com\\\/pl\\\/panstwa-branza\\\/papiernie\\\/#primaryimage\"},\"image\":{\"@id\":\"https:\\\/\\\/www.volume-software.com\\\/pl\\\/panstwa-branza\\\/papiernie\\\/#primaryimage\"},\"thumbnailUrl\":\"https:\\\/\\\/www.volume-software.com\\\/wp-content\\\/uploads\\\/2015\\\/02\\\/volume_software.png\",\"datePublished\":\"2022-08-29T14:18:52+00:00\",\"dateModified\":\"2022-09-19T14:13:02+00:00\",\"description\":\"Celem papierni jest produkcja papieru. Najcz\u0119\u015bciej w rolach. Zwoje papieru s\u0105 nast\u0119pnie sprzedawane na przyk\u0142ad do firm zajmuj\u0105cych si\u0119 produkcj\u0105 i przetwarzaniem tektury falistej.\",\"breadcrumb\":{\"@id\":\"https:\\\/\\\/www.volume-software.com\\\/pl\\\/panstwa-branza\\\/papiernie\\\/#breadcrumb\"},\"inLanguage\":\"pl-PL\",\"potentialAction\":[{\"@type\":\"ReadAction\",\"target\":[\"https:\\\/\\\/www.volume-software.com\\\/pl\\\/panstwa-branza\\\/papiernie\\\/\"]}]},{\"@type\":\"ImageObject\",\"inLanguage\":\"pl-PL\",\"@id\":\"https:\\\/\\\/www.volume-software.com\\\/pl\\\/panstwa-branza\\\/papiernie\\\/#primaryimage\",\"url\":\"https:\\\/\\\/www.volume-software.com\\\/wp-content\\\/uploads\\\/2015\\\/02\\\/volume_software.png\",\"contentUrl\":\"https:\\\/\\\/www.volume-software.com\\\/wp-content\\\/uploads\\\/2015\\\/02\\\/volume_software.png\",\"width\":900,\"height\":264},{\"@type\":\"BreadcrumbList\",\"@id\":\"https:\\\/\\\/www.volume-software.com\\\/pl\\\/panstwa-branza\\\/papiernie\\\/#breadcrumb\",\"itemListElement\":[{\"@type\":\"ListItem\",\"position\":1,\"name\":\"Volume Software\",\"item\":\"https:\\\/\\\/www.volume-software.com\\\/pl\\\/\"},{\"@type\":\"ListItem\",\"position\":2,\"name\":\"Pa\u0144stwa bran\u017ca\",\"item\":\"https:\\\/\\\/www.volume-software.com\\\/pl\\\/panstwa-branza\\\/\"},{\"@type\":\"ListItem\",\"position\":3,\"name\":\"Papiernia\"}]},{\"@type\":\"WebSite\",\"@id\":\"https:\\\/\\\/www.volume-software.com\\\/#website\",\"url\":\"https:\\\/\\\/www.volume-software.com\\\/\",\"name\":\"Volume Software\",\"description\":\"Producent systemu ERP dla bran\u017cy opakowaniowej i poligraficznej\",\"publisher\":{\"@id\":\"https:\\\/\\\/www.volume-software.com\\\/#organization\"},\"potentialAction\":[{\"@type\":\"SearchAction\",\"target\":{\"@type\":\"EntryPoint\",\"urlTemplate\":\"https:\\\/\\\/www.volume-software.com\\\/?s={search_term_string}\"},\"query-input\":{\"@type\":\"PropertyValueSpecification\",\"valueRequired\":true,\"valueName\":\"search_term_string\"}}],\"inLanguage\":\"pl-PL\"},{\"@type\":\"Organization\",\"@id\":\"https:\\\/\\\/www.volume-software.com\\\/#organization\",\"name\":\"Volume Software\",\"url\":\"https:\\\/\\\/www.volume-software.com\\\/\",\"logo\":{\"@type\":\"ImageObject\",\"inLanguage\":\"pl-PL\",\"@id\":\"https:\\\/\\\/www.volume-software.com\\\/#\\\/schema\\\/logo\\\/image\\\/\",\"url\":\"http:\\\/\\\/www.volume-software.com\\\/wp-content\\\/uploads\\\/2015\\\/02\\\/volume_software.png\",\"contentUrl\":\"http:\\\/\\\/www.volume-software.com\\\/wp-content\\\/uploads\\\/2015\\\/02\\\/volume_software.png\",\"width\":900,\"height\":264,\"caption\":\"Volume Software\"},\"image\":{\"@id\":\"https:\\\/\\\/www.volume-software.com\\\/#\\\/schema\\\/logo\\\/image\\\/\"},\"sameAs\":[\"https:\\\/\\\/www.facebook.com\\\/pages\\\/Volume-Software\\\/216816211713393\",\"https:\\\/\\\/x.com\\\/VolumeSoftware\",\"https:\\\/\\\/www.linkedin.com\\\/company\\\/volume-software\",\"https:\\\/\\\/www.youtube.com\\\/user\\\/VolumeSoftware\"]}]}<\/script>\n<!-- \/ Yoast SEO plugin. -->","yoast_head_json":{"title":"Papiernia - Volume Software","description":"Celem papierni jest produkcja papieru. Najcz\u0119\u015bciej w rolach. Zwoje papieru s\u0105 nast\u0119pnie sprzedawane na przyk\u0142ad do firm zajmuj\u0105cych si\u0119 produkcj\u0105 i przetwarzaniem tektury falistej.","robots":{"index":"index","follow":"follow","max-snippet":"max-snippet:-1","max-image-preview":"max-image-preview:large","max-video-preview":"max-video-preview:-1"},"canonical":"https:\/\/www.volume-software.com\/pl\/panstwa-branza\/papiernie\/","og_locale":"pl_PL","og_type":"article","og_title":"Papiernia - Volume Software","og_description":"Celem papierni jest produkcja papieru. Najcz\u0119\u015bciej w rolach. Zwoje papieru s\u0105 nast\u0119pnie sprzedawane na przyk\u0142ad do firm zajmuj\u0105cych si\u0119 produkcj\u0105 i przetwarzaniem tektury falistej.","og_url":"https:\/\/www.volume-software.com\/pl\/panstwa-branza\/papiernie\/","og_site_name":"Volume Software","article_publisher":"https:\/\/www.facebook.com\/pages\/Volume-Software\/216816211713393","article_modified_time":"2022-09-19T14:13:02+00:00","og_image":[{"width":900,"height":264,"url":"https:\/\/www.volume-software.com\/wp-content\/uploads\/2015\/02\/volume_software.png","type":"image\/png"}],"twitter_card":"summary_large_image","twitter_site":"@VolumeSoftware","twitter_misc":{"Szacowany czas czytania":"2 minuty"},"schema":{"@context":"https:\/\/schema.org","@graph":[{"@type":"WebPage","@id":"https:\/\/www.volume-software.com\/pl\/panstwa-branza\/papiernie\/","url":"https:\/\/www.volume-software.com\/pl\/panstwa-branza\/papiernie\/","name":"Papiernia - Volume Software","isPartOf":{"@id":"https:\/\/www.volume-software.com\/#website"},"primaryImageOfPage":{"@id":"https:\/\/www.volume-software.com\/pl\/panstwa-branza\/papiernie\/#primaryimage"},"image":{"@id":"https:\/\/www.volume-software.com\/pl\/panstwa-branza\/papiernie\/#primaryimage"},"thumbnailUrl":"https:\/\/www.volume-software.com\/wp-content\/uploads\/2015\/02\/volume_software.png","datePublished":"2022-08-29T14:18:52+00:00","dateModified":"2022-09-19T14:13:02+00:00","description":"Celem papierni jest produkcja papieru. Najcz\u0119\u015bciej w rolach. Zwoje papieru s\u0105 nast\u0119pnie sprzedawane na przyk\u0142ad do firm zajmuj\u0105cych si\u0119 produkcj\u0105 i przetwarzaniem tektury falistej.","breadcrumb":{"@id":"https:\/\/www.volume-software.com\/pl\/panstwa-branza\/papiernie\/#breadcrumb"},"inLanguage":"pl-PL","potentialAction":[{"@type":"ReadAction","target":["https:\/\/www.volume-software.com\/pl\/panstwa-branza\/papiernie\/"]}]},{"@type":"ImageObject","inLanguage":"pl-PL","@id":"https:\/\/www.volume-software.com\/pl\/panstwa-branza\/papiernie\/#primaryimage","url":"https:\/\/www.volume-software.com\/wp-content\/uploads\/2015\/02\/volume_software.png","contentUrl":"https:\/\/www.volume-software.com\/wp-content\/uploads\/2015\/02\/volume_software.png","width":900,"height":264},{"@type":"BreadcrumbList","@id":"https:\/\/www.volume-software.com\/pl\/panstwa-branza\/papiernie\/#breadcrumb","itemListElement":[{"@type":"ListItem","position":1,"name":"Volume Software","item":"https:\/\/www.volume-software.com\/pl\/"},{"@type":"ListItem","position":2,"name":"Pa\u0144stwa bran\u017ca","item":"https:\/\/www.volume-software.com\/pl\/panstwa-branza\/"},{"@type":"ListItem","position":3,"name":"Papiernia"}]},{"@type":"WebSite","@id":"https:\/\/www.volume-software.com\/#website","url":"https:\/\/www.volume-software.com\/","name":"Volume Software","description":"Producent systemu ERP dla bran\u017cy opakowaniowej i poligraficznej","publisher":{"@id":"https:\/\/www.volume-software.com\/#organization"},"potentialAction":[{"@type":"SearchAction","target":{"@type":"EntryPoint","urlTemplate":"https:\/\/www.volume-software.com\/?s={search_term_string}"},"query-input":{"@type":"PropertyValueSpecification","valueRequired":true,"valueName":"search_term_string"}}],"inLanguage":"pl-PL"},{"@type":"Organization","@id":"https:\/\/www.volume-software.com\/#organization","name":"Volume Software","url":"https:\/\/www.volume-software.com\/","logo":{"@type":"ImageObject","inLanguage":"pl-PL","@id":"https:\/\/www.volume-software.com\/#\/schema\/logo\/image\/","url":"http:\/\/www.volume-software.com\/wp-content\/uploads\/2015\/02\/volume_software.png","contentUrl":"http:\/\/www.volume-software.com\/wp-content\/uploads\/2015\/02\/volume_software.png","width":900,"height":264,"caption":"Volume Software"},"image":{"@id":"https:\/\/www.volume-software.com\/#\/schema\/logo\/image\/"},"sameAs":["https:\/\/www.facebook.com\/pages\/Volume-Software\/216816211713393","https:\/\/x.com\/VolumeSoftware","https:\/\/www.linkedin.com\/company\/volume-software","https:\/\/www.youtube.com\/user\/VolumeSoftware"]}]}},"_links":{"self":[{"href":"https:\/\/www.volume-software.com\/pl\/wp-json\/wp\/v2\/pages\/3282","targetHints":{"allow":["GET"]}}],"collection":[{"href":"https:\/\/www.volume-software.com\/pl\/wp-json\/wp\/v2\/pages"}],"about":[{"href":"https:\/\/www.volume-software.com\/pl\/wp-json\/wp\/v2\/types\/page"}],"author":[{"embeddable":true,"href":"https:\/\/www.volume-software.com\/pl\/wp-json\/wp\/v2\/users\/1"}],"replies":[{"embeddable":true,"href":"https:\/\/www.volume-software.com\/pl\/wp-json\/wp\/v2\/comments?post=3282"}],"version-history":[{"count":4,"href":"https:\/\/www.volume-software.com\/pl\/wp-json\/wp\/v2\/pages\/3282\/revisions"}],"predecessor-version":[{"id":3448,"href":"https:\/\/www.volume-software.com\/pl\/wp-json\/wp\/v2\/pages\/3282\/revisions\/3448"}],"up":[{"embeddable":true,"href":"https:\/\/www.volume-software.com\/pl\/wp-json\/wp\/v2\/pages\/2892"}],"wp:featuredmedia":[{"embeddable":true,"href":"https:\/\/www.volume-software.com\/pl\/wp-json\/wp\/v2\/media\/2883"}],"wp:attachment":[{"href":"https:\/\/www.volume-software.com\/pl\/wp-json\/wp\/v2\/media?parent=3282"}],"curies":[{"name":"wp","href":"https:\/\/api.w.org\/{rel}","templated":true}]}}