{"id":3280,"date":"2022-08-29T14:31:45","date_gmt":"2022-08-29T14:31:45","guid":{"rendered":"https:\/\/www.volume-software.com\/?page_id=3280"},"modified":"2022-08-29T14:31:47","modified_gmt":"2022-08-29T14:31:47","slug":"partnerzy","status":"publish","type":"page","link":"https:\/\/www.volume-software.com\/pl\/volume-software\/partnerzy\/","title":{"rendered":"Partnerzy"},"content":{"rendered":"<p style=\"text-align: justify;\">Partnerzy technologiczni firmy Volume Software s\u0105 strategiczni: umo\u017cliwiaj\u0105 spe\u0142nienie dzisiejszych wymaga\u0144 technicznych. Ich wyb\u00f3r mia\u0142 decyduj\u0105ce znaczenie dla ewolucji systemu. Zapewniaj\u0105 nam mo\u017cliwo\u015b\u0107 modernizacji w nieko\u0144cz\u0105cym si\u0119 wy\u015bcigu po nowe technologie.<\/p>\n<p> <img loading=\"lazy\" decoding=\"async\" class=\"aligncenter size-medium wp-image-365\" src=\"https:\/\/www.volume-software.com\/wp-content\/uploads\/2015\/03\/societe-partenaires-1-400x235.jpg\" alt=\"societe-partenaires-1\" width=\"400\" height=\"235\" srcset=\"https:\/\/www.volume-software.com\/wp-content\/uploads\/2015\/03\/societe-partenaires-1-400x235.jpg 400w, https:\/\/www.volume-software.com\/wp-content\/uploads\/2015\/03\/societe-partenaires-1-190x111.jpg 190w, https:\/\/www.volume-software.com\/wp-content\/uploads\/2015\/03\/societe-partenaires-1-600x352.jpg 600w, https:\/\/www.volume-software.com\/wp-content\/uploads\/2015\/03\/societe-partenaires-1-810x475.jpg 810w, https:\/\/www.volume-software.com\/wp-content\/uploads\/2015\/03\/societe-partenaires-1-1140x669.jpg 1140w, https:\/\/www.volume-software.com\/wp-content\/uploads\/2015\/03\/societe-partenaires-1.jpg 1544w\" sizes=\"auto, (max-width: 400px) 100vw, 400px\" \/>S\u0142owa kluczowe to: <strong>otwarto\u015b\u0107<\/strong>, <strong>ci\u0105g\u0142o\u015b\u0107<\/strong>, <strong>przeno\u015bno\u015b\u0107<\/strong> and <strong>bezpiecze\u0144stwo<\/strong>.<\/p>\n","protected":false},"excerpt":{"rendered":"<p>Partnerzy technologiczni firmy Volume Software s\u0105 strategiczni: umo\u017cliwiaj\u0105 spe\u0142nienie dzisiejszych wymaga\u0144 technicznych. Ich wyb\u00f3r mia\u0142 decyduj\u0105ce znaczenie dla ewolucji systemu. Zapewniaj\u0105 nam mo\u017cliwo\u015b\u0107 modernizacji w nieko\u0144cz\u0105cym si\u0119 wy\u015bcigu po nowe technologie. S\u0142owa kluczowe to: otwarto\u015b\u0107, ci\u0105g\u0142o\u015b\u0107, przeno\u015bno\u015b\u0107 and bezpiecze\u0144stwo.<\/p>\n","protected":false},"author":1,"featured_media":2883,"parent":2890,"menu_order":0,"comment_status":"closed","ping_status":"closed","template":"","meta":{"footnotes":""},"class_list":["post-3280","page","type-page","status-publish","has-post-thumbnail","hentry"],"yoast_head":"<!-- This site is optimized with the Yoast SEO plugin v27.3 - https:\/\/yoast.com\/product\/yoast-seo-wordpress\/ -->\n<title>Partnerzy - Volume Software<\/title>\n<meta name=\"description\" content=\"Partnerzy technologiczni firmy Volume Software s\u0105 dla nas strategiczni. Zapewniaj\u0105 nam mo\u017cliwo\u015b\u0107 modernizacji w nieko\u0144cz\u0105cym si\u0119 wy\u015bcigu po nowe technologie.\" \/>\n<meta name=\"robots\" content=\"index, follow, max-snippet:-1, max-image-preview:large, max-video-preview:-1\" \/>\n<link rel=\"canonical\" href=\"https:\/\/www.volume-software.com\/pl\/volume-software\/partnerzy\/\" \/>\n<meta property=\"og:locale\" content=\"pl_PL\" \/>\n<meta property=\"og:type\" content=\"article\" \/>\n<meta property=\"og:title\" content=\"Partnerzy - Volume Software\" \/>\n<meta property=\"og:description\" content=\"Partnerzy technologiczni firmy Volume Software s\u0105 dla nas strategiczni. Zapewniaj\u0105 nam mo\u017cliwo\u015b\u0107 modernizacji w nieko\u0144cz\u0105cym si\u0119 wy\u015bcigu po nowe technologie.\" \/>\n<meta property=\"og:url\" content=\"https:\/\/www.volume-software.com\/pl\/volume-software\/partnerzy\/\" \/>\n<meta property=\"og:site_name\" content=\"Volume Software\" \/>\n<meta property=\"article:publisher\" content=\"https:\/\/www.facebook.com\/pages\/Volume-Software\/216816211713393\" \/>\n<meta property=\"article:modified_time\" content=\"2022-08-29T14:31:47+00:00\" \/>\n<meta property=\"og:image\" content=\"https:\/\/www.volume-software.com\/wp-content\/uploads\/2015\/02\/volume_software.png\" \/>\n\t<meta property=\"og:image:width\" content=\"900\" \/>\n\t<meta property=\"og:image:height\" content=\"264\" \/>\n\t<meta property=\"og:image:type\" content=\"image\/png\" \/>\n<meta name=\"twitter:card\" content=\"summary_large_image\" \/>\n<meta name=\"twitter:site\" content=\"@VolumeSoftware\" \/>\n<meta name=\"twitter:label1\" content=\"Szacowany czas czytania\" \/>\n\t<meta name=\"twitter:data1\" content=\"1 minuta\" \/>\n<script type=\"application\/ld+json\" class=\"yoast-schema-graph\">{\"@context\":\"https:\\\/\\\/schema.org\",\"@graph\":[{\"@type\":\"WebPage\",\"@id\":\"https:\\\/\\\/www.volume-software.com\\\/pl\\\/volume-software\\\/partnerzy\\\/\",\"url\":\"https:\\\/\\\/www.volume-software.com\\\/pl\\\/volume-software\\\/partnerzy\\\/\",\"name\":\"Partnerzy - Volume Software\",\"isPartOf\":{\"@id\":\"https:\\\/\\\/www.volume-software.com\\\/#website\"},\"primaryImageOfPage\":{\"@id\":\"https:\\\/\\\/www.volume-software.com\\\/pl\\\/volume-software\\\/partnerzy\\\/#primaryimage\"},\"image\":{\"@id\":\"https:\\\/\\\/www.volume-software.com\\\/pl\\\/volume-software\\\/partnerzy\\\/#primaryimage\"},\"thumbnailUrl\":\"https:\\\/\\\/www.volume-software.com\\\/wp-content\\\/uploads\\\/2015\\\/02\\\/volume_software.png\",\"datePublished\":\"2022-08-29T14:31:45+00:00\",\"dateModified\":\"2022-08-29T14:31:47+00:00\",\"description\":\"Partnerzy technologiczni firmy Volume Software s\u0105 dla nas strategiczni. Zapewniaj\u0105 nam mo\u017cliwo\u015b\u0107 modernizacji w nieko\u0144cz\u0105cym si\u0119 wy\u015bcigu po nowe technologie.\",\"breadcrumb\":{\"@id\":\"https:\\\/\\\/www.volume-software.com\\\/pl\\\/volume-software\\\/partnerzy\\\/#breadcrumb\"},\"inLanguage\":\"pl-PL\",\"potentialAction\":[{\"@type\":\"ReadAction\",\"target\":[\"https:\\\/\\\/www.volume-software.com\\\/pl\\\/volume-software\\\/partnerzy\\\/\"]}]},{\"@type\":\"ImageObject\",\"inLanguage\":\"pl-PL\",\"@id\":\"https:\\\/\\\/www.volume-software.com\\\/pl\\\/volume-software\\\/partnerzy\\\/#primaryimage\",\"url\":\"https:\\\/\\\/www.volume-software.com\\\/wp-content\\\/uploads\\\/2015\\\/02\\\/volume_software.png\",\"contentUrl\":\"https:\\\/\\\/www.volume-software.com\\\/wp-content\\\/uploads\\\/2015\\\/02\\\/volume_software.png\",\"width\":900,\"height\":264},{\"@type\":\"BreadcrumbList\",\"@id\":\"https:\\\/\\\/www.volume-software.com\\\/pl\\\/volume-software\\\/partnerzy\\\/#breadcrumb\",\"itemListElement\":[{\"@type\":\"ListItem\",\"position\":1,\"name\":\"Volume Software\",\"item\":\"https:\\\/\\\/www.volume-software.com\\\/pl\\\/\"},{\"@type\":\"ListItem\",\"position\":2,\"name\":\"Volume Software\",\"item\":\"https:\\\/\\\/www.volume-software.com\\\/pl\\\/volume-software\\\/\"},{\"@type\":\"ListItem\",\"position\":3,\"name\":\"Partnerzy\"}]},{\"@type\":\"WebSite\",\"@id\":\"https:\\\/\\\/www.volume-software.com\\\/#website\",\"url\":\"https:\\\/\\\/www.volume-software.com\\\/\",\"name\":\"Volume Software\",\"description\":\"Producent systemu ERP dla bran\u017cy opakowaniowej i poligraficznej\",\"publisher\":{\"@id\":\"https:\\\/\\\/www.volume-software.com\\\/#organization\"},\"potentialAction\":[{\"@type\":\"SearchAction\",\"target\":{\"@type\":\"EntryPoint\",\"urlTemplate\":\"https:\\\/\\\/www.volume-software.com\\\/?s={search_term_string}\"},\"query-input\":{\"@type\":\"PropertyValueSpecification\",\"valueRequired\":true,\"valueName\":\"search_term_string\"}}],\"inLanguage\":\"pl-PL\"},{\"@type\":\"Organization\",\"@id\":\"https:\\\/\\\/www.volume-software.com\\\/#organization\",\"name\":\"Volume Software\",\"url\":\"https:\\\/\\\/www.volume-software.com\\\/\",\"logo\":{\"@type\":\"ImageObject\",\"inLanguage\":\"pl-PL\",\"@id\":\"https:\\\/\\\/www.volume-software.com\\\/#\\\/schema\\\/logo\\\/image\\\/\",\"url\":\"http:\\\/\\\/www.volume-software.com\\\/wp-content\\\/uploads\\\/2015\\\/02\\\/volume_software.png\",\"contentUrl\":\"http:\\\/\\\/www.volume-software.com\\\/wp-content\\\/uploads\\\/2015\\\/02\\\/volume_software.png\",\"width\":900,\"height\":264,\"caption\":\"Volume Software\"},\"image\":{\"@id\":\"https:\\\/\\\/www.volume-software.com\\\/#\\\/schema\\\/logo\\\/image\\\/\"},\"sameAs\":[\"https:\\\/\\\/www.facebook.com\\\/pages\\\/Volume-Software\\\/216816211713393\",\"https:\\\/\\\/x.com\\\/VolumeSoftware\",\"https:\\\/\\\/www.linkedin.com\\\/company\\\/volume-software\",\"https:\\\/\\\/www.youtube.com\\\/user\\\/VolumeSoftware\"]}]}<\/script>\n<!-- \/ Yoast SEO plugin. -->","yoast_head_json":{"title":"Partnerzy - Volume Software","description":"Partnerzy technologiczni firmy Volume Software s\u0105 dla nas strategiczni. Zapewniaj\u0105 nam mo\u017cliwo\u015b\u0107 modernizacji w nieko\u0144cz\u0105cym si\u0119 wy\u015bcigu po nowe technologie.","robots":{"index":"index","follow":"follow","max-snippet":"max-snippet:-1","max-image-preview":"max-image-preview:large","max-video-preview":"max-video-preview:-1"},"canonical":"https:\/\/www.volume-software.com\/pl\/volume-software\/partnerzy\/","og_locale":"pl_PL","og_type":"article","og_title":"Partnerzy - Volume Software","og_description":"Partnerzy technologiczni firmy Volume Software s\u0105 dla nas strategiczni. Zapewniaj\u0105 nam mo\u017cliwo\u015b\u0107 modernizacji w nieko\u0144cz\u0105cym si\u0119 wy\u015bcigu po nowe technologie.","og_url":"https:\/\/www.volume-software.com\/pl\/volume-software\/partnerzy\/","og_site_name":"Volume Software","article_publisher":"https:\/\/www.facebook.com\/pages\/Volume-Software\/216816211713393","article_modified_time":"2022-08-29T14:31:47+00:00","og_image":[{"width":900,"height":264,"url":"https:\/\/www.volume-software.com\/wp-content\/uploads\/2015\/02\/volume_software.png","type":"image\/png"}],"twitter_card":"summary_large_image","twitter_site":"@VolumeSoftware","twitter_misc":{"Szacowany czas czytania":"1 minuta"},"schema":{"@context":"https:\/\/schema.org","@graph":[{"@type":"WebPage","@id":"https:\/\/www.volume-software.com\/pl\/volume-software\/partnerzy\/","url":"https:\/\/www.volume-software.com\/pl\/volume-software\/partnerzy\/","name":"Partnerzy - Volume Software","isPartOf":{"@id":"https:\/\/www.volume-software.com\/#website"},"primaryImageOfPage":{"@id":"https:\/\/www.volume-software.com\/pl\/volume-software\/partnerzy\/#primaryimage"},"image":{"@id":"https:\/\/www.volume-software.com\/pl\/volume-software\/partnerzy\/#primaryimage"},"thumbnailUrl":"https:\/\/www.volume-software.com\/wp-content\/uploads\/2015\/02\/volume_software.png","datePublished":"2022-08-29T14:31:45+00:00","dateModified":"2022-08-29T14:31:47+00:00","description":"Partnerzy technologiczni firmy Volume Software s\u0105 dla nas strategiczni. Zapewniaj\u0105 nam mo\u017cliwo\u015b\u0107 modernizacji w nieko\u0144cz\u0105cym si\u0119 wy\u015bcigu po nowe technologie.","breadcrumb":{"@id":"https:\/\/www.volume-software.com\/pl\/volume-software\/partnerzy\/#breadcrumb"},"inLanguage":"pl-PL","potentialAction":[{"@type":"ReadAction","target":["https:\/\/www.volume-software.com\/pl\/volume-software\/partnerzy\/"]}]},{"@type":"ImageObject","inLanguage":"pl-PL","@id":"https:\/\/www.volume-software.com\/pl\/volume-software\/partnerzy\/#primaryimage","url":"https:\/\/www.volume-software.com\/wp-content\/uploads\/2015\/02\/volume_software.png","contentUrl":"https:\/\/www.volume-software.com\/wp-content\/uploads\/2015\/02\/volume_software.png","width":900,"height":264},{"@type":"BreadcrumbList","@id":"https:\/\/www.volume-software.com\/pl\/volume-software\/partnerzy\/#breadcrumb","itemListElement":[{"@type":"ListItem","position":1,"name":"Volume Software","item":"https:\/\/www.volume-software.com\/pl\/"},{"@type":"ListItem","position":2,"name":"Volume Software","item":"https:\/\/www.volume-software.com\/pl\/volume-software\/"},{"@type":"ListItem","position":3,"name":"Partnerzy"}]},{"@type":"WebSite","@id":"https:\/\/www.volume-software.com\/#website","url":"https:\/\/www.volume-software.com\/","name":"Volume Software","description":"Producent systemu ERP dla bran\u017cy opakowaniowej i poligraficznej","publisher":{"@id":"https:\/\/www.volume-software.com\/#organization"},"potentialAction":[{"@type":"SearchAction","target":{"@type":"EntryPoint","urlTemplate":"https:\/\/www.volume-software.com\/?s={search_term_string}"},"query-input":{"@type":"PropertyValueSpecification","valueRequired":true,"valueName":"search_term_string"}}],"inLanguage":"pl-PL"},{"@type":"Organization","@id":"https:\/\/www.volume-software.com\/#organization","name":"Volume Software","url":"https:\/\/www.volume-software.com\/","logo":{"@type":"ImageObject","inLanguage":"pl-PL","@id":"https:\/\/www.volume-software.com\/#\/schema\/logo\/image\/","url":"http:\/\/www.volume-software.com\/wp-content\/uploads\/2015\/02\/volume_software.png","contentUrl":"http:\/\/www.volume-software.com\/wp-content\/uploads\/2015\/02\/volume_software.png","width":900,"height":264,"caption":"Volume Software"},"image":{"@id":"https:\/\/www.volume-software.com\/#\/schema\/logo\/image\/"},"sameAs":["https:\/\/www.facebook.com\/pages\/Volume-Software\/216816211713393","https:\/\/x.com\/VolumeSoftware","https:\/\/www.linkedin.com\/company\/volume-software","https:\/\/www.youtube.com\/user\/VolumeSoftware"]}]}},"_links":{"self":[{"href":"https:\/\/www.volume-software.com\/pl\/wp-json\/wp\/v2\/pages\/3280","targetHints":{"allow":["GET"]}}],"collection":[{"href":"https:\/\/www.volume-software.com\/pl\/wp-json\/wp\/v2\/pages"}],"about":[{"href":"https:\/\/www.volume-software.com\/pl\/wp-json\/wp\/v2\/types\/page"}],"author":[{"embeddable":true,"href":"https:\/\/www.volume-software.com\/pl\/wp-json\/wp\/v2\/users\/1"}],"replies":[{"embeddable":true,"href":"https:\/\/www.volume-software.com\/pl\/wp-json\/wp\/v2\/comments?post=3280"}],"version-history":[{"count":1,"href":"https:\/\/www.volume-software.com\/pl\/wp-json\/wp\/v2\/pages\/3280\/revisions"}],"predecessor-version":[{"id":3342,"href":"https:\/\/www.volume-software.com\/pl\/wp-json\/wp\/v2\/pages\/3280\/revisions\/3342"}],"up":[{"embeddable":true,"href":"https:\/\/www.volume-software.com\/pl\/wp-json\/wp\/v2\/pages\/2890"}],"wp:featuredmedia":[{"embeddable":true,"href":"https:\/\/www.volume-software.com\/pl\/wp-json\/wp\/v2\/media\/2883"}],"wp:attachment":[{"href":"https:\/\/www.volume-software.com\/pl\/wp-json\/wp\/v2\/media?parent=3280"}],"curies":[{"name":"wp","href":"https:\/\/api.w.org\/{rel}","templated":true}]}}