{"id":3262,"date":"2022-08-29T14:26:15","date_gmt":"2022-08-29T14:26:15","guid":{"rendered":"https:\/\/www.volume-software.com\/?page_id=3262"},"modified":"2022-09-12T07:55:26","modified_gmt":"2022-09-12T07:55:26","slug":"szkolenie","status":"publish","type":"page","link":"https:\/\/www.volume-software.com\/pl\/nasze-wsparcie\/szkolenie\/","title":{"rendered":"Szkolenie"},"content":{"rendered":"\n<h2 class=\"wp-block-heading\">Szkolenie: kluczowy czynnik sukcesu Twojego projektu ERP.<\/h2>\n\n<p>We wszystkich fazach projektu ERP szkolenia s\u0105 niezb\u0119dne w procesie uczenia si\u0119 u\u017cytkownik\u00f3w. Nasze cele s\u0105 nast\u0119puj\u0105ce:<\/p>\n\n<ul class=\"wp-block-list\"><li style=\"text-align: justify;\">Zapewnienie przekazywania umiej\u0119tno\u015bci u\u017cytkownikom systemu, aby umo\u017cliwi\u0107 im samodzielno\u015b\u0107 w czasie u\u017cytkowania systemu ERP.<\/li><li style=\"text-align: justify;\">Wsparcie w ewentualnym wdro\u017ceniu nowych metod pracy.<\/li><li style=\"text-align: justify;\">W przypadku uprawnionych u\u017cytkownik\u00f3w, umo\u017cliwiamy przej\u0119cie kontroli nad ustawieniami ERP.<\/li><li style=\"text-align: justify;\">Towarzyszymy Pa\u0144stwu na miejscu podczas produkcyjnego uruchamiania poszczeg\u00f3lnych modu\u0142\u00f3w.<\/li><li style=\"text-align: justify;\">Wspieramy Was d\u0142ugoterminowo poprzez szkolenia i audyty.<\/li><\/ul>\n\n<div class=\"wp-block-image\"><figure class=\"aligncenter\"><img loading=\"lazy\" decoding=\"async\" width=\"400\" height=\"332\" src=\"https:\/\/www.volume-software.com\/wp-content\/uploads\/2015\/04\/service-formation-11-400x332.jpg\" alt=\"service-formation-1\" class=\"wp-image-328\" srcset=\"https:\/\/www.volume-software.com\/wp-content\/uploads\/2015\/04\/service-formation-11-400x332.jpg 400w, https:\/\/www.volume-software.com\/wp-content\/uploads\/2015\/04\/service-formation-11-190x158.jpg 190w, https:\/\/www.volume-software.com\/wp-content\/uploads\/2015\/04\/service-formation-11-600x498.jpg 600w, https:\/\/www.volume-software.com\/wp-content\/uploads\/2015\/04\/service-formation-11-810x672.jpg 810w, https:\/\/www.volume-software.com\/wp-content\/uploads\/2015\/04\/service-formation-11.jpg 962w\" sizes=\"auto, (max-width: 400px) 100vw, 400px\" \/><\/figure><\/div>\n\n<h2 class=\"wp-block-heading\">Nasza warto\u015b\u0107 dodana.<\/h2>\n\n<ul class=\"wp-block-list\"><li>Konsultanci eksperci w zawodach zwi\u0105zanych z opakowaniami i poligrafi\u0105.<\/li><li>Profesjonalni trenerzy.<\/li><li>Indywidualne szkolenia z wykorzystaniem Pa\u0144stwa danych, Pa\u0144stwa klient\u00f3w, Pa\u0144stwa zam\u00f3wie\u0144.<\/li><li>Szkolenie na miejscu, w Pa\u0144stwa \u015brodowisku pracy lub w naszej siedzibie (posiadamy 2 dedykowane sale).<\/li><li>Szkolenia, kt\u00f3re mog\u0105 by\u0107 prowadzone na odleg\u0142o\u015b\u0107 przez Internet.<\/li><li>Stale inwestujemy w nasz zesp\u00f3\u0142, aby zadowoli\u0107 naszych klient\u00f3w i zapewni\u0107 najwy\u017csz\u0105 jako\u015b\u0107 naszych szkole\u0144.<\/li><\/ul>\n\n<h2 class=\"wp-block-heading\"> Troch\u0119 informacji liczbowych.<\/h2>\n\n<p><\/p>\n\n<figure class=\"wp-block-table\"><table style=\"border-width: 0px;\"><tbody><tr><td class=\"has-text-align-center\" data-align=\"center\"><img decoding=\"async\" src=\"https:\/\/download.volume-software.com\/VolumeSoftware\/Volunews\/Infographie_Qualiopi\/30_exp%C3%A9rience.svg\" alt=\"\" style=\"width: 150px;\"\/><\/td><td class=\"has-text-align-center\" data-align=\"center\"><img decoding=\"async\" src=\"https:\/\/download.volume-software.com\/VolumeSoftware\/Volunews\/Infographie_Qualiopi\/11_formateurs\" alt=\"\" style=\"width: 150px;\"\/><\/td><td class=\"has-text-align-center\" data-align=\"center\"><img decoding=\"async\" src=\"https:\/\/download.volume-software.com\/VolumeSoftware\/Volunews\/Infographie_Qualiopi\/100_stagiaires.svg\" alt=\"\" style=\"width: 150px;\"\/><\/td><\/tr><tr><td class=\"has-text-align-center\" data-align=\"center\"><\/td><td class=\"has-text-align-center\" data-align=\"center\"><\/td><td class=\"has-text-align-center\" data-align=\"center\"><\/td><\/tr><tr><td class=\"has-text-align-center\" data-align=\"center\"><img decoding=\"async\" src=\"https:\/\/download.volume-software.com\/VolumeSoftware\/Volunews\/Infographie_Qualiopi\/90_satisfaction.svg\" alt=\"\" style=\"width: 175px;\"\/><\/td><td class=\"has-text-align-center\" data-align=\"center\"><\/td><td class=\"has-text-align-center\" data-align=\"center\"><img decoding=\"async\" src=\"https:\/\/download.volume-software.com\/VolumeSoftware\/Volunews\/Infographie_Qualiopi\/100_mise_application.svg\" alt=\"\" style=\"width: 175px;\"\/><\/td><\/tr><\/tbody><\/table><\/figure>\n\n<p class=\"has-text-align-center\">Volume Software est jest <strong>do\u015bwiadczon\u0105 firm\u0105 szkoleniow\u0105<\/strong>.<\/p>\n\n<figure class=\"wp-block-image size-full\"><a href=\"https:\/\/www.volume-software.com\/wp-content\/uploads\/2021\/12\/VSW_Qualiopi-1.png\" data-rel=\"lightbox-image-0\" data-rl_title=\"\" data-rl_caption=\"\" title=\"\"><img loading=\"lazy\" decoding=\"async\" width=\"600\" height=\"125\" src=\"https:\/\/www.volume-software.com\/wp-content\/uploads\/2021\/12\/VSW_Qualiopi_s-2.png\" alt=\"\" class=\"wp-image-2690\" srcset=\"https:\/\/www.volume-software.com\/wp-content\/uploads\/2021\/12\/VSW_Qualiopi_s-2.png 600w, https:\/\/www.volume-software.com\/wp-content\/uploads\/2021\/12\/VSW_Qualiopi_s-2-400x83.png 400w, https:\/\/www.volume-software.com\/wp-content\/uploads\/2021\/12\/VSW_Qualiopi_s-2-190x40.png 190w\" sizes=\"auto, (max-width: 600px) 100vw, 600px\" \/><\/a><\/figure>\n\n<figure class=\"wp-block-image size-thumbnail is-resized\"><a href=\"https:\/\/www.volume-software.com\/wp-content\/uploads\/2021\/10\/datadock.jpg\" data-rel=\"lightbox-image-1\" data-rl_title=\"\" data-rl_caption=\"\" title=\"\"><img decoding=\"async\" src=\"https:\/\/www.volume-software.com\/wp-content\/uploads\/2021\/10\/datadock-176x190.jpg\" alt=\"\" class=\"wp-image-2415\" width=\"100\" srcset=\"https:\/\/www.volume-software.com\/wp-content\/uploads\/2021\/10\/datadock-176x190.jpg 176w, https:\/\/www.volume-software.com\/wp-content\/uploads\/2021\/10\/datadock-371x400.jpg 371w, https:\/\/www.volume-software.com\/wp-content\/uploads\/2021\/10\/datadock-556x600.jpg 556w, https:\/\/www.volume-software.com\/wp-content\/uploads\/2021\/10\/datadock.jpg 716w\" sizes=\"(max-width: 176px) 100vw, 176px\" \/><\/a><\/figure>\n\n<p class=\"has-text-align-center\"><a class=\"mks_button mks_button_medium rounded\" href=\"https:\/\/www.volume-software.com\/wp-content\/uploads\/2021\/10\/Programme-de-Formation-ERP-et-ses-Modules-1.pdf\" target=\"_self\" style=\"color: #FFFFFF; background-color: #1e73be;\" >Og\u00f3lny zarys naszych szkole\u0144<\/a>\n","protected":false},"excerpt":{"rendered":"<p>Szkolenie: kluczowy czynnik sukcesu Twojego projektu ERP. We wszystkich fazach projektu ERP szkolenia s\u0105 niezb\u0119dne w procesie uczenia si\u0119 u\u017cytkownik\u00f3w. Nasze cele s\u0105 nast\u0119puj\u0105ce: Zapewnienie przekazywania umiej\u0119tno\u015bci u\u017cytkownikom systemu, aby umo\u017cliwi\u0107 im samodzielno\u015b\u0107 w czasie u\u017cytkowania systemu ERP. Wsparcie w ewentualnym wdro\u017ceniu nowych metod pracy. W przypadku uprawnionych u\u017cytkownik\u00f3w, umo\u017cliwiamy przej\u0119cie kontroli nad ustawieniami ERP. [&hellip;]<\/p>\n","protected":false},"author":1,"featured_media":2883,"parent":2895,"menu_order":0,"comment_status":"closed","ping_status":"closed","template":"","meta":{"footnotes":""},"class_list":["post-3262","page","type-page","status-publish","has-post-thumbnail","hentry"],"yoast_head":"<!-- This site is optimized with the Yoast SEO plugin v27.3 - https:\/\/yoast.com\/product\/yoast-seo-wordpress\/ -->\n<title>Szkolenie - Volume Software<\/title>\n<meta name=\"description\" content=\"Szkolenia: kluczowy czynnik realizacji z sukcesem Twojego projektu ERP. W poszczeg\u00f3lnych fazach projektu ERP szkolenia s\u0105 kluczowe w procesie uczenia si\u0119 u\u017cytkownik\u00f3w systemu.\" \/>\n<meta name=\"robots\" content=\"index, follow, max-snippet:-1, max-image-preview:large, max-video-preview:-1\" \/>\n<link rel=\"canonical\" href=\"https:\/\/www.volume-software.com\/pl\/nasze-wsparcie\/szkolenie\/\" \/>\n<meta property=\"og:locale\" content=\"pl_PL\" \/>\n<meta property=\"og:type\" content=\"article\" \/>\n<meta property=\"og:title\" content=\"Szkolenie - Volume Software\" \/>\n<meta property=\"og:description\" content=\"Szkolenia: kluczowy czynnik realizacji z sukcesem Twojego projektu ERP. W poszczeg\u00f3lnych fazach projektu ERP szkolenia s\u0105 kluczowe w procesie uczenia si\u0119 u\u017cytkownik\u00f3w systemu.\" \/>\n<meta property=\"og:url\" content=\"https:\/\/www.volume-software.com\/pl\/nasze-wsparcie\/szkolenie\/\" \/>\n<meta property=\"og:site_name\" content=\"Volume Software\" \/>\n<meta property=\"article:publisher\" content=\"https:\/\/www.facebook.com\/pages\/Volume-Software\/216816211713393\" \/>\n<meta property=\"article:modified_time\" content=\"2022-09-12T07:55:26+00:00\" \/>\n<meta property=\"og:image\" content=\"https:\/\/www.volume-software.com\/wp-content\/uploads\/2015\/02\/volume_software.png\" \/>\n\t<meta property=\"og:image:width\" content=\"900\" \/>\n\t<meta property=\"og:image:height\" content=\"264\" \/>\n\t<meta property=\"og:image:type\" content=\"image\/png\" \/>\n<meta name=\"twitter:card\" content=\"summary_large_image\" \/>\n<meta name=\"twitter:site\" content=\"@VolumeSoftware\" \/>\n<meta name=\"twitter:label1\" content=\"Szacowany czas czytania\" \/>\n\t<meta name=\"twitter:data1\" content=\"3 minuty\" \/>\n<script type=\"application\/ld+json\" class=\"yoast-schema-graph\">{\"@context\":\"https:\\\/\\\/schema.org\",\"@graph\":[{\"@type\":\"WebPage\",\"@id\":\"https:\\\/\\\/www.volume-software.com\\\/pl\\\/nasze-wsparcie\\\/szkolenie\\\/\",\"url\":\"https:\\\/\\\/www.volume-software.com\\\/pl\\\/nasze-wsparcie\\\/szkolenie\\\/\",\"name\":\"Szkolenie - Volume Software\",\"isPartOf\":{\"@id\":\"https:\\\/\\\/www.volume-software.com\\\/#website\"},\"primaryImageOfPage\":{\"@id\":\"https:\\\/\\\/www.volume-software.com\\\/pl\\\/nasze-wsparcie\\\/szkolenie\\\/#primaryimage\"},\"image\":{\"@id\":\"https:\\\/\\\/www.volume-software.com\\\/pl\\\/nasze-wsparcie\\\/szkolenie\\\/#primaryimage\"},\"thumbnailUrl\":\"https:\\\/\\\/www.volume-software.com\\\/wp-content\\\/uploads\\\/2015\\\/02\\\/volume_software.png\",\"datePublished\":\"2022-08-29T14:26:15+00:00\",\"dateModified\":\"2022-09-12T07:55:26+00:00\",\"description\":\"Szkolenia: kluczowy czynnik realizacji z sukcesem Twojego projektu ERP. W poszczeg\u00f3lnych fazach projektu ERP szkolenia s\u0105 kluczowe w procesie uczenia si\u0119 u\u017cytkownik\u00f3w systemu.\",\"breadcrumb\":{\"@id\":\"https:\\\/\\\/www.volume-software.com\\\/pl\\\/nasze-wsparcie\\\/szkolenie\\\/#breadcrumb\"},\"inLanguage\":\"pl-PL\",\"potentialAction\":[{\"@type\":\"ReadAction\",\"target\":[\"https:\\\/\\\/www.volume-software.com\\\/pl\\\/nasze-wsparcie\\\/szkolenie\\\/\"]}]},{\"@type\":\"ImageObject\",\"inLanguage\":\"pl-PL\",\"@id\":\"https:\\\/\\\/www.volume-software.com\\\/pl\\\/nasze-wsparcie\\\/szkolenie\\\/#primaryimage\",\"url\":\"https:\\\/\\\/www.volume-software.com\\\/wp-content\\\/uploads\\\/2015\\\/02\\\/volume_software.png\",\"contentUrl\":\"https:\\\/\\\/www.volume-software.com\\\/wp-content\\\/uploads\\\/2015\\\/02\\\/volume_software.png\",\"width\":900,\"height\":264},{\"@type\":\"BreadcrumbList\",\"@id\":\"https:\\\/\\\/www.volume-software.com\\\/pl\\\/nasze-wsparcie\\\/szkolenie\\\/#breadcrumb\",\"itemListElement\":[{\"@type\":\"ListItem\",\"position\":1,\"name\":\"Volume Software\",\"item\":\"https:\\\/\\\/www.volume-software.com\\\/pl\\\/\"},{\"@type\":\"ListItem\",\"position\":2,\"name\":\"Nasze wsparcie\",\"item\":\"https:\\\/\\\/www.volume-software.com\\\/pl\\\/nasze-wsparcie\\\/\"},{\"@type\":\"ListItem\",\"position\":3,\"name\":\"Szkolenie\"}]},{\"@type\":\"WebSite\",\"@id\":\"https:\\\/\\\/www.volume-software.com\\\/#website\",\"url\":\"https:\\\/\\\/www.volume-software.com\\\/\",\"name\":\"Volume Software\",\"description\":\"Producent systemu ERP dla bran\u017cy opakowaniowej i poligraficznej\",\"publisher\":{\"@id\":\"https:\\\/\\\/www.volume-software.com\\\/#organization\"},\"potentialAction\":[{\"@type\":\"SearchAction\",\"target\":{\"@type\":\"EntryPoint\",\"urlTemplate\":\"https:\\\/\\\/www.volume-software.com\\\/?s={search_term_string}\"},\"query-input\":{\"@type\":\"PropertyValueSpecification\",\"valueRequired\":true,\"valueName\":\"search_term_string\"}}],\"inLanguage\":\"pl-PL\"},{\"@type\":\"Organization\",\"@id\":\"https:\\\/\\\/www.volume-software.com\\\/#organization\",\"name\":\"Volume Software\",\"url\":\"https:\\\/\\\/www.volume-software.com\\\/\",\"logo\":{\"@type\":\"ImageObject\",\"inLanguage\":\"pl-PL\",\"@id\":\"https:\\\/\\\/www.volume-software.com\\\/#\\\/schema\\\/logo\\\/image\\\/\",\"url\":\"http:\\\/\\\/www.volume-software.com\\\/wp-content\\\/uploads\\\/2015\\\/02\\\/volume_software.png\",\"contentUrl\":\"http:\\\/\\\/www.volume-software.com\\\/wp-content\\\/uploads\\\/2015\\\/02\\\/volume_software.png\",\"width\":900,\"height\":264,\"caption\":\"Volume Software\"},\"image\":{\"@id\":\"https:\\\/\\\/www.volume-software.com\\\/#\\\/schema\\\/logo\\\/image\\\/\"},\"sameAs\":[\"https:\\\/\\\/www.facebook.com\\\/pages\\\/Volume-Software\\\/216816211713393\",\"https:\\\/\\\/x.com\\\/VolumeSoftware\",\"https:\\\/\\\/www.linkedin.com\\\/company\\\/volume-software\",\"https:\\\/\\\/www.youtube.com\\\/user\\\/VolumeSoftware\"]}]}<\/script>\n<!-- \/ Yoast SEO plugin. -->","yoast_head_json":{"title":"Szkolenie - Volume Software","description":"Szkolenia: kluczowy czynnik realizacji z sukcesem Twojego projektu ERP. W poszczeg\u00f3lnych fazach projektu ERP szkolenia s\u0105 kluczowe w procesie uczenia si\u0119 u\u017cytkownik\u00f3w systemu.","robots":{"index":"index","follow":"follow","max-snippet":"max-snippet:-1","max-image-preview":"max-image-preview:large","max-video-preview":"max-video-preview:-1"},"canonical":"https:\/\/www.volume-software.com\/pl\/nasze-wsparcie\/szkolenie\/","og_locale":"pl_PL","og_type":"article","og_title":"Szkolenie - Volume Software","og_description":"Szkolenia: kluczowy czynnik realizacji z sukcesem Twojego projektu ERP. W poszczeg\u00f3lnych fazach projektu ERP szkolenia s\u0105 kluczowe w procesie uczenia si\u0119 u\u017cytkownik\u00f3w systemu.","og_url":"https:\/\/www.volume-software.com\/pl\/nasze-wsparcie\/szkolenie\/","og_site_name":"Volume Software","article_publisher":"https:\/\/www.facebook.com\/pages\/Volume-Software\/216816211713393","article_modified_time":"2022-09-12T07:55:26+00:00","og_image":[{"width":900,"height":264,"url":"https:\/\/www.volume-software.com\/wp-content\/uploads\/2015\/02\/volume_software.png","type":"image\/png"}],"twitter_card":"summary_large_image","twitter_site":"@VolumeSoftware","twitter_misc":{"Szacowany czas czytania":"3 minuty"},"schema":{"@context":"https:\/\/schema.org","@graph":[{"@type":"WebPage","@id":"https:\/\/www.volume-software.com\/pl\/nasze-wsparcie\/szkolenie\/","url":"https:\/\/www.volume-software.com\/pl\/nasze-wsparcie\/szkolenie\/","name":"Szkolenie - Volume Software","isPartOf":{"@id":"https:\/\/www.volume-software.com\/#website"},"primaryImageOfPage":{"@id":"https:\/\/www.volume-software.com\/pl\/nasze-wsparcie\/szkolenie\/#primaryimage"},"image":{"@id":"https:\/\/www.volume-software.com\/pl\/nasze-wsparcie\/szkolenie\/#primaryimage"},"thumbnailUrl":"https:\/\/www.volume-software.com\/wp-content\/uploads\/2015\/02\/volume_software.png","datePublished":"2022-08-29T14:26:15+00:00","dateModified":"2022-09-12T07:55:26+00:00","description":"Szkolenia: kluczowy czynnik realizacji z sukcesem Twojego projektu ERP. W poszczeg\u00f3lnych fazach projektu ERP szkolenia s\u0105 kluczowe w procesie uczenia si\u0119 u\u017cytkownik\u00f3w systemu.","breadcrumb":{"@id":"https:\/\/www.volume-software.com\/pl\/nasze-wsparcie\/szkolenie\/#breadcrumb"},"inLanguage":"pl-PL","potentialAction":[{"@type":"ReadAction","target":["https:\/\/www.volume-software.com\/pl\/nasze-wsparcie\/szkolenie\/"]}]},{"@type":"ImageObject","inLanguage":"pl-PL","@id":"https:\/\/www.volume-software.com\/pl\/nasze-wsparcie\/szkolenie\/#primaryimage","url":"https:\/\/www.volume-software.com\/wp-content\/uploads\/2015\/02\/volume_software.png","contentUrl":"https:\/\/www.volume-software.com\/wp-content\/uploads\/2015\/02\/volume_software.png","width":900,"height":264},{"@type":"BreadcrumbList","@id":"https:\/\/www.volume-software.com\/pl\/nasze-wsparcie\/szkolenie\/#breadcrumb","itemListElement":[{"@type":"ListItem","position":1,"name":"Volume Software","item":"https:\/\/www.volume-software.com\/pl\/"},{"@type":"ListItem","position":2,"name":"Nasze wsparcie","item":"https:\/\/www.volume-software.com\/pl\/nasze-wsparcie\/"},{"@type":"ListItem","position":3,"name":"Szkolenie"}]},{"@type":"WebSite","@id":"https:\/\/www.volume-software.com\/#website","url":"https:\/\/www.volume-software.com\/","name":"Volume Software","description":"Producent systemu ERP dla bran\u017cy opakowaniowej i poligraficznej","publisher":{"@id":"https:\/\/www.volume-software.com\/#organization"},"potentialAction":[{"@type":"SearchAction","target":{"@type":"EntryPoint","urlTemplate":"https:\/\/www.volume-software.com\/?s={search_term_string}"},"query-input":{"@type":"PropertyValueSpecification","valueRequired":true,"valueName":"search_term_string"}}],"inLanguage":"pl-PL"},{"@type":"Organization","@id":"https:\/\/www.volume-software.com\/#organization","name":"Volume Software","url":"https:\/\/www.volume-software.com\/","logo":{"@type":"ImageObject","inLanguage":"pl-PL","@id":"https:\/\/www.volume-software.com\/#\/schema\/logo\/image\/","url":"http:\/\/www.volume-software.com\/wp-content\/uploads\/2015\/02\/volume_software.png","contentUrl":"http:\/\/www.volume-software.com\/wp-content\/uploads\/2015\/02\/volume_software.png","width":900,"height":264,"caption":"Volume Software"},"image":{"@id":"https:\/\/www.volume-software.com\/#\/schema\/logo\/image\/"},"sameAs":["https:\/\/www.facebook.com\/pages\/Volume-Software\/216816211713393","https:\/\/x.com\/VolumeSoftware","https:\/\/www.linkedin.com\/company\/volume-software","https:\/\/www.youtube.com\/user\/VolumeSoftware"]}]}},"_links":{"self":[{"href":"https:\/\/www.volume-software.com\/pl\/wp-json\/wp\/v2\/pages\/3262","targetHints":{"allow":["GET"]}}],"collection":[{"href":"https:\/\/www.volume-software.com\/pl\/wp-json\/wp\/v2\/pages"}],"about":[{"href":"https:\/\/www.volume-software.com\/pl\/wp-json\/wp\/v2\/types\/page"}],"author":[{"embeddable":true,"href":"https:\/\/www.volume-software.com\/pl\/wp-json\/wp\/v2\/users\/1"}],"replies":[{"embeddable":true,"href":"https:\/\/www.volume-software.com\/pl\/wp-json\/wp\/v2\/comments?post=3262"}],"version-history":[{"count":15,"href":"https:\/\/www.volume-software.com\/pl\/wp-json\/wp\/v2\/pages\/3262\/revisions"}],"predecessor-version":[{"id":3421,"href":"https:\/\/www.volume-software.com\/pl\/wp-json\/wp\/v2\/pages\/3262\/revisions\/3421"}],"up":[{"embeddable":true,"href":"https:\/\/www.volume-software.com\/pl\/wp-json\/wp\/v2\/pages\/2895"}],"wp:featuredmedia":[{"embeddable":true,"href":"https:\/\/www.volume-software.com\/pl\/wp-json\/wp\/v2\/media\/2883"}],"wp:attachment":[{"href":"https:\/\/www.volume-software.com\/pl\/wp-json\/wp\/v2\/media?parent=3262"}],"curies":[{"name":"wp","href":"https:\/\/api.w.org\/{rel}","templated":true}]}}