{"id":3256,"date":"2022-08-29T14:24:53","date_gmt":"2022-08-29T14:24:53","guid":{"rendered":"https:\/\/www.volume-software.com\/?page_id=3256"},"modified":"2022-09-12T07:51:35","modified_gmt":"2022-09-12T07:51:35","slug":"wsparcie","status":"publish","type":"page","link":"https:\/\/www.volume-software.com\/pl\/nasze-wsparcie\/wsparcie\/","title":{"rendered":"Wsparcie"},"content":{"rendered":"<h2><b class=\"b5\">Satysfakcja klient <\/b><b class=\"b4\">jest <\/b><b class=\"b5\">naszym <\/b><b class=\"b4\">najwa\u017cniejszym <\/b><b class=\"b5\">celem<\/b>.<\/h2>\n<p style=\"text-align: justify;\">Nasz zesp\u00f3\u0142 wsparcia jest gotowy odpowiedzie\u0107 na Twoje pytania i zaproponowa\u0107 najlepsze rozwi\u0105zanie. Rozwi\u0105\u017cemy wszystkie problemy zwi\u0105zane z wykorzystaniem oprogramowania. Nasz zesp\u00f3\u0142 wsparcia technicznego dobrze zna problemy i wymagania przemys\u0142u opakowaniowego i poligraficznego. Naszym has\u0142em przewodnim jest odpowiedzialno\u015b\u0107.<\/p>\n<p style=\"text-align: justify;\">Firma Volume Software proponuje us\u0142ug\u0119 helpdesk:<\/p>\n<ul>\n<li>Oprogramowanie: pomagamy w obs\u0142udze naszych system\u00f3w ERP.<\/li>\n<li>Technicznie: pomagamy rozwi\u0105za\u0107 problemy techniczne lub systemowe.<\/li>\n<\/ul>\n<p style=\"text-align: justify;\">Korzystamy z oprogramowania <strong>AnyDesk<\/strong>, kt\u00f3re zapewnia nam szybki zdalny dost\u0119p do Twoich serwer\u00f3w i komputer\u00f3w (starcji roboczych).<\/p>\n<p><img loading=\"lazy\" decoding=\"async\" class=\"aligncenter wp-image-318 size-medium\" src=\"https:\/\/www.volume-software.com\/wp-content\/uploads\/2015\/04\/service-support-1-400x231.jpg\" alt=\"service-support-1\" width=\"400\" height=\"231\" srcset=\"https:\/\/www.volume-software.com\/wp-content\/uploads\/2015\/04\/service-support-1-400x231.jpg 400w, https:\/\/www.volume-software.com\/wp-content\/uploads\/2015\/04\/service-support-1-190x110.jpg 190w, https:\/\/www.volume-software.com\/wp-content\/uploads\/2015\/04\/service-support-1-600x347.jpg 600w, https:\/\/www.volume-software.com\/wp-content\/uploads\/2015\/04\/service-support-1-810x468.jpg 810w, https:\/\/www.volume-software.com\/wp-content\/uploads\/2015\/04\/service-support-1-1140x659.jpg 1140w, https:\/\/www.volume-software.com\/wp-content\/uploads\/2015\/04\/service-support-1.jpg 1565w\" sizes=\"auto, (max-width: 400px) 100vw, 400px\" \/><\/p>\n<h2>Mo\u017cliwo\u015b\u0107 \u015bledzenia zdarze\u0144 oraz \u015bledzenie wniosk\u00f3w rozwojowych.<\/h2>\n<p style=\"text-align: justify;\">Dla naszych klient\u00f3w dost\u0119pna jest specjalnie opracowana przez nas <strong>sie\u0107 ekstranet<\/strong>. Dzi\u0119ki niej mog\u0105 zg\u0142asza\u0107 problemy i pro\u015bby o dodatkowe szkolenia. Nasz <em>workflow<\/em>, ekstranet zapewnia pe\u0142ne wsparcie dla wszystkich naszych aplikacji. W ten spos\u00f3b kierownik projektu odpowiedzialny za dany projekt klienta mo\u017ce w czasie rzeczywistym monitorowa\u0107 napotkane trudno\u015bci i wdro\u017cenie rozwi\u0105za\u0144 problem\u00f3w.<\/p>\n<p>&nbsp;<\/p>\n","protected":false},"excerpt":{"rendered":"<p>Satysfakcja klient jest naszym najwa\u017cniejszym celem. Nasz zesp\u00f3\u0142 wsparcia jest gotowy odpowiedzie\u0107 na Twoje pytania i zaproponowa\u0107 najlepsze rozwi\u0105zanie. Rozwi\u0105\u017cemy wszystkie problemy zwi\u0105zane z wykorzystaniem oprogramowania. Nasz zesp\u00f3\u0142 wsparcia technicznego dobrze zna problemy i wymagania przemys\u0142u opakowaniowego i poligraficznego. Naszym has\u0142em przewodnim jest odpowiedzialno\u015b\u0107. Firma Volume Software proponuje us\u0142ug\u0119 helpdesk: Oprogramowanie: pomagamy w obs\u0142udze naszych [&hellip;]<\/p>\n","protected":false},"author":1,"featured_media":2883,"parent":2895,"menu_order":0,"comment_status":"closed","ping_status":"closed","template":"","meta":{"footnotes":""},"class_list":["post-3256","page","type-page","status-publish","has-post-thumbnail","hentry"],"yoast_head":"<!-- This site is optimized with the Yoast SEO plugin v27.4 - https:\/\/yoast.com\/product\/yoast-seo-wordpress\/ -->\n<title>Wsparcie - Volume Software<\/title>\n<meta name=\"description\" content=\"Satysfakcja klient jest naszym najwa\u017cniejszym celem. Nasz zesp\u00f3\u0142 wsparcia jest gotowy odpowiedzie\u0107 na Twoje pytania i zaproponowa\u0107 najlepsze rozwi\u0105zanie.\" \/>\n<meta name=\"robots\" content=\"index, follow, max-snippet:-1, max-image-preview:large, max-video-preview:-1\" \/>\n<link rel=\"canonical\" href=\"https:\/\/www.volume-software.com\/pl\/nasze-wsparcie\/wsparcie\/\" \/>\n<meta property=\"og:locale\" content=\"pl_PL\" \/>\n<meta property=\"og:type\" content=\"article\" \/>\n<meta property=\"og:title\" content=\"Wsparcie - Volume Software\" \/>\n<meta property=\"og:description\" content=\"Satysfakcja klient jest naszym najwa\u017cniejszym celem. Nasz zesp\u00f3\u0142 wsparcia jest gotowy odpowiedzie\u0107 na Twoje pytania i zaproponowa\u0107 najlepsze rozwi\u0105zanie.\" \/>\n<meta property=\"og:url\" content=\"https:\/\/www.volume-software.com\/pl\/nasze-wsparcie\/wsparcie\/\" \/>\n<meta property=\"og:site_name\" content=\"Volume Software\" \/>\n<meta property=\"article:publisher\" content=\"https:\/\/www.facebook.com\/pages\/Volume-Software\/216816211713393\" \/>\n<meta property=\"article:modified_time\" content=\"2022-09-12T07:51:35+00:00\" \/>\n<meta property=\"og:image\" content=\"https:\/\/www.volume-software.com\/wp-content\/uploads\/2015\/02\/volume_software.png\" \/>\n\t<meta property=\"og:image:width\" content=\"900\" \/>\n\t<meta property=\"og:image:height\" content=\"264\" \/>\n\t<meta property=\"og:image:type\" content=\"image\/png\" \/>\n<meta name=\"twitter:card\" content=\"summary_large_image\" \/>\n<meta name=\"twitter:site\" content=\"@VolumeSoftware\" \/>\n<meta name=\"twitter:label1\" content=\"Szacowany czas czytania\" \/>\n\t<meta name=\"twitter:data1\" content=\"1 minuta\" \/>\n<script type=\"application\/ld+json\" class=\"yoast-schema-graph\">{\"@context\":\"https:\\\/\\\/schema.org\",\"@graph\":[{\"@type\":\"WebPage\",\"@id\":\"https:\\\/\\\/www.volume-software.com\\\/pl\\\/nasze-wsparcie\\\/wsparcie\\\/\",\"url\":\"https:\\\/\\\/www.volume-software.com\\\/pl\\\/nasze-wsparcie\\\/wsparcie\\\/\",\"name\":\"Wsparcie - Volume Software\",\"isPartOf\":{\"@id\":\"https:\\\/\\\/www.volume-software.com\\\/#website\"},\"primaryImageOfPage\":{\"@id\":\"https:\\\/\\\/www.volume-software.com\\\/pl\\\/nasze-wsparcie\\\/wsparcie\\\/#primaryimage\"},\"image\":{\"@id\":\"https:\\\/\\\/www.volume-software.com\\\/pl\\\/nasze-wsparcie\\\/wsparcie\\\/#primaryimage\"},\"thumbnailUrl\":\"https:\\\/\\\/www.volume-software.com\\\/wp-content\\\/uploads\\\/2015\\\/02\\\/volume_software.png\",\"datePublished\":\"2022-08-29T14:24:53+00:00\",\"dateModified\":\"2022-09-12T07:51:35+00:00\",\"description\":\"Satysfakcja klient jest naszym najwa\u017cniejszym celem. Nasz zesp\u00f3\u0142 wsparcia jest gotowy odpowiedzie\u0107 na Twoje pytania i zaproponowa\u0107 najlepsze rozwi\u0105zanie.\",\"breadcrumb\":{\"@id\":\"https:\\\/\\\/www.volume-software.com\\\/pl\\\/nasze-wsparcie\\\/wsparcie\\\/#breadcrumb\"},\"inLanguage\":\"pl-PL\",\"potentialAction\":[{\"@type\":\"ReadAction\",\"target\":[\"https:\\\/\\\/www.volume-software.com\\\/pl\\\/nasze-wsparcie\\\/wsparcie\\\/\"]}]},{\"@type\":\"ImageObject\",\"inLanguage\":\"pl-PL\",\"@id\":\"https:\\\/\\\/www.volume-software.com\\\/pl\\\/nasze-wsparcie\\\/wsparcie\\\/#primaryimage\",\"url\":\"https:\\\/\\\/www.volume-software.com\\\/wp-content\\\/uploads\\\/2015\\\/02\\\/volume_software.png\",\"contentUrl\":\"https:\\\/\\\/www.volume-software.com\\\/wp-content\\\/uploads\\\/2015\\\/02\\\/volume_software.png\",\"width\":900,\"height\":264},{\"@type\":\"BreadcrumbList\",\"@id\":\"https:\\\/\\\/www.volume-software.com\\\/pl\\\/nasze-wsparcie\\\/wsparcie\\\/#breadcrumb\",\"itemListElement\":[{\"@type\":\"ListItem\",\"position\":1,\"name\":\"Volume Software\",\"item\":\"https:\\\/\\\/www.volume-software.com\\\/pl\\\/\"},{\"@type\":\"ListItem\",\"position\":2,\"name\":\"Nasze wsparcie\",\"item\":\"https:\\\/\\\/www.volume-software.com\\\/pl\\\/nasze-wsparcie\\\/\"},{\"@type\":\"ListItem\",\"position\":3,\"name\":\"Wsparcie\"}]},{\"@type\":\"WebSite\",\"@id\":\"https:\\\/\\\/www.volume-software.com\\\/#website\",\"url\":\"https:\\\/\\\/www.volume-software.com\\\/\",\"name\":\"Volume Software\",\"description\":\"Producent systemu ERP dla bran\u017cy opakowaniowej i poligraficznej\",\"publisher\":{\"@id\":\"https:\\\/\\\/www.volume-software.com\\\/#organization\"},\"potentialAction\":[{\"@type\":\"SearchAction\",\"target\":{\"@type\":\"EntryPoint\",\"urlTemplate\":\"https:\\\/\\\/www.volume-software.com\\\/?s={search_term_string}\"},\"query-input\":{\"@type\":\"PropertyValueSpecification\",\"valueRequired\":true,\"valueName\":\"search_term_string\"}}],\"inLanguage\":\"pl-PL\"},{\"@type\":\"Organization\",\"@id\":\"https:\\\/\\\/www.volume-software.com\\\/#organization\",\"name\":\"Volume Software\",\"url\":\"https:\\\/\\\/www.volume-software.com\\\/\",\"logo\":{\"@type\":\"ImageObject\",\"inLanguage\":\"pl-PL\",\"@id\":\"https:\\\/\\\/www.volume-software.com\\\/#\\\/schema\\\/logo\\\/image\\\/\",\"url\":\"http:\\\/\\\/www.volume-software.com\\\/wp-content\\\/uploads\\\/2015\\\/02\\\/volume_software.png\",\"contentUrl\":\"http:\\\/\\\/www.volume-software.com\\\/wp-content\\\/uploads\\\/2015\\\/02\\\/volume_software.png\",\"width\":900,\"height\":264,\"caption\":\"Volume Software\"},\"image\":{\"@id\":\"https:\\\/\\\/www.volume-software.com\\\/#\\\/schema\\\/logo\\\/image\\\/\"},\"sameAs\":[\"https:\\\/\\\/www.facebook.com\\\/pages\\\/Volume-Software\\\/216816211713393\",\"https:\\\/\\\/x.com\\\/VolumeSoftware\",\"https:\\\/\\\/www.linkedin.com\\\/company\\\/volume-software\",\"https:\\\/\\\/www.youtube.com\\\/user\\\/VolumeSoftware\"]}]}<\/script>\n<!-- \/ Yoast SEO plugin. -->","yoast_head_json":{"title":"Wsparcie - Volume Software","description":"Satysfakcja klient jest naszym najwa\u017cniejszym celem. Nasz zesp\u00f3\u0142 wsparcia jest gotowy odpowiedzie\u0107 na Twoje pytania i zaproponowa\u0107 najlepsze rozwi\u0105zanie.","robots":{"index":"index","follow":"follow","max-snippet":"max-snippet:-1","max-image-preview":"max-image-preview:large","max-video-preview":"max-video-preview:-1"},"canonical":"https:\/\/www.volume-software.com\/pl\/nasze-wsparcie\/wsparcie\/","og_locale":"pl_PL","og_type":"article","og_title":"Wsparcie - Volume Software","og_description":"Satysfakcja klient jest naszym najwa\u017cniejszym celem. Nasz zesp\u00f3\u0142 wsparcia jest gotowy odpowiedzie\u0107 na Twoje pytania i zaproponowa\u0107 najlepsze rozwi\u0105zanie.","og_url":"https:\/\/www.volume-software.com\/pl\/nasze-wsparcie\/wsparcie\/","og_site_name":"Volume Software","article_publisher":"https:\/\/www.facebook.com\/pages\/Volume-Software\/216816211713393","article_modified_time":"2022-09-12T07:51:35+00:00","og_image":[{"width":900,"height":264,"url":"https:\/\/www.volume-software.com\/wp-content\/uploads\/2015\/02\/volume_software.png","type":"image\/png"}],"twitter_card":"summary_large_image","twitter_site":"@VolumeSoftware","twitter_misc":{"Szacowany czas czytania":"1 minuta"},"schema":{"@context":"https:\/\/schema.org","@graph":[{"@type":"WebPage","@id":"https:\/\/www.volume-software.com\/pl\/nasze-wsparcie\/wsparcie\/","url":"https:\/\/www.volume-software.com\/pl\/nasze-wsparcie\/wsparcie\/","name":"Wsparcie - Volume Software","isPartOf":{"@id":"https:\/\/www.volume-software.com\/#website"},"primaryImageOfPage":{"@id":"https:\/\/www.volume-software.com\/pl\/nasze-wsparcie\/wsparcie\/#primaryimage"},"image":{"@id":"https:\/\/www.volume-software.com\/pl\/nasze-wsparcie\/wsparcie\/#primaryimage"},"thumbnailUrl":"https:\/\/www.volume-software.com\/wp-content\/uploads\/2015\/02\/volume_software.png","datePublished":"2022-08-29T14:24:53+00:00","dateModified":"2022-09-12T07:51:35+00:00","description":"Satysfakcja klient jest naszym najwa\u017cniejszym celem. Nasz zesp\u00f3\u0142 wsparcia jest gotowy odpowiedzie\u0107 na Twoje pytania i zaproponowa\u0107 najlepsze rozwi\u0105zanie.","breadcrumb":{"@id":"https:\/\/www.volume-software.com\/pl\/nasze-wsparcie\/wsparcie\/#breadcrumb"},"inLanguage":"pl-PL","potentialAction":[{"@type":"ReadAction","target":["https:\/\/www.volume-software.com\/pl\/nasze-wsparcie\/wsparcie\/"]}]},{"@type":"ImageObject","inLanguage":"pl-PL","@id":"https:\/\/www.volume-software.com\/pl\/nasze-wsparcie\/wsparcie\/#primaryimage","url":"https:\/\/www.volume-software.com\/wp-content\/uploads\/2015\/02\/volume_software.png","contentUrl":"https:\/\/www.volume-software.com\/wp-content\/uploads\/2015\/02\/volume_software.png","width":900,"height":264},{"@type":"BreadcrumbList","@id":"https:\/\/www.volume-software.com\/pl\/nasze-wsparcie\/wsparcie\/#breadcrumb","itemListElement":[{"@type":"ListItem","position":1,"name":"Volume Software","item":"https:\/\/www.volume-software.com\/pl\/"},{"@type":"ListItem","position":2,"name":"Nasze wsparcie","item":"https:\/\/www.volume-software.com\/pl\/nasze-wsparcie\/"},{"@type":"ListItem","position":3,"name":"Wsparcie"}]},{"@type":"WebSite","@id":"https:\/\/www.volume-software.com\/#website","url":"https:\/\/www.volume-software.com\/","name":"Volume Software","description":"Producent systemu ERP dla bran\u017cy opakowaniowej i poligraficznej","publisher":{"@id":"https:\/\/www.volume-software.com\/#organization"},"potentialAction":[{"@type":"SearchAction","target":{"@type":"EntryPoint","urlTemplate":"https:\/\/www.volume-software.com\/?s={search_term_string}"},"query-input":{"@type":"PropertyValueSpecification","valueRequired":true,"valueName":"search_term_string"}}],"inLanguage":"pl-PL"},{"@type":"Organization","@id":"https:\/\/www.volume-software.com\/#organization","name":"Volume Software","url":"https:\/\/www.volume-software.com\/","logo":{"@type":"ImageObject","inLanguage":"pl-PL","@id":"https:\/\/www.volume-software.com\/#\/schema\/logo\/image\/","url":"http:\/\/www.volume-software.com\/wp-content\/uploads\/2015\/02\/volume_software.png","contentUrl":"http:\/\/www.volume-software.com\/wp-content\/uploads\/2015\/02\/volume_software.png","width":900,"height":264,"caption":"Volume Software"},"image":{"@id":"https:\/\/www.volume-software.com\/#\/schema\/logo\/image\/"},"sameAs":["https:\/\/www.facebook.com\/pages\/Volume-Software\/216816211713393","https:\/\/x.com\/VolumeSoftware","https:\/\/www.linkedin.com\/company\/volume-software","https:\/\/www.youtube.com\/user\/VolumeSoftware"]}]}},"_links":{"self":[{"href":"https:\/\/www.volume-software.com\/pl\/wp-json\/wp\/v2\/pages\/3256","targetHints":{"allow":["GET"]}}],"collection":[{"href":"https:\/\/www.volume-software.com\/pl\/wp-json\/wp\/v2\/pages"}],"about":[{"href":"https:\/\/www.volume-software.com\/pl\/wp-json\/wp\/v2\/types\/page"}],"author":[{"embeddable":true,"href":"https:\/\/www.volume-software.com\/pl\/wp-json\/wp\/v2\/users\/1"}],"replies":[{"embeddable":true,"href":"https:\/\/www.volume-software.com\/pl\/wp-json\/wp\/v2\/comments?post=3256"}],"version-history":[{"count":2,"href":"https:\/\/www.volume-software.com\/pl\/wp-json\/wp\/v2\/pages\/3256\/revisions"}],"predecessor-version":[{"id":3418,"href":"https:\/\/www.volume-software.com\/pl\/wp-json\/wp\/v2\/pages\/3256\/revisions\/3418"}],"up":[{"embeddable":true,"href":"https:\/\/www.volume-software.com\/pl\/wp-json\/wp\/v2\/pages\/2895"}],"wp:featuredmedia":[{"embeddable":true,"href":"https:\/\/www.volume-software.com\/pl\/wp-json\/wp\/v2\/media\/2883"}],"wp:attachment":[{"href":"https:\/\/www.volume-software.com\/pl\/wp-json\/wp\/v2\/media?parent=3256"}],"curies":[{"name":"wp","href":"https:\/\/api.w.org\/{rel}","templated":true}]}}