{"id":3247,"date":"2022-08-29T14:16:29","date_gmt":"2022-08-29T14:16:29","guid":{"rendered":"https:\/\/www.volume-software.com\/?page_id=3247"},"modified":"2022-09-19T14:12:01","modified_gmt":"2022-09-19T14:12:01","slug":"producent-etykiet","status":"publish","type":"page","link":"https:\/\/www.volume-software.com\/pl\/panstwa-branza\/producent-etykiet\/","title":{"rendered":"Producent etykiet"},"content":{"rendered":"<p style=\"text-align: justify;\">Istnieje wiele rodzaj\u00f3w etykiet:<\/p>\n<ul>\n<li style=\"text-align: justify;\"><strong>Etykieta samoprzylepna<\/strong>: <strong>permanentna<\/strong> lub <strong>usuwalna samoprzylepna<\/strong>, wykonana z materia\u0142u syntetycznego lub papieru (vellum, card), zapewniaj\u0105ca skuteczne przyklejenie na dowolnym pod\u0142o\u017cu, szorstkim (drewno, beton, metal) lub kruchym, g\u0142adkim (szk\u0142o).<\/li>\n<li style=\"text-align: justify;\"><strong>Etykieta nieprzylepna<\/strong>: etykieta do <strong>bezpo\u015bredniego kontaktu z \u017cywno\u015bci\u0105<\/strong>, etykieta zgodna z <strong>normami EC<\/strong>, etykieta <strong>odporna na rozdarcie<\/strong>, etykieta <strong>zapinana<\/strong>.<\/li>\n<li style=\"text-align: justify;\"><strong>Etykieta plastikowa<\/strong>: Etykieta <strong>polietylenowa<\/strong> (odporna na warunki atmosferyczne, promieniowanie UV, t\u0142uszcz, detergenty), etykieta <strong>poliestrowa<\/strong> (do trwa\u0142ego znakowania, odporna na ekstremalnie wysokie temperatury), etykieta <strong>PCV<\/strong> (plastikowa przywieszka), etykieta <strong>polipropylenowa<\/strong> (odporna na trudne warunki otoczenia, takie jak chemikalia, plamy i otarcia).<\/li>\n<li style=\"text-align: justify;\">Etykieta <strong>RFID<\/strong>: etykieta z tagiem NFC, etykieta uwierzytelniaj\u0105ca lub zabezpieczaj\u0105ca.<\/li>\n<li style=\"text-align: justify;\">Etykieta <strong>laserowa<\/strong>: do drukarek laserowych lub atramentowych, samoprzylepna lub nie, pusta lub wst\u0119pnie zadrukowana.<\/li>\n<li style=\"text-align: justify;\"><strong>Etykieta termotransferowa<\/strong>: zastosowanie ta\u015bmy termotransferowej pozwala na uzyskanie <strong>trwa\u0142ej etykiety<\/strong>, odpornej na ekstremalne warunki.<\/li>\n<li style=\"text-align: justify;\"><strong>Etykieta ekologiczna<\/strong>: etykieta biodegradowalna. dopuszczona do bezpo\u015bredniego kontaktu z \u017cywno\u015bci\u0105. Wp\u0142yw ekologicznie odpowiedzialnej etykiety na \u015brodowisko jest kontrolowany. Poza tym jest to doskona\u0142e wsparcie komunikacyjne.<\/li>\n<li style=\"text-align: justify;\">i wiele innych!<\/li>\n<\/ul>\n<h2 style=\"text-align: justify;\">Procesy produkcyjne<\/h2>\n<p style=\"text-align: justify;\">Wiele proces\u00f3w jest wsp\u00f3lnych z procesami zachodz\u0105cymi w prasie drukarskiej. Na podstawie pliku klienta (najcz\u0119\u015bciej w formacie PDF) dzia\u0142 prepress projektuje siatk\u0119 i <strong>schemat impozycji<\/strong> arkuszy etykiet do wykonania. Po akceptacji klienta i uzyskaniu <strong>gotowo\u015bci do druku<\/strong>, produkcja zostaje uruchomiona.<\/p>\n<p style=\"text-align: justify;\">Oczywi\u015bcie procesy produkcji i druku s\u0105 r\u00f3\u017cne w zale\u017cno\u015bci od etykiet. W przypadku niekt\u00f3rych etykiet mog\u0105 by\u0107 wymagane szczeg\u00f3lne operacje. Na przyk\u0142ad: <strong>z\u0142ocenie<\/strong>, <strong>t\u0142oczenie<\/strong>, <strong>specjalna powlekanie<\/strong>, <strong>numeracja<\/strong>, <strong>kodowanie<\/strong> itp.<\/p>\n<p style=\"text-align: justify;\"><img loading=\"lazy\" decoding=\"async\" class=\"aligncenter wp-image-426 size-medium\" src=\"https:\/\/www.volume-software.com\/wp-content\/uploads\/2015\/04\/label-1-400x224.jpg\" alt=\"etykieta 1\" width=\"400\" height=\"224\" srcset=\"https:\/\/www.volume-software.com\/wp-content\/uploads\/2015\/04\/label-1-400x224.jpg 400w, https:\/\/www.volume-software.com\/wp-content\/uploads\/2015\/04\/label-1-190x106.jpg 190w, https:\/\/www.volume-software.com\/wp-content\/uploads\/2015\/04\/label-1-600x336.jpg 600w, https:\/\/www.volume-software.com\/wp-content\/uploads\/2015\/04\/label-1.jpg 636w\" sizes=\"auto, (max-width: 400px) 100vw, 400px\" \/><\/p>\n<h2>Magazynowanie i logistyka<\/h2>\n<p style=\"text-align: justify;\">Dobre <strong>zarz\u0105dzanie magazynem<\/strong> papieru rolowego i arkuszowego (papier powierzony i zarz\u0105dzany przez klienta) wed\u0142ug <strong>partii<\/strong> i <strong>lokalizacji<\/strong> jest niezb\u0119dnym elementem zarz\u0105dzania w dzia\u0142alno\u015bci producenta etykiet. Kluczowym czynnikiem jest r\u00f3wnie\u017c logistyka, pozwalaj\u0105ca na lepsze zarz\u0105dzenie dostawami.<\/p>\n<h2 style=\"text-align: justify;\">Odpowied\u017a firmy Volume Software na potrzeby producent\u00f3w etykiet: VoluLabel ERP.<\/h2>\n<p>System informatyczny VoluLabel jest specjalnie dedykowany dla producent\u00f3w etykiet.<\/p>\n<p style=\"text-align: center;\"><a class=\"mks_button mks_button_large rounded\" href=\"https:\/\/www.volume-software.com\/pl\/nasze-rozwiazania\/volulabel-system-erp\/\" target=\"_self\" style=\"color: #FFFFFF; background-color: #0092DF;\" >Nasze rozwi\u0105zanie dla producent\u00f3w etykiet: VoluLabel ERP<\/a>\n<p style=\"text-align: justify;\">\n","protected":false},"excerpt":{"rendered":"<p>Istnieje wiele rodzaj\u00f3w etykiet: Etykieta samoprzylepna: permanentna lub usuwalna samoprzylepna, wykonana z materia\u0142u syntetycznego lub papieru (vellum, card), zapewniaj\u0105ca skuteczne przyklejenie na dowolnym pod\u0142o\u017cu, szorstkim (drewno, beton, metal) lub kruchym, g\u0142adkim (szk\u0142o). Etykieta nieprzylepna: etykieta do bezpo\u015bredniego kontaktu z \u017cywno\u015bci\u0105, etykieta zgodna z normami EC, etykieta odporna na rozdarcie, etykieta zapinana. Etykieta plastikowa: Etykieta polietylenowa [&hellip;]<\/p>\n","protected":false},"author":1,"featured_media":2883,"parent":2892,"menu_order":0,"comment_status":"closed","ping_status":"closed","template":"","meta":{"footnotes":""},"class_list":["post-3247","page","type-page","status-publish","has-post-thumbnail","hentry"],"yoast_head":"<!-- This site is optimized with the Yoast SEO plugin v27.4 - https:\/\/yoast.com\/product\/yoast-seo-wordpress\/ -->\n<title>Producent etykiet - Volume Software<\/title>\n<meta name=\"description\" content=\"Dzia\u0142alno\u015b\u0107 producent\u00f3w etykiet jest zr\u00f3\u017cnicowana. Istnieje wiele rodzaj\u00f3w etykiet: samoprzylepne, nieprzylepne, plastikowe, RFID, laserowe, termiczne itp.\" \/>\n<meta name=\"robots\" content=\"index, follow, max-snippet:-1, max-image-preview:large, max-video-preview:-1\" \/>\n<link rel=\"canonical\" href=\"https:\/\/www.volume-software.com\/pl\/panstwa-branza\/producent-etykiet\/\" \/>\n<meta property=\"og:locale\" content=\"pl_PL\" \/>\n<meta property=\"og:type\" content=\"article\" \/>\n<meta property=\"og:title\" content=\"Producent etykiet - Volume Software\" \/>\n<meta property=\"og:description\" content=\"Dzia\u0142alno\u015b\u0107 producent\u00f3w etykiet jest zr\u00f3\u017cnicowana. Istnieje wiele rodzaj\u00f3w etykiet: samoprzylepne, nieprzylepne, plastikowe, RFID, laserowe, termiczne itp.\" \/>\n<meta property=\"og:url\" content=\"https:\/\/www.volume-software.com\/pl\/panstwa-branza\/producent-etykiet\/\" \/>\n<meta property=\"og:site_name\" content=\"Volume Software\" \/>\n<meta property=\"article:publisher\" content=\"https:\/\/www.facebook.com\/pages\/Volume-Software\/216816211713393\" \/>\n<meta property=\"article:modified_time\" content=\"2022-09-19T14:12:01+00:00\" \/>\n<meta property=\"og:image\" content=\"https:\/\/www.volume-software.com\/wp-content\/uploads\/2015\/02\/volume_software.png\" \/>\n\t<meta property=\"og:image:width\" content=\"900\" \/>\n\t<meta property=\"og:image:height\" content=\"264\" \/>\n\t<meta property=\"og:image:type\" content=\"image\/png\" \/>\n<meta name=\"twitter:card\" content=\"summary_large_image\" \/>\n<meta name=\"twitter:site\" content=\"@VolumeSoftware\" \/>\n<meta name=\"twitter:label1\" content=\"Szacowany czas czytania\" \/>\n\t<meta name=\"twitter:data1\" content=\"2 minuty\" \/>\n<script type=\"application\/ld+json\" class=\"yoast-schema-graph\">{\"@context\":\"https:\\\/\\\/schema.org\",\"@graph\":[{\"@type\":\"WebPage\",\"@id\":\"https:\\\/\\\/www.volume-software.com\\\/pl\\\/panstwa-branza\\\/producent-etykiet\\\/\",\"url\":\"https:\\\/\\\/www.volume-software.com\\\/pl\\\/panstwa-branza\\\/producent-etykiet\\\/\",\"name\":\"Producent etykiet - Volume Software\",\"isPartOf\":{\"@id\":\"https:\\\/\\\/www.volume-software.com\\\/#website\"},\"primaryImageOfPage\":{\"@id\":\"https:\\\/\\\/www.volume-software.com\\\/pl\\\/panstwa-branza\\\/producent-etykiet\\\/#primaryimage\"},\"image\":{\"@id\":\"https:\\\/\\\/www.volume-software.com\\\/pl\\\/panstwa-branza\\\/producent-etykiet\\\/#primaryimage\"},\"thumbnailUrl\":\"https:\\\/\\\/www.volume-software.com\\\/wp-content\\\/uploads\\\/2015\\\/02\\\/volume_software.png\",\"datePublished\":\"2022-08-29T14:16:29+00:00\",\"dateModified\":\"2022-09-19T14:12:01+00:00\",\"description\":\"Dzia\u0142alno\u015b\u0107 producent\u00f3w etykiet jest zr\u00f3\u017cnicowana. Istnieje wiele rodzaj\u00f3w etykiet: samoprzylepne, nieprzylepne, plastikowe, RFID, laserowe, termiczne itp.\",\"breadcrumb\":{\"@id\":\"https:\\\/\\\/www.volume-software.com\\\/pl\\\/panstwa-branza\\\/producent-etykiet\\\/#breadcrumb\"},\"inLanguage\":\"pl-PL\",\"potentialAction\":[{\"@type\":\"ReadAction\",\"target\":[\"https:\\\/\\\/www.volume-software.com\\\/pl\\\/panstwa-branza\\\/producent-etykiet\\\/\"]}]},{\"@type\":\"ImageObject\",\"inLanguage\":\"pl-PL\",\"@id\":\"https:\\\/\\\/www.volume-software.com\\\/pl\\\/panstwa-branza\\\/producent-etykiet\\\/#primaryimage\",\"url\":\"https:\\\/\\\/www.volume-software.com\\\/wp-content\\\/uploads\\\/2015\\\/02\\\/volume_software.png\",\"contentUrl\":\"https:\\\/\\\/www.volume-software.com\\\/wp-content\\\/uploads\\\/2015\\\/02\\\/volume_software.png\",\"width\":900,\"height\":264},{\"@type\":\"BreadcrumbList\",\"@id\":\"https:\\\/\\\/www.volume-software.com\\\/pl\\\/panstwa-branza\\\/producent-etykiet\\\/#breadcrumb\",\"itemListElement\":[{\"@type\":\"ListItem\",\"position\":1,\"name\":\"Volume Software\",\"item\":\"https:\\\/\\\/www.volume-software.com\\\/pl\\\/\"},{\"@type\":\"ListItem\",\"position\":2,\"name\":\"Pa\u0144stwa bran\u017ca\",\"item\":\"https:\\\/\\\/www.volume-software.com\\\/pl\\\/panstwa-branza\\\/\"},{\"@type\":\"ListItem\",\"position\":3,\"name\":\"Producent etykiet\"}]},{\"@type\":\"WebSite\",\"@id\":\"https:\\\/\\\/www.volume-software.com\\\/#website\",\"url\":\"https:\\\/\\\/www.volume-software.com\\\/\",\"name\":\"Volume Software\",\"description\":\"Producent systemu ERP dla bran\u017cy opakowaniowej i poligraficznej\",\"publisher\":{\"@id\":\"https:\\\/\\\/www.volume-software.com\\\/#organization\"},\"potentialAction\":[{\"@type\":\"SearchAction\",\"target\":{\"@type\":\"EntryPoint\",\"urlTemplate\":\"https:\\\/\\\/www.volume-software.com\\\/?s={search_term_string}\"},\"query-input\":{\"@type\":\"PropertyValueSpecification\",\"valueRequired\":true,\"valueName\":\"search_term_string\"}}],\"inLanguage\":\"pl-PL\"},{\"@type\":\"Organization\",\"@id\":\"https:\\\/\\\/www.volume-software.com\\\/#organization\",\"name\":\"Volume Software\",\"url\":\"https:\\\/\\\/www.volume-software.com\\\/\",\"logo\":{\"@type\":\"ImageObject\",\"inLanguage\":\"pl-PL\",\"@id\":\"https:\\\/\\\/www.volume-software.com\\\/#\\\/schema\\\/logo\\\/image\\\/\",\"url\":\"http:\\\/\\\/www.volume-software.com\\\/wp-content\\\/uploads\\\/2015\\\/02\\\/volume_software.png\",\"contentUrl\":\"http:\\\/\\\/www.volume-software.com\\\/wp-content\\\/uploads\\\/2015\\\/02\\\/volume_software.png\",\"width\":900,\"height\":264,\"caption\":\"Volume Software\"},\"image\":{\"@id\":\"https:\\\/\\\/www.volume-software.com\\\/#\\\/schema\\\/logo\\\/image\\\/\"},\"sameAs\":[\"https:\\\/\\\/www.facebook.com\\\/pages\\\/Volume-Software\\\/216816211713393\",\"https:\\\/\\\/x.com\\\/VolumeSoftware\",\"https:\\\/\\\/www.linkedin.com\\\/company\\\/volume-software\",\"https:\\\/\\\/www.youtube.com\\\/user\\\/VolumeSoftware\"]}]}<\/script>\n<!-- \/ Yoast SEO plugin. -->","yoast_head_json":{"title":"Producent etykiet - Volume Software","description":"Dzia\u0142alno\u015b\u0107 producent\u00f3w etykiet jest zr\u00f3\u017cnicowana. Istnieje wiele rodzaj\u00f3w etykiet: samoprzylepne, nieprzylepne, plastikowe, RFID, laserowe, termiczne itp.","robots":{"index":"index","follow":"follow","max-snippet":"max-snippet:-1","max-image-preview":"max-image-preview:large","max-video-preview":"max-video-preview:-1"},"canonical":"https:\/\/www.volume-software.com\/pl\/panstwa-branza\/producent-etykiet\/","og_locale":"pl_PL","og_type":"article","og_title":"Producent etykiet - Volume Software","og_description":"Dzia\u0142alno\u015b\u0107 producent\u00f3w etykiet jest zr\u00f3\u017cnicowana. Istnieje wiele rodzaj\u00f3w etykiet: samoprzylepne, nieprzylepne, plastikowe, RFID, laserowe, termiczne itp.","og_url":"https:\/\/www.volume-software.com\/pl\/panstwa-branza\/producent-etykiet\/","og_site_name":"Volume Software","article_publisher":"https:\/\/www.facebook.com\/pages\/Volume-Software\/216816211713393","article_modified_time":"2022-09-19T14:12:01+00:00","og_image":[{"width":900,"height":264,"url":"https:\/\/www.volume-software.com\/wp-content\/uploads\/2015\/02\/volume_software.png","type":"image\/png"}],"twitter_card":"summary_large_image","twitter_site":"@VolumeSoftware","twitter_misc":{"Szacowany czas czytania":"2 minuty"},"schema":{"@context":"https:\/\/schema.org","@graph":[{"@type":"WebPage","@id":"https:\/\/www.volume-software.com\/pl\/panstwa-branza\/producent-etykiet\/","url":"https:\/\/www.volume-software.com\/pl\/panstwa-branza\/producent-etykiet\/","name":"Producent etykiet - Volume Software","isPartOf":{"@id":"https:\/\/www.volume-software.com\/#website"},"primaryImageOfPage":{"@id":"https:\/\/www.volume-software.com\/pl\/panstwa-branza\/producent-etykiet\/#primaryimage"},"image":{"@id":"https:\/\/www.volume-software.com\/pl\/panstwa-branza\/producent-etykiet\/#primaryimage"},"thumbnailUrl":"https:\/\/www.volume-software.com\/wp-content\/uploads\/2015\/02\/volume_software.png","datePublished":"2022-08-29T14:16:29+00:00","dateModified":"2022-09-19T14:12:01+00:00","description":"Dzia\u0142alno\u015b\u0107 producent\u00f3w etykiet jest zr\u00f3\u017cnicowana. Istnieje wiele rodzaj\u00f3w etykiet: samoprzylepne, nieprzylepne, plastikowe, RFID, laserowe, termiczne itp.","breadcrumb":{"@id":"https:\/\/www.volume-software.com\/pl\/panstwa-branza\/producent-etykiet\/#breadcrumb"},"inLanguage":"pl-PL","potentialAction":[{"@type":"ReadAction","target":["https:\/\/www.volume-software.com\/pl\/panstwa-branza\/producent-etykiet\/"]}]},{"@type":"ImageObject","inLanguage":"pl-PL","@id":"https:\/\/www.volume-software.com\/pl\/panstwa-branza\/producent-etykiet\/#primaryimage","url":"https:\/\/www.volume-software.com\/wp-content\/uploads\/2015\/02\/volume_software.png","contentUrl":"https:\/\/www.volume-software.com\/wp-content\/uploads\/2015\/02\/volume_software.png","width":900,"height":264},{"@type":"BreadcrumbList","@id":"https:\/\/www.volume-software.com\/pl\/panstwa-branza\/producent-etykiet\/#breadcrumb","itemListElement":[{"@type":"ListItem","position":1,"name":"Volume Software","item":"https:\/\/www.volume-software.com\/pl\/"},{"@type":"ListItem","position":2,"name":"Pa\u0144stwa bran\u017ca","item":"https:\/\/www.volume-software.com\/pl\/panstwa-branza\/"},{"@type":"ListItem","position":3,"name":"Producent etykiet"}]},{"@type":"WebSite","@id":"https:\/\/www.volume-software.com\/#website","url":"https:\/\/www.volume-software.com\/","name":"Volume Software","description":"Producent systemu ERP dla bran\u017cy opakowaniowej i poligraficznej","publisher":{"@id":"https:\/\/www.volume-software.com\/#organization"},"potentialAction":[{"@type":"SearchAction","target":{"@type":"EntryPoint","urlTemplate":"https:\/\/www.volume-software.com\/?s={search_term_string}"},"query-input":{"@type":"PropertyValueSpecification","valueRequired":true,"valueName":"search_term_string"}}],"inLanguage":"pl-PL"},{"@type":"Organization","@id":"https:\/\/www.volume-software.com\/#organization","name":"Volume Software","url":"https:\/\/www.volume-software.com\/","logo":{"@type":"ImageObject","inLanguage":"pl-PL","@id":"https:\/\/www.volume-software.com\/#\/schema\/logo\/image\/","url":"http:\/\/www.volume-software.com\/wp-content\/uploads\/2015\/02\/volume_software.png","contentUrl":"http:\/\/www.volume-software.com\/wp-content\/uploads\/2015\/02\/volume_software.png","width":900,"height":264,"caption":"Volume Software"},"image":{"@id":"https:\/\/www.volume-software.com\/#\/schema\/logo\/image\/"},"sameAs":["https:\/\/www.facebook.com\/pages\/Volume-Software\/216816211713393","https:\/\/x.com\/VolumeSoftware","https:\/\/www.linkedin.com\/company\/volume-software","https:\/\/www.youtube.com\/user\/VolumeSoftware"]}]}},"_links":{"self":[{"href":"https:\/\/www.volume-software.com\/pl\/wp-json\/wp\/v2\/pages\/3247","targetHints":{"allow":["GET"]}}],"collection":[{"href":"https:\/\/www.volume-software.com\/pl\/wp-json\/wp\/v2\/pages"}],"about":[{"href":"https:\/\/www.volume-software.com\/pl\/wp-json\/wp\/v2\/types\/page"}],"author":[{"embeddable":true,"href":"https:\/\/www.volume-software.com\/pl\/wp-json\/wp\/v2\/users\/1"}],"replies":[{"embeddable":true,"href":"https:\/\/www.volume-software.com\/pl\/wp-json\/wp\/v2\/comments?post=3247"}],"version-history":[{"count":4,"href":"https:\/\/www.volume-software.com\/pl\/wp-json\/wp\/v2\/pages\/3247\/revisions"}],"predecessor-version":[{"id":3447,"href":"https:\/\/www.volume-software.com\/pl\/wp-json\/wp\/v2\/pages\/3247\/revisions\/3447"}],"up":[{"embeddable":true,"href":"https:\/\/www.volume-software.com\/pl\/wp-json\/wp\/v2\/pages\/2892"}],"wp:featuredmedia":[{"embeddable":true,"href":"https:\/\/www.volume-software.com\/pl\/wp-json\/wp\/v2\/media\/2883"}],"wp:attachment":[{"href":"https:\/\/www.volume-software.com\/pl\/wp-json\/wp\/v2\/media?parent=3247"}],"curies":[{"name":"wp","href":"https:\/\/api.w.org\/{rel}","templated":true}]}}