{"id":3245,"date":"2022-08-29T14:13:06","date_gmt":"2022-08-29T14:13:06","guid":{"rendered":"https:\/\/www.volume-software.com\/?page_id=3245"},"modified":"2022-09-19T14:11:15","modified_gmt":"2022-09-19T14:11:15","slug":"przemysl-poligraficzny","status":"publish","type":"page","link":"https:\/\/www.volume-software.com\/pl\/panstwa-branza\/przemysl-poligraficzny\/","title":{"rendered":"Przemys\u0142 poligraficzny"},"content":{"rendered":"<p style=\"text-align: justify;\">W przemy\u015ble drukarskim istniej\u0105 dwa g\u0142\u00f3wne sektory: <strong>druk arkuszowy<\/strong> i <strong>druk rotacyjny<\/strong>. Celem zak\u0142adu poligraficznego o <strong>charakterze komercyjnym<\/strong>, najcz\u0119\u015bciej drukarni arkuszowej, jest produkcja i sprzeda\u017c ksi\u0105\u017cek, kalendarzy, ulotek i innych materia\u0142\u00f3w drukowanych. Cz\u0119sto w oprawach prostych lub z\u0142o\u017conych. Celem <strong>drukarni rotacyjnej<\/strong> jest produkcja i sprzeda\u017c gazet, czasopism, katalog\u00f3w wysy\u0142kowych, ulotek.<\/p>\n<h2 style=\"text-align: justify;\">Prepress<\/h2>\n<p style=\"text-align: justify;\">Na podstawie plik\u00f3w klienta (najcz\u0119\u015bciej w formacie PDF) dzia\u0142 prepress drukarni projektuje <strong>schemat impozycji<\/strong> wykonywanej publikacji. Po rozmowie z klientem lub wykorzystaniu <strong>web-to-print<\/strong> ewentualnie druku wzorca z certyfikowanego plotera i uzyskaniu <strong>akceptacji klienta<\/strong>, uruchamiana jest produkcja p\u0142yt (CTP) lub druk bezpo\u015bredni z plik\u00f3w.<\/p>\n<p style=\"text-align: justify;\"><img loading=\"lazy\" decoding=\"async\" class=\"aligncenter wp-image-412 size-medium\" src=\"https:\/\/www.volume-software.com\/wp-content\/uploads\/2015\/04\/imprimerie-400x265.jpg\" alt=\"Dukowanie- Wzorzec kolorystyczny\" width=\"400\" height=\"265\" srcset=\"https:\/\/www.volume-software.com\/wp-content\/uploads\/2015\/04\/imprimerie-400x265.jpg 400w, https:\/\/www.volume-software.com\/wp-content\/uploads\/2015\/04\/imprimerie-190x126.jpg 190w, https:\/\/www.volume-software.com\/wp-content\/uploads\/2015\/04\/imprimerie-600x397.jpg 600w, https:\/\/www.volume-software.com\/wp-content\/uploads\/2015\/04\/imprimerie.jpg 639w\" sizes=\"auto, (max-width: 400px) 100vw, 400px\" \/><\/p>\n<h2 style=\"text-align: justify;\">Druk<\/h2>\n<p style=\"text-align: justify;\">W centrum zainteresowania <strong>poligrafii<\/strong> znajduje si\u0119 <strong>produkcja<\/strong>: ksi\u0105\u017cek, czasopism, gazet, ulotek i innego rodzaju publikacji. Publikacja zazwyczaj sk\u0142ada si\u0119 z ok\u0142adki (r\u00f3wnie\u017c w\u0142asnej) i szeregu innych element\u00f3w. Sk\u0142adki mog\u0105 mie\u0107 4, 8, 16, 32, 64, a czasem nawet 128 stron. Istnieje du\u017ca r\u00f3\u017cnorodno\u015b\u0107 proces\u00f3w druku: wkl\u0119s\u0142odruk, druk p\u0142aski, wypuk\u0142y a w nich 1+0, 1+1, duotony, <strong>CMYK<\/strong>, <strong>Pantone<\/strong>, z uszlachetnieniami lub bez.. Istniej\u0105 r\u00f3\u017cne metody zabezpieczenia lub udszlachetnienia druk\u00f3w. Mi\u0119dzy innymi lakiery: lakier dyspersyjny, lakier UV, folie, itp.<\/p>\n<p style=\"text-align: justify;\">Po <strong>wydrukowaniu<\/strong> nak\u0142adu kilka etap\u00f3w prowadzi do ostatecznego zako\u0144czenia prac nad publikacj\u0105: <strong>introligatornia<\/strong> (zbieranie sk\u0142adek, formowanie bloku, przycinanie, szycie lub klejenie) oraz <strong>uszlachetnianie<\/strong> (prace r\u0119czne, inserty, monta\u017c dodatk\u00f3w).<\/p>\n<p style=\"text-align: justify;\"><img loading=\"lazy\" decoding=\"async\" class=\"aligncenter size-medium wp-image-414\" src=\"https:\/\/www.volume-software.com\/wp-content\/uploads\/2015\/04\/imprimerie-2-400x300.jpg\" alt=\"Druk 2\" width=\"400\" height=\"300\" srcset=\"https:\/\/www.volume-software.com\/wp-content\/uploads\/2015\/04\/imprimerie-2-400x300.jpg 400w, https:\/\/www.volume-software.com\/wp-content\/uploads\/2015\/04\/imprimerie-2-190x143.jpg 190w, https:\/\/www.volume-software.com\/wp-content\/uploads\/2015\/04\/imprimerie-2-600x450.jpg 600w, https:\/\/www.volume-software.com\/wp-content\/uploads\/2015\/04\/imprimerie-2.jpg 636w\" sizes=\"auto, (max-width: 400px) 100vw, 400px\" \/><\/p>\n<h2 style=\"text-align: justify;\">Druk rotacyjny<\/h2>\n<p style=\"text-align: justify;\"><strong>Druk rotacyjny<\/strong> stosowany jest najcz\u0119\u015bciej do du\u017cych nak\u0142ad\u00f3w, kt\u00f3re wymagaj\u0105 szybkiej produkcji. Do tego celu wykorzystywany jest wkl\u0119s\u0142odruk (rotograwiura), cold-set, heat-set oraz druk hybrydowy. Jest wi\u0119c cz\u0119sto stosowana do drukowania gazet, katalog\u00f3w wysy\u0142kowych czy wysokonak\u0142adowych ulotek. W przeciwie\u0144stwie do druku arkuszowego, druk rotacyjny wykorzystuje papier w rolach.<\/p>\n<p style=\"text-align: justify;\">Istnieje kilka rodzaj\u00f3w produkt\u00f3w w maszynach rotacyjnych.<\/p>\n<ul>\n<li style=\"text-align: justify;\">Arkusze<\/li>\n<li style=\"text-align: justify;\">Produkcja &#8220;Ca\u0142ej publikacji&#8221; w linii: na przyk\u0142ad na wyj\u015bciu maszyny gazeta b\u0119dzie poci\u0119ta, z\u0142o\u017cona, zebrana, gotowa do czytania.<\/li>\n<\/ul>\n<h2>Magazynowanie i logistyka<\/h2>\n<p style=\"text-align: justify;\">Dobre zarz\u0105dzanie <strong>zapasami papieru<\/strong> w <strong>rolach<\/strong> i w <strong>arkuszach<\/strong> (papier magazynowy zarz\u0105dzany i r\u00f3\u017cnicowany przez klienta) w podziale na <strong>partie<\/strong> i <strong>lokalizacje<\/strong> jest istotnym elementem zarz\u0105dzania w drukarni. Kluczowym czynnikiem jest r\u00f3wnie\u017c logistyka, pozwalaj\u0105ca na lepsz\u0105 organizacj\u0119 dostaw.<\/p>\n<h2 style=\"text-align: justify;\">Odpowied\u017a firmy Volume Software na potrzeby bran\u017cy poligraficznej to VoluPrim ERP.<\/h2>\n<p>System informacyjny VoluPrim jest skierowany specjalnie do Drukarzy.<\/p>\n<p style=\"text-align: center;\"><a class=\"mks_button mks_button_large rounded\" href=\"https:\/\/www.volume-software.com\/pl\/nasze-rozwiazania\/voluprim-erp\/\" target=\"_self\" style=\"color: #FFFFFF; background-color: #0092DF;\" >Nasze rozwi\u0105zanie dla bran\u017cy poligraficznej: VoluPrim ERP<\/a>\n<p style=\"text-align: justify;\">\n","protected":false},"excerpt":{"rendered":"<p>W przemy\u015ble drukarskim istniej\u0105 dwa g\u0142\u00f3wne sektory: druk arkuszowy i druk rotacyjny. Celem zak\u0142adu poligraficznego o charakterze komercyjnym, najcz\u0119\u015bciej drukarni arkuszowej, jest produkcja i sprzeda\u017c ksi\u0105\u017cek, kalendarzy, ulotek i innych materia\u0142\u00f3w drukowanych. Cz\u0119sto w oprawach prostych lub z\u0142o\u017conych. Celem drukarni rotacyjnej jest produkcja i sprzeda\u017c gazet, czasopism, katalog\u00f3w wysy\u0142kowych, ulotek. Prepress Na podstawie plik\u00f3w klienta [&hellip;]<\/p>\n","protected":false},"author":1,"featured_media":2883,"parent":2892,"menu_order":0,"comment_status":"closed","ping_status":"closed","template":"","meta":{"footnotes":""},"class_list":["post-3245","page","type-page","status-publish","has-post-thumbnail","hentry"],"yoast_head":"<!-- This site is optimized with the Yoast SEO plugin v27.4 - https:\/\/yoast.com\/product\/yoast-seo-wordpress\/ -->\n<title>Przemys\u0142 poligraficzny - Volume Software<\/title>\n<meta name=\"description\" content=\"W przemy\u015ble drukarskim istniej\u0105 dwa g\u0142\u00f3wne sektory: druk arkuszowy i druk rotacyjny (inaczej rolowy).\" \/>\n<meta name=\"robots\" content=\"index, follow, max-snippet:-1, max-image-preview:large, max-video-preview:-1\" \/>\n<link rel=\"canonical\" href=\"https:\/\/www.volume-software.com\/pl\/panstwa-branza\/przemysl-poligraficzny\/\" \/>\n<meta property=\"og:locale\" content=\"pl_PL\" \/>\n<meta property=\"og:type\" content=\"article\" \/>\n<meta property=\"og:title\" content=\"Przemys\u0142 poligraficzny - Volume Software\" \/>\n<meta property=\"og:description\" content=\"W przemy\u015ble drukarskim istniej\u0105 dwa g\u0142\u00f3wne sektory: druk arkuszowy i druk rotacyjny (inaczej rolowy).\" \/>\n<meta property=\"og:url\" content=\"https:\/\/www.volume-software.com\/pl\/panstwa-branza\/przemysl-poligraficzny\/\" \/>\n<meta property=\"og:site_name\" content=\"Volume Software\" \/>\n<meta property=\"article:publisher\" content=\"https:\/\/www.facebook.com\/pages\/Volume-Software\/216816211713393\" \/>\n<meta property=\"article:modified_time\" content=\"2022-09-19T14:11:15+00:00\" \/>\n<meta property=\"og:image\" content=\"https:\/\/www.volume-software.com\/wp-content\/uploads\/2015\/02\/volume_software.png\" \/>\n\t<meta property=\"og:image:width\" content=\"900\" \/>\n\t<meta property=\"og:image:height\" content=\"264\" \/>\n\t<meta property=\"og:image:type\" content=\"image\/png\" \/>\n<meta name=\"twitter:card\" content=\"summary_large_image\" \/>\n<meta name=\"twitter:site\" content=\"@VolumeSoftware\" \/>\n<meta name=\"twitter:label1\" content=\"Szacowany czas czytania\" \/>\n\t<meta name=\"twitter:data1\" content=\"3 minuty\" \/>\n<script type=\"application\/ld+json\" class=\"yoast-schema-graph\">{\"@context\":\"https:\\\/\\\/schema.org\",\"@graph\":[{\"@type\":\"WebPage\",\"@id\":\"https:\\\/\\\/www.volume-software.com\\\/pl\\\/panstwa-branza\\\/przemysl-poligraficzny\\\/\",\"url\":\"https:\\\/\\\/www.volume-software.com\\\/pl\\\/panstwa-branza\\\/przemysl-poligraficzny\\\/\",\"name\":\"Przemys\u0142 poligraficzny - Volume Software\",\"isPartOf\":{\"@id\":\"https:\\\/\\\/www.volume-software.com\\\/#website\"},\"primaryImageOfPage\":{\"@id\":\"https:\\\/\\\/www.volume-software.com\\\/pl\\\/panstwa-branza\\\/przemysl-poligraficzny\\\/#primaryimage\"},\"image\":{\"@id\":\"https:\\\/\\\/www.volume-software.com\\\/pl\\\/panstwa-branza\\\/przemysl-poligraficzny\\\/#primaryimage\"},\"thumbnailUrl\":\"https:\\\/\\\/www.volume-software.com\\\/wp-content\\\/uploads\\\/2015\\\/02\\\/volume_software.png\",\"datePublished\":\"2022-08-29T14:13:06+00:00\",\"dateModified\":\"2022-09-19T14:11:15+00:00\",\"description\":\"W przemy\u015ble drukarskim istniej\u0105 dwa g\u0142\u00f3wne sektory: druk arkuszowy i druk rotacyjny (inaczej rolowy).\",\"breadcrumb\":{\"@id\":\"https:\\\/\\\/www.volume-software.com\\\/pl\\\/panstwa-branza\\\/przemysl-poligraficzny\\\/#breadcrumb\"},\"inLanguage\":\"pl-PL\",\"potentialAction\":[{\"@type\":\"ReadAction\",\"target\":[\"https:\\\/\\\/www.volume-software.com\\\/pl\\\/panstwa-branza\\\/przemysl-poligraficzny\\\/\"]}]},{\"@type\":\"ImageObject\",\"inLanguage\":\"pl-PL\",\"@id\":\"https:\\\/\\\/www.volume-software.com\\\/pl\\\/panstwa-branza\\\/przemysl-poligraficzny\\\/#primaryimage\",\"url\":\"https:\\\/\\\/www.volume-software.com\\\/wp-content\\\/uploads\\\/2015\\\/02\\\/volume_software.png\",\"contentUrl\":\"https:\\\/\\\/www.volume-software.com\\\/wp-content\\\/uploads\\\/2015\\\/02\\\/volume_software.png\",\"width\":900,\"height\":264},{\"@type\":\"BreadcrumbList\",\"@id\":\"https:\\\/\\\/www.volume-software.com\\\/pl\\\/panstwa-branza\\\/przemysl-poligraficzny\\\/#breadcrumb\",\"itemListElement\":[{\"@type\":\"ListItem\",\"position\":1,\"name\":\"Volume Software\",\"item\":\"https:\\\/\\\/www.volume-software.com\\\/pl\\\/\"},{\"@type\":\"ListItem\",\"position\":2,\"name\":\"Pa\u0144stwa bran\u017ca\",\"item\":\"https:\\\/\\\/www.volume-software.com\\\/pl\\\/panstwa-branza\\\/\"},{\"@type\":\"ListItem\",\"position\":3,\"name\":\"Przemys\u0142 poligraficzny\"}]},{\"@type\":\"WebSite\",\"@id\":\"https:\\\/\\\/www.volume-software.com\\\/#website\",\"url\":\"https:\\\/\\\/www.volume-software.com\\\/\",\"name\":\"Volume Software\",\"description\":\"Producent systemu ERP dla bran\u017cy opakowaniowej i poligraficznej\",\"publisher\":{\"@id\":\"https:\\\/\\\/www.volume-software.com\\\/#organization\"},\"potentialAction\":[{\"@type\":\"SearchAction\",\"target\":{\"@type\":\"EntryPoint\",\"urlTemplate\":\"https:\\\/\\\/www.volume-software.com\\\/?s={search_term_string}\"},\"query-input\":{\"@type\":\"PropertyValueSpecification\",\"valueRequired\":true,\"valueName\":\"search_term_string\"}}],\"inLanguage\":\"pl-PL\"},{\"@type\":\"Organization\",\"@id\":\"https:\\\/\\\/www.volume-software.com\\\/#organization\",\"name\":\"Volume Software\",\"url\":\"https:\\\/\\\/www.volume-software.com\\\/\",\"logo\":{\"@type\":\"ImageObject\",\"inLanguage\":\"pl-PL\",\"@id\":\"https:\\\/\\\/www.volume-software.com\\\/#\\\/schema\\\/logo\\\/image\\\/\",\"url\":\"http:\\\/\\\/www.volume-software.com\\\/wp-content\\\/uploads\\\/2015\\\/02\\\/volume_software.png\",\"contentUrl\":\"http:\\\/\\\/www.volume-software.com\\\/wp-content\\\/uploads\\\/2015\\\/02\\\/volume_software.png\",\"width\":900,\"height\":264,\"caption\":\"Volume Software\"},\"image\":{\"@id\":\"https:\\\/\\\/www.volume-software.com\\\/#\\\/schema\\\/logo\\\/image\\\/\"},\"sameAs\":[\"https:\\\/\\\/www.facebook.com\\\/pages\\\/Volume-Software\\\/216816211713393\",\"https:\\\/\\\/x.com\\\/VolumeSoftware\",\"https:\\\/\\\/www.linkedin.com\\\/company\\\/volume-software\",\"https:\\\/\\\/www.youtube.com\\\/user\\\/VolumeSoftware\"]}]}<\/script>\n<!-- \/ Yoast SEO plugin. -->","yoast_head_json":{"title":"Przemys\u0142 poligraficzny - Volume Software","description":"W przemy\u015ble drukarskim istniej\u0105 dwa g\u0142\u00f3wne sektory: druk arkuszowy i druk rotacyjny (inaczej rolowy).","robots":{"index":"index","follow":"follow","max-snippet":"max-snippet:-1","max-image-preview":"max-image-preview:large","max-video-preview":"max-video-preview:-1"},"canonical":"https:\/\/www.volume-software.com\/pl\/panstwa-branza\/przemysl-poligraficzny\/","og_locale":"pl_PL","og_type":"article","og_title":"Przemys\u0142 poligraficzny - Volume Software","og_description":"W przemy\u015ble drukarskim istniej\u0105 dwa g\u0142\u00f3wne sektory: druk arkuszowy i druk rotacyjny (inaczej rolowy).","og_url":"https:\/\/www.volume-software.com\/pl\/panstwa-branza\/przemysl-poligraficzny\/","og_site_name":"Volume Software","article_publisher":"https:\/\/www.facebook.com\/pages\/Volume-Software\/216816211713393","article_modified_time":"2022-09-19T14:11:15+00:00","og_image":[{"width":900,"height":264,"url":"https:\/\/www.volume-software.com\/wp-content\/uploads\/2015\/02\/volume_software.png","type":"image\/png"}],"twitter_card":"summary_large_image","twitter_site":"@VolumeSoftware","twitter_misc":{"Szacowany czas czytania":"3 minuty"},"schema":{"@context":"https:\/\/schema.org","@graph":[{"@type":"WebPage","@id":"https:\/\/www.volume-software.com\/pl\/panstwa-branza\/przemysl-poligraficzny\/","url":"https:\/\/www.volume-software.com\/pl\/panstwa-branza\/przemysl-poligraficzny\/","name":"Przemys\u0142 poligraficzny - Volume Software","isPartOf":{"@id":"https:\/\/www.volume-software.com\/#website"},"primaryImageOfPage":{"@id":"https:\/\/www.volume-software.com\/pl\/panstwa-branza\/przemysl-poligraficzny\/#primaryimage"},"image":{"@id":"https:\/\/www.volume-software.com\/pl\/panstwa-branza\/przemysl-poligraficzny\/#primaryimage"},"thumbnailUrl":"https:\/\/www.volume-software.com\/wp-content\/uploads\/2015\/02\/volume_software.png","datePublished":"2022-08-29T14:13:06+00:00","dateModified":"2022-09-19T14:11:15+00:00","description":"W przemy\u015ble drukarskim istniej\u0105 dwa g\u0142\u00f3wne sektory: druk arkuszowy i druk rotacyjny (inaczej rolowy).","breadcrumb":{"@id":"https:\/\/www.volume-software.com\/pl\/panstwa-branza\/przemysl-poligraficzny\/#breadcrumb"},"inLanguage":"pl-PL","potentialAction":[{"@type":"ReadAction","target":["https:\/\/www.volume-software.com\/pl\/panstwa-branza\/przemysl-poligraficzny\/"]}]},{"@type":"ImageObject","inLanguage":"pl-PL","@id":"https:\/\/www.volume-software.com\/pl\/panstwa-branza\/przemysl-poligraficzny\/#primaryimage","url":"https:\/\/www.volume-software.com\/wp-content\/uploads\/2015\/02\/volume_software.png","contentUrl":"https:\/\/www.volume-software.com\/wp-content\/uploads\/2015\/02\/volume_software.png","width":900,"height":264},{"@type":"BreadcrumbList","@id":"https:\/\/www.volume-software.com\/pl\/panstwa-branza\/przemysl-poligraficzny\/#breadcrumb","itemListElement":[{"@type":"ListItem","position":1,"name":"Volume Software","item":"https:\/\/www.volume-software.com\/pl\/"},{"@type":"ListItem","position":2,"name":"Pa\u0144stwa bran\u017ca","item":"https:\/\/www.volume-software.com\/pl\/panstwa-branza\/"},{"@type":"ListItem","position":3,"name":"Przemys\u0142 poligraficzny"}]},{"@type":"WebSite","@id":"https:\/\/www.volume-software.com\/#website","url":"https:\/\/www.volume-software.com\/","name":"Volume Software","description":"Producent systemu ERP dla bran\u017cy opakowaniowej i poligraficznej","publisher":{"@id":"https:\/\/www.volume-software.com\/#organization"},"potentialAction":[{"@type":"SearchAction","target":{"@type":"EntryPoint","urlTemplate":"https:\/\/www.volume-software.com\/?s={search_term_string}"},"query-input":{"@type":"PropertyValueSpecification","valueRequired":true,"valueName":"search_term_string"}}],"inLanguage":"pl-PL"},{"@type":"Organization","@id":"https:\/\/www.volume-software.com\/#organization","name":"Volume Software","url":"https:\/\/www.volume-software.com\/","logo":{"@type":"ImageObject","inLanguage":"pl-PL","@id":"https:\/\/www.volume-software.com\/#\/schema\/logo\/image\/","url":"http:\/\/www.volume-software.com\/wp-content\/uploads\/2015\/02\/volume_software.png","contentUrl":"http:\/\/www.volume-software.com\/wp-content\/uploads\/2015\/02\/volume_software.png","width":900,"height":264,"caption":"Volume Software"},"image":{"@id":"https:\/\/www.volume-software.com\/#\/schema\/logo\/image\/"},"sameAs":["https:\/\/www.facebook.com\/pages\/Volume-Software\/216816211713393","https:\/\/x.com\/VolumeSoftware","https:\/\/www.linkedin.com\/company\/volume-software","https:\/\/www.youtube.com\/user\/VolumeSoftware"]}]}},"_links":{"self":[{"href":"https:\/\/www.volume-software.com\/pl\/wp-json\/wp\/v2\/pages\/3245","targetHints":{"allow":["GET"]}}],"collection":[{"href":"https:\/\/www.volume-software.com\/pl\/wp-json\/wp\/v2\/pages"}],"about":[{"href":"https:\/\/www.volume-software.com\/pl\/wp-json\/wp\/v2\/types\/page"}],"author":[{"embeddable":true,"href":"https:\/\/www.volume-software.com\/pl\/wp-json\/wp\/v2\/users\/1"}],"replies":[{"embeddable":true,"href":"https:\/\/www.volume-software.com\/pl\/wp-json\/wp\/v2\/comments?post=3245"}],"version-history":[{"count":6,"href":"https:\/\/www.volume-software.com\/pl\/wp-json\/wp\/v2\/pages\/3245\/revisions"}],"predecessor-version":[{"id":3446,"href":"https:\/\/www.volume-software.com\/pl\/wp-json\/wp\/v2\/pages\/3245\/revisions\/3446"}],"up":[{"embeddable":true,"href":"https:\/\/www.volume-software.com\/pl\/wp-json\/wp\/v2\/pages\/2892"}],"wp:featuredmedia":[{"embeddable":true,"href":"https:\/\/www.volume-software.com\/pl\/wp-json\/wp\/v2\/media\/2883"}],"wp:attachment":[{"href":"https:\/\/www.volume-software.com\/pl\/wp-json\/wp\/v2\/media?parent=3245"}],"curies":[{"name":"wp","href":"https:\/\/api.w.org\/{rel}","templated":true}]}}