{"id":3241,"date":"2022-08-29T14:30:16","date_gmt":"2022-08-29T14:30:16","guid":{"rendered":"https:\/\/www.volume-software.com\/?page_id=3241"},"modified":"2022-09-12T07:25:52","modified_gmt":"2022-09-12T07:25:52","slug":"partner-sage","status":"publish","type":"page","link":"https:\/\/www.volume-software.com\/pl\/nasze-rozwiazania\/partner-sage\/","title":{"rendered":"Partner Sage"},"content":{"rendered":"<p style=\"text-align: justify;\"><img loading=\"lazy\" decoding=\"async\" class=\"aligncenter size-full wp-image-525\" src=\"https:\/\/www.volume-software.com\/wp-content\/uploads\/2015\/04\/sage_logo.png\" alt=\"sage_logo\" width=\"275\" height=\"135\" srcset=\"https:\/\/www.volume-software.com\/wp-content\/uploads\/2015\/04\/sage_logo.png 275w, https:\/\/www.volume-software.com\/wp-content\/uploads\/2015\/04\/sage_logo-190x93.png 190w\" sizes=\"auto, (max-width: 275px) 100vw, 275px\" \/><\/p>\n<p style=\"text-align: justify;\">Firma <strong>Volume Software<\/strong> jest centrum kompetencjyjnym Sage od 2005 roku.<\/p>\n<p style=\"text-align: justify;\">Jako Partner <strong>Sage<\/strong>, prowadzimy szkolenia i pomoc dla pozycji <strong>w zakresie ksi\u0119gowo\u015bci oraz kadr i p\u0142ac<\/strong>.<\/p>\n<p style=\"text-align: justify;\"><img loading=\"lazy\" decoding=\"async\" class=\"aligncenter size-full wp-image-527\" src=\"https:\/\/www.volume-software.com\/wp-content\/uploads\/2015\/04\/sage_solutions_partenaires.png\" alt=\"sage_ rozwi\u0105zania_ partnerzy\" width=\"227\" height=\"85\" srcset=\"https:\/\/www.volume-software.com\/wp-content\/uploads\/2015\/04\/sage_solutions_partenaires.png 227w, https:\/\/www.volume-software.com\/wp-content\/uploads\/2015\/04\/sage_solutions_partenaires-190x71.png 190w\" sizes=\"auto, (max-width: 227px) 100vw, 227px\" \/><\/p>\n<p style=\"text-align: justify;\">Polecamy rozwi\u0105zania firmy Sage i gwarantujemy ich pe\u0142n\u0105 integracj\u0119 z ca\u0142o\u015bci\u0105 naszego oprogramowania.<\/p>\n","protected":false},"excerpt":{"rendered":"<p>Firma Volume Software jest centrum kompetencjyjnym Sage od 2005 roku. Jako Partner Sage, prowadzimy szkolenia i pomoc dla pozycji w zakresie ksi\u0119gowo\u015bci oraz kadr i p\u0142ac. Polecamy rozwi\u0105zania firmy Sage i gwarantujemy ich pe\u0142n\u0105 integracj\u0119 z ca\u0142o\u015bci\u0105 naszego oprogramowania.<\/p>\n","protected":false},"author":1,"featured_media":2883,"parent":2893,"menu_order":0,"comment_status":"closed","ping_status":"closed","template":"","meta":{"footnotes":""},"class_list":["post-3241","page","type-page","status-publish","has-post-thumbnail","hentry"],"yoast_head":"<!-- This site is optimized with the Yoast SEO plugin v27.3 - https:\/\/yoast.com\/product\/yoast-seo-wordpress\/ -->\n<title>Partner Sage - Volume Software<\/title>\n<meta name=\"description\" content=\"Firma Volume Software jest centrum kompetencjyjnym Sage od 2005 roku. Prowadzimy szkolenia i pomoc w zakresie ksi\u0119gowo\u015bci oraz kadr i p\u0142ac.\" \/>\n<meta name=\"robots\" content=\"index, follow, max-snippet:-1, max-image-preview:large, max-video-preview:-1\" \/>\n<link rel=\"canonical\" href=\"https:\/\/www.volume-software.com\/pl\/nasze-rozwiazania\/partner-sage\/\" \/>\n<meta property=\"og:locale\" content=\"pl_PL\" \/>\n<meta property=\"og:type\" content=\"article\" \/>\n<meta property=\"og:title\" content=\"Partner Sage - Volume Software\" \/>\n<meta property=\"og:description\" content=\"Firma Volume Software jest centrum kompetencjyjnym Sage od 2005 roku. Prowadzimy szkolenia i pomoc w zakresie ksi\u0119gowo\u015bci oraz kadr i p\u0142ac.\" \/>\n<meta property=\"og:url\" content=\"https:\/\/www.volume-software.com\/pl\/nasze-rozwiazania\/partner-sage\/\" \/>\n<meta property=\"og:site_name\" content=\"Volume Software\" \/>\n<meta property=\"article:publisher\" content=\"https:\/\/www.facebook.com\/pages\/Volume-Software\/216816211713393\" \/>\n<meta property=\"article:modified_time\" content=\"2022-09-12T07:25:52+00:00\" \/>\n<meta property=\"og:image\" content=\"https:\/\/www.volume-software.com\/wp-content\/uploads\/2015\/02\/volume_software.png\" \/>\n\t<meta property=\"og:image:width\" content=\"900\" \/>\n\t<meta property=\"og:image:height\" content=\"264\" \/>\n\t<meta property=\"og:image:type\" content=\"image\/png\" \/>\n<meta name=\"twitter:card\" content=\"summary_large_image\" \/>\n<meta name=\"twitter:site\" content=\"@VolumeSoftware\" \/>\n<meta name=\"twitter:label1\" content=\"Szacowany czas czytania\" \/>\n\t<meta name=\"twitter:data1\" content=\"1 minuta\" \/>\n<script type=\"application\/ld+json\" class=\"yoast-schema-graph\">{\"@context\":\"https:\\\/\\\/schema.org\",\"@graph\":[{\"@type\":\"WebPage\",\"@id\":\"https:\\\/\\\/www.volume-software.com\\\/pl\\\/nasze-rozwiazania\\\/partner-sage\\\/\",\"url\":\"https:\\\/\\\/www.volume-software.com\\\/pl\\\/nasze-rozwiazania\\\/partner-sage\\\/\",\"name\":\"Partner Sage - Volume Software\",\"isPartOf\":{\"@id\":\"https:\\\/\\\/www.volume-software.com\\\/#website\"},\"primaryImageOfPage\":{\"@id\":\"https:\\\/\\\/www.volume-software.com\\\/pl\\\/nasze-rozwiazania\\\/partner-sage\\\/#primaryimage\"},\"image\":{\"@id\":\"https:\\\/\\\/www.volume-software.com\\\/pl\\\/nasze-rozwiazania\\\/partner-sage\\\/#primaryimage\"},\"thumbnailUrl\":\"https:\\\/\\\/www.volume-software.com\\\/wp-content\\\/uploads\\\/2015\\\/02\\\/volume_software.png\",\"datePublished\":\"2022-08-29T14:30:16+00:00\",\"dateModified\":\"2022-09-12T07:25:52+00:00\",\"description\":\"Firma Volume Software jest centrum kompetencjyjnym Sage od 2005 roku. Prowadzimy szkolenia i pomoc w zakresie ksi\u0119gowo\u015bci oraz kadr i p\u0142ac.\",\"breadcrumb\":{\"@id\":\"https:\\\/\\\/www.volume-software.com\\\/pl\\\/nasze-rozwiazania\\\/partner-sage\\\/#breadcrumb\"},\"inLanguage\":\"pl-PL\",\"potentialAction\":[{\"@type\":\"ReadAction\",\"target\":[\"https:\\\/\\\/www.volume-software.com\\\/pl\\\/nasze-rozwiazania\\\/partner-sage\\\/\"]}]},{\"@type\":\"ImageObject\",\"inLanguage\":\"pl-PL\",\"@id\":\"https:\\\/\\\/www.volume-software.com\\\/pl\\\/nasze-rozwiazania\\\/partner-sage\\\/#primaryimage\",\"url\":\"https:\\\/\\\/www.volume-software.com\\\/wp-content\\\/uploads\\\/2015\\\/02\\\/volume_software.png\",\"contentUrl\":\"https:\\\/\\\/www.volume-software.com\\\/wp-content\\\/uploads\\\/2015\\\/02\\\/volume_software.png\",\"width\":900,\"height\":264},{\"@type\":\"BreadcrumbList\",\"@id\":\"https:\\\/\\\/www.volume-software.com\\\/pl\\\/nasze-rozwiazania\\\/partner-sage\\\/#breadcrumb\",\"itemListElement\":[{\"@type\":\"ListItem\",\"position\":1,\"name\":\"Volume Software\",\"item\":\"https:\\\/\\\/www.volume-software.com\\\/pl\\\/\"},{\"@type\":\"ListItem\",\"position\":2,\"name\":\"Nasze rozwi\u0105zania\",\"item\":\"https:\\\/\\\/www.volume-software.com\\\/pl\\\/nasze-rozwiazania\\\/\"},{\"@type\":\"ListItem\",\"position\":3,\"name\":\"Partner Sage\"}]},{\"@type\":\"WebSite\",\"@id\":\"https:\\\/\\\/www.volume-software.com\\\/#website\",\"url\":\"https:\\\/\\\/www.volume-software.com\\\/\",\"name\":\"Volume Software\",\"description\":\"Producent systemu ERP dla bran\u017cy opakowaniowej i poligraficznej\",\"publisher\":{\"@id\":\"https:\\\/\\\/www.volume-software.com\\\/#organization\"},\"potentialAction\":[{\"@type\":\"SearchAction\",\"target\":{\"@type\":\"EntryPoint\",\"urlTemplate\":\"https:\\\/\\\/www.volume-software.com\\\/?s={search_term_string}\"},\"query-input\":{\"@type\":\"PropertyValueSpecification\",\"valueRequired\":true,\"valueName\":\"search_term_string\"}}],\"inLanguage\":\"pl-PL\"},{\"@type\":\"Organization\",\"@id\":\"https:\\\/\\\/www.volume-software.com\\\/#organization\",\"name\":\"Volume Software\",\"url\":\"https:\\\/\\\/www.volume-software.com\\\/\",\"logo\":{\"@type\":\"ImageObject\",\"inLanguage\":\"pl-PL\",\"@id\":\"https:\\\/\\\/www.volume-software.com\\\/#\\\/schema\\\/logo\\\/image\\\/\",\"url\":\"http:\\\/\\\/www.volume-software.com\\\/wp-content\\\/uploads\\\/2015\\\/02\\\/volume_software.png\",\"contentUrl\":\"http:\\\/\\\/www.volume-software.com\\\/wp-content\\\/uploads\\\/2015\\\/02\\\/volume_software.png\",\"width\":900,\"height\":264,\"caption\":\"Volume Software\"},\"image\":{\"@id\":\"https:\\\/\\\/www.volume-software.com\\\/#\\\/schema\\\/logo\\\/image\\\/\"},\"sameAs\":[\"https:\\\/\\\/www.facebook.com\\\/pages\\\/Volume-Software\\\/216816211713393\",\"https:\\\/\\\/x.com\\\/VolumeSoftware\",\"https:\\\/\\\/www.linkedin.com\\\/company\\\/volume-software\",\"https:\\\/\\\/www.youtube.com\\\/user\\\/VolumeSoftware\"]}]}<\/script>\n<!-- \/ Yoast SEO plugin. -->","yoast_head_json":{"title":"Partner Sage - Volume Software","description":"Firma Volume Software jest centrum kompetencjyjnym Sage od 2005 roku. Prowadzimy szkolenia i pomoc w zakresie ksi\u0119gowo\u015bci oraz kadr i p\u0142ac.","robots":{"index":"index","follow":"follow","max-snippet":"max-snippet:-1","max-image-preview":"max-image-preview:large","max-video-preview":"max-video-preview:-1"},"canonical":"https:\/\/www.volume-software.com\/pl\/nasze-rozwiazania\/partner-sage\/","og_locale":"pl_PL","og_type":"article","og_title":"Partner Sage - Volume Software","og_description":"Firma Volume Software jest centrum kompetencjyjnym Sage od 2005 roku. Prowadzimy szkolenia i pomoc w zakresie ksi\u0119gowo\u015bci oraz kadr i p\u0142ac.","og_url":"https:\/\/www.volume-software.com\/pl\/nasze-rozwiazania\/partner-sage\/","og_site_name":"Volume Software","article_publisher":"https:\/\/www.facebook.com\/pages\/Volume-Software\/216816211713393","article_modified_time":"2022-09-12T07:25:52+00:00","og_image":[{"width":900,"height":264,"url":"https:\/\/www.volume-software.com\/wp-content\/uploads\/2015\/02\/volume_software.png","type":"image\/png"}],"twitter_card":"summary_large_image","twitter_site":"@VolumeSoftware","twitter_misc":{"Szacowany czas czytania":"1 minuta"},"schema":{"@context":"https:\/\/schema.org","@graph":[{"@type":"WebPage","@id":"https:\/\/www.volume-software.com\/pl\/nasze-rozwiazania\/partner-sage\/","url":"https:\/\/www.volume-software.com\/pl\/nasze-rozwiazania\/partner-sage\/","name":"Partner Sage - Volume Software","isPartOf":{"@id":"https:\/\/www.volume-software.com\/#website"},"primaryImageOfPage":{"@id":"https:\/\/www.volume-software.com\/pl\/nasze-rozwiazania\/partner-sage\/#primaryimage"},"image":{"@id":"https:\/\/www.volume-software.com\/pl\/nasze-rozwiazania\/partner-sage\/#primaryimage"},"thumbnailUrl":"https:\/\/www.volume-software.com\/wp-content\/uploads\/2015\/02\/volume_software.png","datePublished":"2022-08-29T14:30:16+00:00","dateModified":"2022-09-12T07:25:52+00:00","description":"Firma Volume Software jest centrum kompetencjyjnym Sage od 2005 roku. Prowadzimy szkolenia i pomoc w zakresie ksi\u0119gowo\u015bci oraz kadr i p\u0142ac.","breadcrumb":{"@id":"https:\/\/www.volume-software.com\/pl\/nasze-rozwiazania\/partner-sage\/#breadcrumb"},"inLanguage":"pl-PL","potentialAction":[{"@type":"ReadAction","target":["https:\/\/www.volume-software.com\/pl\/nasze-rozwiazania\/partner-sage\/"]}]},{"@type":"ImageObject","inLanguage":"pl-PL","@id":"https:\/\/www.volume-software.com\/pl\/nasze-rozwiazania\/partner-sage\/#primaryimage","url":"https:\/\/www.volume-software.com\/wp-content\/uploads\/2015\/02\/volume_software.png","contentUrl":"https:\/\/www.volume-software.com\/wp-content\/uploads\/2015\/02\/volume_software.png","width":900,"height":264},{"@type":"BreadcrumbList","@id":"https:\/\/www.volume-software.com\/pl\/nasze-rozwiazania\/partner-sage\/#breadcrumb","itemListElement":[{"@type":"ListItem","position":1,"name":"Volume Software","item":"https:\/\/www.volume-software.com\/pl\/"},{"@type":"ListItem","position":2,"name":"Nasze rozwi\u0105zania","item":"https:\/\/www.volume-software.com\/pl\/nasze-rozwiazania\/"},{"@type":"ListItem","position":3,"name":"Partner Sage"}]},{"@type":"WebSite","@id":"https:\/\/www.volume-software.com\/#website","url":"https:\/\/www.volume-software.com\/","name":"Volume Software","description":"Producent systemu ERP dla bran\u017cy opakowaniowej i poligraficznej","publisher":{"@id":"https:\/\/www.volume-software.com\/#organization"},"potentialAction":[{"@type":"SearchAction","target":{"@type":"EntryPoint","urlTemplate":"https:\/\/www.volume-software.com\/?s={search_term_string}"},"query-input":{"@type":"PropertyValueSpecification","valueRequired":true,"valueName":"search_term_string"}}],"inLanguage":"pl-PL"},{"@type":"Organization","@id":"https:\/\/www.volume-software.com\/#organization","name":"Volume Software","url":"https:\/\/www.volume-software.com\/","logo":{"@type":"ImageObject","inLanguage":"pl-PL","@id":"https:\/\/www.volume-software.com\/#\/schema\/logo\/image\/","url":"http:\/\/www.volume-software.com\/wp-content\/uploads\/2015\/02\/volume_software.png","contentUrl":"http:\/\/www.volume-software.com\/wp-content\/uploads\/2015\/02\/volume_software.png","width":900,"height":264,"caption":"Volume Software"},"image":{"@id":"https:\/\/www.volume-software.com\/#\/schema\/logo\/image\/"},"sameAs":["https:\/\/www.facebook.com\/pages\/Volume-Software\/216816211713393","https:\/\/x.com\/VolumeSoftware","https:\/\/www.linkedin.com\/company\/volume-software","https:\/\/www.youtube.com\/user\/VolumeSoftware"]}]}},"_links":{"self":[{"href":"https:\/\/www.volume-software.com\/pl\/wp-json\/wp\/v2\/pages\/3241","targetHints":{"allow":["GET"]}}],"collection":[{"href":"https:\/\/www.volume-software.com\/pl\/wp-json\/wp\/v2\/pages"}],"about":[{"href":"https:\/\/www.volume-software.com\/pl\/wp-json\/wp\/v2\/types\/page"}],"author":[{"embeddable":true,"href":"https:\/\/www.volume-software.com\/pl\/wp-json\/wp\/v2\/users\/1"}],"replies":[{"embeddable":true,"href":"https:\/\/www.volume-software.com\/pl\/wp-json\/wp\/v2\/comments?post=3241"}],"version-history":[{"count":3,"href":"https:\/\/www.volume-software.com\/pl\/wp-json\/wp\/v2\/pages\/3241\/revisions"}],"predecessor-version":[{"id":3417,"href":"https:\/\/www.volume-software.com\/pl\/wp-json\/wp\/v2\/pages\/3241\/revisions\/3417"}],"up":[{"embeddable":true,"href":"https:\/\/www.volume-software.com\/pl\/wp-json\/wp\/v2\/pages\/2893"}],"wp:featuredmedia":[{"embeddable":true,"href":"https:\/\/www.volume-software.com\/pl\/wp-json\/wp\/v2\/media\/2883"}],"wp:attachment":[{"href":"https:\/\/www.volume-software.com\/pl\/wp-json\/wp\/v2\/media?parent=3241"}],"curies":[{"name":"wp","href":"https:\/\/api.w.org\/{rel}","templated":true}]}}