{"id":2938,"date":"2022-07-05T14:39:45","date_gmt":"2022-07-05T14:39:45","guid":{"rendered":"https:\/\/www.volume-software.com\/?page_id=2938"},"modified":"2022-07-07T14:23:04","modified_gmt":"2022-07-07T14:23:04","slug":"voluprim-erp","status":"publish","type":"page","link":"https:\/\/www.volume-software.com\/pl\/nasze-rozwiazania\/voluprim-erp\/","title":{"rendered":"VoluPrim ERP"},"content":{"rendered":"<h2 style=\"text-align: justify;\">System ERP dedykowany dla bran\u017cy poligraficznej.<\/h2>\n<p style=\"text-align: justify;\">Volume Software wsp\u00f3\u0142pracuje z <strong>bran\u017c\u0105 graficzn\u0105<\/strong> od ponad 30 lat. To wieloletnie partnerstwo pozwoli\u0142o nam rozwin\u0105\u0107 dog\u0142\u0119bn\u0105 wiedz\u0119 na temat potrzeb drukarni. Nasza odpowied\u017a na <a href=\"https:\/\/www.volume-software.com\/en\/trades\/printing\/\"><strong>potrzeby drukarni<\/strong><\/a>: System informacyjny <strong>VoluPrim<\/strong>.<\/p>\n<p style=\"text-align: justify;\">VoluPrim to nasz ERP dedykowany dla bran\u017cy poligraficznej. Skierowany jest do <strong>drukarni arkuszowych<\/strong> i <strong>rotacyjnych<\/strong>. Jego silnik konfiguracyjny pozwala na zarz\u0105dzanie wieloma procesami druku. Dla <strong>bran\u017cy etykietowe<\/strong>j dost\u0119pna jest wersja naszego ERP: <a href=\"https:\/\/www.volume-software.com\/en\/solutions\/erp-volulabel\/\">VoluLabel<\/a>.<\/p>\n<p style=\"text-align: justify;\">VoluPrim ERP jest systemem dedykowanym do <strong>grup firm (wiele lokalizacji)<\/strong>, <strong>wielostanowiskowym<\/strong> i <strong>wieloj\u0119zycznym<\/strong>.<\/p>\n<p style=\"text-align: justify;\"><a href=\"https:\/\/www.volume-software.com\/wp-content\/uploads\/2022\/07\/KOLO_VoluPrim.png\" data-rel=\"lightbox-image-0\" data-rl_title=\"\" data-rl_caption=\"\" title=\"\"><img loading=\"lazy\" decoding=\"async\" class=\"alignnone wp-image-3214 size-large\" src=\"https:\/\/www.volume-software.com\/wp-content\/uploads\/2022\/07\/KOLO_VoluPrim-598x600.png\" alt=\"\" width=\"598\" height=\"600\" srcset=\"https:\/\/www.volume-software.com\/wp-content\/uploads\/2022\/07\/KOLO_VoluPrim-598x600.png 598w, https:\/\/www.volume-software.com\/wp-content\/uploads\/2022\/07\/KOLO_VoluPrim-398x400.png 398w, https:\/\/www.volume-software.com\/wp-content\/uploads\/2022\/07\/KOLO_VoluPrim-190x190.png 190w, https:\/\/www.volume-software.com\/wp-content\/uploads\/2022\/07\/KOLO_VoluPrim-768x771.png 768w, https:\/\/www.volume-software.com\/wp-content\/uploads\/2022\/07\/KOLO_VoluPrim-810x813.png 810w, https:\/\/www.volume-software.com\/wp-content\/uploads\/2022\/07\/KOLO_VoluPrim.png 1000w\" sizes=\"auto, (max-width: 598px) 100vw, 598px\" \/><\/a><\/p>\n<h2 style=\"text-align: justify;\">Modu\u0142y ERP.<\/h2>\n<h3 style=\"text-align: justify;\">Zoptymalizowany kosztorys.<\/h3>\n<p style=\"text-align: justify;\">Modu\u0142 estymacyjny jest kluczow\u0105 cz\u0119\u015bci\u0105 systemu informatycznego. Mo\u017cesz uzyska\u0107 szybk\u0105, <strong>zoptymalizowan\u0105 wycen\u0119<\/strong>, w du\u017cym stopniu konfigurowaln\u0105 i uwzgl\u0119dniaj\u0105c\u0105 wszystkie charakterystyczne cechy Twojego procesu. VoluPrim optymalizuje dob\u00f3r <strong>papieru<\/strong>, wyb\u00f3r<strong>impozycji<\/strong> i <strong>falcowania<\/strong> oraz wyb\u00f3r <strong>procesu maszynowego<\/strong>. Uwzgl\u0119dnia r\u00f3wnie\u017c koszt <strong>transportu<\/strong> oraz inne konfigurowalne, wt\u00f3rne koszty (podwykonawstwo, magazynowanie, amortyzacja, koszty finansowe itp.)<\/p>\n<h3 style=\"text-align: justify;\">Zam\u00f3wienia i dokumentacja produkcyjna.<\/h3>\n<p style=\"text-align: justify;\">W pe\u0142ni <strong>konfigurowalny<\/strong> system VoluPrim ERP pozwala na <strong>dostosowanie proces\u00f3w<\/strong>, kt\u00f3re s\u0105 charakterystyczne dla Twojego sposobu pracy. Dobrym przyk\u0142adem jest zarz\u0105dzanie zam\u00f3wieniami. Dost\u0119pnych jest wiele typ\u00f3w zam\u00f3wie\u0144: produkcja na \u017c\u0105danie, produkcja na magazyn wewn\u0119trzny, zam\u00f3wienie z magazynu itp. Mo\u017cna r\u00f3wnie\u017c w\u0142\u0105czy\u0107 wiele opcji pracy zgodnie z w\u0142asnymi potrzebami: przegl\u0105d um\u00f3w, automatyczne generowanie prognozowanych stan\u00f3w magazynowych, zarz\u0105dzanie nadwy\u017ckami itp.<\/p>\n<p style=\"text-align: justify;\">Zam\u00f3wienia mo\u017cna r\u00f3wnie\u017c generowa\u0107 za pomoc\u0105 <strong>elektronicznej wymiany danych (EDI)<\/strong> z klientami. VoluPrim natywnie zarz\u0105dza wieloma standardami EDI.<\/p>\n<p style=\"text-align: justify;\">Dla ka\u017cdego zlecenia produkcyjnego tworzona jest <strong>dokumentacja produkcyjna<\/strong>. Umo\u017cliwia ona pe\u0142ne \u015bledzenie produkcji, od zam\u00f3wienia po cen\u0119 zakupu. Plik produkcyjny w wersji drukowanej lub PDF mo\u017cna dostosowa\u0107 do w\u0142asnych potrzeb. To samo dotyczy wszystkich dokument\u00f3w tworzonych przez system ERP: s\u0105 one projektowane zgodnie ze specyfikacj\u0105 uk\u0142adu graficznego u\u017cytkownika.<\/p>\n<h3>Zarz\u0105dzanie zakupami.<\/h3>\n<p>Ka\u017cdy zakup materia\u0142\u00f3w lub dostaw us\u0142ug mo\u017ce by\u0107 w pe\u0142ni zarz\u0105dzany przez VoluPrim. Oczywi\u015bcie szczeg\u00f3ln\u0105 uwag\u0119 przyk\u0142ada si\u0119 do zarz\u0105dzania zakupami papieru w arkuszach i rolach.<\/p>\n<h3 style=\"text-align: justify;\"><\/h3>\n<p style=\"text-align: justify;\"><img loading=\"lazy\" decoding=\"async\" class=\"aligncenter wp-image-412 size-medium\" src=\"https:\/\/www.volume-software.com\/wp-content\/uploads\/2015\/04\/imprimerie-400x265.jpg\" alt=\"Przemys\u0142 poligraficzny\" width=\"400\" height=\"265\" srcset=\"https:\/\/www.volume-software.com\/wp-content\/uploads\/2015\/04\/imprimerie-400x265.jpg 400w, https:\/\/www.volume-software.com\/wp-content\/uploads\/2015\/04\/imprimerie-190x126.jpg 190w, https:\/\/www.volume-software.com\/wp-content\/uploads\/2015\/04\/imprimerie-600x397.jpg 600w, https:\/\/www.volume-software.com\/wp-content\/uploads\/2015\/04\/imprimerie.jpg 639w\" sizes=\"auto, (max-width: 400px) 100vw, 400px\" \/><\/p>\n<h3 style=\"text-align: justify;\">Planowanie, produkcja i rozliczenie koszt\u00f3w.<\/h3>\n<p style=\"text-align: justify;\">Planowanie odbywa si\u0119 za pomoc\u0105 <strong><a href=\"https:\/\/www.volume-software.com\/pl\/nasze-rozwiazania\/direct-planning\/\">Direct Planning<\/a><\/strong>, naszego modu\u0142u planowania.<\/p>\n<p style=\"text-align: justify;\">Zarz\u0105dzanie produkcj\u0105 obejmuje szeroki zestaw modu\u0142\u00f3w: \u015bledzenie czasu produkcji poprzez wprowadzanie r\u0119czne lub za pomoc\u0105 kod\u00f3w kreskowych, raporty zu\u017cycia lub produkcji za pomoc\u0105 czytnik\u00f3w kod\u00f3w kreskowych (np. w nast\u0119puj\u0105cych po sobie dzia\u0142ach produkcji), \u015bledzenie zu\u017cycia rolek, \u015bledzenie podwykonawstwa itp.<\/p>\n<p style=\"text-align: justify;\">Gromadzenie informacji wykonawczych z produkcji umo\u017cliwia <strong>aktualizacj\u0119 harmonogramu w czasie rzeczywistym<\/strong>. Ma to na celu ustalenie <strong>warto\u015bci koszt\u00f3w<\/strong>, wskazuj\u0105c r\u00f3\u017cnic\u0119 mi\u0119dzy &#8220;prognozowan\u0105&#8221; dokumentacj\u0105 produkcyjn\u0105 a &#8220;wykonan\u0105&#8221;, zaobserwowan\u0105 w produkcji.<\/p>\n<h3 style=\"text-align: justify;\">Gospodarka magazynowa.<\/h3>\n<p style=\"text-align: justify;\">VoluPrim ERP umo\u017cliwia zarz\u0105dzanie zapasami surowc\u00f3w i wyrob\u00f3w gotowych, rzeczywistymi lub prognozowanymi, zgodnie z wymaganiami u\u017cytkownika. W przypadku papier\u00f3w, mo\u017cna wyra\u017anie oddzieli\u0107 faktyczny zapas &#8220;dla klienta&#8221; od og\u00f3lnego stanu magazynowego. Zawiera kilka metod wyceny zapas\u00f3w. Wiele modu\u0142\u00f3w (klasyczne ekrany lub czytniki kod\u00f3w kreskowych) umo\u017cliwia zarz\u0105dzanie m.in. zleceniami lub zapasami.<\/p>\n<h3 style=\"text-align: justify;\">Logistyka i Dostawy.<\/h3>\n<p style=\"text-align: justify;\">Nasz modu\u0142 logistyczny pozwala na optymalizacj\u0119 dostaw. Zaawansowane funkcje, takie jak kompletacja palet, w trybie r\u0119cznym lub za pomoc\u0105 urz\u0105dzenia z kodem kreskowym, umo\u017cliwiaj\u0105 realizacj\u0119 dostaw dzi\u0119ki utrzymywaniu w\u0142a\u015bciwego stanu magazynowego w czasie rzeczywistym.<\/p>\n<p style=\"text-align: justify;\"><img loading=\"lazy\" decoding=\"async\" class=\"aligncenter wp-image-414 size-medium\" src=\"https:\/\/www.volume-software.com\/wp-content\/uploads\/2015\/04\/imprimerie-2-400x300.jpg\" alt=\"Przemys\u0142 poligraficzny\" width=\"400\" height=\"300\" srcset=\"https:\/\/www.volume-software.com\/wp-content\/uploads\/2015\/04\/imprimerie-2-400x300.jpg 400w, https:\/\/www.volume-software.com\/wp-content\/uploads\/2015\/04\/imprimerie-2-190x143.jpg 190w, https:\/\/www.volume-software.com\/wp-content\/uploads\/2015\/04\/imprimerie-2-600x450.jpg 600w, https:\/\/www.volume-software.com\/wp-content\/uploads\/2015\/04\/imprimerie-2.jpg 636w\" sizes=\"auto, (max-width: 400px) 100vw, 400px\" \/><\/p>\n<h3 style=\"text-align: justify;\"><\/h3>\n<h3>Fakturowanie.<\/h3>\n<p>Fakturowanie jest zautomatyzowane, bez konieczno\u015bci ponownego wprowadzania danych. Szablony faktur s\u0105 w pe\u0142ni konfigurowalne i mog\u0105 by\u0107 automatycznie wysy\u0142ane do klient\u00f3w w postaci pliku PDF lub zgodnie z protoko\u0142em EDI (Electronic Data Interchange). Pozycje fakturowania s\u0105 r\u00f3wnie\u017c automatycznie przenoszone do wybranego systemu ksi\u0119gowego.<\/p>\n<h2>Us\u0142ugi pokrewne.<\/h2>\n<p>System ERP to znacznie wi\u0119cej ni\u017c tylko system informatyczny. To rozwi\u0105zanie realizuje szeroki <a href=\"https:\/\/www.volume-software.com\/en\/our-services\/\">zakres us\u0142ug<\/a>, kt\u00f3re <strong>Volume Software<\/strong> oferuje swoim klientom jako integrator:<\/p>\n<ul>\n<li><a href=\"https:\/\/www.volume-software.com\/en\/our-services\/advice-and-integration\/\">Doradztwo i Integracje.<\/a><\/li>\n<li><a href=\"https:\/\/www.volume-software.com\/en\/our-services\/training\/\">Szkolenie i przekazywanie kompetencji<\/a><\/li>\n<li><a href=\"https:\/\/www.volume-software.com\/en\/our-services\/support\/\">Wsparcie &#8211; przed i posprzeda\u017cowe.<\/a><\/li>\n<\/ul>\n","protected":false},"excerpt":{"rendered":"<p>System ERP dedykowany dla bran\u017cy poligraficznej. Volume Software wsp\u00f3\u0142pracuje z bran\u017c\u0105 graficzn\u0105 od ponad 30 lat. To wieloletnie partnerstwo pozwoli\u0142o nam rozwin\u0105\u0107 dog\u0142\u0119bn\u0105 wiedz\u0119 na temat potrzeb drukarni. Nasza odpowied\u017a na potrzeby drukarni: System informacyjny VoluPrim. VoluPrim to nasz ERP dedykowany dla bran\u017cy poligraficznej. Skierowany jest do drukarni arkuszowych i rotacyjnych. Jego silnik konfiguracyjny pozwala [&hellip;]<\/p>\n","protected":false},"author":1,"featured_media":2883,"parent":2893,"menu_order":0,"comment_status":"closed","ping_status":"closed","template":"","meta":{"footnotes":""},"class_list":["post-2938","page","type-page","status-publish","has-post-thumbnail","hentry"],"yoast_head":"<!-- This site is optimized with the Yoast SEO plugin v27.3 - https:\/\/yoast.com\/product\/yoast-seo-wordpress\/ -->\n<title>VoluPrim ERP - Volume Software<\/title>\n<meta name=\"description\" content=\"VoluPrim to nasz ERP dedykowany dla bran\u017cy poligraficznej. Skierowany jest do drukarni arkuszowych i rolowych. Mo\u017ce zarz\u0105dza\u0107 dowolnymi procesami druku.\" \/>\n<meta name=\"robots\" content=\"index, follow, max-snippet:-1, max-image-preview:large, max-video-preview:-1\" \/>\n<link rel=\"canonical\" href=\"https:\/\/www.volume-software.com\/pl\/nasze-rozwiazania\/voluprim-erp\/\" \/>\n<meta property=\"og:locale\" content=\"pl_PL\" \/>\n<meta property=\"og:type\" content=\"article\" \/>\n<meta property=\"og:title\" content=\"VoluPrim ERP - Volume Software\" \/>\n<meta property=\"og:description\" content=\"VoluPrim to nasz ERP dedykowany dla bran\u017cy poligraficznej. Skierowany jest do drukarni arkuszowych i rolowych. Mo\u017ce zarz\u0105dza\u0107 dowolnymi procesami druku.\" \/>\n<meta property=\"og:url\" content=\"https:\/\/www.volume-software.com\/pl\/nasze-rozwiazania\/voluprim-erp\/\" \/>\n<meta property=\"og:site_name\" content=\"Volume Software\" \/>\n<meta property=\"article:publisher\" content=\"https:\/\/www.facebook.com\/pages\/Volume-Software\/216816211713393\" \/>\n<meta property=\"article:modified_time\" content=\"2022-07-07T14:23:04+00:00\" \/>\n<meta property=\"og:image\" content=\"https:\/\/www.volume-software.com\/wp-content\/uploads\/2015\/02\/volume_software.png\" \/>\n\t<meta property=\"og:image:width\" content=\"900\" \/>\n\t<meta property=\"og:image:height\" content=\"264\" \/>\n\t<meta property=\"og:image:type\" content=\"image\/png\" \/>\n<meta name=\"twitter:card\" content=\"summary_large_image\" \/>\n<meta name=\"twitter:site\" content=\"@VolumeSoftware\" \/>\n<meta name=\"twitter:label1\" content=\"Szacowany czas czytania\" \/>\n\t<meta name=\"twitter:data1\" content=\"4 minuty\" \/>\n<script type=\"application\/ld+json\" class=\"yoast-schema-graph\">{\"@context\":\"https:\\\/\\\/schema.org\",\"@graph\":[{\"@type\":\"WebPage\",\"@id\":\"https:\\\/\\\/www.volume-software.com\\\/pl\\\/nasze-rozwiazania\\\/voluprim-erp\\\/\",\"url\":\"https:\\\/\\\/www.volume-software.com\\\/pl\\\/nasze-rozwiazania\\\/voluprim-erp\\\/\",\"name\":\"VoluPrim ERP - Volume Software\",\"isPartOf\":{\"@id\":\"https:\\\/\\\/www.volume-software.com\\\/#website\"},\"primaryImageOfPage\":{\"@id\":\"https:\\\/\\\/www.volume-software.com\\\/pl\\\/nasze-rozwiazania\\\/voluprim-erp\\\/#primaryimage\"},\"image\":{\"@id\":\"https:\\\/\\\/www.volume-software.com\\\/pl\\\/nasze-rozwiazania\\\/voluprim-erp\\\/#primaryimage\"},\"thumbnailUrl\":\"https:\\\/\\\/www.volume-software.com\\\/wp-content\\\/uploads\\\/2015\\\/02\\\/volume_software.png\",\"datePublished\":\"2022-07-05T14:39:45+00:00\",\"dateModified\":\"2022-07-07T14:23:04+00:00\",\"description\":\"VoluPrim to nasz ERP dedykowany dla bran\u017cy poligraficznej. Skierowany jest do drukarni arkuszowych i rolowych. Mo\u017ce zarz\u0105dza\u0107 dowolnymi procesami druku.\",\"breadcrumb\":{\"@id\":\"https:\\\/\\\/www.volume-software.com\\\/pl\\\/nasze-rozwiazania\\\/voluprim-erp\\\/#breadcrumb\"},\"inLanguage\":\"pl-PL\",\"potentialAction\":[{\"@type\":\"ReadAction\",\"target\":[\"https:\\\/\\\/www.volume-software.com\\\/pl\\\/nasze-rozwiazania\\\/voluprim-erp\\\/\"]}]},{\"@type\":\"ImageObject\",\"inLanguage\":\"pl-PL\",\"@id\":\"https:\\\/\\\/www.volume-software.com\\\/pl\\\/nasze-rozwiazania\\\/voluprim-erp\\\/#primaryimage\",\"url\":\"https:\\\/\\\/www.volume-software.com\\\/wp-content\\\/uploads\\\/2015\\\/02\\\/volume_software.png\",\"contentUrl\":\"https:\\\/\\\/www.volume-software.com\\\/wp-content\\\/uploads\\\/2015\\\/02\\\/volume_software.png\",\"width\":900,\"height\":264},{\"@type\":\"BreadcrumbList\",\"@id\":\"https:\\\/\\\/www.volume-software.com\\\/pl\\\/nasze-rozwiazania\\\/voluprim-erp\\\/#breadcrumb\",\"itemListElement\":[{\"@type\":\"ListItem\",\"position\":1,\"name\":\"Volume Software\",\"item\":\"https:\\\/\\\/www.volume-software.com\\\/pl\\\/\"},{\"@type\":\"ListItem\",\"position\":2,\"name\":\"Nasze rozwi\u0105zania\",\"item\":\"https:\\\/\\\/www.volume-software.com\\\/pl\\\/nasze-rozwiazania\\\/\"},{\"@type\":\"ListItem\",\"position\":3,\"name\":\"VoluPrim ERP\"}]},{\"@type\":\"WebSite\",\"@id\":\"https:\\\/\\\/www.volume-software.com\\\/#website\",\"url\":\"https:\\\/\\\/www.volume-software.com\\\/\",\"name\":\"Volume Software\",\"description\":\"Producent systemu ERP dla bran\u017cy opakowaniowej i poligraficznej\",\"publisher\":{\"@id\":\"https:\\\/\\\/www.volume-software.com\\\/#organization\"},\"potentialAction\":[{\"@type\":\"SearchAction\",\"target\":{\"@type\":\"EntryPoint\",\"urlTemplate\":\"https:\\\/\\\/www.volume-software.com\\\/?s={search_term_string}\"},\"query-input\":{\"@type\":\"PropertyValueSpecification\",\"valueRequired\":true,\"valueName\":\"search_term_string\"}}],\"inLanguage\":\"pl-PL\"},{\"@type\":\"Organization\",\"@id\":\"https:\\\/\\\/www.volume-software.com\\\/#organization\",\"name\":\"Volume Software\",\"url\":\"https:\\\/\\\/www.volume-software.com\\\/\",\"logo\":{\"@type\":\"ImageObject\",\"inLanguage\":\"pl-PL\",\"@id\":\"https:\\\/\\\/www.volume-software.com\\\/#\\\/schema\\\/logo\\\/image\\\/\",\"url\":\"http:\\\/\\\/www.volume-software.com\\\/wp-content\\\/uploads\\\/2015\\\/02\\\/volume_software.png\",\"contentUrl\":\"http:\\\/\\\/www.volume-software.com\\\/wp-content\\\/uploads\\\/2015\\\/02\\\/volume_software.png\",\"width\":900,\"height\":264,\"caption\":\"Volume Software\"},\"image\":{\"@id\":\"https:\\\/\\\/www.volume-software.com\\\/#\\\/schema\\\/logo\\\/image\\\/\"},\"sameAs\":[\"https:\\\/\\\/www.facebook.com\\\/pages\\\/Volume-Software\\\/216816211713393\",\"https:\\\/\\\/x.com\\\/VolumeSoftware\",\"https:\\\/\\\/www.linkedin.com\\\/company\\\/volume-software\",\"https:\\\/\\\/www.youtube.com\\\/user\\\/VolumeSoftware\"]}]}<\/script>\n<!-- \/ Yoast SEO plugin. -->","yoast_head_json":{"title":"VoluPrim ERP - Volume Software","description":"VoluPrim to nasz ERP dedykowany dla bran\u017cy poligraficznej. Skierowany jest do drukarni arkuszowych i rolowych. Mo\u017ce zarz\u0105dza\u0107 dowolnymi procesami druku.","robots":{"index":"index","follow":"follow","max-snippet":"max-snippet:-1","max-image-preview":"max-image-preview:large","max-video-preview":"max-video-preview:-1"},"canonical":"https:\/\/www.volume-software.com\/pl\/nasze-rozwiazania\/voluprim-erp\/","og_locale":"pl_PL","og_type":"article","og_title":"VoluPrim ERP - Volume Software","og_description":"VoluPrim to nasz ERP dedykowany dla bran\u017cy poligraficznej. Skierowany jest do drukarni arkuszowych i rolowych. Mo\u017ce zarz\u0105dza\u0107 dowolnymi procesami druku.","og_url":"https:\/\/www.volume-software.com\/pl\/nasze-rozwiazania\/voluprim-erp\/","og_site_name":"Volume Software","article_publisher":"https:\/\/www.facebook.com\/pages\/Volume-Software\/216816211713393","article_modified_time":"2022-07-07T14:23:04+00:00","og_image":[{"width":900,"height":264,"url":"https:\/\/www.volume-software.com\/wp-content\/uploads\/2015\/02\/volume_software.png","type":"image\/png"}],"twitter_card":"summary_large_image","twitter_site":"@VolumeSoftware","twitter_misc":{"Szacowany czas czytania":"4 minuty"},"schema":{"@context":"https:\/\/schema.org","@graph":[{"@type":"WebPage","@id":"https:\/\/www.volume-software.com\/pl\/nasze-rozwiazania\/voluprim-erp\/","url":"https:\/\/www.volume-software.com\/pl\/nasze-rozwiazania\/voluprim-erp\/","name":"VoluPrim ERP - Volume Software","isPartOf":{"@id":"https:\/\/www.volume-software.com\/#website"},"primaryImageOfPage":{"@id":"https:\/\/www.volume-software.com\/pl\/nasze-rozwiazania\/voluprim-erp\/#primaryimage"},"image":{"@id":"https:\/\/www.volume-software.com\/pl\/nasze-rozwiazania\/voluprim-erp\/#primaryimage"},"thumbnailUrl":"https:\/\/www.volume-software.com\/wp-content\/uploads\/2015\/02\/volume_software.png","datePublished":"2022-07-05T14:39:45+00:00","dateModified":"2022-07-07T14:23:04+00:00","description":"VoluPrim to nasz ERP dedykowany dla bran\u017cy poligraficznej. Skierowany jest do drukarni arkuszowych i rolowych. Mo\u017ce zarz\u0105dza\u0107 dowolnymi procesami druku.","breadcrumb":{"@id":"https:\/\/www.volume-software.com\/pl\/nasze-rozwiazania\/voluprim-erp\/#breadcrumb"},"inLanguage":"pl-PL","potentialAction":[{"@type":"ReadAction","target":["https:\/\/www.volume-software.com\/pl\/nasze-rozwiazania\/voluprim-erp\/"]}]},{"@type":"ImageObject","inLanguage":"pl-PL","@id":"https:\/\/www.volume-software.com\/pl\/nasze-rozwiazania\/voluprim-erp\/#primaryimage","url":"https:\/\/www.volume-software.com\/wp-content\/uploads\/2015\/02\/volume_software.png","contentUrl":"https:\/\/www.volume-software.com\/wp-content\/uploads\/2015\/02\/volume_software.png","width":900,"height":264},{"@type":"BreadcrumbList","@id":"https:\/\/www.volume-software.com\/pl\/nasze-rozwiazania\/voluprim-erp\/#breadcrumb","itemListElement":[{"@type":"ListItem","position":1,"name":"Volume Software","item":"https:\/\/www.volume-software.com\/pl\/"},{"@type":"ListItem","position":2,"name":"Nasze rozwi\u0105zania","item":"https:\/\/www.volume-software.com\/pl\/nasze-rozwiazania\/"},{"@type":"ListItem","position":3,"name":"VoluPrim ERP"}]},{"@type":"WebSite","@id":"https:\/\/www.volume-software.com\/#website","url":"https:\/\/www.volume-software.com\/","name":"Volume Software","description":"Producent systemu ERP dla bran\u017cy opakowaniowej i poligraficznej","publisher":{"@id":"https:\/\/www.volume-software.com\/#organization"},"potentialAction":[{"@type":"SearchAction","target":{"@type":"EntryPoint","urlTemplate":"https:\/\/www.volume-software.com\/?s={search_term_string}"},"query-input":{"@type":"PropertyValueSpecification","valueRequired":true,"valueName":"search_term_string"}}],"inLanguage":"pl-PL"},{"@type":"Organization","@id":"https:\/\/www.volume-software.com\/#organization","name":"Volume Software","url":"https:\/\/www.volume-software.com\/","logo":{"@type":"ImageObject","inLanguage":"pl-PL","@id":"https:\/\/www.volume-software.com\/#\/schema\/logo\/image\/","url":"http:\/\/www.volume-software.com\/wp-content\/uploads\/2015\/02\/volume_software.png","contentUrl":"http:\/\/www.volume-software.com\/wp-content\/uploads\/2015\/02\/volume_software.png","width":900,"height":264,"caption":"Volume Software"},"image":{"@id":"https:\/\/www.volume-software.com\/#\/schema\/logo\/image\/"},"sameAs":["https:\/\/www.facebook.com\/pages\/Volume-Software\/216816211713393","https:\/\/x.com\/VolumeSoftware","https:\/\/www.linkedin.com\/company\/volume-software","https:\/\/www.youtube.com\/user\/VolumeSoftware"]}]}},"_links":{"self":[{"href":"https:\/\/www.volume-software.com\/pl\/wp-json\/wp\/v2\/pages\/2938","targetHints":{"allow":["GET"]}}],"collection":[{"href":"https:\/\/www.volume-software.com\/pl\/wp-json\/wp\/v2\/pages"}],"about":[{"href":"https:\/\/www.volume-software.com\/pl\/wp-json\/wp\/v2\/types\/page"}],"author":[{"embeddable":true,"href":"https:\/\/www.volume-software.com\/pl\/wp-json\/wp\/v2\/users\/1"}],"replies":[{"embeddable":true,"href":"https:\/\/www.volume-software.com\/pl\/wp-json\/wp\/v2\/comments?post=2938"}],"version-history":[{"count":4,"href":"https:\/\/www.volume-software.com\/pl\/wp-json\/wp\/v2\/pages\/2938\/revisions"}],"predecessor-version":[{"id":3218,"href":"https:\/\/www.volume-software.com\/pl\/wp-json\/wp\/v2\/pages\/2938\/revisions\/3218"}],"up":[{"embeddable":true,"href":"https:\/\/www.volume-software.com\/pl\/wp-json\/wp\/v2\/pages\/2893"}],"wp:featuredmedia":[{"embeddable":true,"href":"https:\/\/www.volume-software.com\/pl\/wp-json\/wp\/v2\/media\/2883"}],"wp:attachment":[{"href":"https:\/\/www.volume-software.com\/pl\/wp-json\/wp\/v2\/media?parent=2938"}],"curies":[{"name":"wp","href":"https:\/\/api.w.org\/{rel}","templated":true}]}}