{"id":2928,"date":"2022-07-05T14:42:38","date_gmt":"2022-07-05T14:42:38","guid":{"rendered":"https:\/\/www.volume-software.com\/?page_id=2928"},"modified":"2022-07-06T08:03:23","modified_gmt":"2022-07-06T08:03:23","slug":"vs-mobile","status":"publish","type":"page","link":"https:\/\/www.volume-software.com\/pl\/nasze-rozwiazania\/vs-mobile\/","title":{"rendered":"VS Mobile"},"content":{"rendered":"<h2>VS Commercial: Aplikacja po\u0142\u0105czona z ERP Volume Software<\/h2>\n<p><iframe loading=\"lazy\" title=\"VS Commercial\" width=\"810\" height=\"456\" src=\"https:\/\/www.youtube.com\/embed\/xo7XHuatekA?feature=oembed\" frameborder=\"0\" allow=\"accelerometer; autoplay; clipboard-write; encrypted-media; gyroscope; picture-in-picture\" allowfullscreen><\/iframe><\/p>\n<p><span style=\"color: #999999;\">Uwaga: Chocia\u017c ta prezentacja wideo VS Commercial jest w j\u0119zyku francuskim, aplikacja mobilna jest dost\u0119pna w j\u0119zyku angielskim.<\/span><\/p>\n<p style=\"text-align: justify;\">VS Commercial towarzyszy zespo\u0142om sprzeda\u017cowym w ka\u017cdym miejscu i synchronizuje si\u0119 z <a href=\"https:\/\/www.volume-software.com\/pl\/nasze-rozwiazania\/volupack-erp\/\">ERP<\/a>, aby wygenerowa\u0107 <strong>analiz\u0119 rozk\u0142adu przychod\u00f3w<\/strong>. B\u0119dziesz m\u00f3g\u0142 uporz\u0105dkowa\u0107 te przychody wed\u0142ug grup, klient\u00f3w, przedstawicieli handlowych, rodzin, podrodzin itp.<\/p>\n<p style=\"text-align: justify;\">Dla ka\u017cdego poziomu analizy b\u0119dziesz mia\u0142 dost\u0119p do przychod\u00f3w <strong>Y-2, Y-1 i roku bie\u017c\u0105cego, przychod\u00f3w og\u00f3\u0142em oraz przychod\u00f3w YTD.<\/strong> Do Twojej dyspozycji b\u0119d\u0105 wska\u017aniki wizualne (KPI), dzi\u0119ki kt\u00f3rym b\u0142yskawicznie zidentyfikujesz wzrosty, stagnacje i spadki przychod\u00f3w. Aby zobaczy\u0107 post\u0119py, dost\u0119pny jest r\u00f3wnie\u017c <strong>histogram<\/strong>.<\/p>\n<p style=\"text-align: justify;\">Panel klienta daje Ci dost\u0119p do kontaktu telefonicznego i informacji geolokalizacyjnych dla klienta.<\/p>\n<p style=\"text-align: justify;\">Wszystkie dane s\u0105 od\u015bwie\u017cane poprzez synchronizacj\u0119 z serwisem internetowym systemu <a href=\"https:\/\/www.volume-software.com\/pl\/nasze-rozwiazania\/volupack-erp\/\">ERP Volume Software<\/a>. W\u00f3wczas pozostaje on <strong>dost\u0119pny przez ca\u0142y czas<\/strong>.<\/p>\n<p style=\"text-align: justify;\">Dzi\u0119ki obs\u0142udze zarz\u0105dzania <strong>wieloma profilami<\/strong> VS Mobile umo\u017cliwia po\u0142\u0105czenie z wieloma zak\u0142adami produkcyjnymi lub r\u00f3\u017cnymi firmami w ramach grupy. Ka\u017cdy profil korzysta z bezpiecznego uwierzytelniania i ograniczonego dost\u0119pu do danych. Dzi\u0119ki temu mo\u017cliwe jest ograniczenie dost\u0119pu przedstawiciela handlowego do danych liczbowych dotycz\u0105cych powi\u0105zanego portfela klient\u00f3w.<\/p>\n<p style=\"text-align: justify;\"><a href=\"https:\/\/play.google.com\/store\/apps\/details?id=com.volumesoftware.vsmobile01\"><img loading=\"lazy\" decoding=\"async\" class=\"aligncenter size-thumbnail wp-image-1481\" src=\"https:\/\/www.volume-software.com\/wp-content\/uploads\/2019\/06\/vs-commercial-google-play-badge-en-190x74.png\" alt=\"\" width=\"190\" height=\"74\" srcset=\"https:\/\/www.volume-software.com\/wp-content\/uploads\/2019\/06\/vs-commercial-google-play-badge-en-190x74.png 190w, https:\/\/www.volume-software.com\/wp-content\/uploads\/2019\/06\/vs-commercial-google-play-badge-en-400x155.png 400w, https:\/\/www.volume-software.com\/wp-content\/uploads\/2019\/06\/vs-commercial-google-play-badge-en-600x232.png 600w, https:\/\/www.volume-software.com\/wp-content\/uploads\/2019\/06\/vs-commercial-google-play-badge-en.png 646w\" sizes=\"auto, (max-width: 190px) 100vw, 190px\" \/><\/a><a href=\"https:\/\/apps.apple.com\/us\/app\/vs-commercial\/id1469543176\"><img loading=\"lazy\" decoding=\"async\" class=\"aligncenter size-full wp-image-1572\" src=\"https:\/\/www.volume-software.com\/wp-content\/uploads\/2019\/07\/vs-commercial-app-store-badge-en.png\" alt=\"\" width=\"148\" height=\"50\" srcset=\"https:\/\/www.volume-software.com\/wp-content\/uploads\/2019\/07\/vs-commercial-app-store-badge-en.png 148w, https:\/\/www.volume-software.com\/wp-content\/uploads\/2019\/07\/vs-commercial-app-store-badge-en-145x50.png 145w\" sizes=\"auto, (max-width: 148px) 100vw, 148px\" \/><\/a><\/p>\n","protected":false},"excerpt":{"rendered":"<p>VS Commercial: Aplikacja po\u0142\u0105czona z ERP Volume Software Uwaga: Chocia\u017c ta prezentacja wideo VS Commercial jest w j\u0119zyku francuskim, aplikacja mobilna jest dost\u0119pna w j\u0119zyku angielskim. VS Commercial towarzyszy zespo\u0142om sprzeda\u017cowym w ka\u017cdym miejscu i synchronizuje si\u0119 z ERP, aby wygenerowa\u0107 analiz\u0119 rozk\u0142adu przychod\u00f3w. B\u0119dziesz m\u00f3g\u0142 uporz\u0105dkowa\u0107 te przychody wed\u0142ug grup, klient\u00f3w, przedstawicieli handlowych, rodzin, [&hellip;]<\/p>\n","protected":false},"author":10,"featured_media":0,"parent":2893,"menu_order":0,"comment_status":"closed","ping_status":"closed","template":"","meta":{"footnotes":""},"class_list":["post-2928","page","type-page","status-publish","hentry"],"yoast_head":"<!-- This site is optimized with the Yoast SEO plugin v27.4 - https:\/\/yoast.com\/product\/yoast-seo-wordpress\/ -->\n<title>VS Mobile - Volume Software<\/title>\n<meta name=\"description\" content=\"VS Commercial towarzyszy zespo\u0142om sprzeda\u017cowym w ka\u017cdym miejscu i synchronizuje si\u0119 z ERP, aby wygenerowa\u0107 analiz\u0119 rozk\u0142adu przychod\u00f3w.\" \/>\n<meta name=\"robots\" content=\"index, follow, max-snippet:-1, max-image-preview:large, max-video-preview:-1\" \/>\n<link rel=\"canonical\" href=\"https:\/\/www.volume-software.com\/pl\/nasze-rozwiazania\/vs-mobile\/\" \/>\n<meta property=\"og:locale\" content=\"pl_PL\" \/>\n<meta property=\"og:type\" content=\"article\" \/>\n<meta property=\"og:title\" content=\"VS Mobile - Volume Software\" \/>\n<meta property=\"og:description\" content=\"VS Commercial towarzyszy zespo\u0142om sprzeda\u017cowym w ka\u017cdym miejscu i synchronizuje si\u0119 z ERP, aby wygenerowa\u0107 analiz\u0119 rozk\u0142adu przychod\u00f3w.\" \/>\n<meta property=\"og:url\" content=\"https:\/\/www.volume-software.com\/pl\/nasze-rozwiazania\/vs-mobile\/\" \/>\n<meta property=\"og:site_name\" content=\"Volume Software\" \/>\n<meta property=\"article:publisher\" content=\"https:\/\/www.facebook.com\/pages\/Volume-Software\/216816211713393\" \/>\n<meta property=\"article:modified_time\" content=\"2022-07-06T08:03:23+00:00\" \/>\n<meta property=\"og:image\" content=\"https:\/\/www.volume-software.com\/wp-content\/uploads\/2019\/06\/vs-commercial-google-play-badge-en-190x74.png\" \/>\n<meta name=\"twitter:card\" content=\"summary_large_image\" \/>\n<meta name=\"twitter:site\" content=\"@VolumeSoftware\" \/>\n<meta name=\"twitter:label1\" content=\"Szacowany czas czytania\" \/>\n\t<meta name=\"twitter:data1\" content=\"2 minuty\" \/>\n<script type=\"application\/ld+json\" class=\"yoast-schema-graph\">{\"@context\":\"https:\\\/\\\/schema.org\",\"@graph\":[{\"@type\":\"WebPage\",\"@id\":\"https:\\\/\\\/www.volume-software.com\\\/pl\\\/nasze-rozwiazania\\\/vs-mobile\\\/\",\"url\":\"https:\\\/\\\/www.volume-software.com\\\/pl\\\/nasze-rozwiazania\\\/vs-mobile\\\/\",\"name\":\"VS Mobile - Volume Software\",\"isPartOf\":{\"@id\":\"https:\\\/\\\/www.volume-software.com\\\/#website\"},\"primaryImageOfPage\":{\"@id\":\"https:\\\/\\\/www.volume-software.com\\\/pl\\\/nasze-rozwiazania\\\/vs-mobile\\\/#primaryimage\"},\"image\":{\"@id\":\"https:\\\/\\\/www.volume-software.com\\\/pl\\\/nasze-rozwiazania\\\/vs-mobile\\\/#primaryimage\"},\"thumbnailUrl\":\"https:\\\/\\\/www.volume-software.com\\\/wp-content\\\/uploads\\\/2019\\\/06\\\/vs-commercial-google-play-badge-en-190x74.png\",\"datePublished\":\"2022-07-05T14:42:38+00:00\",\"dateModified\":\"2022-07-06T08:03:23+00:00\",\"description\":\"VS Commercial towarzyszy zespo\u0142om sprzeda\u017cowym w ka\u017cdym miejscu i synchronizuje si\u0119 z ERP, aby wygenerowa\u0107 analiz\u0119 rozk\u0142adu przychod\u00f3w.\",\"breadcrumb\":{\"@id\":\"https:\\\/\\\/www.volume-software.com\\\/pl\\\/nasze-rozwiazania\\\/vs-mobile\\\/#breadcrumb\"},\"inLanguage\":\"pl-PL\",\"potentialAction\":[{\"@type\":\"ReadAction\",\"target\":[\"https:\\\/\\\/www.volume-software.com\\\/pl\\\/nasze-rozwiazania\\\/vs-mobile\\\/\"]}]},{\"@type\":\"ImageObject\",\"inLanguage\":\"pl-PL\",\"@id\":\"https:\\\/\\\/www.volume-software.com\\\/pl\\\/nasze-rozwiazania\\\/vs-mobile\\\/#primaryimage\",\"url\":\"https:\\\/\\\/www.volume-software.com\\\/wp-content\\\/uploads\\\/2019\\\/06\\\/vs-commercial-google-play-badge-en-190x74.png\",\"contentUrl\":\"https:\\\/\\\/www.volume-software.com\\\/wp-content\\\/uploads\\\/2019\\\/06\\\/vs-commercial-google-play-badge-en-190x74.png\"},{\"@type\":\"BreadcrumbList\",\"@id\":\"https:\\\/\\\/www.volume-software.com\\\/pl\\\/nasze-rozwiazania\\\/vs-mobile\\\/#breadcrumb\",\"itemListElement\":[{\"@type\":\"ListItem\",\"position\":1,\"name\":\"Volume Software\",\"item\":\"https:\\\/\\\/www.volume-software.com\\\/pl\\\/\"},{\"@type\":\"ListItem\",\"position\":2,\"name\":\"Nasze rozwi\u0105zania\",\"item\":\"https:\\\/\\\/www.volume-software.com\\\/pl\\\/nasze-rozwiazania\\\/\"},{\"@type\":\"ListItem\",\"position\":3,\"name\":\"VS Mobile\"}]},{\"@type\":\"WebSite\",\"@id\":\"https:\\\/\\\/www.volume-software.com\\\/#website\",\"url\":\"https:\\\/\\\/www.volume-software.com\\\/\",\"name\":\"Volume Software\",\"description\":\"Producent systemu ERP dla bran\u017cy opakowaniowej i poligraficznej\",\"publisher\":{\"@id\":\"https:\\\/\\\/www.volume-software.com\\\/#organization\"},\"potentialAction\":[{\"@type\":\"SearchAction\",\"target\":{\"@type\":\"EntryPoint\",\"urlTemplate\":\"https:\\\/\\\/www.volume-software.com\\\/?s={search_term_string}\"},\"query-input\":{\"@type\":\"PropertyValueSpecification\",\"valueRequired\":true,\"valueName\":\"search_term_string\"}}],\"inLanguage\":\"pl-PL\"},{\"@type\":\"Organization\",\"@id\":\"https:\\\/\\\/www.volume-software.com\\\/#organization\",\"name\":\"Volume Software\",\"url\":\"https:\\\/\\\/www.volume-software.com\\\/\",\"logo\":{\"@type\":\"ImageObject\",\"inLanguage\":\"pl-PL\",\"@id\":\"https:\\\/\\\/www.volume-software.com\\\/#\\\/schema\\\/logo\\\/image\\\/\",\"url\":\"http:\\\/\\\/www.volume-software.com\\\/wp-content\\\/uploads\\\/2015\\\/02\\\/volume_software.png\",\"contentUrl\":\"http:\\\/\\\/www.volume-software.com\\\/wp-content\\\/uploads\\\/2015\\\/02\\\/volume_software.png\",\"width\":900,\"height\":264,\"caption\":\"Volume Software\"},\"image\":{\"@id\":\"https:\\\/\\\/www.volume-software.com\\\/#\\\/schema\\\/logo\\\/image\\\/\"},\"sameAs\":[\"https:\\\/\\\/www.facebook.com\\\/pages\\\/Volume-Software\\\/216816211713393\",\"https:\\\/\\\/x.com\\\/VolumeSoftware\",\"https:\\\/\\\/www.linkedin.com\\\/company\\\/volume-software\",\"https:\\\/\\\/www.youtube.com\\\/user\\\/VolumeSoftware\"]}]}<\/script>\n<!-- \/ Yoast SEO plugin. -->","yoast_head_json":{"title":"VS Mobile - Volume Software","description":"VS Commercial towarzyszy zespo\u0142om sprzeda\u017cowym w ka\u017cdym miejscu i synchronizuje si\u0119 z ERP, aby wygenerowa\u0107 analiz\u0119 rozk\u0142adu przychod\u00f3w.","robots":{"index":"index","follow":"follow","max-snippet":"max-snippet:-1","max-image-preview":"max-image-preview:large","max-video-preview":"max-video-preview:-1"},"canonical":"https:\/\/www.volume-software.com\/pl\/nasze-rozwiazania\/vs-mobile\/","og_locale":"pl_PL","og_type":"article","og_title":"VS Mobile - Volume Software","og_description":"VS Commercial towarzyszy zespo\u0142om sprzeda\u017cowym w ka\u017cdym miejscu i synchronizuje si\u0119 z ERP, aby wygenerowa\u0107 analiz\u0119 rozk\u0142adu przychod\u00f3w.","og_url":"https:\/\/www.volume-software.com\/pl\/nasze-rozwiazania\/vs-mobile\/","og_site_name":"Volume Software","article_publisher":"https:\/\/www.facebook.com\/pages\/Volume-Software\/216816211713393","article_modified_time":"2022-07-06T08:03:23+00:00","og_image":[{"url":"https:\/\/www.volume-software.com\/wp-content\/uploads\/2019\/06\/vs-commercial-google-play-badge-en-190x74.png","type":"","width":"","height":""}],"twitter_card":"summary_large_image","twitter_site":"@VolumeSoftware","twitter_misc":{"Szacowany czas czytania":"2 minuty"},"schema":{"@context":"https:\/\/schema.org","@graph":[{"@type":"WebPage","@id":"https:\/\/www.volume-software.com\/pl\/nasze-rozwiazania\/vs-mobile\/","url":"https:\/\/www.volume-software.com\/pl\/nasze-rozwiazania\/vs-mobile\/","name":"VS Mobile - Volume Software","isPartOf":{"@id":"https:\/\/www.volume-software.com\/#website"},"primaryImageOfPage":{"@id":"https:\/\/www.volume-software.com\/pl\/nasze-rozwiazania\/vs-mobile\/#primaryimage"},"image":{"@id":"https:\/\/www.volume-software.com\/pl\/nasze-rozwiazania\/vs-mobile\/#primaryimage"},"thumbnailUrl":"https:\/\/www.volume-software.com\/wp-content\/uploads\/2019\/06\/vs-commercial-google-play-badge-en-190x74.png","datePublished":"2022-07-05T14:42:38+00:00","dateModified":"2022-07-06T08:03:23+00:00","description":"VS Commercial towarzyszy zespo\u0142om sprzeda\u017cowym w ka\u017cdym miejscu i synchronizuje si\u0119 z ERP, aby wygenerowa\u0107 analiz\u0119 rozk\u0142adu przychod\u00f3w.","breadcrumb":{"@id":"https:\/\/www.volume-software.com\/pl\/nasze-rozwiazania\/vs-mobile\/#breadcrumb"},"inLanguage":"pl-PL","potentialAction":[{"@type":"ReadAction","target":["https:\/\/www.volume-software.com\/pl\/nasze-rozwiazania\/vs-mobile\/"]}]},{"@type":"ImageObject","inLanguage":"pl-PL","@id":"https:\/\/www.volume-software.com\/pl\/nasze-rozwiazania\/vs-mobile\/#primaryimage","url":"https:\/\/www.volume-software.com\/wp-content\/uploads\/2019\/06\/vs-commercial-google-play-badge-en-190x74.png","contentUrl":"https:\/\/www.volume-software.com\/wp-content\/uploads\/2019\/06\/vs-commercial-google-play-badge-en-190x74.png"},{"@type":"BreadcrumbList","@id":"https:\/\/www.volume-software.com\/pl\/nasze-rozwiazania\/vs-mobile\/#breadcrumb","itemListElement":[{"@type":"ListItem","position":1,"name":"Volume Software","item":"https:\/\/www.volume-software.com\/pl\/"},{"@type":"ListItem","position":2,"name":"Nasze rozwi\u0105zania","item":"https:\/\/www.volume-software.com\/pl\/nasze-rozwiazania\/"},{"@type":"ListItem","position":3,"name":"VS Mobile"}]},{"@type":"WebSite","@id":"https:\/\/www.volume-software.com\/#website","url":"https:\/\/www.volume-software.com\/","name":"Volume Software","description":"Producent systemu ERP dla bran\u017cy opakowaniowej i poligraficznej","publisher":{"@id":"https:\/\/www.volume-software.com\/#organization"},"potentialAction":[{"@type":"SearchAction","target":{"@type":"EntryPoint","urlTemplate":"https:\/\/www.volume-software.com\/?s={search_term_string}"},"query-input":{"@type":"PropertyValueSpecification","valueRequired":true,"valueName":"search_term_string"}}],"inLanguage":"pl-PL"},{"@type":"Organization","@id":"https:\/\/www.volume-software.com\/#organization","name":"Volume Software","url":"https:\/\/www.volume-software.com\/","logo":{"@type":"ImageObject","inLanguage":"pl-PL","@id":"https:\/\/www.volume-software.com\/#\/schema\/logo\/image\/","url":"http:\/\/www.volume-software.com\/wp-content\/uploads\/2015\/02\/volume_software.png","contentUrl":"http:\/\/www.volume-software.com\/wp-content\/uploads\/2015\/02\/volume_software.png","width":900,"height":264,"caption":"Volume Software"},"image":{"@id":"https:\/\/www.volume-software.com\/#\/schema\/logo\/image\/"},"sameAs":["https:\/\/www.facebook.com\/pages\/Volume-Software\/216816211713393","https:\/\/x.com\/VolumeSoftware","https:\/\/www.linkedin.com\/company\/volume-software","https:\/\/www.youtube.com\/user\/VolumeSoftware"]}]}},"_links":{"self":[{"href":"https:\/\/www.volume-software.com\/pl\/wp-json\/wp\/v2\/pages\/2928","targetHints":{"allow":["GET"]}}],"collection":[{"href":"https:\/\/www.volume-software.com\/pl\/wp-json\/wp\/v2\/pages"}],"about":[{"href":"https:\/\/www.volume-software.com\/pl\/wp-json\/wp\/v2\/types\/page"}],"author":[{"embeddable":true,"href":"https:\/\/www.volume-software.com\/pl\/wp-json\/wp\/v2\/users\/10"}],"replies":[{"embeddable":true,"href":"https:\/\/www.volume-software.com\/pl\/wp-json\/wp\/v2\/comments?post=2928"}],"version-history":[{"count":3,"href":"https:\/\/www.volume-software.com\/pl\/wp-json\/wp\/v2\/pages\/2928\/revisions"}],"predecessor-version":[{"id":3020,"href":"https:\/\/www.volume-software.com\/pl\/wp-json\/wp\/v2\/pages\/2928\/revisions\/3020"}],"up":[{"embeddable":true,"href":"https:\/\/www.volume-software.com\/pl\/wp-json\/wp\/v2\/pages\/2893"}],"wp:attachment":[{"href":"https:\/\/www.volume-software.com\/pl\/wp-json\/wp\/v2\/media?parent=2928"}],"curies":[{"name":"wp","href":"https:\/\/api.w.org\/{rel}","templated":true}]}}