{"id":2918,"date":"2022-07-05T14:45:44","date_gmt":"2022-07-05T14:45:44","guid":{"rendered":"https:\/\/www.volume-software.com\/?page_id=2918"},"modified":"2022-07-06T08:01:24","modified_gmt":"2022-07-06T08:01:24","slug":"reflexclient-cubes","status":"publish","type":"page","link":"https:\/\/www.volume-software.com\/pl\/nasze-rozwiazania\/reflexclient-cubes\/","title":{"rendered":"ReflexClient Cubes"},"content":{"rendered":"<p style=\"text-align: justify;\"><strong>ReflexClient Cubes<\/strong> to modu\u0142 wspomagania decyzji, kt\u00f3ry umo\u017cliwia eksploracj\u0119 danych systemu <a href=\"https:\/\/www.volume-software.com\/pl\/nasze-rozwiazania\/volupack-erp\/\">VoluPack<\/a>, <a href=\"https:\/\/www.volume-software.com\/pl\/nasze-rozwiazania\/voluprim-erp\/\">VoluPrim<\/a>, <a href=\"https:\/\/www.volume-software.com\/pl\/nasze-rozwiazania\/volulabel-system-erp\/\">VoluLabel<\/a> i Prosper ERP. Modu\u0142owa oferta proponuje r\u00f3\u017cne &#8220;kostki&#8221; danych dedykowane nast\u0119puj\u0105cym obszarom: kosztorysy, <strong>zam\u00f3wienia<\/strong>, <strong>fakturowanie<\/strong>, <strong>zakupy<\/strong>, <strong>koszty<\/strong>, <strong>produkcja, dostawa<\/strong> (lista ewolucyjna). ReflexClient Cubes mo\u017ce dzia\u0142a\u0107 jako samodzielny modu\u0142 lub by\u0107 zintegrowany z <a href=\"https:\/\/www.volume-software.com\/pl\/nasze-rozwiazania\/reflexclient-crm\/\">ReflexClient CRM<\/a>.<\/p>\n<h2 style=\"text-align: justify;\">Odkryj ReflexClient Cubes na filmie:<\/h2>\n<p><iframe loading=\"lazy\" title=\"Reflexclient 3 1\" width=\"810\" height=\"456\" src=\"https:\/\/www.youtube.com\/embed\/uggIb_0SIGM?feature=oembed\" frameborder=\"0\" allow=\"accelerometer; autoplay; clipboard-write; encrypted-media; gyroscope; picture-in-picture\" allowfullscreen><\/iframe><\/p>\n<p style=\"text-align: center;\"><em>Film do obejrzenia na pe\u0142nym ekranie.<\/em><\/p>\n<h2>\u0141atwe projektowanie pulpit\u00f3w.<\/h2>\n<ul>\n<li style=\"text-align: justify;\"><strong>Prosty, intuicyjny interfejs graficzny<\/strong> pozwala u\u017cytkownikowi ko\u0144cowemu budowa\u0107 konfigurowalne wykresy, grafiki i listy w kilku klikni\u0119ciach.<\/li>\n<li style=\"text-align: justify;\"><strong>Niezale\u017cny tryb pracy<\/strong>: zsynchronizuj &#8220;kostki&#8221; jednym klikni\u0119ciem i analizuj dane, gdy jeste\u015b w drodze.<\/li>\n<li style=\"text-align: justify;\"><strong>Poufno\u015b\u0107 i ograniczony dost\u0119p do danych<\/strong>: zazwyczaj przedstawiciel handlowy ma dost\u0119p tylko do danych klient\u00f3w, kt\u00f3rymi zarz\u0105dza.<\/li>\n<\/ul>\n<div id=\"attachment_477\" style=\"width: 610px\" class=\"wp-caption aligncenter\"><a href=\"https:\/\/www.volume-software.com\/wp-content\/uploads\/2015\/04\/ReflexClient-Cubes-top-client.jpg\" data-rel=\"lightbox-image-0\" data-rl_title=\"\" data-rl_caption=\"\" title=\"\"><img loading=\"lazy\" decoding=\"async\" aria-describedby=\"caption-attachment-477\" class=\"wp-image-477 size-large\" src=\"https:\/\/www.volume-software.com\/wp-content\/uploads\/2015\/04\/ReflexClient-Cubes-top-client-600x424.jpg\" alt=\"ReflexClient Cubes : 30 najlepszych klient\u00f3w w kilka klikni\u0119\u0107\" width=\"600\" height=\"424\" srcset=\"https:\/\/www.volume-software.com\/wp-content\/uploads\/2015\/04\/ReflexClient-Cubes-top-client-600x424.jpg 600w, https:\/\/www.volume-software.com\/wp-content\/uploads\/2015\/04\/ReflexClient-Cubes-top-client-190x134.jpg 190w, https:\/\/www.volume-software.com\/wp-content\/uploads\/2015\/04\/ReflexClient-Cubes-top-client-400x283.jpg 400w, https:\/\/www.volume-software.com\/wp-content\/uploads\/2015\/04\/ReflexClient-Cubes-top-client-810x573.jpg 810w, https:\/\/www.volume-software.com\/wp-content\/uploads\/2015\/04\/ReflexClient-Cubes-top-client-1140x806.jpg 1140w, https:\/\/www.volume-software.com\/wp-content\/uploads\/2015\/04\/ReflexClient-Cubes-top-client.jpg 1266w\" sizes=\"auto, (max-width: 600px) 100vw, 600px\" \/><\/a><p id=\"caption-attachment-477\" class=\"wp-caption-text\">ReflexClient Cubes : 30 najlepszych klient\u00f3w w kilka klikni\u0119\u0107<\/p><\/div>\n<p style=\"text-align: justify;\">Wykresy s\u0105 generowane automatycznie w zale\u017cno\u015bci od przeprowadzonych analiz. Jednym klikni\u0119ciem mo\u017cna wybra\u0107 spo\u015br\u00f3d wielu typ\u00f3w wykres\u00f3w: <strong>krzywe<\/strong>, <strong>histogramy<\/strong>, <strong>sektory<\/strong>, <strong>p\u0105czki<\/strong>, <strong>piramidy<\/strong>, <strong>lejki<\/strong>, itp.<\/p>\n<div id=\"attachment_479\" style=\"width: 610px\" class=\"wp-caption aligncenter\"><a href=\"https:\/\/www.volume-software.com\/wp-content\/uploads\/2015\/04\/ReflexClient-Cubes-graphique-2.jpg\" data-rel=\"lightbox-image-1\" data-rl_title=\"\" data-rl_caption=\"\" title=\"\"><img loading=\"lazy\" decoding=\"async\" aria-describedby=\"caption-attachment-479\" class=\"wp-image-479 size-large\" src=\"https:\/\/www.volume-software.com\/wp-content\/uploads\/2015\/04\/ReflexClient-Cubes-graphique-2-600x303.jpg\" alt=\"ReflexClient Cubes : analiza zmian obrot\u00f3w N, N-1, N-2 za ostatnie 6 miesi\u0119cy\" width=\"600\" height=\"303\" srcset=\"https:\/\/www.volume-software.com\/wp-content\/uploads\/2015\/04\/ReflexClient-Cubes-graphique-2-600x303.jpg 600w, https:\/\/www.volume-software.com\/wp-content\/uploads\/2015\/04\/ReflexClient-Cubes-graphique-2-190x96.jpg 190w, https:\/\/www.volume-software.com\/wp-content\/uploads\/2015\/04\/ReflexClient-Cubes-graphique-2-400x202.jpg 400w, https:\/\/www.volume-software.com\/wp-content\/uploads\/2015\/04\/ReflexClient-Cubes-graphique-2-810x410.jpg 810w, https:\/\/www.volume-software.com\/wp-content\/uploads\/2015\/04\/ReflexClient-Cubes-graphique-2-1140x577.jpg 1140w, https:\/\/www.volume-software.com\/wp-content\/uploads\/2015\/04\/ReflexClient-Cubes-graphique-2.jpg 1720w\" sizes=\"auto, (max-width: 600px) 100vw, 600px\" \/><\/a><p id=\"caption-attachment-479\" class=\"wp-caption-text\">ReflexClient Cubes : analiza zmian obrot\u00f3w N, N-1, N-2 za ostatnie 6 miesi\u0119cy<\/p><\/div>\n<div id=\"attachment_481\" style=\"width: 610px\" class=\"wp-caption aligncenter\"><a href=\"https:\/\/www.volume-software.com\/wp-content\/uploads\/2015\/04\/ReflexClient-Cubes-graphique-1.jpg\" data-rel=\"lightbox-image-2\" data-rl_title=\"\" data-rl_caption=\"\" title=\"\"><img loading=\"lazy\" decoding=\"async\" aria-describedby=\"caption-attachment-481\" class=\"wp-image-481 size-large\" src=\"https:\/\/www.volume-software.com\/wp-content\/uploads\/2015\/04\/ReflexClient-Cubes-graphique-1-600x306.jpg\" alt=\"ReflexClient Cubes : kszta\u0142towanie si\u0119 trendu obrot\u00f3w N, N-1, N-2 w uj\u0119ciu tygodniowym\" width=\"600\" height=\"306\" srcset=\"https:\/\/www.volume-software.com\/wp-content\/uploads\/2015\/04\/ReflexClient-Cubes-graphique-1-600x306.jpg 600w, https:\/\/www.volume-software.com\/wp-content\/uploads\/2015\/04\/ReflexClient-Cubes-graphique-1-190x97.jpg 190w, https:\/\/www.volume-software.com\/wp-content\/uploads\/2015\/04\/ReflexClient-Cubes-graphique-1-400x204.jpg 400w, https:\/\/www.volume-software.com\/wp-content\/uploads\/2015\/04\/ReflexClient-Cubes-graphique-1-810x413.jpg 810w, https:\/\/www.volume-software.com\/wp-content\/uploads\/2015\/04\/ReflexClient-Cubes-graphique-1-1140x581.jpg 1140w, https:\/\/www.volume-software.com\/wp-content\/uploads\/2015\/04\/ReflexClient-Cubes-graphique-1.jpg 1710w\" sizes=\"auto, (max-width: 600px) 100vw, 600px\" \/><\/a><p id=\"caption-attachment-481\" class=\"wp-caption-text\">ReflexClient Cubes : kszta\u0142towanie si\u0119 trendu obrot\u00f3w N, N-1, N-2 w uj\u0119ciu tygodniowym<\/p><\/div>\n<h2>Swoje &#8220;kostki&#8221; buduj w spos\u00f3b autonomiczny.<\/h2>\n<p style=\"text-align: justify;\">Dzi\u0119ki <strong>ReflexClient Cubes<\/strong>, u\u017cytkownik ko\u0144cowy jest niezale\u017cny przy projektowaniu swoich wykres\u00f3w i diagram\u00f3w. NIe jest wymagana umiej\u0119tno\u015b\u0107 obs\u0142ugi komputera. Aby mie\u0107 gotow\u0105 &#8216;kostk\u0119&#8217; wystarczy przeci\u0105gn\u0105\u0107 i upu\u015bci\u0107 dane oraz warto\u015bci w budowany panel !<\/p>\n<div id=\"attachment_495\" style=\"width: 610px\" class=\"wp-caption aligncenter\"><a href=\"https:\/\/www.volume-software.com\/wp-content\/uploads\/2015\/04\/ReflexClient-Cubes-construction2.jpg\" data-rel=\"lightbox-image-3\" data-rl_title=\"\" data-rl_caption=\"\" title=\"\"><img loading=\"lazy\" decoding=\"async\" aria-describedby=\"caption-attachment-495\" class=\"wp-image-495 size-large\" src=\"https:\/\/www.volume-software.com\/wp-content\/uploads\/2015\/04\/ReflexClient-Cubes-construction2-600x301.jpg\" alt=\"ReflexClient Cubes: budowanie \" width=\"600\" height=\"301\" srcset=\"https:\/\/www.volume-software.com\/wp-content\/uploads\/2015\/04\/ReflexClient-Cubes-construction2-600x301.jpg 600w, https:\/\/www.volume-software.com\/wp-content\/uploads\/2015\/04\/ReflexClient-Cubes-construction2-190x95.jpg 190w, https:\/\/www.volume-software.com\/wp-content\/uploads\/2015\/04\/ReflexClient-Cubes-construction2-400x201.jpg 400w, https:\/\/www.volume-software.com\/wp-content\/uploads\/2015\/04\/ReflexClient-Cubes-construction2-810x407.jpg 810w, https:\/\/www.volume-software.com\/wp-content\/uploads\/2015\/04\/ReflexClient-Cubes-construction2-1140x573.jpg 1140w, https:\/\/www.volume-software.com\/wp-content\/uploads\/2015\/04\/ReflexClient-Cubes-construction2.jpg 1509w\" sizes=\"auto, (max-width: 600px) 100vw, 600px\" \/><\/a><p id=\"caption-attachment-495\" class=\"wp-caption-text\">ReflexClient Cubes: budowanie &#8220;kostki&#8221;. Autonomiczno\u015b\u0107 ko\u0144cowego u\u017cytkownika. KO\u0144cowy u\u017cytkownik jest w pe\u0142ni niezale\u017cny.<\/p><\/div>\n<h2>Analiza danych: wychwytywanie b\u0142\u0119d\u00f3w.<\/h2>\n<p style=\"text-align: justify;\">ReflexClient Cubes s\u0142u\u017cy nie tylko do budowania wykres\u00f3w. Je\u015bli chcemy dowiedzie\u0107 si\u0119 czego\u015b wi\u0119cej pozwala na zag\u0142ebienie si\u0119 w dane i ich struktur\u0119. Funkcja <strong>zestawiania danych<\/strong> pozwala na dog\u0142\u0119bne przyjrzenie si\u0119 klientowi, w razie potrzeby zej\u015bcie nawet do poziomu faktury.<\/p>\n<div id=\"attachment_497\" style=\"width: 610px\" class=\"wp-caption aligncenter\"><a href=\"https:\/\/www.volume-software.com\/wp-content\/uploads\/2015\/04\/ReflexClient-Cubes-decomposition.jpg\" data-rel=\"lightbox-image-4\" data-rl_title=\"\" data-rl_caption=\"\" title=\"\"><img loading=\"lazy\" decoding=\"async\" aria-describedby=\"caption-attachment-497\" class=\"wp-image-497 size-large\" src=\"https:\/\/www.volume-software.com\/wp-content\/uploads\/2015\/04\/ReflexClient-Cubes-decomposition-600x323.jpg\" alt=\"ReflexClient Cubes: dekomponowanie, sortowanie, filtrowanie aby lepiej zrozumie\u0107 dane.\" width=\"600\" height=\"323\" srcset=\"https:\/\/www.volume-software.com\/wp-content\/uploads\/2015\/04\/ReflexClient-Cubes-decomposition-600x323.jpg 600w, https:\/\/www.volume-software.com\/wp-content\/uploads\/2015\/04\/ReflexClient-Cubes-decomposition-190x102.jpg 190w, https:\/\/www.volume-software.com\/wp-content\/uploads\/2015\/04\/ReflexClient-Cubes-decomposition-400x216.jpg 400w, https:\/\/www.volume-software.com\/wp-content\/uploads\/2015\/04\/ReflexClient-Cubes-decomposition-810x436.jpg 810w, https:\/\/www.volume-software.com\/wp-content\/uploads\/2015\/04\/ReflexClient-Cubes-decomposition-1140x614.jpg 1140w, https:\/\/www.volume-software.com\/wp-content\/uploads\/2015\/04\/ReflexClient-Cubes-decomposition.jpg 1561w\" sizes=\"auto, (max-width: 600px) 100vw, 600px\" \/><\/a><p id=\"caption-attachment-497\" class=\"wp-caption-text\">ReflexClient Cubes: dekomponowanie, sortowanie, filtrowanie, aby lepiej zrozumie\u0107 dane.<\/p><\/div>\n<h2>Listy konfigurowalne.<\/h2>\n<p style=\"text-align: justify;\">Dla ka\u017cdego uwzgl\u0119dnionego pola (kosztorysy, zam\u00f3wienia, fakturowanie, zakupy, cena kosztowa, produkcja, itp) (lista ewolucyjna) mo\u017cna budowa\u0107 &#8220;kostki&#8221; jak r\u00f3wnie\u017c konfigurowalne listy. Na przyk\u0142ad w przypadku &#8220;obszaru faktur&#8221; listy te mog\u0105 zawiera\u0107 szczeg\u00f3\u0142y wszystkich numer\u00f3w faktur. Dzi\u0119ki szybkim filtrom w tych zestawieniach mo\u017cna \u0142atwo znale\u017a\u0107 wyszukiwane informacje. Za pomoc\u0105 jednego klikni\u0119cia listy te mo\u017cna wyeksportowa\u0107 do programu Excel (lub Open Office).<\/p>\n<p style=\"text-align: justify;\"><a href=\"https:\/\/www.volume-software.com\/wp-content\/uploads\/2015\/04\/ReflexClient-Cubes-listes-configurables.jpg\" data-rel=\"lightbox-image-5\" data-rl_title=\"\" data-rl_caption=\"\" title=\"\"><img loading=\"lazy\" decoding=\"async\" class=\"aligncenter size-large wp-image-504\" src=\"https:\/\/www.volume-software.com\/wp-content\/uploads\/2015\/04\/ReflexClient-Cubes-listes-configurables-600x359.jpg\" alt=\"ReflexClient-Cubes - konfigurowalne listy\" width=\"600\" height=\"359\" srcset=\"https:\/\/www.volume-software.com\/wp-content\/uploads\/2015\/04\/ReflexClient-Cubes-listes-configurables-600x359.jpg 600w, https:\/\/www.volume-software.com\/wp-content\/uploads\/2015\/04\/ReflexClient-Cubes-listes-configurables-190x114.jpg 190w, https:\/\/www.volume-software.com\/wp-content\/uploads\/2015\/04\/ReflexClient-Cubes-listes-configurables-400x239.jpg 400w, https:\/\/www.volume-software.com\/wp-content\/uploads\/2015\/04\/ReflexClient-Cubes-listes-configurables-810x485.jpg 810w, https:\/\/www.volume-software.com\/wp-content\/uploads\/2015\/04\/ReflexClient-Cubes-listes-configurables-1140x682.jpg 1140w, https:\/\/www.volume-software.com\/wp-content\/uploads\/2015\/04\/ReflexClient-Cubes-listes-configurables.jpg 1275w\" sizes=\"auto, (max-width: 600px) 100vw, 600px\" \/><\/a><\/p>\n<p style=\"text-align: justify;\">\n","protected":false},"excerpt":{"rendered":"<p>ReflexClient Cubes to modu\u0142 wspomagania decyzji, kt\u00f3ry umo\u017cliwia eksploracj\u0119 danych systemu VoluPack, VoluPrim, VoluLabel i Prosper ERP. Modu\u0142owa oferta proponuje r\u00f3\u017cne &#8220;kostki&#8221; danych dedykowane nast\u0119puj\u0105cym obszarom: kosztorysy, zam\u00f3wienia, fakturowanie, zakupy, koszty, produkcja, dostawa (lista ewolucyjna). ReflexClient Cubes mo\u017ce dzia\u0142a\u0107 jako samodzielny modu\u0142 lub by\u0107 zintegrowany z ReflexClient CRM. Odkryj ReflexClient Cubes na filmie: Film do [&hellip;]<\/p>\n","protected":false},"author":1,"featured_media":2883,"parent":2893,"menu_order":0,"comment_status":"closed","ping_status":"closed","template":"","meta":{"footnotes":""},"class_list":["post-2918","page","type-page","status-publish","has-post-thumbnail","hentry"],"yoast_head":"<!-- This site is optimized with the Yoast SEO plugin v27.3 - https:\/\/yoast.com\/product\/yoast-seo-wordpress\/ -->\n<title>ReflexClient Cubes - Volume Software<\/title>\n<meta name=\"description\" content=\"ReflexClient Cubes to modu\u0142 wspomagania decyzji, kt\u00f3ry umo\u017cliwia eksploracj\u0119 danych system\u00f3w VoluPack, VoluPrim, VoluLabel i Prosper ERP.\" \/>\n<meta name=\"robots\" content=\"index, follow, max-snippet:-1, max-image-preview:large, max-video-preview:-1\" \/>\n<link rel=\"canonical\" href=\"https:\/\/www.volume-software.com\/pl\/nasze-rozwiazania\/reflexclient-cubes\/\" \/>\n<meta property=\"og:locale\" content=\"pl_PL\" \/>\n<meta property=\"og:type\" content=\"article\" \/>\n<meta property=\"og:title\" content=\"ReflexClient Cubes - Volume Software\" \/>\n<meta property=\"og:description\" content=\"ReflexClient Cubes to modu\u0142 wspomagania decyzji, kt\u00f3ry umo\u017cliwia eksploracj\u0119 danych system\u00f3w VoluPack, VoluPrim, VoluLabel i Prosper ERP.\" \/>\n<meta property=\"og:url\" content=\"https:\/\/www.volume-software.com\/pl\/nasze-rozwiazania\/reflexclient-cubes\/\" \/>\n<meta property=\"og:site_name\" content=\"Volume Software\" \/>\n<meta property=\"article:publisher\" content=\"https:\/\/www.facebook.com\/pages\/Volume-Software\/216816211713393\" \/>\n<meta property=\"article:modified_time\" content=\"2022-07-06T08:01:24+00:00\" \/>\n<meta property=\"og:image\" content=\"https:\/\/www.volume-software.com\/wp-content\/uploads\/2015\/02\/volume_software.png\" \/>\n\t<meta property=\"og:image:width\" content=\"900\" \/>\n\t<meta property=\"og:image:height\" content=\"264\" \/>\n\t<meta property=\"og:image:type\" content=\"image\/png\" \/>\n<meta name=\"twitter:card\" content=\"summary_large_image\" \/>\n<meta name=\"twitter:site\" content=\"@VolumeSoftware\" \/>\n<meta name=\"twitter:label1\" content=\"Szacowany czas czytania\" \/>\n\t<meta name=\"twitter:data1\" content=\"4 minuty\" \/>\n<script type=\"application\/ld+json\" class=\"yoast-schema-graph\">{\"@context\":\"https:\\\/\\\/schema.org\",\"@graph\":[{\"@type\":\"WebPage\",\"@id\":\"https:\\\/\\\/www.volume-software.com\\\/pl\\\/nasze-rozwiazania\\\/reflexclient-cubes\\\/\",\"url\":\"https:\\\/\\\/www.volume-software.com\\\/pl\\\/nasze-rozwiazania\\\/reflexclient-cubes\\\/\",\"name\":\"ReflexClient Cubes - Volume Software\",\"isPartOf\":{\"@id\":\"https:\\\/\\\/www.volume-software.com\\\/#website\"},\"primaryImageOfPage\":{\"@id\":\"https:\\\/\\\/www.volume-software.com\\\/pl\\\/nasze-rozwiazania\\\/reflexclient-cubes\\\/#primaryimage\"},\"image\":{\"@id\":\"https:\\\/\\\/www.volume-software.com\\\/pl\\\/nasze-rozwiazania\\\/reflexclient-cubes\\\/#primaryimage\"},\"thumbnailUrl\":\"https:\\\/\\\/www.volume-software.com\\\/wp-content\\\/uploads\\\/2015\\\/02\\\/volume_software.png\",\"datePublished\":\"2022-07-05T14:45:44+00:00\",\"dateModified\":\"2022-07-06T08:01:24+00:00\",\"description\":\"ReflexClient Cubes to modu\u0142 wspomagania decyzji, kt\u00f3ry umo\u017cliwia eksploracj\u0119 danych system\u00f3w VoluPack, VoluPrim, VoluLabel i Prosper ERP.\",\"breadcrumb\":{\"@id\":\"https:\\\/\\\/www.volume-software.com\\\/pl\\\/nasze-rozwiazania\\\/reflexclient-cubes\\\/#breadcrumb\"},\"inLanguage\":\"pl-PL\",\"potentialAction\":[{\"@type\":\"ReadAction\",\"target\":[\"https:\\\/\\\/www.volume-software.com\\\/pl\\\/nasze-rozwiazania\\\/reflexclient-cubes\\\/\"]}]},{\"@type\":\"ImageObject\",\"inLanguage\":\"pl-PL\",\"@id\":\"https:\\\/\\\/www.volume-software.com\\\/pl\\\/nasze-rozwiazania\\\/reflexclient-cubes\\\/#primaryimage\",\"url\":\"https:\\\/\\\/www.volume-software.com\\\/wp-content\\\/uploads\\\/2015\\\/02\\\/volume_software.png\",\"contentUrl\":\"https:\\\/\\\/www.volume-software.com\\\/wp-content\\\/uploads\\\/2015\\\/02\\\/volume_software.png\",\"width\":900,\"height\":264},{\"@type\":\"BreadcrumbList\",\"@id\":\"https:\\\/\\\/www.volume-software.com\\\/pl\\\/nasze-rozwiazania\\\/reflexclient-cubes\\\/#breadcrumb\",\"itemListElement\":[{\"@type\":\"ListItem\",\"position\":1,\"name\":\"Volume Software\",\"item\":\"https:\\\/\\\/www.volume-software.com\\\/pl\\\/\"},{\"@type\":\"ListItem\",\"position\":2,\"name\":\"Nasze rozwi\u0105zania\",\"item\":\"https:\\\/\\\/www.volume-software.com\\\/pl\\\/nasze-rozwiazania\\\/\"},{\"@type\":\"ListItem\",\"position\":3,\"name\":\"ReflexClient Cubes\"}]},{\"@type\":\"WebSite\",\"@id\":\"https:\\\/\\\/www.volume-software.com\\\/#website\",\"url\":\"https:\\\/\\\/www.volume-software.com\\\/\",\"name\":\"Volume Software\",\"description\":\"Producent systemu ERP dla bran\u017cy opakowaniowej i poligraficznej\",\"publisher\":{\"@id\":\"https:\\\/\\\/www.volume-software.com\\\/#organization\"},\"potentialAction\":[{\"@type\":\"SearchAction\",\"target\":{\"@type\":\"EntryPoint\",\"urlTemplate\":\"https:\\\/\\\/www.volume-software.com\\\/?s={search_term_string}\"},\"query-input\":{\"@type\":\"PropertyValueSpecification\",\"valueRequired\":true,\"valueName\":\"search_term_string\"}}],\"inLanguage\":\"pl-PL\"},{\"@type\":\"Organization\",\"@id\":\"https:\\\/\\\/www.volume-software.com\\\/#organization\",\"name\":\"Volume Software\",\"url\":\"https:\\\/\\\/www.volume-software.com\\\/\",\"logo\":{\"@type\":\"ImageObject\",\"inLanguage\":\"pl-PL\",\"@id\":\"https:\\\/\\\/www.volume-software.com\\\/#\\\/schema\\\/logo\\\/image\\\/\",\"url\":\"http:\\\/\\\/www.volume-software.com\\\/wp-content\\\/uploads\\\/2015\\\/02\\\/volume_software.png\",\"contentUrl\":\"http:\\\/\\\/www.volume-software.com\\\/wp-content\\\/uploads\\\/2015\\\/02\\\/volume_software.png\",\"width\":900,\"height\":264,\"caption\":\"Volume Software\"},\"image\":{\"@id\":\"https:\\\/\\\/www.volume-software.com\\\/#\\\/schema\\\/logo\\\/image\\\/\"},\"sameAs\":[\"https:\\\/\\\/www.facebook.com\\\/pages\\\/Volume-Software\\\/216816211713393\",\"https:\\\/\\\/x.com\\\/VolumeSoftware\",\"https:\\\/\\\/www.linkedin.com\\\/company\\\/volume-software\",\"https:\\\/\\\/www.youtube.com\\\/user\\\/VolumeSoftware\"]}]}<\/script>\n<!-- \/ Yoast SEO plugin. -->","yoast_head_json":{"title":"ReflexClient Cubes - Volume Software","description":"ReflexClient Cubes to modu\u0142 wspomagania decyzji, kt\u00f3ry umo\u017cliwia eksploracj\u0119 danych system\u00f3w VoluPack, VoluPrim, VoluLabel i Prosper ERP.","robots":{"index":"index","follow":"follow","max-snippet":"max-snippet:-1","max-image-preview":"max-image-preview:large","max-video-preview":"max-video-preview:-1"},"canonical":"https:\/\/www.volume-software.com\/pl\/nasze-rozwiazania\/reflexclient-cubes\/","og_locale":"pl_PL","og_type":"article","og_title":"ReflexClient Cubes - Volume Software","og_description":"ReflexClient Cubes to modu\u0142 wspomagania decyzji, kt\u00f3ry umo\u017cliwia eksploracj\u0119 danych system\u00f3w VoluPack, VoluPrim, VoluLabel i Prosper ERP.","og_url":"https:\/\/www.volume-software.com\/pl\/nasze-rozwiazania\/reflexclient-cubes\/","og_site_name":"Volume Software","article_publisher":"https:\/\/www.facebook.com\/pages\/Volume-Software\/216816211713393","article_modified_time":"2022-07-06T08:01:24+00:00","og_image":[{"width":900,"height":264,"url":"https:\/\/www.volume-software.com\/wp-content\/uploads\/2015\/02\/volume_software.png","type":"image\/png"}],"twitter_card":"summary_large_image","twitter_site":"@VolumeSoftware","twitter_misc":{"Szacowany czas czytania":"4 minuty"},"schema":{"@context":"https:\/\/schema.org","@graph":[{"@type":"WebPage","@id":"https:\/\/www.volume-software.com\/pl\/nasze-rozwiazania\/reflexclient-cubes\/","url":"https:\/\/www.volume-software.com\/pl\/nasze-rozwiazania\/reflexclient-cubes\/","name":"ReflexClient Cubes - Volume Software","isPartOf":{"@id":"https:\/\/www.volume-software.com\/#website"},"primaryImageOfPage":{"@id":"https:\/\/www.volume-software.com\/pl\/nasze-rozwiazania\/reflexclient-cubes\/#primaryimage"},"image":{"@id":"https:\/\/www.volume-software.com\/pl\/nasze-rozwiazania\/reflexclient-cubes\/#primaryimage"},"thumbnailUrl":"https:\/\/www.volume-software.com\/wp-content\/uploads\/2015\/02\/volume_software.png","datePublished":"2022-07-05T14:45:44+00:00","dateModified":"2022-07-06T08:01:24+00:00","description":"ReflexClient Cubes to modu\u0142 wspomagania decyzji, kt\u00f3ry umo\u017cliwia eksploracj\u0119 danych system\u00f3w VoluPack, VoluPrim, VoluLabel i Prosper ERP.","breadcrumb":{"@id":"https:\/\/www.volume-software.com\/pl\/nasze-rozwiazania\/reflexclient-cubes\/#breadcrumb"},"inLanguage":"pl-PL","potentialAction":[{"@type":"ReadAction","target":["https:\/\/www.volume-software.com\/pl\/nasze-rozwiazania\/reflexclient-cubes\/"]}]},{"@type":"ImageObject","inLanguage":"pl-PL","@id":"https:\/\/www.volume-software.com\/pl\/nasze-rozwiazania\/reflexclient-cubes\/#primaryimage","url":"https:\/\/www.volume-software.com\/wp-content\/uploads\/2015\/02\/volume_software.png","contentUrl":"https:\/\/www.volume-software.com\/wp-content\/uploads\/2015\/02\/volume_software.png","width":900,"height":264},{"@type":"BreadcrumbList","@id":"https:\/\/www.volume-software.com\/pl\/nasze-rozwiazania\/reflexclient-cubes\/#breadcrumb","itemListElement":[{"@type":"ListItem","position":1,"name":"Volume Software","item":"https:\/\/www.volume-software.com\/pl\/"},{"@type":"ListItem","position":2,"name":"Nasze rozwi\u0105zania","item":"https:\/\/www.volume-software.com\/pl\/nasze-rozwiazania\/"},{"@type":"ListItem","position":3,"name":"ReflexClient Cubes"}]},{"@type":"WebSite","@id":"https:\/\/www.volume-software.com\/#website","url":"https:\/\/www.volume-software.com\/","name":"Volume Software","description":"Producent systemu ERP dla bran\u017cy opakowaniowej i poligraficznej","publisher":{"@id":"https:\/\/www.volume-software.com\/#organization"},"potentialAction":[{"@type":"SearchAction","target":{"@type":"EntryPoint","urlTemplate":"https:\/\/www.volume-software.com\/?s={search_term_string}"},"query-input":{"@type":"PropertyValueSpecification","valueRequired":true,"valueName":"search_term_string"}}],"inLanguage":"pl-PL"},{"@type":"Organization","@id":"https:\/\/www.volume-software.com\/#organization","name":"Volume Software","url":"https:\/\/www.volume-software.com\/","logo":{"@type":"ImageObject","inLanguage":"pl-PL","@id":"https:\/\/www.volume-software.com\/#\/schema\/logo\/image\/","url":"http:\/\/www.volume-software.com\/wp-content\/uploads\/2015\/02\/volume_software.png","contentUrl":"http:\/\/www.volume-software.com\/wp-content\/uploads\/2015\/02\/volume_software.png","width":900,"height":264,"caption":"Volume Software"},"image":{"@id":"https:\/\/www.volume-software.com\/#\/schema\/logo\/image\/"},"sameAs":["https:\/\/www.facebook.com\/pages\/Volume-Software\/216816211713393","https:\/\/x.com\/VolumeSoftware","https:\/\/www.linkedin.com\/company\/volume-software","https:\/\/www.youtube.com\/user\/VolumeSoftware"]}]}},"_links":{"self":[{"href":"https:\/\/www.volume-software.com\/pl\/wp-json\/wp\/v2\/pages\/2918","targetHints":{"allow":["GET"]}}],"collection":[{"href":"https:\/\/www.volume-software.com\/pl\/wp-json\/wp\/v2\/pages"}],"about":[{"href":"https:\/\/www.volume-software.com\/pl\/wp-json\/wp\/v2\/types\/page"}],"author":[{"embeddable":true,"href":"https:\/\/www.volume-software.com\/pl\/wp-json\/wp\/v2\/users\/1"}],"replies":[{"embeddable":true,"href":"https:\/\/www.volume-software.com\/pl\/wp-json\/wp\/v2\/comments?post=2918"}],"version-history":[{"count":4,"href":"https:\/\/www.volume-software.com\/pl\/wp-json\/wp\/v2\/pages\/2918\/revisions"}],"predecessor-version":[{"id":3016,"href":"https:\/\/www.volume-software.com\/pl\/wp-json\/wp\/v2\/pages\/2918\/revisions\/3016"}],"up":[{"embeddable":true,"href":"https:\/\/www.volume-software.com\/pl\/wp-json\/wp\/v2\/pages\/2893"}],"wp:featuredmedia":[{"embeddable":true,"href":"https:\/\/www.volume-software.com\/pl\/wp-json\/wp\/v2\/media\/2883"}],"wp:attachment":[{"href":"https:\/\/www.volume-software.com\/pl\/wp-json\/wp\/v2\/media?parent=2918"}],"curies":[{"name":"wp","href":"https:\/\/api.w.org\/{rel}","templated":true}]}}