{"id":2898,"date":"2022-07-05T14:46:28","date_gmt":"2022-07-05T14:46:28","guid":{"rendered":"https:\/\/www.volume-software.com\/?page_id=2898"},"modified":"2022-07-08T07:44:16","modified_gmt":"2022-07-08T07:44:16","slug":"direct-planning","status":"publish","type":"page","link":"https:\/\/www.volume-software.com\/pl\/nasze-rozwiazania\/direct-planning\/","title":{"rendered":"Direct Planning"},"content":{"rendered":"<p style=\"text-align: justify;\"><em><strong>Direct Planning Industry<\/strong><\/em> to oprogramowanie do tworzenia harmonogram\u00f3w, zaprojektowane specjalnie do modelowania harmonogram\u00f3w produkcji przemys\u0142owej w ma\u0142ych i \u015brednich przedsi\u0119biorstwach. Wysoce konfigurowalny, pomaga w tworzeniu harmonogram\u00f3w przy zachowaniu zgodno\u015bci ze \u015bcie\u017ckami produkcji i ograniczeniami czasowymi.<\/p>\n<p style=\"text-align: justify;\">Direct Planning jest wyposa\u017cone w otwarty interfejs, kompatybilny ze wszystkimi systemami ERP. Jest on natywnie zintegrowany z systemami ERP <a href=\"https:\/\/www.volume-software.com\/pl\/nasze-rozwiazania\/volupack-erp\/\">VoluPack<\/a>, <a href=\"https:\/\/www.volume-software.com\/pl\/nasze-rozwiazania\/voluprim-erp\/\">VoluPrim<\/a> i <a href=\"https:\/\/www.volume-software.com\/pl\/nasze-rozwiazania\/volulabel-system-erp\/\">VoluLabel<\/a>.<\/p>\n<p><a href=\"https:\/\/www.volume-software.com\/wp-content\/uploads\/2022\/07\/directplanning-pl.png\" data-rel=\"lightbox-image-0\" data-rl_title=\"\" data-rl_caption=\"\" title=\"\"><img loading=\"lazy\" decoding=\"async\" class=\"aligncenter size-large wp-image-3228\" src=\"https:\/\/www.volume-software.com\/wp-content\/uploads\/2022\/07\/directplanning-pl-600x314.png\" alt=\"\" width=\"600\" height=\"314\" srcset=\"https:\/\/www.volume-software.com\/wp-content\/uploads\/2022\/07\/directplanning-pl-600x314.png 600w, https:\/\/www.volume-software.com\/wp-content\/uploads\/2022\/07\/directplanning-pl-400x210.png 400w, https:\/\/www.volume-software.com\/wp-content\/uploads\/2022\/07\/directplanning-pl-190x100.png 190w, https:\/\/www.volume-software.com\/wp-content\/uploads\/2022\/07\/directplanning-pl-768x402.png 768w, https:\/\/www.volume-software.com\/wp-content\/uploads\/2022\/07\/directplanning-pl-1536x805.png 1536w, https:\/\/www.volume-software.com\/wp-content\/uploads\/2022\/07\/directplanning-pl-810x424.png 810w, https:\/\/www.volume-software.com\/wp-content\/uploads\/2022\/07\/directplanning-pl-1140x597.png 1140w, https:\/\/www.volume-software.com\/wp-content\/uploads\/2022\/07\/directplanning-pl-375x195.png 375w, https:\/\/www.volume-software.com\/wp-content\/uploads\/2022\/07\/directplanning-pl.png 1901w\" sizes=\"auto, (max-width: 600px) 100vw, 600px\" \/><\/a><\/p>\n<p style=\"text-align: center;\"><a class=\"mks_button mks_button_large rounded\" href=\"https:\/\/www.directplanning.com\/pl\/direct-planning-produkcja\/\" target=\"_self\" style=\"color: #FFFFFF; background-color: #0092DF;\" >Przeczytaj wi\u0119cej o Direct Planning<\/a>\n<p style=\"text-align: justify;\">Kr\u00f3tki film przedstawiaj\u0105cy cechy <em><strong>Direct Planning Industry <\/strong>(w j\u0119zyku francuskim)<\/em><\/p>\n<p><iframe loading=\"lazy\" title=\"Direct Planning Industrie - Pr\u00e9sentation (Logiciel planning)\" width=\"810\" height=\"456\" src=\"https:\/\/www.youtube.com\/embed\/YkgFWHi45mI?feature=oembed\" frameborder=\"0\" allow=\"accelerometer; autoplay; clipboard-write; encrypted-media; gyroscope; picture-in-picture\" allowfullscreen><\/iframe><\/p>\n","protected":false},"excerpt":{"rendered":"<p>Direct Planning Industry to oprogramowanie do tworzenia harmonogram\u00f3w, zaprojektowane specjalnie do modelowania harmonogram\u00f3w produkcji przemys\u0142owej w ma\u0142ych i \u015brednich przedsi\u0119biorstwach. Wysoce konfigurowalny, pomaga w tworzeniu harmonogram\u00f3w przy zachowaniu zgodno\u015bci ze \u015bcie\u017ckami produkcji i ograniczeniami czasowymi. Direct Planning jest wyposa\u017cone w otwarty interfejs, kompatybilny ze wszystkimi systemami ERP. Jest on natywnie zintegrowany z systemami ERP VoluPack, [&hellip;]<\/p>\n","protected":false},"author":1,"featured_media":2899,"parent":2893,"menu_order":0,"comment_status":"closed","ping_status":"closed","template":"","meta":{"footnotes":""},"class_list":["post-2898","page","type-page","status-publish","has-post-thumbnail","hentry"],"yoast_head":"<!-- This site is optimized with the Yoast SEO plugin v27.3 - https:\/\/yoast.com\/product\/yoast-seo-wordpress\/ -->\n<title>Direct Planning - Volume Software<\/title>\n<meta name=\"description\" content=\"Direct Planning Industry to oprogramowanie do tworzenia harmonogram\u00f3w, zaprojektowane specjalnie do modelowania harmonogram\u00f3w produkcji przemys\u0142owej w ma\u0142ych i \u015brednich przedsi\u0119biorstwach.\" \/>\n<meta name=\"robots\" content=\"index, follow, max-snippet:-1, max-image-preview:large, max-video-preview:-1\" \/>\n<link rel=\"canonical\" href=\"https:\/\/www.volume-software.com\/pl\/nasze-rozwiazania\/direct-planning\/\" \/>\n<meta property=\"og:locale\" content=\"pl_PL\" \/>\n<meta property=\"og:type\" content=\"article\" \/>\n<meta property=\"og:title\" content=\"Direct Planning - Volume Software\" \/>\n<meta property=\"og:description\" content=\"Direct Planning Industry to oprogramowanie do tworzenia harmonogram\u00f3w, zaprojektowane specjalnie do modelowania harmonogram\u00f3w produkcji przemys\u0142owej w ma\u0142ych i \u015brednich przedsi\u0119biorstwach.\" \/>\n<meta property=\"og:url\" content=\"https:\/\/www.volume-software.com\/pl\/nasze-rozwiazania\/direct-planning\/\" \/>\n<meta property=\"og:site_name\" content=\"Volume Software\" \/>\n<meta property=\"article:publisher\" content=\"https:\/\/www.facebook.com\/pages\/Volume-Software\/216816211713393\" \/>\n<meta property=\"article:modified_time\" content=\"2022-07-08T07:44:16+00:00\" \/>\n<meta property=\"og:image\" content=\"https:\/\/www.volume-software.com\/wp-content\/uploads\/2015\/04\/DirectPlanning-entete.jpg\" \/>\n\t<meta property=\"og:image:width\" content=\"810\" \/>\n\t<meta property=\"og:image:height\" content=\"254\" \/>\n\t<meta property=\"og:image:type\" content=\"image\/jpeg\" \/>\n<meta name=\"twitter:card\" content=\"summary_large_image\" \/>\n<meta name=\"twitter:site\" content=\"@VolumeSoftware\" \/>\n<meta name=\"twitter:label1\" content=\"Szacowany czas czytania\" \/>\n\t<meta name=\"twitter:data1\" content=\"1 minuta\" \/>\n<script type=\"application\/ld+json\" class=\"yoast-schema-graph\">{\"@context\":\"https:\\\/\\\/schema.org\",\"@graph\":[{\"@type\":\"WebPage\",\"@id\":\"https:\\\/\\\/www.volume-software.com\\\/pl\\\/nasze-rozwiazania\\\/direct-planning\\\/\",\"url\":\"https:\\\/\\\/www.volume-software.com\\\/pl\\\/nasze-rozwiazania\\\/direct-planning\\\/\",\"name\":\"Direct Planning - Volume Software\",\"isPartOf\":{\"@id\":\"https:\\\/\\\/www.volume-software.com\\\/#website\"},\"primaryImageOfPage\":{\"@id\":\"https:\\\/\\\/www.volume-software.com\\\/pl\\\/nasze-rozwiazania\\\/direct-planning\\\/#primaryimage\"},\"image\":{\"@id\":\"https:\\\/\\\/www.volume-software.com\\\/pl\\\/nasze-rozwiazania\\\/direct-planning\\\/#primaryimage\"},\"thumbnailUrl\":\"https:\\\/\\\/www.volume-software.com\\\/wp-content\\\/uploads\\\/2015\\\/04\\\/DirectPlanning-entete.jpg\",\"datePublished\":\"2022-07-05T14:46:28+00:00\",\"dateModified\":\"2022-07-08T07:44:16+00:00\",\"description\":\"Direct Planning Industry to oprogramowanie do tworzenia harmonogram\u00f3w, zaprojektowane specjalnie do modelowania harmonogram\u00f3w produkcji przemys\u0142owej w ma\u0142ych i \u015brednich przedsi\u0119biorstwach.\",\"breadcrumb\":{\"@id\":\"https:\\\/\\\/www.volume-software.com\\\/pl\\\/nasze-rozwiazania\\\/direct-planning\\\/#breadcrumb\"},\"inLanguage\":\"pl-PL\",\"potentialAction\":[{\"@type\":\"ReadAction\",\"target\":[\"https:\\\/\\\/www.volume-software.com\\\/pl\\\/nasze-rozwiazania\\\/direct-planning\\\/\"]}]},{\"@type\":\"ImageObject\",\"inLanguage\":\"pl-PL\",\"@id\":\"https:\\\/\\\/www.volume-software.com\\\/pl\\\/nasze-rozwiazania\\\/direct-planning\\\/#primaryimage\",\"url\":\"https:\\\/\\\/www.volume-software.com\\\/wp-content\\\/uploads\\\/2015\\\/04\\\/DirectPlanning-entete.jpg\",\"contentUrl\":\"https:\\\/\\\/www.volume-software.com\\\/wp-content\\\/uploads\\\/2015\\\/04\\\/DirectPlanning-entete.jpg\",\"width\":810,\"height\":254},{\"@type\":\"BreadcrumbList\",\"@id\":\"https:\\\/\\\/www.volume-software.com\\\/pl\\\/nasze-rozwiazania\\\/direct-planning\\\/#breadcrumb\",\"itemListElement\":[{\"@type\":\"ListItem\",\"position\":1,\"name\":\"Volume Software\",\"item\":\"https:\\\/\\\/www.volume-software.com\\\/pl\\\/\"},{\"@type\":\"ListItem\",\"position\":2,\"name\":\"Nasze rozwi\u0105zania\",\"item\":\"https:\\\/\\\/www.volume-software.com\\\/pl\\\/nasze-rozwiazania\\\/\"},{\"@type\":\"ListItem\",\"position\":3,\"name\":\"Direct Planning\"}]},{\"@type\":\"WebSite\",\"@id\":\"https:\\\/\\\/www.volume-software.com\\\/#website\",\"url\":\"https:\\\/\\\/www.volume-software.com\\\/\",\"name\":\"Volume Software\",\"description\":\"Producent systemu ERP dla bran\u017cy opakowaniowej i poligraficznej\",\"publisher\":{\"@id\":\"https:\\\/\\\/www.volume-software.com\\\/#organization\"},\"potentialAction\":[{\"@type\":\"SearchAction\",\"target\":{\"@type\":\"EntryPoint\",\"urlTemplate\":\"https:\\\/\\\/www.volume-software.com\\\/?s={search_term_string}\"},\"query-input\":{\"@type\":\"PropertyValueSpecification\",\"valueRequired\":true,\"valueName\":\"search_term_string\"}}],\"inLanguage\":\"pl-PL\"},{\"@type\":\"Organization\",\"@id\":\"https:\\\/\\\/www.volume-software.com\\\/#organization\",\"name\":\"Volume Software\",\"url\":\"https:\\\/\\\/www.volume-software.com\\\/\",\"logo\":{\"@type\":\"ImageObject\",\"inLanguage\":\"pl-PL\",\"@id\":\"https:\\\/\\\/www.volume-software.com\\\/#\\\/schema\\\/logo\\\/image\\\/\",\"url\":\"http:\\\/\\\/www.volume-software.com\\\/wp-content\\\/uploads\\\/2015\\\/02\\\/volume_software.png\",\"contentUrl\":\"http:\\\/\\\/www.volume-software.com\\\/wp-content\\\/uploads\\\/2015\\\/02\\\/volume_software.png\",\"width\":900,\"height\":264,\"caption\":\"Volume Software\"},\"image\":{\"@id\":\"https:\\\/\\\/www.volume-software.com\\\/#\\\/schema\\\/logo\\\/image\\\/\"},\"sameAs\":[\"https:\\\/\\\/www.facebook.com\\\/pages\\\/Volume-Software\\\/216816211713393\",\"https:\\\/\\\/x.com\\\/VolumeSoftware\",\"https:\\\/\\\/www.linkedin.com\\\/company\\\/volume-software\",\"https:\\\/\\\/www.youtube.com\\\/user\\\/VolumeSoftware\"]}]}<\/script>\n<!-- \/ Yoast SEO plugin. -->","yoast_head_json":{"title":"Direct Planning - Volume Software","description":"Direct Planning Industry to oprogramowanie do tworzenia harmonogram\u00f3w, zaprojektowane specjalnie do modelowania harmonogram\u00f3w produkcji przemys\u0142owej w ma\u0142ych i \u015brednich przedsi\u0119biorstwach.","robots":{"index":"index","follow":"follow","max-snippet":"max-snippet:-1","max-image-preview":"max-image-preview:large","max-video-preview":"max-video-preview:-1"},"canonical":"https:\/\/www.volume-software.com\/pl\/nasze-rozwiazania\/direct-planning\/","og_locale":"pl_PL","og_type":"article","og_title":"Direct Planning - Volume Software","og_description":"Direct Planning Industry to oprogramowanie do tworzenia harmonogram\u00f3w, zaprojektowane specjalnie do modelowania harmonogram\u00f3w produkcji przemys\u0142owej w ma\u0142ych i \u015brednich przedsi\u0119biorstwach.","og_url":"https:\/\/www.volume-software.com\/pl\/nasze-rozwiazania\/direct-planning\/","og_site_name":"Volume Software","article_publisher":"https:\/\/www.facebook.com\/pages\/Volume-Software\/216816211713393","article_modified_time":"2022-07-08T07:44:16+00:00","og_image":[{"width":810,"height":254,"url":"https:\/\/www.volume-software.com\/wp-content\/uploads\/2015\/04\/DirectPlanning-entete.jpg","type":"image\/jpeg"}],"twitter_card":"summary_large_image","twitter_site":"@VolumeSoftware","twitter_misc":{"Szacowany czas czytania":"1 minuta"},"schema":{"@context":"https:\/\/schema.org","@graph":[{"@type":"WebPage","@id":"https:\/\/www.volume-software.com\/pl\/nasze-rozwiazania\/direct-planning\/","url":"https:\/\/www.volume-software.com\/pl\/nasze-rozwiazania\/direct-planning\/","name":"Direct Planning - Volume Software","isPartOf":{"@id":"https:\/\/www.volume-software.com\/#website"},"primaryImageOfPage":{"@id":"https:\/\/www.volume-software.com\/pl\/nasze-rozwiazania\/direct-planning\/#primaryimage"},"image":{"@id":"https:\/\/www.volume-software.com\/pl\/nasze-rozwiazania\/direct-planning\/#primaryimage"},"thumbnailUrl":"https:\/\/www.volume-software.com\/wp-content\/uploads\/2015\/04\/DirectPlanning-entete.jpg","datePublished":"2022-07-05T14:46:28+00:00","dateModified":"2022-07-08T07:44:16+00:00","description":"Direct Planning Industry to oprogramowanie do tworzenia harmonogram\u00f3w, zaprojektowane specjalnie do modelowania harmonogram\u00f3w produkcji przemys\u0142owej w ma\u0142ych i \u015brednich przedsi\u0119biorstwach.","breadcrumb":{"@id":"https:\/\/www.volume-software.com\/pl\/nasze-rozwiazania\/direct-planning\/#breadcrumb"},"inLanguage":"pl-PL","potentialAction":[{"@type":"ReadAction","target":["https:\/\/www.volume-software.com\/pl\/nasze-rozwiazania\/direct-planning\/"]}]},{"@type":"ImageObject","inLanguage":"pl-PL","@id":"https:\/\/www.volume-software.com\/pl\/nasze-rozwiazania\/direct-planning\/#primaryimage","url":"https:\/\/www.volume-software.com\/wp-content\/uploads\/2015\/04\/DirectPlanning-entete.jpg","contentUrl":"https:\/\/www.volume-software.com\/wp-content\/uploads\/2015\/04\/DirectPlanning-entete.jpg","width":810,"height":254},{"@type":"BreadcrumbList","@id":"https:\/\/www.volume-software.com\/pl\/nasze-rozwiazania\/direct-planning\/#breadcrumb","itemListElement":[{"@type":"ListItem","position":1,"name":"Volume Software","item":"https:\/\/www.volume-software.com\/pl\/"},{"@type":"ListItem","position":2,"name":"Nasze rozwi\u0105zania","item":"https:\/\/www.volume-software.com\/pl\/nasze-rozwiazania\/"},{"@type":"ListItem","position":3,"name":"Direct Planning"}]},{"@type":"WebSite","@id":"https:\/\/www.volume-software.com\/#website","url":"https:\/\/www.volume-software.com\/","name":"Volume Software","description":"Producent systemu ERP dla bran\u017cy opakowaniowej i poligraficznej","publisher":{"@id":"https:\/\/www.volume-software.com\/#organization"},"potentialAction":[{"@type":"SearchAction","target":{"@type":"EntryPoint","urlTemplate":"https:\/\/www.volume-software.com\/?s={search_term_string}"},"query-input":{"@type":"PropertyValueSpecification","valueRequired":true,"valueName":"search_term_string"}}],"inLanguage":"pl-PL"},{"@type":"Organization","@id":"https:\/\/www.volume-software.com\/#organization","name":"Volume Software","url":"https:\/\/www.volume-software.com\/","logo":{"@type":"ImageObject","inLanguage":"pl-PL","@id":"https:\/\/www.volume-software.com\/#\/schema\/logo\/image\/","url":"http:\/\/www.volume-software.com\/wp-content\/uploads\/2015\/02\/volume_software.png","contentUrl":"http:\/\/www.volume-software.com\/wp-content\/uploads\/2015\/02\/volume_software.png","width":900,"height":264,"caption":"Volume Software"},"image":{"@id":"https:\/\/www.volume-software.com\/#\/schema\/logo\/image\/"},"sameAs":["https:\/\/www.facebook.com\/pages\/Volume-Software\/216816211713393","https:\/\/x.com\/VolumeSoftware","https:\/\/www.linkedin.com\/company\/volume-software","https:\/\/www.youtube.com\/user\/VolumeSoftware"]}]}},"_links":{"self":[{"href":"https:\/\/www.volume-software.com\/pl\/wp-json\/wp\/v2\/pages\/2898","targetHints":{"allow":["GET"]}}],"collection":[{"href":"https:\/\/www.volume-software.com\/pl\/wp-json\/wp\/v2\/pages"}],"about":[{"href":"https:\/\/www.volume-software.com\/pl\/wp-json\/wp\/v2\/types\/page"}],"author":[{"embeddable":true,"href":"https:\/\/www.volume-software.com\/pl\/wp-json\/wp\/v2\/users\/1"}],"replies":[{"embeddable":true,"href":"https:\/\/www.volume-software.com\/pl\/wp-json\/wp\/v2\/comments?post=2898"}],"version-history":[{"count":4,"href":"https:\/\/www.volume-software.com\/pl\/wp-json\/wp\/v2\/pages\/2898\/revisions"}],"predecessor-version":[{"id":3232,"href":"https:\/\/www.volume-software.com\/pl\/wp-json\/wp\/v2\/pages\/2898\/revisions\/3232"}],"up":[{"embeddable":true,"href":"https:\/\/www.volume-software.com\/pl\/wp-json\/wp\/v2\/pages\/2893"}],"wp:featuredmedia":[{"embeddable":true,"href":"https:\/\/www.volume-software.com\/pl\/wp-json\/wp\/v2\/media\/2899"}],"wp:attachment":[{"href":"https:\/\/www.volume-software.com\/pl\/wp-json\/wp\/v2\/media?parent=2898"}],"curies":[{"name":"wp","href":"https:\/\/api.w.org\/{rel}","templated":true}]}}