{"id":2895,"date":"2022-07-05T14:48:05","date_gmt":"2022-07-05T14:48:05","guid":{"rendered":"https:\/\/www.volume-software.com\/?page_id=2895"},"modified":"2022-08-29T14:57:37","modified_gmt":"2022-08-29T14:57:37","slug":"nasze-wsparcie","status":"publish","type":"page","link":"https:\/\/www.volume-software.com\/pl\/nasze-wsparcie\/","title":{"rendered":"Nasze wsparcie"},"content":{"rendered":"<h2>Sukces Twojego projektu ERP<\/h2>\n<p style=\"text-align: justify;\"><strong>Powodzenie projektu ERP<\/strong> wymaga silnego zaanga\u017cowania klienta i integratora. Cel musi by\u0107 jasno okre\u015blony, zrozumia\u0142y dla wszystkich u\u017cytkownik\u00f3w i wspierany przez kierownictwo firmy. Zaanga\u017cowanie i proaktywno\u015b\u0107 u\u017cytkownik\u00f3w s\u0105 czynnikami ko\u0144cowego sukcesu projektu.<\/p>\n<p style=\"text-align: justify;\"><img loading=\"lazy\" decoding=\"async\" class=\"aligncenter wp-image-301 size-medium\" src=\"https:\/\/www.volume-software.com\/wp-content\/uploads\/2015\/04\/service-1-400x241.jpg\" alt=\"Volume Software - Wsparcie\" width=\"400\" height=\"241\" srcset=\"https:\/\/www.volume-software.com\/wp-content\/uploads\/2015\/04\/service-1-400x241.jpg 400w, https:\/\/www.volume-software.com\/wp-content\/uploads\/2015\/04\/service-1-190x114.jpg 190w, https:\/\/www.volume-software.com\/wp-content\/uploads\/2015\/04\/service-1-600x361.jpg 600w, https:\/\/www.volume-software.com\/wp-content\/uploads\/2015\/04\/service-1-810x488.jpg 810w, https:\/\/www.volume-software.com\/wp-content\/uploads\/2015\/04\/service-1-1140x686.jpg 1140w, https:\/\/www.volume-software.com\/wp-content\/uploads\/2015\/04\/service-1.jpg 1596w\" sizes=\"auto, (max-width: 400px) 100vw, 400px\" \/><\/p>\n<p style=\"text-align: justify;\">Ca\u0142y zesp\u00f3\u0142 konsultant\u00f3w handlowych i in\u017cynier\u00f3w systemowych firmy Volume Software jest do Pa\u0144stwa dyspozycji na wszystkich etapach projektu.<\/p>\n<ul>\n<li><a href=\"https:\/\/www.volume-software.com\/pl\/nasze-wsparcie\/doradztwo-i-integracja\/\">Doradztwo i integracja<\/a><\/li>\n<li><a href=\"https:\/\/www.volume-software.com\/pl\/nasze-wsparcie\/szkolenie\/\">Szkolenie<\/a><\/li>\n<li><a href=\"https:\/\/www.volume-software.com\/pl\/nasze-wsparcie\/wsparcie\/\">Wsparcie &#8211; przed i posprzeda\u017cowe.<\/a><\/li>\n<\/ul>\n<p style=\"text-align: justify;\">Oprogramowanie Volume Software proponuje r\u00f3wnie\u017c <a href=\"https:\/\/www.volume-software.com\/pl\/nasze-wsparcie\/hosting-saas\/\">SaaS Hosting<\/a> (Software As A Service). Pozwala to na u\u0142atwienie wdro\u017cenia systemu ERP i zmniejszenie koszt\u00f3w jego u\u017cytkowania.<\/p>\n","protected":false},"excerpt":{"rendered":"<p>Sukces Twojego projektu ERP Powodzenie projektu ERP wymaga silnego zaanga\u017cowania klienta i integratora. Cel musi by\u0107 jasno okre\u015blony, zrozumia\u0142y dla wszystkich u\u017cytkownik\u00f3w i wspierany przez kierownictwo firmy. Zaanga\u017cowanie i proaktywno\u015b\u0107 u\u017cytkownik\u00f3w s\u0105 czynnikami ko\u0144cowego sukcesu projektu. Ca\u0142y zesp\u00f3\u0142 konsultant\u00f3w handlowych i in\u017cynier\u00f3w systemowych firmy Volume Software jest do Pa\u0144stwa dyspozycji na wszystkich etapach projektu. Doradztwo [&hellip;]<\/p>\n","protected":false},"author":1,"featured_media":2883,"parent":0,"menu_order":0,"comment_status":"closed","ping_status":"closed","template":"","meta":{"footnotes":""},"class_list":["post-2895","page","type-page","status-publish","has-post-thumbnail","hentry"],"yoast_head":"<!-- This site is optimized with the Yoast SEO plugin v27.4 - https:\/\/yoast.com\/product\/yoast-seo-wordpress\/ -->\n<title>Nasze wsparcie - Volume Software<\/title>\n<meta name=\"description\" content=\"Sukces Twojego projektu ERP Powodzenie projektu ERP wymaga silnego zaanga\u017cowania klienta i integratora.\" \/>\n<meta name=\"robots\" content=\"index, follow, max-snippet:-1, max-image-preview:large, max-video-preview:-1\" \/>\n<link rel=\"canonical\" href=\"https:\/\/www.volume-software.com\/pl\/nasze-wsparcie\/\" \/>\n<meta property=\"og:locale\" content=\"pl_PL\" \/>\n<meta property=\"og:type\" content=\"article\" \/>\n<meta property=\"og:title\" content=\"Nasze wsparcie - Volume Software\" \/>\n<meta property=\"og:description\" content=\"Sukces Twojego projektu ERP Powodzenie projektu ERP wymaga silnego zaanga\u017cowania klienta i integratora.\" \/>\n<meta property=\"og:url\" content=\"https:\/\/www.volume-software.com\/pl\/nasze-wsparcie\/\" \/>\n<meta property=\"og:site_name\" content=\"Volume Software\" \/>\n<meta property=\"article:publisher\" content=\"https:\/\/www.facebook.com\/pages\/Volume-Software\/216816211713393\" \/>\n<meta property=\"article:modified_time\" content=\"2022-08-29T14:57:37+00:00\" \/>\n<meta property=\"og:image\" content=\"https:\/\/www.volume-software.com\/wp-content\/uploads\/2015\/02\/volume_software.png\" \/>\n\t<meta property=\"og:image:width\" content=\"900\" \/>\n\t<meta property=\"og:image:height\" content=\"264\" \/>\n\t<meta property=\"og:image:type\" content=\"image\/png\" \/>\n<meta name=\"twitter:card\" content=\"summary_large_image\" \/>\n<meta name=\"twitter:site\" content=\"@VolumeSoftware\" \/>\n<meta name=\"twitter:label1\" content=\"Szacowany czas czytania\" \/>\n\t<meta name=\"twitter:data1\" content=\"1 minuta\" \/>\n<script type=\"application\/ld+json\" class=\"yoast-schema-graph\">{\"@context\":\"https:\\\/\\\/schema.org\",\"@graph\":[{\"@type\":\"WebPage\",\"@id\":\"https:\\\/\\\/www.volume-software.com\\\/pl\\\/nasze-wsparcie\\\/\",\"url\":\"https:\\\/\\\/www.volume-software.com\\\/pl\\\/nasze-wsparcie\\\/\",\"name\":\"Nasze wsparcie - Volume Software\",\"isPartOf\":{\"@id\":\"https:\\\/\\\/www.volume-software.com\\\/#website\"},\"primaryImageOfPage\":{\"@id\":\"https:\\\/\\\/www.volume-software.com\\\/pl\\\/nasze-wsparcie\\\/#primaryimage\"},\"image\":{\"@id\":\"https:\\\/\\\/www.volume-software.com\\\/pl\\\/nasze-wsparcie\\\/#primaryimage\"},\"thumbnailUrl\":\"https:\\\/\\\/www.volume-software.com\\\/wp-content\\\/uploads\\\/2015\\\/02\\\/volume_software.png\",\"datePublished\":\"2022-07-05T14:48:05+00:00\",\"dateModified\":\"2022-08-29T14:57:37+00:00\",\"description\":\"Sukces Twojego projektu ERP Powodzenie projektu ERP wymaga silnego zaanga\u017cowania klienta i integratora.\",\"breadcrumb\":{\"@id\":\"https:\\\/\\\/www.volume-software.com\\\/pl\\\/nasze-wsparcie\\\/#breadcrumb\"},\"inLanguage\":\"pl-PL\",\"potentialAction\":[{\"@type\":\"ReadAction\",\"target\":[\"https:\\\/\\\/www.volume-software.com\\\/pl\\\/nasze-wsparcie\\\/\"]}]},{\"@type\":\"ImageObject\",\"inLanguage\":\"pl-PL\",\"@id\":\"https:\\\/\\\/www.volume-software.com\\\/pl\\\/nasze-wsparcie\\\/#primaryimage\",\"url\":\"https:\\\/\\\/www.volume-software.com\\\/wp-content\\\/uploads\\\/2015\\\/02\\\/volume_software.png\",\"contentUrl\":\"https:\\\/\\\/www.volume-software.com\\\/wp-content\\\/uploads\\\/2015\\\/02\\\/volume_software.png\",\"width\":900,\"height\":264},{\"@type\":\"BreadcrumbList\",\"@id\":\"https:\\\/\\\/www.volume-software.com\\\/pl\\\/nasze-wsparcie\\\/#breadcrumb\",\"itemListElement\":[{\"@type\":\"ListItem\",\"position\":1,\"name\":\"Volume Software\",\"item\":\"https:\\\/\\\/www.volume-software.com\\\/pl\\\/\"},{\"@type\":\"ListItem\",\"position\":2,\"name\":\"Nasze wsparcie\"}]},{\"@type\":\"WebSite\",\"@id\":\"https:\\\/\\\/www.volume-software.com\\\/#website\",\"url\":\"https:\\\/\\\/www.volume-software.com\\\/\",\"name\":\"Volume Software\",\"description\":\"Producent systemu ERP dla bran\u017cy opakowaniowej i poligraficznej\",\"publisher\":{\"@id\":\"https:\\\/\\\/www.volume-software.com\\\/#organization\"},\"potentialAction\":[{\"@type\":\"SearchAction\",\"target\":{\"@type\":\"EntryPoint\",\"urlTemplate\":\"https:\\\/\\\/www.volume-software.com\\\/?s={search_term_string}\"},\"query-input\":{\"@type\":\"PropertyValueSpecification\",\"valueRequired\":true,\"valueName\":\"search_term_string\"}}],\"inLanguage\":\"pl-PL\"},{\"@type\":\"Organization\",\"@id\":\"https:\\\/\\\/www.volume-software.com\\\/#organization\",\"name\":\"Volume Software\",\"url\":\"https:\\\/\\\/www.volume-software.com\\\/\",\"logo\":{\"@type\":\"ImageObject\",\"inLanguage\":\"pl-PL\",\"@id\":\"https:\\\/\\\/www.volume-software.com\\\/#\\\/schema\\\/logo\\\/image\\\/\",\"url\":\"http:\\\/\\\/www.volume-software.com\\\/wp-content\\\/uploads\\\/2015\\\/02\\\/volume_software.png\",\"contentUrl\":\"http:\\\/\\\/www.volume-software.com\\\/wp-content\\\/uploads\\\/2015\\\/02\\\/volume_software.png\",\"width\":900,\"height\":264,\"caption\":\"Volume Software\"},\"image\":{\"@id\":\"https:\\\/\\\/www.volume-software.com\\\/#\\\/schema\\\/logo\\\/image\\\/\"},\"sameAs\":[\"https:\\\/\\\/www.facebook.com\\\/pages\\\/Volume-Software\\\/216816211713393\",\"https:\\\/\\\/x.com\\\/VolumeSoftware\",\"https:\\\/\\\/www.linkedin.com\\\/company\\\/volume-software\",\"https:\\\/\\\/www.youtube.com\\\/user\\\/VolumeSoftware\"]}]}<\/script>\n<!-- \/ Yoast SEO plugin. -->","yoast_head_json":{"title":"Nasze wsparcie - Volume Software","description":"Sukces Twojego projektu ERP Powodzenie projektu ERP wymaga silnego zaanga\u017cowania klienta i integratora.","robots":{"index":"index","follow":"follow","max-snippet":"max-snippet:-1","max-image-preview":"max-image-preview:large","max-video-preview":"max-video-preview:-1"},"canonical":"https:\/\/www.volume-software.com\/pl\/nasze-wsparcie\/","og_locale":"pl_PL","og_type":"article","og_title":"Nasze wsparcie - Volume Software","og_description":"Sukces Twojego projektu ERP Powodzenie projektu ERP wymaga silnego zaanga\u017cowania klienta i integratora.","og_url":"https:\/\/www.volume-software.com\/pl\/nasze-wsparcie\/","og_site_name":"Volume Software","article_publisher":"https:\/\/www.facebook.com\/pages\/Volume-Software\/216816211713393","article_modified_time":"2022-08-29T14:57:37+00:00","og_image":[{"width":900,"height":264,"url":"https:\/\/www.volume-software.com\/wp-content\/uploads\/2015\/02\/volume_software.png","type":"image\/png"}],"twitter_card":"summary_large_image","twitter_site":"@VolumeSoftware","twitter_misc":{"Szacowany czas czytania":"1 minuta"},"schema":{"@context":"https:\/\/schema.org","@graph":[{"@type":"WebPage","@id":"https:\/\/www.volume-software.com\/pl\/nasze-wsparcie\/","url":"https:\/\/www.volume-software.com\/pl\/nasze-wsparcie\/","name":"Nasze wsparcie - Volume Software","isPartOf":{"@id":"https:\/\/www.volume-software.com\/#website"},"primaryImageOfPage":{"@id":"https:\/\/www.volume-software.com\/pl\/nasze-wsparcie\/#primaryimage"},"image":{"@id":"https:\/\/www.volume-software.com\/pl\/nasze-wsparcie\/#primaryimage"},"thumbnailUrl":"https:\/\/www.volume-software.com\/wp-content\/uploads\/2015\/02\/volume_software.png","datePublished":"2022-07-05T14:48:05+00:00","dateModified":"2022-08-29T14:57:37+00:00","description":"Sukces Twojego projektu ERP Powodzenie projektu ERP wymaga silnego zaanga\u017cowania klienta i integratora.","breadcrumb":{"@id":"https:\/\/www.volume-software.com\/pl\/nasze-wsparcie\/#breadcrumb"},"inLanguage":"pl-PL","potentialAction":[{"@type":"ReadAction","target":["https:\/\/www.volume-software.com\/pl\/nasze-wsparcie\/"]}]},{"@type":"ImageObject","inLanguage":"pl-PL","@id":"https:\/\/www.volume-software.com\/pl\/nasze-wsparcie\/#primaryimage","url":"https:\/\/www.volume-software.com\/wp-content\/uploads\/2015\/02\/volume_software.png","contentUrl":"https:\/\/www.volume-software.com\/wp-content\/uploads\/2015\/02\/volume_software.png","width":900,"height":264},{"@type":"BreadcrumbList","@id":"https:\/\/www.volume-software.com\/pl\/nasze-wsparcie\/#breadcrumb","itemListElement":[{"@type":"ListItem","position":1,"name":"Volume Software","item":"https:\/\/www.volume-software.com\/pl\/"},{"@type":"ListItem","position":2,"name":"Nasze wsparcie"}]},{"@type":"WebSite","@id":"https:\/\/www.volume-software.com\/#website","url":"https:\/\/www.volume-software.com\/","name":"Volume Software","description":"Producent systemu ERP dla bran\u017cy opakowaniowej i poligraficznej","publisher":{"@id":"https:\/\/www.volume-software.com\/#organization"},"potentialAction":[{"@type":"SearchAction","target":{"@type":"EntryPoint","urlTemplate":"https:\/\/www.volume-software.com\/?s={search_term_string}"},"query-input":{"@type":"PropertyValueSpecification","valueRequired":true,"valueName":"search_term_string"}}],"inLanguage":"pl-PL"},{"@type":"Organization","@id":"https:\/\/www.volume-software.com\/#organization","name":"Volume Software","url":"https:\/\/www.volume-software.com\/","logo":{"@type":"ImageObject","inLanguage":"pl-PL","@id":"https:\/\/www.volume-software.com\/#\/schema\/logo\/image\/","url":"http:\/\/www.volume-software.com\/wp-content\/uploads\/2015\/02\/volume_software.png","contentUrl":"http:\/\/www.volume-software.com\/wp-content\/uploads\/2015\/02\/volume_software.png","width":900,"height":264,"caption":"Volume Software"},"image":{"@id":"https:\/\/www.volume-software.com\/#\/schema\/logo\/image\/"},"sameAs":["https:\/\/www.facebook.com\/pages\/Volume-Software\/216816211713393","https:\/\/x.com\/VolumeSoftware","https:\/\/www.linkedin.com\/company\/volume-software","https:\/\/www.youtube.com\/user\/VolumeSoftware"]}]}},"_links":{"self":[{"href":"https:\/\/www.volume-software.com\/pl\/wp-json\/wp\/v2\/pages\/2895","targetHints":{"allow":["GET"]}}],"collection":[{"href":"https:\/\/www.volume-software.com\/pl\/wp-json\/wp\/v2\/pages"}],"about":[{"href":"https:\/\/www.volume-software.com\/pl\/wp-json\/wp\/v2\/types\/page"}],"author":[{"embeddable":true,"href":"https:\/\/www.volume-software.com\/pl\/wp-json\/wp\/v2\/users\/1"}],"replies":[{"embeddable":true,"href":"https:\/\/www.volume-software.com\/pl\/wp-json\/wp\/v2\/comments?post=2895"}],"version-history":[{"count":2,"href":"https:\/\/www.volume-software.com\/pl\/wp-json\/wp\/v2\/pages\/2895\/revisions"}],"predecessor-version":[{"id":3356,"href":"https:\/\/www.volume-software.com\/pl\/wp-json\/wp\/v2\/pages\/2895\/revisions\/3356"}],"wp:featuredmedia":[{"embeddable":true,"href":"https:\/\/www.volume-software.com\/pl\/wp-json\/wp\/v2\/media\/2883"}],"wp:attachment":[{"href":"https:\/\/www.volume-software.com\/pl\/wp-json\/wp\/v2\/media?parent=2895"}],"curies":[{"name":"wp","href":"https:\/\/api.w.org\/{rel}","templated":true}]}}