{"id":2893,"date":"2022-07-05T14:34:52","date_gmt":"2022-07-05T14:34:52","guid":{"rendered":"https:\/\/www.volume-software.com\/?page_id=2893"},"modified":"2022-08-29T14:40:02","modified_gmt":"2022-08-29T14:40:02","slug":"nasze-rozwiazania","status":"publish","type":"page","link":"https:\/\/www.volume-software.com\/pl\/nasze-rozwiazania\/","title":{"rendered":"Nasze rozwi\u0105zania"},"content":{"rendered":"<p style=\"text-align: justify;\">Volume Software opracowuje <strong>system ERP<\/strong> przeznaczony dla bran\u017cy <strong>opakowaniowej<\/strong> i <strong>poligraficznej<\/strong>.<\/p>\n<p style=\"text-align: justify;\">Nasze rozwi\u0105zania ERP pozwalaj\u0105 na kierowanie dzia\u0142alno\u015bci\u0105 firmy w ramach jednego systemu informatycznego. Pozwala to zwi\u0119kszy\u0107 produktywno\u015b\u0107, obni\u017cy\u0107 koszty i skr\u00f3ci\u0107 terminy oraz zapewni\u0107 widoczno\u015b\u0107 wszystkich proces\u00f3w operacyjnych w czasie rzeczywistym.<\/p>\n<p style=\"text-align: justify;\"><strong>Rozwi\u0105zanie dla ka\u017cdej z bran\u017c:<\/strong><\/p>\n<ul>\n<li style=\"text-align: justify;\"><a href=\"https:\/\/www.volume-software.com\/pl\/nasze-rozwiazania\/volupack-erp\/\">VoluPack<\/a>: system ERP przeznaczony dla bran\u017cy opakowa\u0144.<\/li>\n<li style=\"text-align: justify;\"><a href=\"https:\/\/www.volume-software.com\/pl\/nasze-rozwiazania\/voluprim-erp\/\">VoluPrim<\/a>: ERP przeznaczony dla poligrafii.<\/li>\n<li style=\"text-align: justify;\"><a href=\"https:\/\/www.volume-software.com\/pl\/nasze-rozwiazania\/volulabel-system-erp\/\">VoluLabel<\/a>: ERP przeznaczony dla producent\u00f3w etykiet.<\/li>\n<\/ul>\n<p><a href=\"https:\/\/www.volume-software.com\/wp-content\/uploads\/2022\/07\/Roue_ERP_Web_pl.png\" data-rel=\"lightbox-image-0\" data-rl_title=\"\" data-rl_caption=\"\" title=\"\"><img loading=\"lazy\" decoding=\"async\" class=\"alignnone wp-image-2959 size-large\" src=\"https:\/\/www.volume-software.com\/wp-content\/uploads\/2022\/07\/Roue_ERP_Web_pl-600x600.png\" alt=\"\" width=\"600\" height=\"600\" srcset=\"https:\/\/www.volume-software.com\/wp-content\/uploads\/2022\/07\/Roue_ERP_Web_pl-600x600.png 600w, https:\/\/www.volume-software.com\/wp-content\/uploads\/2022\/07\/Roue_ERP_Web_pl-400x400.png 400w, https:\/\/www.volume-software.com\/wp-content\/uploads\/2022\/07\/Roue_ERP_Web_pl-190x190.png 190w, https:\/\/www.volume-software.com\/wp-content\/uploads\/2022\/07\/Roue_ERP_Web_pl-768x768.png 768w, https:\/\/www.volume-software.com\/wp-content\/uploads\/2022\/07\/Roue_ERP_Web_pl-810x810.png 810w, https:\/\/www.volume-software.com\/wp-content\/uploads\/2022\/07\/Roue_ERP_Web_pl.png 1000w\" sizes=\"auto, (max-width: 600px) 100vw, 600px\" \/><\/a>Nasze dodatkowe modu\u0142y zintegrowane z systemem ERP:<\/p>\n<ul>\n<li><a href=\"https:\/\/www.volume-software.com\/pl\/nasze-rozwiazania\/reflexclient-cubes\/\">ReflexClient Cubes<\/a>: nasz prosty, szybki i wydajny modu\u0142 decyzyjny.<\/li>\n<li><a href=\"https:\/\/www.volume-software.com\/pl\/nasze-rozwiazania\/reflexclient-crm\/\">ReflexClient CRM<\/a>: Zarz\u0105dzanie relacjami z klientami zintegrowane z systemem ERP.<\/li>\n<li><a href=\"https:\/\/www.volume-software.com\/pl\/nasze-rozwiazania\/direct-planning\/\">Direct Planning<\/a>: planowanie produkcji przemys\u0142owej, elastyczno\u015b\u0107 i zdolno\u015b\u0107 do adaptacji.<\/li>\n<li><a href=\"https:\/\/www.volume-software.com\/pl\/nasze-rozwiazania\/partner-sage\/\">Sage<\/a>: Ksi\u0119gowo\u015b\u0107 i finanse.<\/li>\n<\/ul>\n<p style=\"text-align: justify;\">\n","protected":false},"excerpt":{"rendered":"<p>Volume Software opracowuje system ERP przeznaczony dla bran\u017cy opakowaniowej i poligraficznej. Nasze rozwi\u0105zania ERP pozwalaj\u0105 na kierowanie dzia\u0142alno\u015bci\u0105 firmy w ramach jednego systemu informatycznego. Pozwala to zwi\u0119kszy\u0107 produktywno\u015b\u0107, obni\u017cy\u0107 koszty i skr\u00f3ci\u0107 terminy oraz zapewni\u0107 widoczno\u015b\u0107 wszystkich proces\u00f3w operacyjnych w czasie rzeczywistym. Rozwi\u0105zanie dla ka\u017cdej z bran\u017c: VoluPack: system ERP przeznaczony dla bran\u017cy opakowa\u0144. VoluPrim: [&hellip;]<\/p>\n","protected":false},"author":1,"featured_media":2883,"parent":0,"menu_order":0,"comment_status":"closed","ping_status":"closed","template":"","meta":{"footnotes":""},"class_list":["post-2893","page","type-page","status-publish","has-post-thumbnail","hentry"],"yoast_head":"<!-- This site is optimized with the Yoast SEO plugin v27.4 - https:\/\/yoast.com\/product\/yoast-seo-wordpress\/ -->\n<title>Nasze rozwi\u0105zania - Volume Software<\/title>\n<meta name=\"description\" content=\"Volume Software opracowuje system ERP przeznaczony dla bran\u017cy opakowaniowej i poligraficznej. Nasze rozwi\u0105zania ERP pozwalaj\u0105 na kierowanie dzia\u0142alno\u015bci\u0105\" \/>\n<meta name=\"robots\" content=\"index, follow, max-snippet:-1, max-image-preview:large, max-video-preview:-1\" \/>\n<link rel=\"canonical\" href=\"https:\/\/www.volume-software.com\/pl\/nasze-rozwiazania\/\" \/>\n<meta property=\"og:locale\" content=\"pl_PL\" \/>\n<meta property=\"og:type\" content=\"article\" \/>\n<meta property=\"og:title\" content=\"Nasze rozwi\u0105zania - Volume Software\" \/>\n<meta property=\"og:description\" content=\"Volume Software opracowuje system ERP przeznaczony dla bran\u017cy opakowaniowej i poligraficznej. Nasze rozwi\u0105zania ERP pozwalaj\u0105 na kierowanie dzia\u0142alno\u015bci\u0105\" \/>\n<meta property=\"og:url\" content=\"https:\/\/www.volume-software.com\/pl\/nasze-rozwiazania\/\" \/>\n<meta property=\"og:site_name\" content=\"Volume Software\" \/>\n<meta property=\"article:publisher\" content=\"https:\/\/www.facebook.com\/pages\/Volume-Software\/216816211713393\" \/>\n<meta property=\"article:modified_time\" content=\"2022-08-29T14:40:02+00:00\" \/>\n<meta property=\"og:image\" content=\"https:\/\/www.volume-software.com\/wp-content\/uploads\/2015\/02\/volume_software.png\" \/>\n\t<meta property=\"og:image:width\" content=\"900\" \/>\n\t<meta property=\"og:image:height\" content=\"264\" \/>\n\t<meta property=\"og:image:type\" content=\"image\/png\" \/>\n<meta name=\"twitter:card\" content=\"summary_large_image\" \/>\n<meta name=\"twitter:site\" content=\"@VolumeSoftware\" \/>\n<meta name=\"twitter:label1\" content=\"Szacowany czas czytania\" \/>\n\t<meta name=\"twitter:data1\" content=\"1 minuta\" \/>\n<script type=\"application\/ld+json\" class=\"yoast-schema-graph\">{\"@context\":\"https:\\\/\\\/schema.org\",\"@graph\":[{\"@type\":\"WebPage\",\"@id\":\"https:\\\/\\\/www.volume-software.com\\\/pl\\\/nasze-rozwiazania\\\/\",\"url\":\"https:\\\/\\\/www.volume-software.com\\\/pl\\\/nasze-rozwiazania\\\/\",\"name\":\"Nasze rozwi\u0105zania - Volume Software\",\"isPartOf\":{\"@id\":\"https:\\\/\\\/www.volume-software.com\\\/#website\"},\"primaryImageOfPage\":{\"@id\":\"https:\\\/\\\/www.volume-software.com\\\/pl\\\/nasze-rozwiazania\\\/#primaryimage\"},\"image\":{\"@id\":\"https:\\\/\\\/www.volume-software.com\\\/pl\\\/nasze-rozwiazania\\\/#primaryimage\"},\"thumbnailUrl\":\"https:\\\/\\\/www.volume-software.com\\\/wp-content\\\/uploads\\\/2015\\\/02\\\/volume_software.png\",\"datePublished\":\"2022-07-05T14:34:52+00:00\",\"dateModified\":\"2022-08-29T14:40:02+00:00\",\"description\":\"Volume Software opracowuje system ERP przeznaczony dla bran\u017cy opakowaniowej i poligraficznej. Nasze rozwi\u0105zania ERP pozwalaj\u0105 na kierowanie dzia\u0142alno\u015bci\u0105\",\"breadcrumb\":{\"@id\":\"https:\\\/\\\/www.volume-software.com\\\/pl\\\/nasze-rozwiazania\\\/#breadcrumb\"},\"inLanguage\":\"pl-PL\",\"potentialAction\":[{\"@type\":\"ReadAction\",\"target\":[\"https:\\\/\\\/www.volume-software.com\\\/pl\\\/nasze-rozwiazania\\\/\"]}]},{\"@type\":\"ImageObject\",\"inLanguage\":\"pl-PL\",\"@id\":\"https:\\\/\\\/www.volume-software.com\\\/pl\\\/nasze-rozwiazania\\\/#primaryimage\",\"url\":\"https:\\\/\\\/www.volume-software.com\\\/wp-content\\\/uploads\\\/2015\\\/02\\\/volume_software.png\",\"contentUrl\":\"https:\\\/\\\/www.volume-software.com\\\/wp-content\\\/uploads\\\/2015\\\/02\\\/volume_software.png\",\"width\":900,\"height\":264},{\"@type\":\"BreadcrumbList\",\"@id\":\"https:\\\/\\\/www.volume-software.com\\\/pl\\\/nasze-rozwiazania\\\/#breadcrumb\",\"itemListElement\":[{\"@type\":\"ListItem\",\"position\":1,\"name\":\"Volume Software\",\"item\":\"https:\\\/\\\/www.volume-software.com\\\/pl\\\/\"},{\"@type\":\"ListItem\",\"position\":2,\"name\":\"Nasze rozwi\u0105zania\"}]},{\"@type\":\"WebSite\",\"@id\":\"https:\\\/\\\/www.volume-software.com\\\/#website\",\"url\":\"https:\\\/\\\/www.volume-software.com\\\/\",\"name\":\"Volume Software\",\"description\":\"Producent systemu ERP dla bran\u017cy opakowaniowej i poligraficznej\",\"publisher\":{\"@id\":\"https:\\\/\\\/www.volume-software.com\\\/#organization\"},\"potentialAction\":[{\"@type\":\"SearchAction\",\"target\":{\"@type\":\"EntryPoint\",\"urlTemplate\":\"https:\\\/\\\/www.volume-software.com\\\/?s={search_term_string}\"},\"query-input\":{\"@type\":\"PropertyValueSpecification\",\"valueRequired\":true,\"valueName\":\"search_term_string\"}}],\"inLanguage\":\"pl-PL\"},{\"@type\":\"Organization\",\"@id\":\"https:\\\/\\\/www.volume-software.com\\\/#organization\",\"name\":\"Volume Software\",\"url\":\"https:\\\/\\\/www.volume-software.com\\\/\",\"logo\":{\"@type\":\"ImageObject\",\"inLanguage\":\"pl-PL\",\"@id\":\"https:\\\/\\\/www.volume-software.com\\\/#\\\/schema\\\/logo\\\/image\\\/\",\"url\":\"http:\\\/\\\/www.volume-software.com\\\/wp-content\\\/uploads\\\/2015\\\/02\\\/volume_software.png\",\"contentUrl\":\"http:\\\/\\\/www.volume-software.com\\\/wp-content\\\/uploads\\\/2015\\\/02\\\/volume_software.png\",\"width\":900,\"height\":264,\"caption\":\"Volume Software\"},\"image\":{\"@id\":\"https:\\\/\\\/www.volume-software.com\\\/#\\\/schema\\\/logo\\\/image\\\/\"},\"sameAs\":[\"https:\\\/\\\/www.facebook.com\\\/pages\\\/Volume-Software\\\/216816211713393\",\"https:\\\/\\\/x.com\\\/VolumeSoftware\",\"https:\\\/\\\/www.linkedin.com\\\/company\\\/volume-software\",\"https:\\\/\\\/www.youtube.com\\\/user\\\/VolumeSoftware\"]}]}<\/script>\n<!-- \/ Yoast SEO plugin. -->","yoast_head_json":{"title":"Nasze rozwi\u0105zania - Volume Software","description":"Volume Software opracowuje system ERP przeznaczony dla bran\u017cy opakowaniowej i poligraficznej. Nasze rozwi\u0105zania ERP pozwalaj\u0105 na kierowanie dzia\u0142alno\u015bci\u0105","robots":{"index":"index","follow":"follow","max-snippet":"max-snippet:-1","max-image-preview":"max-image-preview:large","max-video-preview":"max-video-preview:-1"},"canonical":"https:\/\/www.volume-software.com\/pl\/nasze-rozwiazania\/","og_locale":"pl_PL","og_type":"article","og_title":"Nasze rozwi\u0105zania - Volume Software","og_description":"Volume Software opracowuje system ERP przeznaczony dla bran\u017cy opakowaniowej i poligraficznej. Nasze rozwi\u0105zania ERP pozwalaj\u0105 na kierowanie dzia\u0142alno\u015bci\u0105","og_url":"https:\/\/www.volume-software.com\/pl\/nasze-rozwiazania\/","og_site_name":"Volume Software","article_publisher":"https:\/\/www.facebook.com\/pages\/Volume-Software\/216816211713393","article_modified_time":"2022-08-29T14:40:02+00:00","og_image":[{"width":900,"height":264,"url":"https:\/\/www.volume-software.com\/wp-content\/uploads\/2015\/02\/volume_software.png","type":"image\/png"}],"twitter_card":"summary_large_image","twitter_site":"@VolumeSoftware","twitter_misc":{"Szacowany czas czytania":"1 minuta"},"schema":{"@context":"https:\/\/schema.org","@graph":[{"@type":"WebPage","@id":"https:\/\/www.volume-software.com\/pl\/nasze-rozwiazania\/","url":"https:\/\/www.volume-software.com\/pl\/nasze-rozwiazania\/","name":"Nasze rozwi\u0105zania - Volume Software","isPartOf":{"@id":"https:\/\/www.volume-software.com\/#website"},"primaryImageOfPage":{"@id":"https:\/\/www.volume-software.com\/pl\/nasze-rozwiazania\/#primaryimage"},"image":{"@id":"https:\/\/www.volume-software.com\/pl\/nasze-rozwiazania\/#primaryimage"},"thumbnailUrl":"https:\/\/www.volume-software.com\/wp-content\/uploads\/2015\/02\/volume_software.png","datePublished":"2022-07-05T14:34:52+00:00","dateModified":"2022-08-29T14:40:02+00:00","description":"Volume Software opracowuje system ERP przeznaczony dla bran\u017cy opakowaniowej i poligraficznej. Nasze rozwi\u0105zania ERP pozwalaj\u0105 na kierowanie dzia\u0142alno\u015bci\u0105","breadcrumb":{"@id":"https:\/\/www.volume-software.com\/pl\/nasze-rozwiazania\/#breadcrumb"},"inLanguage":"pl-PL","potentialAction":[{"@type":"ReadAction","target":["https:\/\/www.volume-software.com\/pl\/nasze-rozwiazania\/"]}]},{"@type":"ImageObject","inLanguage":"pl-PL","@id":"https:\/\/www.volume-software.com\/pl\/nasze-rozwiazania\/#primaryimage","url":"https:\/\/www.volume-software.com\/wp-content\/uploads\/2015\/02\/volume_software.png","contentUrl":"https:\/\/www.volume-software.com\/wp-content\/uploads\/2015\/02\/volume_software.png","width":900,"height":264},{"@type":"BreadcrumbList","@id":"https:\/\/www.volume-software.com\/pl\/nasze-rozwiazania\/#breadcrumb","itemListElement":[{"@type":"ListItem","position":1,"name":"Volume Software","item":"https:\/\/www.volume-software.com\/pl\/"},{"@type":"ListItem","position":2,"name":"Nasze rozwi\u0105zania"}]},{"@type":"WebSite","@id":"https:\/\/www.volume-software.com\/#website","url":"https:\/\/www.volume-software.com\/","name":"Volume Software","description":"Producent systemu ERP dla bran\u017cy opakowaniowej i poligraficznej","publisher":{"@id":"https:\/\/www.volume-software.com\/#organization"},"potentialAction":[{"@type":"SearchAction","target":{"@type":"EntryPoint","urlTemplate":"https:\/\/www.volume-software.com\/?s={search_term_string}"},"query-input":{"@type":"PropertyValueSpecification","valueRequired":true,"valueName":"search_term_string"}}],"inLanguage":"pl-PL"},{"@type":"Organization","@id":"https:\/\/www.volume-software.com\/#organization","name":"Volume Software","url":"https:\/\/www.volume-software.com\/","logo":{"@type":"ImageObject","inLanguage":"pl-PL","@id":"https:\/\/www.volume-software.com\/#\/schema\/logo\/image\/","url":"http:\/\/www.volume-software.com\/wp-content\/uploads\/2015\/02\/volume_software.png","contentUrl":"http:\/\/www.volume-software.com\/wp-content\/uploads\/2015\/02\/volume_software.png","width":900,"height":264,"caption":"Volume Software"},"image":{"@id":"https:\/\/www.volume-software.com\/#\/schema\/logo\/image\/"},"sameAs":["https:\/\/www.facebook.com\/pages\/Volume-Software\/216816211713393","https:\/\/x.com\/VolumeSoftware","https:\/\/www.linkedin.com\/company\/volume-software","https:\/\/www.youtube.com\/user\/VolumeSoftware"]}]}},"_links":{"self":[{"href":"https:\/\/www.volume-software.com\/pl\/wp-json\/wp\/v2\/pages\/2893","targetHints":{"allow":["GET"]}}],"collection":[{"href":"https:\/\/www.volume-software.com\/pl\/wp-json\/wp\/v2\/pages"}],"about":[{"href":"https:\/\/www.volume-software.com\/pl\/wp-json\/wp\/v2\/types\/page"}],"author":[{"embeddable":true,"href":"https:\/\/www.volume-software.com\/pl\/wp-json\/wp\/v2\/users\/1"}],"replies":[{"embeddable":true,"href":"https:\/\/www.volume-software.com\/pl\/wp-json\/wp\/v2\/comments?post=2893"}],"version-history":[{"count":5,"href":"https:\/\/www.volume-software.com\/pl\/wp-json\/wp\/v2\/pages\/2893\/revisions"}],"predecessor-version":[{"id":3348,"href":"https:\/\/www.volume-software.com\/pl\/wp-json\/wp\/v2\/pages\/2893\/revisions\/3348"}],"wp:featuredmedia":[{"embeddable":true,"href":"https:\/\/www.volume-software.com\/pl\/wp-json\/wp\/v2\/media\/2883"}],"wp:attachment":[{"href":"https:\/\/www.volume-software.com\/pl\/wp-json\/wp\/v2\/media?parent=2893"}],"curies":[{"name":"wp","href":"https:\/\/api.w.org\/{rel}","templated":true}]}}