{"id":2890,"date":"2022-07-05T14:49:42","date_gmt":"2022-07-05T14:49:42","guid":{"rendered":"https:\/\/www.volume-software.com\/?page_id=2890"},"modified":"2022-08-29T15:02:00","modified_gmt":"2022-08-29T15:02:00","slug":"volume-software","status":"publish","type":"page","link":"https:\/\/www.volume-software.com\/pl\/volume-software\/","title":{"rendered":"Volume Software"},"content":{"rendered":"<p style=\"text-align: justify;\">Od 30 lat firma <strong>Volume Software<\/strong> tworzy i rozwija <strong>systemy ERP<\/strong> przeznaczone dla bran\u017cy <strong>opakowaniowej<\/strong> i <strong>poligraficznej<\/strong>. Jako integrator, firma Volume Software wdra\u017ca kompletny system obejmuj\u0105cy sprz\u0119t, oprogramowanie, us\u0142ugi wdro\u017ceniowe i wsparcie.<\/p>\n<h2>Nasza warto\u015b\u0107 dodana<\/h2>\n<p style=\"text-align: justify;\">Dzi\u0119ki ponad 30-letniemu do\u015bwiadczeniu w tworzeniu i integracji <strong>system\u00f3w ERP<\/strong> dla bran\u017cy <strong>opakowaniowej<\/strong> i <strong>poligraficznej<\/strong> znamy Twoj\u0105 bran\u017c\u0119 i Twoje problemy. Nasi <strong>konsultanci-eksperci<\/strong> pomagaj\u0105 w dostosowaniu systemu <strong>ERP<\/strong> do specyficznych potrzeb klienta.<\/p>\n<p style=\"text-align: justify;\">Nasz zesp\u00f3\u0142 jest elastyczny i dynamiczny, mo\u017ce obs\u0142ugiwa\u0107 klient\u00f3w ka\u017cdej wielko\u015bci, od ma\u0142ych i \u015brednich przedsi\u0119biorstw po du\u017ce grupy mi\u0119dzynarodowe. Dzi\u0119ki obecno\u015bci na rynkach mi\u0119dzynarodowych nasz system ERP pomo\u017ce Ci w rozwi\u0105zaniu obejmuj\u0105cym <strong>wiele oddzia\u0142\u00f3w<\/strong>, <strong>wiele rodzaj\u00f3w dzia\u0142alno\u015bci<\/strong> i <strong>wiele j\u0119zyk\u00f3w<\/strong>. Znacz\u0105ce referencje: mamy ponad 500 klient\u00f3w.<\/p>\n<p style=\"text-align: justify;\"><img loading=\"lazy\" decoding=\"async\" class=\"aligncenter wp-image-350 size-medium\" src=\"https:\/\/www.volume-software.com\/wp-content\/uploads\/2015\/02\/societe-presentation-1-400x240.jpg\" alt=\"societe-presentation-1\" width=\"400\" height=\"240\" srcset=\"https:\/\/www.volume-software.com\/wp-content\/uploads\/2015\/02\/societe-presentation-1-400x240.jpg 400w, https:\/\/www.volume-software.com\/wp-content\/uploads\/2015\/02\/societe-presentation-1-190x114.jpg 190w, https:\/\/www.volume-software.com\/wp-content\/uploads\/2015\/02\/societe-presentation-1-600x361.jpg 600w, https:\/\/www.volume-software.com\/wp-content\/uploads\/2015\/02\/societe-presentation-1-810x487.jpg 810w, https:\/\/www.volume-software.com\/wp-content\/uploads\/2015\/02\/societe-presentation-1-1140x685.jpg 1140w, https:\/\/www.volume-software.com\/wp-content\/uploads\/2015\/02\/societe-presentation-1.jpg 1612w\" sizes=\"auto, (max-width: 400px) 100vw, 400px\" \/><\/p>\n<h2>Nasz cel<\/h2>\n<p style=\"text-align: justify;\">Naszym celem jest dostarczenie Pa\u0144stwu systemu informacyjnego, kt\u00f3ry b\u0119dzie odpowiedni, wydajny i innowacyjny, najlepiej dostosowany do Pa\u0144stwa potrzeb. Ka\u017cdego dnia nasz oddany zesp\u00f3\u0142 konsultant\u00f3w i in\u017cynier\u00f3w systemowych pomaga klientom w osi\u0105gni\u0119ciu jednego celu: ich zadowolenia. Konfiguruj\u0105 oni system ERP tak, aby spe\u0142nia\u0142 oczekiwania i odpowiada\u0142 <strong>potrzebom<\/strong> biznesowym klienta.<\/p>\n<p>Nasz zesp\u00f3\u0142 zapewni Ci:<\/p>\n<ul>\n<li><a href=\"https:\/\/www.volume-software.com\/pl\/nasze-wsparcie\/doradztwo-i-integracja\/\">Doradztwo i integracja<\/a>.<\/li>\n<li><a href=\"https:\/\/www.volume-software.com\/pl\/nasze-wsparcie\/szkolenie\/\">Szkolenia<\/a>.<\/li>\n<li><a href=\"https:\/\/www.volume-software.com\/pl\/nasze-wsparcie\/wsparcie\/\">Wsparcie<\/a>.<\/li>\n<\/ul>\n","protected":false},"excerpt":{"rendered":"<p>Od 30 lat firma Volume Software tworzy i rozwija systemy ERP przeznaczone dla bran\u017cy opakowaniowej i poligraficznej. Jako integrator, firma Volume Software wdra\u017ca kompletny system obejmuj\u0105cy sprz\u0119t, oprogramowanie, us\u0142ugi wdro\u017ceniowe i wsparcie. Nasza warto\u015b\u0107 dodana Dzi\u0119ki ponad 30-letniemu do\u015bwiadczeniu w tworzeniu i integracji system\u00f3w ERP dla bran\u017cy opakowaniowej i poligraficznej znamy Twoj\u0105 bran\u017c\u0119 i Twoje [&hellip;]<\/p>\n","protected":false},"author":1,"featured_media":2883,"parent":0,"menu_order":0,"comment_status":"closed","ping_status":"closed","template":"","meta":{"footnotes":""},"class_list":["post-2890","page","type-page","status-publish","has-post-thumbnail","hentry"],"yoast_head":"<!-- This site is optimized with the Yoast SEO plugin v27.4 - https:\/\/yoast.com\/product\/yoast-seo-wordpress\/ -->\n<title>Volume Software<\/title>\n<meta name=\"description\" content=\"Od 30 lat firma Volume Software tworzy i rozwija systemy ERP przeznaczone dla bran\u017cy opakowaniowej i poligraficznej.\" \/>\n<meta name=\"robots\" content=\"index, follow, max-snippet:-1, max-image-preview:large, max-video-preview:-1\" \/>\n<link rel=\"canonical\" href=\"https:\/\/www.volume-software.com\/pl\/volume-software\/\" \/>\n<meta property=\"og:locale\" content=\"pl_PL\" \/>\n<meta property=\"og:type\" content=\"article\" \/>\n<meta property=\"og:title\" content=\"Volume Software\" \/>\n<meta property=\"og:description\" content=\"Od 30 lat firma Volume Software tworzy i rozwija systemy ERP przeznaczone dla bran\u017cy opakowaniowej i poligraficznej.\" \/>\n<meta property=\"og:url\" content=\"https:\/\/www.volume-software.com\/pl\/volume-software\/\" \/>\n<meta property=\"og:site_name\" content=\"Volume Software\" \/>\n<meta property=\"article:publisher\" content=\"https:\/\/www.facebook.com\/pages\/Volume-Software\/216816211713393\" \/>\n<meta property=\"article:modified_time\" content=\"2022-08-29T15:02:00+00:00\" \/>\n<meta property=\"og:image\" content=\"https:\/\/www.volume-software.com\/wp-content\/uploads\/2015\/02\/volume_software.png\" \/>\n\t<meta property=\"og:image:width\" content=\"900\" \/>\n\t<meta property=\"og:image:height\" content=\"264\" \/>\n\t<meta property=\"og:image:type\" content=\"image\/png\" \/>\n<meta name=\"twitter:card\" content=\"summary_large_image\" \/>\n<meta name=\"twitter:site\" content=\"@VolumeSoftware\" \/>\n<meta name=\"twitter:label1\" content=\"Szacowany czas czytania\" \/>\n\t<meta name=\"twitter:data1\" content=\"2 minuty\" \/>\n<script type=\"application\/ld+json\" class=\"yoast-schema-graph\">{\"@context\":\"https:\\\/\\\/schema.org\",\"@graph\":[{\"@type\":\"WebPage\",\"@id\":\"https:\\\/\\\/www.volume-software.com\\\/pl\\\/volume-software\\\/\",\"url\":\"https:\\\/\\\/www.volume-software.com\\\/pl\\\/volume-software\\\/\",\"name\":\"Volume Software\",\"isPartOf\":{\"@id\":\"https:\\\/\\\/www.volume-software.com\\\/#website\"},\"primaryImageOfPage\":{\"@id\":\"https:\\\/\\\/www.volume-software.com\\\/pl\\\/volume-software\\\/#primaryimage\"},\"image\":{\"@id\":\"https:\\\/\\\/www.volume-software.com\\\/pl\\\/volume-software\\\/#primaryimage\"},\"thumbnailUrl\":\"https:\\\/\\\/www.volume-software.com\\\/wp-content\\\/uploads\\\/2015\\\/02\\\/volume_software.png\",\"datePublished\":\"2022-07-05T14:49:42+00:00\",\"dateModified\":\"2022-08-29T15:02:00+00:00\",\"description\":\"Od 30 lat firma Volume Software tworzy i rozwija systemy ERP przeznaczone dla bran\u017cy opakowaniowej i poligraficznej.\",\"breadcrumb\":{\"@id\":\"https:\\\/\\\/www.volume-software.com\\\/pl\\\/volume-software\\\/#breadcrumb\"},\"inLanguage\":\"pl-PL\",\"potentialAction\":[{\"@type\":\"ReadAction\",\"target\":[\"https:\\\/\\\/www.volume-software.com\\\/pl\\\/volume-software\\\/\"]}]},{\"@type\":\"ImageObject\",\"inLanguage\":\"pl-PL\",\"@id\":\"https:\\\/\\\/www.volume-software.com\\\/pl\\\/volume-software\\\/#primaryimage\",\"url\":\"https:\\\/\\\/www.volume-software.com\\\/wp-content\\\/uploads\\\/2015\\\/02\\\/volume_software.png\",\"contentUrl\":\"https:\\\/\\\/www.volume-software.com\\\/wp-content\\\/uploads\\\/2015\\\/02\\\/volume_software.png\",\"width\":900,\"height\":264},{\"@type\":\"BreadcrumbList\",\"@id\":\"https:\\\/\\\/www.volume-software.com\\\/pl\\\/volume-software\\\/#breadcrumb\",\"itemListElement\":[{\"@type\":\"ListItem\",\"position\":1,\"name\":\"Volume Software\",\"item\":\"https:\\\/\\\/www.volume-software.com\\\/pl\\\/\"},{\"@type\":\"ListItem\",\"position\":2,\"name\":\"Volume Software\"}]},{\"@type\":\"WebSite\",\"@id\":\"https:\\\/\\\/www.volume-software.com\\\/#website\",\"url\":\"https:\\\/\\\/www.volume-software.com\\\/\",\"name\":\"Volume Software\",\"description\":\"Producent systemu ERP dla bran\u017cy opakowaniowej i poligraficznej\",\"publisher\":{\"@id\":\"https:\\\/\\\/www.volume-software.com\\\/#organization\"},\"potentialAction\":[{\"@type\":\"SearchAction\",\"target\":{\"@type\":\"EntryPoint\",\"urlTemplate\":\"https:\\\/\\\/www.volume-software.com\\\/?s={search_term_string}\"},\"query-input\":{\"@type\":\"PropertyValueSpecification\",\"valueRequired\":true,\"valueName\":\"search_term_string\"}}],\"inLanguage\":\"pl-PL\"},{\"@type\":\"Organization\",\"@id\":\"https:\\\/\\\/www.volume-software.com\\\/#organization\",\"name\":\"Volume Software\",\"url\":\"https:\\\/\\\/www.volume-software.com\\\/\",\"logo\":{\"@type\":\"ImageObject\",\"inLanguage\":\"pl-PL\",\"@id\":\"https:\\\/\\\/www.volume-software.com\\\/#\\\/schema\\\/logo\\\/image\\\/\",\"url\":\"http:\\\/\\\/www.volume-software.com\\\/wp-content\\\/uploads\\\/2015\\\/02\\\/volume_software.png\",\"contentUrl\":\"http:\\\/\\\/www.volume-software.com\\\/wp-content\\\/uploads\\\/2015\\\/02\\\/volume_software.png\",\"width\":900,\"height\":264,\"caption\":\"Volume Software\"},\"image\":{\"@id\":\"https:\\\/\\\/www.volume-software.com\\\/#\\\/schema\\\/logo\\\/image\\\/\"},\"sameAs\":[\"https:\\\/\\\/www.facebook.com\\\/pages\\\/Volume-Software\\\/216816211713393\",\"https:\\\/\\\/x.com\\\/VolumeSoftware\",\"https:\\\/\\\/www.linkedin.com\\\/company\\\/volume-software\",\"https:\\\/\\\/www.youtube.com\\\/user\\\/VolumeSoftware\"]}]}<\/script>\n<!-- \/ Yoast SEO plugin. -->","yoast_head_json":{"title":"Volume Software","description":"Od 30 lat firma Volume Software tworzy i rozwija systemy ERP przeznaczone dla bran\u017cy opakowaniowej i poligraficznej.","robots":{"index":"index","follow":"follow","max-snippet":"max-snippet:-1","max-image-preview":"max-image-preview:large","max-video-preview":"max-video-preview:-1"},"canonical":"https:\/\/www.volume-software.com\/pl\/volume-software\/","og_locale":"pl_PL","og_type":"article","og_title":"Volume Software","og_description":"Od 30 lat firma Volume Software tworzy i rozwija systemy ERP przeznaczone dla bran\u017cy opakowaniowej i poligraficznej.","og_url":"https:\/\/www.volume-software.com\/pl\/volume-software\/","og_site_name":"Volume Software","article_publisher":"https:\/\/www.facebook.com\/pages\/Volume-Software\/216816211713393","article_modified_time":"2022-08-29T15:02:00+00:00","og_image":[{"width":900,"height":264,"url":"https:\/\/www.volume-software.com\/wp-content\/uploads\/2015\/02\/volume_software.png","type":"image\/png"}],"twitter_card":"summary_large_image","twitter_site":"@VolumeSoftware","twitter_misc":{"Szacowany czas czytania":"2 minuty"},"schema":{"@context":"https:\/\/schema.org","@graph":[{"@type":"WebPage","@id":"https:\/\/www.volume-software.com\/pl\/volume-software\/","url":"https:\/\/www.volume-software.com\/pl\/volume-software\/","name":"Volume Software","isPartOf":{"@id":"https:\/\/www.volume-software.com\/#website"},"primaryImageOfPage":{"@id":"https:\/\/www.volume-software.com\/pl\/volume-software\/#primaryimage"},"image":{"@id":"https:\/\/www.volume-software.com\/pl\/volume-software\/#primaryimage"},"thumbnailUrl":"https:\/\/www.volume-software.com\/wp-content\/uploads\/2015\/02\/volume_software.png","datePublished":"2022-07-05T14:49:42+00:00","dateModified":"2022-08-29T15:02:00+00:00","description":"Od 30 lat firma Volume Software tworzy i rozwija systemy ERP przeznaczone dla bran\u017cy opakowaniowej i poligraficznej.","breadcrumb":{"@id":"https:\/\/www.volume-software.com\/pl\/volume-software\/#breadcrumb"},"inLanguage":"pl-PL","potentialAction":[{"@type":"ReadAction","target":["https:\/\/www.volume-software.com\/pl\/volume-software\/"]}]},{"@type":"ImageObject","inLanguage":"pl-PL","@id":"https:\/\/www.volume-software.com\/pl\/volume-software\/#primaryimage","url":"https:\/\/www.volume-software.com\/wp-content\/uploads\/2015\/02\/volume_software.png","contentUrl":"https:\/\/www.volume-software.com\/wp-content\/uploads\/2015\/02\/volume_software.png","width":900,"height":264},{"@type":"BreadcrumbList","@id":"https:\/\/www.volume-software.com\/pl\/volume-software\/#breadcrumb","itemListElement":[{"@type":"ListItem","position":1,"name":"Volume Software","item":"https:\/\/www.volume-software.com\/pl\/"},{"@type":"ListItem","position":2,"name":"Volume Software"}]},{"@type":"WebSite","@id":"https:\/\/www.volume-software.com\/#website","url":"https:\/\/www.volume-software.com\/","name":"Volume Software","description":"Producent systemu ERP dla bran\u017cy opakowaniowej i poligraficznej","publisher":{"@id":"https:\/\/www.volume-software.com\/#organization"},"potentialAction":[{"@type":"SearchAction","target":{"@type":"EntryPoint","urlTemplate":"https:\/\/www.volume-software.com\/?s={search_term_string}"},"query-input":{"@type":"PropertyValueSpecification","valueRequired":true,"valueName":"search_term_string"}}],"inLanguage":"pl-PL"},{"@type":"Organization","@id":"https:\/\/www.volume-software.com\/#organization","name":"Volume Software","url":"https:\/\/www.volume-software.com\/","logo":{"@type":"ImageObject","inLanguage":"pl-PL","@id":"https:\/\/www.volume-software.com\/#\/schema\/logo\/image\/","url":"http:\/\/www.volume-software.com\/wp-content\/uploads\/2015\/02\/volume_software.png","contentUrl":"http:\/\/www.volume-software.com\/wp-content\/uploads\/2015\/02\/volume_software.png","width":900,"height":264,"caption":"Volume Software"},"image":{"@id":"https:\/\/www.volume-software.com\/#\/schema\/logo\/image\/"},"sameAs":["https:\/\/www.facebook.com\/pages\/Volume-Software\/216816211713393","https:\/\/x.com\/VolumeSoftware","https:\/\/www.linkedin.com\/company\/volume-software","https:\/\/www.youtube.com\/user\/VolumeSoftware"]}]}},"_links":{"self":[{"href":"https:\/\/www.volume-software.com\/pl\/wp-json\/wp\/v2\/pages\/2890","targetHints":{"allow":["GET"]}}],"collection":[{"href":"https:\/\/www.volume-software.com\/pl\/wp-json\/wp\/v2\/pages"}],"about":[{"href":"https:\/\/www.volume-software.com\/pl\/wp-json\/wp\/v2\/types\/page"}],"author":[{"embeddable":true,"href":"https:\/\/www.volume-software.com\/pl\/wp-json\/wp\/v2\/users\/1"}],"replies":[{"embeddable":true,"href":"https:\/\/www.volume-software.com\/pl\/wp-json\/wp\/v2\/comments?post=2890"}],"version-history":[{"count":2,"href":"https:\/\/www.volume-software.com\/pl\/wp-json\/wp\/v2\/pages\/2890\/revisions"}],"predecessor-version":[{"id":3358,"href":"https:\/\/www.volume-software.com\/pl\/wp-json\/wp\/v2\/pages\/2890\/revisions\/3358"}],"wp:featuredmedia":[{"embeddable":true,"href":"https:\/\/www.volume-software.com\/pl\/wp-json\/wp\/v2\/media\/2883"}],"wp:attachment":[{"href":"https:\/\/www.volume-software.com\/pl\/wp-json\/wp\/v2\/media?parent=2890"}],"curies":[{"name":"wp","href":"https:\/\/api.w.org\/{rel}","templated":true}]}}