{"id":2886,"date":"2022-07-05T14:50:42","date_gmt":"2022-07-05T14:50:42","guid":{"rendered":"https:\/\/www.volume-software.com\/?page_id=2886"},"modified":"2023-09-22T09:34:49","modified_gmt":"2023-09-22T09:34:49","slug":"kontakt","status":"publish","type":"page","link":"https:\/\/www.volume-software.com\/pl\/volume-software\/kontakt\/","title":{"rendered":"Kontakt"},"content":{"rendered":"<h2>Odbieranie informacji<\/h2>\n<p>W razie jakichkolwiek pyta\u0144 lub ch\u0119ci uzyskania informacji prosimy o kontakt.<\/p>\n\n<div class=\"wpcf7 no-js\" id=\"wpcf7-f4190-o1\" lang=\"pl-PL\" dir=\"ltr\" data-wpcf7-id=\"4190\">\n<div class=\"screen-reader-response\"><p role=\"status\" aria-live=\"polite\" aria-atomic=\"true\"><\/p> <ul><\/ul><\/div>\n<form action=\"\/pl\/wp-json\/wp\/v2\/pages\/2886#wpcf7-f4190-o1\" method=\"post\" class=\"wpcf7-form init\" aria-label=\"Formularz kontaktowy\" novalidate=\"novalidate\" data-status=\"init\">\n<fieldset class=\"hidden-fields-container\"><input type=\"hidden\" name=\"_wpcf7\" value=\"4190\" \/><input type=\"hidden\" name=\"_wpcf7_version\" value=\"6.1.5\" \/><input type=\"hidden\" name=\"_wpcf7_locale\" value=\"pl_PL\" \/><input type=\"hidden\" name=\"_wpcf7_unit_tag\" value=\"wpcf7-f4190-o1\" \/><input type=\"hidden\" name=\"_wpcf7_container_post\" value=\"0\" \/><input type=\"hidden\" name=\"_wpcf7_posted_data_hash\" value=\"\" \/>\n<\/fieldset>\n<p><label> Firma<span style=\"color:#FF0000\">*<\/span><br \/>\n<span class=\"wpcf7-form-control-wrap\" data-name=\"societe\"><input size=\"40\" maxlength=\"400\" class=\"wpcf7-form-control wpcf7-text wpcf7-validates-as-required\" aria-required=\"true\" aria-invalid=\"false\" value=\"\" type=\"text\" name=\"societe\" \/><\/span> <\/label>\n<\/p>\n<p><label> Nazwa<span style=\"color:#FF0000\">*<\/span><br \/>\n<span class=\"wpcf7-form-control-wrap\" data-name=\"nom\"><input size=\"40\" maxlength=\"400\" class=\"wpcf7-form-control wpcf7-text wpcf7-validates-as-required\" aria-required=\"true\" aria-invalid=\"false\" value=\"\" type=\"text\" name=\"nom\" \/><\/span> <\/label>\n<\/p>\n<p><label> Email<span style=\"color:#FF0000\">*<\/span><br \/>\n<span class=\"wpcf7-form-control-wrap\" data-name=\"email\"><input size=\"40\" maxlength=\"400\" class=\"wpcf7-form-control wpcf7-email wpcf7-validates-as-required wpcf7-text wpcf7-validates-as-email\" aria-required=\"true\" aria-invalid=\"false\" value=\"\" type=\"email\" name=\"email\" \/><\/span> <\/label>\n<\/p>\n<p><label> Komentarz<br \/>\n<span class=\"wpcf7-form-control-wrap\" data-name=\"commentaire\"><textarea cols=\"40\" rows=\"10\" maxlength=\"2000\" class=\"wpcf7-form-control wpcf7-textarea\" aria-invalid=\"false\" name=\"commentaire\"><\/textarea><\/span> <\/label>\n<\/p>\n<p><span class=\"wpcf7-form-control-wrap kc_captcha\" data-name=\"kc_captcha\"><span class=\"wpcf7-form-control wpcf7-radio\"><span class=\"captcha-image\" ><span class=\"cf7ic_instructions\">Please prove you are human by selecting the<span> house<\/span>.<\/span><label><input aria-label=\"1\" type=\"radio\" name=\"kc_captcha\" value=\"kc_human\" \/><svg aria-hidden=\"true\" role=\"img\" xmlns=\"http:\/\/www.w3.org\/2000\/svg\" viewBox=\"0 0 576 512\"><path fill=\"currentColor\" d=\"M488 313v143c0 13-11 24-24 24H348c-7 0-12-5-12-12V356c0-7-5-12-12-12h-72c-7 0-12 5-12 12v112c0 7-5 12-12 12H112c-13 0-24-11-24-24V313c0-4 2-7 4-10l188-154c5-4 11-4 16 0l188 154c2 3 4 6 4 10zm84-61l-84-69V44c0-6-5-12-12-12h-56c-7 0-12 6-12 12v73l-89-74a48 48 0 00-61 0L4 252c-5 4-5 12-1 17l25 31c5 5 12 5 17 1l235-193c5-4 11-4 16 0l235 193c5 5 13 4 17-1l25-31c4-6 4-13-1-17z\"\/><\/svg><\/label><label><input aria-label=\"2\" type=\"radio\" name=\"kc_captcha\" value=\"bot\" \/><svg aria-hidden=\"true\" role=\"img\" xmlns=\"http:\/\/www.w3.org\/2000\/svg\" viewBox=\"0 0 640 512\"><path fill=\"currentColor\" d=\"M192 384h192c53 0 96-43 96-96h32a128 128 0 000-256H120c-13 0-24 11-24 24v232c0 53 43 96 96 96zM512 96a64 64 0 010 128h-32V96h32zm48 384H48c-47 0-61-64-36-64h584c25 0 11 64-36 64z\"\/><\/svg><\/label><label><input aria-label=\"3\" type=\"radio\" name=\"kc_captcha\" value=\"bot\" \/><svg aria-hidden=\"true\" role=\"img\" xmlns=\"http:\/\/www.w3.org\/2000\/svg\" viewBox=\"0 0 640 512\"><path fill=\"currentColor\" d=\"M624 352h-16V244c0-13-5-25-14-34L494 110c-9-9-21-14-34-14h-44V48c0-26-21-48-48-48H48C22 0 0 22 0 48v320c0 27 22 48 48 48h16a96 96 0 00192 0h128a96 96 0 00192 0h48c9 0 16-7 16-16v-32c0-9-7-16-16-16zM160 464a48 48 0 110-96 48 48 0 010 96zm320 0a48 48 0 110-96 48 48 0 010 96zm80-208H416V144h44l100 100v12z\"\/><\/svg><\/label>\r\n    <\/span>\r\n    <span style=\"display:none\">\r\n        <input type=\"text\" name=\"kc_honeypot\">\r\n    <\/span><\/span><\/span>\n<\/p>\n<p><input class=\"wpcf7-form-control wpcf7-submit has-spinner\" type=\"submit\" value=\"Wy\u015blij pro\u015bb\u0119\" \/>\n<\/p><div class=\"wpcf7-response-output\" aria-hidden=\"true\"><\/div>\n<\/form>\n<\/div>\n\n<div class=\"mks_separator\" style=\"border-bottom: 2px dashed;\"><\/div>\n<h2>Przedstawiciel w Polsce: Print Software Solutions Sp. z o.o<\/h2>\n<p class=\"fond-jaune\">E-mail :\u00a0<a href=\"mailto:sales@printsoftware.pl\">sales@printsoftware.pl<\/a><br \/>\nTel :\u00a0<strong>+48 22 350 79 75<\/strong><\/p>\n<p class=\"fond-jaune\">Gda\u0144sk, Al.. Grunwaldzka 56\/202<strong><br data-rich-text-line-break=\"true\" \/><\/strong><a href=\"http:\/\/www.printsoftware.pl\/\">www.printsoftware.pl<\/a><\/p>\n<h2>Nasze dane kontaktowe<\/h2>\n<p><strong>Volume Software <\/strong><br \/>\n1 bd Heurteloup<br \/>\n37000 Tours<br \/>\nFrance<\/p>\n<p>Tel : +33 (0)2.47.66.47.20<\/p>\n<div class=\"mks_separator\" style=\"border-bottom: 2px dashed;\"><\/div>\n<h2>Mapa dost\u0119pu<\/h2>\n<p><a title=\"Mapa dojazdowa Mapa Google\" href=\"https:\/\/www.google.com\/maps\/place\/Volume+Software\/@47.3849346,0.6926827,14z\/data=!4m2!3m1!1s0x0:0xf3147c43d5873edb?hl=fr\" target=\"_blank\" rel=\"noopener\" hreflang=\"fr\">Zobacz na mapie Google<\/a><\/p>\n<p><iframe loading=\"lazy\" style=\"border: 0;\" src=\"https:\/\/www.google.com\/maps\/embed?pb=!1m14!1m8!1m3!1d21611.07424080591!2d0.6926826837098561!3d47.38493460457548!3m2!1i1024!2i768!4f13.1!3m3!1m2!1s0x0%3A0xf3147c43d5873edb!2sVolume+Software!5e0!3m2!1sfr!2s!4v1423846527472\" width=\"800\" height=\"600\" frameborder=\"0\"><\/iframe><\/p>\n","protected":false},"excerpt":{"rendered":"<p>Odbieranie informacji W razie jakichkolwiek pyta\u0144 lub ch\u0119ci uzyskania informacji prosimy o kontakt. Przedstawiciel w Polsce: Print Software Solutions Sp. z o.o E-mail :\u00a0sales@printsoftware.pl Tel :\u00a0+48 22 350 79 75 Gda\u0144sk, Al.. Grunwaldzka 56\/202www.printsoftware.pl Nasze dane kontaktowe Volume Software 1 bd Heurteloup 37000 Tours France Tel : +33 (0)2.47.66.47.20 Mapa dost\u0119pu Zobacz na mapie Google<\/p>\n","protected":false},"author":1,"featured_media":2883,"parent":2890,"menu_order":0,"comment_status":"closed","ping_status":"closed","template":"","meta":{"footnotes":""},"class_list":["post-2886","page","type-page","status-publish","has-post-thumbnail","hentry"],"yoast_head":"<!-- This site is optimized with the Yoast SEO plugin v27.4 - https:\/\/yoast.com\/product\/yoast-seo-wordpress\/ -->\n<title>Kontakt - Volume Software<\/title>\n<meta name=\"description\" content=\"W razie jakichkolwiek pyta\u0144 prosimy o kontakt. Volume Software\" \/>\n<meta name=\"robots\" content=\"index, follow, max-snippet:-1, max-image-preview:large, max-video-preview:-1\" \/>\n<link rel=\"canonical\" href=\"https:\/\/www.volume-software.com\/pl\/volume-software\/kontakt\/\" \/>\n<meta property=\"og:locale\" content=\"pl_PL\" \/>\n<meta property=\"og:type\" content=\"article\" \/>\n<meta property=\"og:title\" content=\"Kontakt - Volume Software\" \/>\n<meta property=\"og:description\" content=\"W razie jakichkolwiek pyta\u0144 prosimy o kontakt. Volume Software\" \/>\n<meta property=\"og:url\" content=\"https:\/\/www.volume-software.com\/pl\/volume-software\/kontakt\/\" \/>\n<meta property=\"og:site_name\" content=\"Volume Software\" \/>\n<meta property=\"article:publisher\" content=\"https:\/\/www.facebook.com\/pages\/Volume-Software\/216816211713393\" \/>\n<meta property=\"article:modified_time\" content=\"2023-09-22T09:34:49+00:00\" \/>\n<meta property=\"og:image\" content=\"https:\/\/www.volume-software.com\/wp-content\/uploads\/2015\/02\/volume_software.png\" \/>\n\t<meta property=\"og:image:width\" content=\"900\" \/>\n\t<meta property=\"og:image:height\" content=\"264\" \/>\n\t<meta property=\"og:image:type\" content=\"image\/png\" \/>\n<meta name=\"twitter:card\" content=\"summary_large_image\" \/>\n<meta name=\"twitter:site\" content=\"@VolumeSoftware\" \/>\n<meta name=\"twitter:label1\" content=\"Szacowany czas czytania\" \/>\n\t<meta name=\"twitter:data1\" content=\"1 minuta\" \/>\n<script type=\"application\/ld+json\" class=\"yoast-schema-graph\">{\"@context\":\"https:\\\/\\\/schema.org\",\"@graph\":[{\"@type\":\"WebPage\",\"@id\":\"https:\\\/\\\/www.volume-software.com\\\/pl\\\/volume-software\\\/kontakt\\\/\",\"url\":\"https:\\\/\\\/www.volume-software.com\\\/pl\\\/volume-software\\\/kontakt\\\/\",\"name\":\"Kontakt - Volume Software\",\"isPartOf\":{\"@id\":\"https:\\\/\\\/www.volume-software.com\\\/#website\"},\"primaryImageOfPage\":{\"@id\":\"https:\\\/\\\/www.volume-software.com\\\/pl\\\/volume-software\\\/kontakt\\\/#primaryimage\"},\"image\":{\"@id\":\"https:\\\/\\\/www.volume-software.com\\\/pl\\\/volume-software\\\/kontakt\\\/#primaryimage\"},\"thumbnailUrl\":\"https:\\\/\\\/www.volume-software.com\\\/wp-content\\\/uploads\\\/2015\\\/02\\\/volume_software.png\",\"datePublished\":\"2022-07-05T14:50:42+00:00\",\"dateModified\":\"2023-09-22T09:34:49+00:00\",\"description\":\"W razie jakichkolwiek pyta\u0144 prosimy o kontakt. Volume Software\",\"breadcrumb\":{\"@id\":\"https:\\\/\\\/www.volume-software.com\\\/pl\\\/volume-software\\\/kontakt\\\/#breadcrumb\"},\"inLanguage\":\"pl-PL\",\"potentialAction\":[{\"@type\":\"ReadAction\",\"target\":[\"https:\\\/\\\/www.volume-software.com\\\/pl\\\/volume-software\\\/kontakt\\\/\"]}]},{\"@type\":\"ImageObject\",\"inLanguage\":\"pl-PL\",\"@id\":\"https:\\\/\\\/www.volume-software.com\\\/pl\\\/volume-software\\\/kontakt\\\/#primaryimage\",\"url\":\"https:\\\/\\\/www.volume-software.com\\\/wp-content\\\/uploads\\\/2015\\\/02\\\/volume_software.png\",\"contentUrl\":\"https:\\\/\\\/www.volume-software.com\\\/wp-content\\\/uploads\\\/2015\\\/02\\\/volume_software.png\",\"width\":900,\"height\":264},{\"@type\":\"BreadcrumbList\",\"@id\":\"https:\\\/\\\/www.volume-software.com\\\/pl\\\/volume-software\\\/kontakt\\\/#breadcrumb\",\"itemListElement\":[{\"@type\":\"ListItem\",\"position\":1,\"name\":\"Volume Software\",\"item\":\"https:\\\/\\\/www.volume-software.com\\\/pl\\\/\"},{\"@type\":\"ListItem\",\"position\":2,\"name\":\"Volume Software\",\"item\":\"https:\\\/\\\/www.volume-software.com\\\/pl\\\/volume-software\\\/\"},{\"@type\":\"ListItem\",\"position\":3,\"name\":\"Kontakt\"}]},{\"@type\":\"WebSite\",\"@id\":\"https:\\\/\\\/www.volume-software.com\\\/#website\",\"url\":\"https:\\\/\\\/www.volume-software.com\\\/\",\"name\":\"Volume Software\",\"description\":\"Producent systemu ERP dla bran\u017cy opakowaniowej i poligraficznej\",\"publisher\":{\"@id\":\"https:\\\/\\\/www.volume-software.com\\\/#organization\"},\"potentialAction\":[{\"@type\":\"SearchAction\",\"target\":{\"@type\":\"EntryPoint\",\"urlTemplate\":\"https:\\\/\\\/www.volume-software.com\\\/?s={search_term_string}\"},\"query-input\":{\"@type\":\"PropertyValueSpecification\",\"valueRequired\":true,\"valueName\":\"search_term_string\"}}],\"inLanguage\":\"pl-PL\"},{\"@type\":\"Organization\",\"@id\":\"https:\\\/\\\/www.volume-software.com\\\/#organization\",\"name\":\"Volume Software\",\"url\":\"https:\\\/\\\/www.volume-software.com\\\/\",\"logo\":{\"@type\":\"ImageObject\",\"inLanguage\":\"pl-PL\",\"@id\":\"https:\\\/\\\/www.volume-software.com\\\/#\\\/schema\\\/logo\\\/image\\\/\",\"url\":\"http:\\\/\\\/www.volume-software.com\\\/wp-content\\\/uploads\\\/2015\\\/02\\\/volume_software.png\",\"contentUrl\":\"http:\\\/\\\/www.volume-software.com\\\/wp-content\\\/uploads\\\/2015\\\/02\\\/volume_software.png\",\"width\":900,\"height\":264,\"caption\":\"Volume Software\"},\"image\":{\"@id\":\"https:\\\/\\\/www.volume-software.com\\\/#\\\/schema\\\/logo\\\/image\\\/\"},\"sameAs\":[\"https:\\\/\\\/www.facebook.com\\\/pages\\\/Volume-Software\\\/216816211713393\",\"https:\\\/\\\/x.com\\\/VolumeSoftware\",\"https:\\\/\\\/www.linkedin.com\\\/company\\\/volume-software\",\"https:\\\/\\\/www.youtube.com\\\/user\\\/VolumeSoftware\"]}]}<\/script>\n<!-- \/ Yoast SEO plugin. -->","yoast_head_json":{"title":"Kontakt - Volume Software","description":"W razie jakichkolwiek pyta\u0144 prosimy o kontakt. Volume Software","robots":{"index":"index","follow":"follow","max-snippet":"max-snippet:-1","max-image-preview":"max-image-preview:large","max-video-preview":"max-video-preview:-1"},"canonical":"https:\/\/www.volume-software.com\/pl\/volume-software\/kontakt\/","og_locale":"pl_PL","og_type":"article","og_title":"Kontakt - Volume Software","og_description":"W razie jakichkolwiek pyta\u0144 prosimy o kontakt. Volume Software","og_url":"https:\/\/www.volume-software.com\/pl\/volume-software\/kontakt\/","og_site_name":"Volume Software","article_publisher":"https:\/\/www.facebook.com\/pages\/Volume-Software\/216816211713393","article_modified_time":"2023-09-22T09:34:49+00:00","og_image":[{"width":900,"height":264,"url":"https:\/\/www.volume-software.com\/wp-content\/uploads\/2015\/02\/volume_software.png","type":"image\/png"}],"twitter_card":"summary_large_image","twitter_site":"@VolumeSoftware","twitter_misc":{"Szacowany czas czytania":"1 minuta"},"schema":{"@context":"https:\/\/schema.org","@graph":[{"@type":"WebPage","@id":"https:\/\/www.volume-software.com\/pl\/volume-software\/kontakt\/","url":"https:\/\/www.volume-software.com\/pl\/volume-software\/kontakt\/","name":"Kontakt - Volume Software","isPartOf":{"@id":"https:\/\/www.volume-software.com\/#website"},"primaryImageOfPage":{"@id":"https:\/\/www.volume-software.com\/pl\/volume-software\/kontakt\/#primaryimage"},"image":{"@id":"https:\/\/www.volume-software.com\/pl\/volume-software\/kontakt\/#primaryimage"},"thumbnailUrl":"https:\/\/www.volume-software.com\/wp-content\/uploads\/2015\/02\/volume_software.png","datePublished":"2022-07-05T14:50:42+00:00","dateModified":"2023-09-22T09:34:49+00:00","description":"W razie jakichkolwiek pyta\u0144 prosimy o kontakt. Volume Software","breadcrumb":{"@id":"https:\/\/www.volume-software.com\/pl\/volume-software\/kontakt\/#breadcrumb"},"inLanguage":"pl-PL","potentialAction":[{"@type":"ReadAction","target":["https:\/\/www.volume-software.com\/pl\/volume-software\/kontakt\/"]}]},{"@type":"ImageObject","inLanguage":"pl-PL","@id":"https:\/\/www.volume-software.com\/pl\/volume-software\/kontakt\/#primaryimage","url":"https:\/\/www.volume-software.com\/wp-content\/uploads\/2015\/02\/volume_software.png","contentUrl":"https:\/\/www.volume-software.com\/wp-content\/uploads\/2015\/02\/volume_software.png","width":900,"height":264},{"@type":"BreadcrumbList","@id":"https:\/\/www.volume-software.com\/pl\/volume-software\/kontakt\/#breadcrumb","itemListElement":[{"@type":"ListItem","position":1,"name":"Volume Software","item":"https:\/\/www.volume-software.com\/pl\/"},{"@type":"ListItem","position":2,"name":"Volume Software","item":"https:\/\/www.volume-software.com\/pl\/volume-software\/"},{"@type":"ListItem","position":3,"name":"Kontakt"}]},{"@type":"WebSite","@id":"https:\/\/www.volume-software.com\/#website","url":"https:\/\/www.volume-software.com\/","name":"Volume Software","description":"Producent systemu ERP dla bran\u017cy opakowaniowej i poligraficznej","publisher":{"@id":"https:\/\/www.volume-software.com\/#organization"},"potentialAction":[{"@type":"SearchAction","target":{"@type":"EntryPoint","urlTemplate":"https:\/\/www.volume-software.com\/?s={search_term_string}"},"query-input":{"@type":"PropertyValueSpecification","valueRequired":true,"valueName":"search_term_string"}}],"inLanguage":"pl-PL"},{"@type":"Organization","@id":"https:\/\/www.volume-software.com\/#organization","name":"Volume Software","url":"https:\/\/www.volume-software.com\/","logo":{"@type":"ImageObject","inLanguage":"pl-PL","@id":"https:\/\/www.volume-software.com\/#\/schema\/logo\/image\/","url":"http:\/\/www.volume-software.com\/wp-content\/uploads\/2015\/02\/volume_software.png","contentUrl":"http:\/\/www.volume-software.com\/wp-content\/uploads\/2015\/02\/volume_software.png","width":900,"height":264,"caption":"Volume Software"},"image":{"@id":"https:\/\/www.volume-software.com\/#\/schema\/logo\/image\/"},"sameAs":["https:\/\/www.facebook.com\/pages\/Volume-Software\/216816211713393","https:\/\/x.com\/VolumeSoftware","https:\/\/www.linkedin.com\/company\/volume-software","https:\/\/www.youtube.com\/user\/VolumeSoftware"]}]}},"_links":{"self":[{"href":"https:\/\/www.volume-software.com\/pl\/wp-json\/wp\/v2\/pages\/2886","targetHints":{"allow":["GET"]}}],"collection":[{"href":"https:\/\/www.volume-software.com\/pl\/wp-json\/wp\/v2\/pages"}],"about":[{"href":"https:\/\/www.volume-software.com\/pl\/wp-json\/wp\/v2\/types\/page"}],"author":[{"embeddable":true,"href":"https:\/\/www.volume-software.com\/pl\/wp-json\/wp\/v2\/users\/1"}],"replies":[{"embeddable":true,"href":"https:\/\/www.volume-software.com\/pl\/wp-json\/wp\/v2\/comments?post=2886"}],"version-history":[{"count":5,"href":"https:\/\/www.volume-software.com\/pl\/wp-json\/wp\/v2\/pages\/2886\/revisions"}],"predecessor-version":[{"id":4194,"href":"https:\/\/www.volume-software.com\/pl\/wp-json\/wp\/v2\/pages\/2886\/revisions\/4194"}],"up":[{"embeddable":true,"href":"https:\/\/www.volume-software.com\/pl\/wp-json\/wp\/v2\/pages\/2890"}],"wp:featuredmedia":[{"embeddable":true,"href":"https:\/\/www.volume-software.com\/pl\/wp-json\/wp\/v2\/media\/2883"}],"wp:attachment":[{"href":"https:\/\/www.volume-software.com\/pl\/wp-json\/wp\/v2\/media?parent=2886"}],"curies":[{"name":"wp","href":"https:\/\/api.w.org\/{rel}","templated":true}]}}