{"id":2876,"date":"2022-07-05T13:55:06","date_gmt":"2022-07-05T13:55:06","guid":{"rendered":"https:\/\/www.volume-software.com\/?page_id=2876"},"modified":"2022-09-14T08:28:30","modified_gmt":"2022-09-14T08:28:30","slug":"system-erp-dla-przemyslu-opakowaniowego-i-poligraficznego","status":"publish","type":"page","link":"https:\/\/www.volume-software.com\/pl\/","title":{"rendered":"System ERP dla przemys\u0142u opakowaniowego i poligraficznego"},"content":{"rendered":"<p style=\"text-align: justify;\"><div class=\"mks_separator\" style=\"border-bottom: 2px dashed;\"><\/div>\n<p style=\"text-align: justify;\"><strong>Volume Software<\/strong> jest producentem systemu ERP dla bran\u017cy <strong>opakowaniowej<\/strong> i <strong>poligraficznej<\/strong>. Ju\u017c ponad <strong>30 lat<\/strong> pomagamy we wdra\u017caniu systemu zarz\u0105dzania dostosowanego do potrzeb Twojej firmy. Nasz wysoce modu\u0142owy system obejmuje kosztorysowanie, zarz\u0105dzanie handlowe, zarz\u0105dzanie zakupami, zarz\u0105dzanie produkcj\u0105, planowanie produkcji i logistyk\u0119.<\/p>\n<p style=\"text-align: justify;\"><a href=\"https:\/\/www.volume-software.com\/wp-content\/uploads\/2022\/07\/Roue_ERP_Web_pl.png\" data-rel=\"lightbox-image-0\" data-rl_title=\"\" data-rl_caption=\"\" title=\"\"><img loading=\"lazy\" decoding=\"async\" class=\"alignnone wp-image-2959 size-large\" src=\"https:\/\/www.volume-software.com\/wp-content\/uploads\/2022\/07\/Roue_ERP_Web_pl-600x600.png\" alt=\"\" width=\"600\" height=\"600\" srcset=\"https:\/\/www.volume-software.com\/wp-content\/uploads\/2022\/07\/Roue_ERP_Web_pl-600x600.png 600w, https:\/\/www.volume-software.com\/wp-content\/uploads\/2022\/07\/Roue_ERP_Web_pl-400x400.png 400w, https:\/\/www.volume-software.com\/wp-content\/uploads\/2022\/07\/Roue_ERP_Web_pl-190x190.png 190w, https:\/\/www.volume-software.com\/wp-content\/uploads\/2022\/07\/Roue_ERP_Web_pl-768x768.png 768w, https:\/\/www.volume-software.com\/wp-content\/uploads\/2022\/07\/Roue_ERP_Web_pl-810x810.png 810w, https:\/\/www.volume-software.com\/wp-content\/uploads\/2022\/07\/Roue_ERP_Web_pl.png 1000w\" sizes=\"auto, (max-width: 600px) 100vw, 600px\" \/><\/a><\/p>\n<p style=\"text-align: justify;\">Zesp\u00f3\u0142 Volume Software tworz\u0105 <strong>konsultanci b\u0119d\u0105cy ekspertami<\/strong> w obszarach dzia\u0142alno\u015bci naszych klient\u00f3w, kt\u00f3rymi s\u0105: producenci tektury falistej, przetw\u00f3rcy tektury falistej i litej, producenci POS, drukarnie, producenci etykiet i przemys\u0142 papierniczy.<\/p>\n<p style=\"text-align: center;\"><a class=\"mks_button mks_button_large rounded\" href=\"https:\/\/www.volume-software.com\/pl\/panstwa-branza\/\" target=\"_self\" style=\"color: #FFFFFF; background-color: #1e73be;\" >Pa\u0144stwa bran\u017ca<\/a> <a class=\"mks_button mks_button_large rounded\" href=\"https:\/\/www.volume-software.com\/pl\/nasze-rozwiazania\/\" target=\"_self\" style=\"color: #FFFFFF; background-color: #1e73be;\" >Nasze rozwi\u0105zania<\/a>\n","protected":false},"excerpt":{"rendered":"<p>Volume Software jest producentem systemu ERP dla bran\u017cy opakowaniowej i poligraficznej. Ju\u017c ponad 30 lat pomagamy we wdra\u017caniu systemu zarz\u0105dzania dostosowanego do potrzeb Twojej firmy. Nasz wysoce modu\u0142owy system obejmuje kosztorysowanie, zarz\u0105dzanie handlowe, zarz\u0105dzanie zakupami, zarz\u0105dzanie produkcj\u0105, planowanie produkcji i logistyk\u0119. Zesp\u00f3\u0142 Volume Software tworz\u0105 konsultanci b\u0119d\u0105cy ekspertami w obszarach dzia\u0142alno\u015bci naszych klient\u00f3w, kt\u00f3rymi s\u0105: [&hellip;]<\/p>\n","protected":false},"author":1,"featured_media":0,"parent":0,"menu_order":0,"comment_status":"closed","ping_status":"closed","template":"","meta":{"footnotes":""},"class_list":["post-2876","page","type-page","status-publish","hentry"],"yoast_head":"<!-- This site is optimized with the Yoast SEO plugin v27.4 - https:\/\/yoast.com\/product\/yoast-seo-wordpress\/ -->\n<title>Bran\u017cowy system ERP dla przemys\u0142u opakowaniowego i poligraficznego<\/title>\n<meta name=\"description\" content=\"Volume Software jest autorem rozwi\u0105za\u0144 ERP przemys\u0142u opakowaniowego i poligraficznego: VoluPack, VoluPrim, VoluLabel oraz Prosper.\" \/>\n<meta name=\"robots\" content=\"index, follow, max-snippet:-1, max-image-preview:large, max-video-preview:-1\" \/>\n<link rel=\"canonical\" href=\"https:\/\/www.volume-software.com\/pl\/\" \/>\n<meta property=\"og:locale\" content=\"pl_PL\" \/>\n<meta property=\"og:type\" content=\"article\" \/>\n<meta property=\"og:title\" content=\"Bran\u017cowy system ERP dla przemys\u0142u opakowaniowego i poligraficznego\" \/>\n<meta property=\"og:description\" content=\"Volume Software jest autorem rozwi\u0105za\u0144 ERP przemys\u0142u opakowaniowego i poligraficznego: VoluPack, VoluPrim, VoluLabel oraz Prosper.\" \/>\n<meta property=\"og:url\" content=\"https:\/\/www.volume-software.com\/pl\/\" \/>\n<meta property=\"og:site_name\" content=\"Volume Software\" \/>\n<meta property=\"article:publisher\" content=\"https:\/\/www.facebook.com\/pages\/Volume-Software\/216816211713393\" \/>\n<meta property=\"article:modified_time\" content=\"2022-09-14T08:28:30+00:00\" \/>\n<meta property=\"og:image\" content=\"https:\/\/www.volume-software.com\/wp-content\/uploads\/2022\/07\/Roue_ERP_Web_pl-600x600.png\" \/>\n<meta name=\"twitter:card\" content=\"summary_large_image\" \/>\n<meta name=\"twitter:site\" content=\"@VolumeSoftware\" \/>\n<meta name=\"twitter:label1\" content=\"Szacowany czas czytania\" \/>\n\t<meta name=\"twitter:data1\" content=\"1 minuta\" \/>\n<script type=\"application\/ld+json\" class=\"yoast-schema-graph\">{\"@context\":\"https:\\\/\\\/schema.org\",\"@graph\":[{\"@type\":\"WebPage\",\"@id\":\"https:\\\/\\\/www.volume-software.com\\\/pl\\\/\",\"url\":\"https:\\\/\\\/www.volume-software.com\\\/pl\\\/\",\"name\":\"Bran\u017cowy system ERP dla przemys\u0142u opakowaniowego i poligraficznego\",\"isPartOf\":{\"@id\":\"https:\\\/\\\/www.volume-software.com\\\/#website\"},\"primaryImageOfPage\":{\"@id\":\"https:\\\/\\\/www.volume-software.com\\\/pl\\\/#primaryimage\"},\"image\":{\"@id\":\"https:\\\/\\\/www.volume-software.com\\\/pl\\\/#primaryimage\"},\"thumbnailUrl\":\"https:\\\/\\\/www.volume-software.com\\\/wp-content\\\/uploads\\\/2022\\\/07\\\/Roue_ERP_Web_pl-600x600.png\",\"datePublished\":\"2022-07-05T13:55:06+00:00\",\"dateModified\":\"2022-09-14T08:28:30+00:00\",\"description\":\"Volume Software jest autorem rozwi\u0105za\u0144 ERP przemys\u0142u opakowaniowego i poligraficznego: VoluPack, VoluPrim, VoluLabel oraz Prosper.\",\"breadcrumb\":{\"@id\":\"https:\\\/\\\/www.volume-software.com\\\/pl\\\/#breadcrumb\"},\"inLanguage\":\"pl-PL\",\"potentialAction\":[{\"@type\":\"ReadAction\",\"target\":[\"https:\\\/\\\/www.volume-software.com\\\/pl\\\/\"]}]},{\"@type\":\"ImageObject\",\"inLanguage\":\"pl-PL\",\"@id\":\"https:\\\/\\\/www.volume-software.com\\\/pl\\\/#primaryimage\",\"url\":\"https:\\\/\\\/www.volume-software.com\\\/wp-content\\\/uploads\\\/2022\\\/07\\\/Roue_ERP_Web_pl-600x600.png\",\"contentUrl\":\"https:\\\/\\\/www.volume-software.com\\\/wp-content\\\/uploads\\\/2022\\\/07\\\/Roue_ERP_Web_pl-600x600.png\"},{\"@type\":\"BreadcrumbList\",\"@id\":\"https:\\\/\\\/www.volume-software.com\\\/pl\\\/#breadcrumb\",\"itemListElement\":[{\"@type\":\"ListItem\",\"position\":1,\"name\":\"Volume Software\",\"item\":\"https:\\\/\\\/www.volume-software.com\\\/pl\\\/\"},{\"@type\":\"ListItem\",\"position\":2,\"name\":\"System ERP dla przemys\u0142u opakowaniowego i poligraficznego\"}]},{\"@type\":\"WebSite\",\"@id\":\"https:\\\/\\\/www.volume-software.com\\\/#website\",\"url\":\"https:\\\/\\\/www.volume-software.com\\\/\",\"name\":\"Volume Software\",\"description\":\"Producent systemu ERP dla bran\u017cy opakowaniowej i poligraficznej\",\"publisher\":{\"@id\":\"https:\\\/\\\/www.volume-software.com\\\/#organization\"},\"potentialAction\":[{\"@type\":\"SearchAction\",\"target\":{\"@type\":\"EntryPoint\",\"urlTemplate\":\"https:\\\/\\\/www.volume-software.com\\\/?s={search_term_string}\"},\"query-input\":{\"@type\":\"PropertyValueSpecification\",\"valueRequired\":true,\"valueName\":\"search_term_string\"}}],\"inLanguage\":\"pl-PL\"},{\"@type\":\"Organization\",\"@id\":\"https:\\\/\\\/www.volume-software.com\\\/#organization\",\"name\":\"Volume Software\",\"url\":\"https:\\\/\\\/www.volume-software.com\\\/\",\"logo\":{\"@type\":\"ImageObject\",\"inLanguage\":\"pl-PL\",\"@id\":\"https:\\\/\\\/www.volume-software.com\\\/#\\\/schema\\\/logo\\\/image\\\/\",\"url\":\"http:\\\/\\\/www.volume-software.com\\\/wp-content\\\/uploads\\\/2015\\\/02\\\/volume_software.png\",\"contentUrl\":\"http:\\\/\\\/www.volume-software.com\\\/wp-content\\\/uploads\\\/2015\\\/02\\\/volume_software.png\",\"width\":900,\"height\":264,\"caption\":\"Volume Software\"},\"image\":{\"@id\":\"https:\\\/\\\/www.volume-software.com\\\/#\\\/schema\\\/logo\\\/image\\\/\"},\"sameAs\":[\"https:\\\/\\\/www.facebook.com\\\/pages\\\/Volume-Software\\\/216816211713393\",\"https:\\\/\\\/x.com\\\/VolumeSoftware\",\"https:\\\/\\\/www.linkedin.com\\\/company\\\/volume-software\",\"https:\\\/\\\/www.youtube.com\\\/user\\\/VolumeSoftware\"]}]}<\/script>\n<!-- \/ Yoast SEO plugin. -->","yoast_head_json":{"title":"Bran\u017cowy system ERP dla przemys\u0142u opakowaniowego i poligraficznego","description":"Volume Software jest autorem rozwi\u0105za\u0144 ERP przemys\u0142u opakowaniowego i poligraficznego: VoluPack, VoluPrim, VoluLabel oraz Prosper.","robots":{"index":"index","follow":"follow","max-snippet":"max-snippet:-1","max-image-preview":"max-image-preview:large","max-video-preview":"max-video-preview:-1"},"canonical":"https:\/\/www.volume-software.com\/pl\/","og_locale":"pl_PL","og_type":"article","og_title":"Bran\u017cowy system ERP dla przemys\u0142u opakowaniowego i poligraficznego","og_description":"Volume Software jest autorem rozwi\u0105za\u0144 ERP przemys\u0142u opakowaniowego i poligraficznego: VoluPack, VoluPrim, VoluLabel oraz Prosper.","og_url":"https:\/\/www.volume-software.com\/pl\/","og_site_name":"Volume Software","article_publisher":"https:\/\/www.facebook.com\/pages\/Volume-Software\/216816211713393","article_modified_time":"2022-09-14T08:28:30+00:00","og_image":[{"url":"https:\/\/www.volume-software.com\/wp-content\/uploads\/2022\/07\/Roue_ERP_Web_pl-600x600.png","type":"","width":"","height":""}],"twitter_card":"summary_large_image","twitter_site":"@VolumeSoftware","twitter_misc":{"Szacowany czas czytania":"1 minuta"},"schema":{"@context":"https:\/\/schema.org","@graph":[{"@type":"WebPage","@id":"https:\/\/www.volume-software.com\/pl\/","url":"https:\/\/www.volume-software.com\/pl\/","name":"Bran\u017cowy system ERP dla przemys\u0142u opakowaniowego i poligraficznego","isPartOf":{"@id":"https:\/\/www.volume-software.com\/#website"},"primaryImageOfPage":{"@id":"https:\/\/www.volume-software.com\/pl\/#primaryimage"},"image":{"@id":"https:\/\/www.volume-software.com\/pl\/#primaryimage"},"thumbnailUrl":"https:\/\/www.volume-software.com\/wp-content\/uploads\/2022\/07\/Roue_ERP_Web_pl-600x600.png","datePublished":"2022-07-05T13:55:06+00:00","dateModified":"2022-09-14T08:28:30+00:00","description":"Volume Software jest autorem rozwi\u0105za\u0144 ERP przemys\u0142u opakowaniowego i poligraficznego: VoluPack, VoluPrim, VoluLabel oraz Prosper.","breadcrumb":{"@id":"https:\/\/www.volume-software.com\/pl\/#breadcrumb"},"inLanguage":"pl-PL","potentialAction":[{"@type":"ReadAction","target":["https:\/\/www.volume-software.com\/pl\/"]}]},{"@type":"ImageObject","inLanguage":"pl-PL","@id":"https:\/\/www.volume-software.com\/pl\/#primaryimage","url":"https:\/\/www.volume-software.com\/wp-content\/uploads\/2022\/07\/Roue_ERP_Web_pl-600x600.png","contentUrl":"https:\/\/www.volume-software.com\/wp-content\/uploads\/2022\/07\/Roue_ERP_Web_pl-600x600.png"},{"@type":"BreadcrumbList","@id":"https:\/\/www.volume-software.com\/pl\/#breadcrumb","itemListElement":[{"@type":"ListItem","position":1,"name":"Volume Software","item":"https:\/\/www.volume-software.com\/pl\/"},{"@type":"ListItem","position":2,"name":"System ERP dla przemys\u0142u opakowaniowego i poligraficznego"}]},{"@type":"WebSite","@id":"https:\/\/www.volume-software.com\/#website","url":"https:\/\/www.volume-software.com\/","name":"Volume Software","description":"Producent systemu ERP dla bran\u017cy opakowaniowej i poligraficznej","publisher":{"@id":"https:\/\/www.volume-software.com\/#organization"},"potentialAction":[{"@type":"SearchAction","target":{"@type":"EntryPoint","urlTemplate":"https:\/\/www.volume-software.com\/?s={search_term_string}"},"query-input":{"@type":"PropertyValueSpecification","valueRequired":true,"valueName":"search_term_string"}}],"inLanguage":"pl-PL"},{"@type":"Organization","@id":"https:\/\/www.volume-software.com\/#organization","name":"Volume Software","url":"https:\/\/www.volume-software.com\/","logo":{"@type":"ImageObject","inLanguage":"pl-PL","@id":"https:\/\/www.volume-software.com\/#\/schema\/logo\/image\/","url":"http:\/\/www.volume-software.com\/wp-content\/uploads\/2015\/02\/volume_software.png","contentUrl":"http:\/\/www.volume-software.com\/wp-content\/uploads\/2015\/02\/volume_software.png","width":900,"height":264,"caption":"Volume Software"},"image":{"@id":"https:\/\/www.volume-software.com\/#\/schema\/logo\/image\/"},"sameAs":["https:\/\/www.facebook.com\/pages\/Volume-Software\/216816211713393","https:\/\/x.com\/VolumeSoftware","https:\/\/www.linkedin.com\/company\/volume-software","https:\/\/www.youtube.com\/user\/VolumeSoftware"]}]}},"_links":{"self":[{"href":"https:\/\/www.volume-software.com\/pl\/wp-json\/wp\/v2\/pages\/2876","targetHints":{"allow":["GET"]}}],"collection":[{"href":"https:\/\/www.volume-software.com\/pl\/wp-json\/wp\/v2\/pages"}],"about":[{"href":"https:\/\/www.volume-software.com\/pl\/wp-json\/wp\/v2\/types\/page"}],"author":[{"embeddable":true,"href":"https:\/\/www.volume-software.com\/pl\/wp-json\/wp\/v2\/users\/1"}],"replies":[{"embeddable":true,"href":"https:\/\/www.volume-software.com\/pl\/wp-json\/wp\/v2\/comments?post=2876"}],"version-history":[{"count":7,"href":"https:\/\/www.volume-software.com\/pl\/wp-json\/wp\/v2\/pages\/2876\/revisions"}],"predecessor-version":[{"id":3439,"href":"https:\/\/www.volume-software.com\/pl\/wp-json\/wp\/v2\/pages\/2876\/revisions\/3439"}],"wp:attachment":[{"href":"https:\/\/www.volume-software.com\/pl\/wp-json\/wp\/v2\/media?parent=2876"}],"curies":[{"name":"wp","href":"https:\/\/api.w.org\/{rel}","templated":true}]}}