{"id":611,"date":"2015-07-28T14:06:02","date_gmt":"2015-07-28T14:06:02","guid":{"rendered":"https:\/\/www.volume-software.com\/?page_id=611"},"modified":"2021-10-28T08:58:11","modified_gmt":"2021-10-28T08:58:11","slug":"prosper","status":"publish","type":"page","link":"https:\/\/www.volume-software.com\/en\/solutions\/prosper\/","title":{"rendered":"Prosper"},"content":{"rendered":"<h2>L&#8217;ERP &#8220;industrie graphique&#8221; pour les PMI<\/h2>\n<p style=\"text-align: justify;\">Avec <strong>PROSPER<\/strong>, vous avez la garantie de disposer d&#8217;un syst\u00e8me informatique simple d&#8217;utilisation, param\u00e9trable, modulaire et \u00e9volutif.<\/p>\n<p style=\"text-align: justify;\">La gamme PROSPER a \u00e9t\u00e9 con\u00e7ue et est d\u00e9velopp\u00e9e par une \u00e9quipe d&#8217;ing\u00e9nieurs conseils au service exclusif des <strong>industries graphiques<\/strong> depuis plus de 30 ans. Cette exp\u00e9rience unique est la garantie de disposer d&#8217;un syst\u00e8me informatique \u00e9prouv\u00e9 dont les possibilit\u00e9s de param\u00e9trage sont suffisamment vastes pour en faire un logiciel taill\u00e9 <strong>&#8220;sur mesure&#8221;<\/strong> pour votre entreprise, et suffisamment affin\u00e9es pour en faire un outil rapidement op\u00e9rationnel.<\/p>\n<p style=\"text-align: justify;\">C&#8217;est aussi la garantie de toujours disposer d&#8217;interlocuteurs comp\u00e9tents, \u00e0 l&#8217;\u00e9coute et aptes \u00e0 comprendre les enjeux li\u00e9s \u00e0 votre m\u00e9tier.<\/p>\n<p style=\"text-align: justify;\"><a href=\"https:\/\/www.volume-software.com\/wp-content\/uploads\/2015\/04\/imprimerie.jpg\" data-rel=\"lightbox-image-0\" data-rl_title=\"\" data-rl_caption=\"\" title=\"\"><img loading=\"lazy\" decoding=\"async\" class=\"aligncenter size-medium wp-image-412\" src=\"https:\/\/www.volume-software.com\/wp-content\/uploads\/2015\/04\/imprimerie-400x265.jpg\" alt=\"imprimerie\" width=\"400\" height=\"265\" srcset=\"https:\/\/www.volume-software.com\/wp-content\/uploads\/2015\/04\/imprimerie-400x265.jpg 400w, https:\/\/www.volume-software.com\/wp-content\/uploads\/2015\/04\/imprimerie-190x126.jpg 190w, https:\/\/www.volume-software.com\/wp-content\/uploads\/2015\/04\/imprimerie-600x397.jpg 600w, https:\/\/www.volume-software.com\/wp-content\/uploads\/2015\/04\/imprimerie.jpg 639w\" sizes=\"auto, (max-width: 400px) 100vw, 400px\" \/><\/a><\/p>\n<p style=\"text-align: justify;\">De conception <strong>modulaire<\/strong>, PROSPER s&#8217;adapte \u00e0 tous les profils et ce, quelle que soit la taille de votre entreprise. Vous pouvez ainsi d\u00e9marrer \u00e0 votre rythme en int\u00e9grant un seul module (<strong>devis<\/strong>, <strong>commandes<\/strong> ou <strong>facturation<\/strong>) et ensuite mettre en \u0153uvre diff\u00e9rents cha\u00eenages tel que r\u00e9alisation et suivi des offres (<strong>devis optimis\u00e9<\/strong>) puis transformation en facturation et transfert vers votre logiciel de comptabilit\u00e9 (EBP, Ciel, Sage, CCMX, etc.). La gestion des commandes (bons de livraison, bons de commande sous-traitants, encours) peut \u00eatre int\u00e9gr\u00e9e lors d&#8217;une seconde \u00e9tape. Profitez ensuite d&#8217;une gestion simple mais efficace de vos stocks.<\/p>\n<p style=\"text-align: justify;\">Parce qu&#8217;il est n\u00e9cessaire de <strong>construire son informatique<\/strong>, BG2M vous place au c\u0153ur de sa mise en \u0153uvre et vous accompagne pour les ann\u00e9es \u00e0 venir.<\/p>\n<p style=\"text-align: justify;\"><a href=\"https:\/\/www.volume-software.com\/wp-content\/uploads\/2015\/04\/imprimerie-2.jpg\" data-rel=\"lightbox-image-1\" data-rl_title=\"\" data-rl_caption=\"\" title=\"\"><img loading=\"lazy\" decoding=\"async\" class=\"aligncenter size-medium wp-image-414\" src=\"https:\/\/www.volume-software.com\/wp-content\/uploads\/2015\/04\/imprimerie-2-400x300.jpg\" alt=\"imprimerie 2\" width=\"400\" height=\"300\" srcset=\"https:\/\/www.volume-software.com\/wp-content\/uploads\/2015\/04\/imprimerie-2-400x300.jpg 400w, https:\/\/www.volume-software.com\/wp-content\/uploads\/2015\/04\/imprimerie-2-190x143.jpg 190w, https:\/\/www.volume-software.com\/wp-content\/uploads\/2015\/04\/imprimerie-2-600x450.jpg 600w, https:\/\/www.volume-software.com\/wp-content\/uploads\/2015\/04\/imprimerie-2.jpg 636w\" sizes=\"auto, (max-width: 400px) 100vw, 400px\" \/><\/a><\/p>\n<p style=\"text-align: justify;\">&#8220;Gagner du temps et disposer d&#8217;informations fiables&#8221; ne sont plus seulement des objectifs mais des garanties.<\/p>\n<ul>\n<li style=\"text-align: justify;\"><strong>Budget et simulation budg\u00e9taire<\/strong> : calcul des taux horaires, calculs automatiques sur cl\u00e9s de r\u00e9partition, simulation de budget, comparatifs,<\/li>\n<li style=\"text-align: justify;\"><strong>Devis optimis\u00e9<\/strong> pour tous les m\u00e9tiers feuille.<\/li>\n<li style=\"text-align: justify;\"><strong>Gestion de la relation Client<\/strong> : int\u00e9gration du module <a href=\"https:\/\/www.volume-software.com\/en\/solutions\/reflexclient-crm\/\">ReflexClient <\/a>de suivi des actions, des potentiels de vente, de l&#8217;\u00e9tat des devis et commandes, du profil contact, volant d&#8217;affaires des commerciaux.<\/li>\n<li style=\"text-align: justify;\"><strong>Gestion des commandes<\/strong> : <strong>dossiers de fabrication<\/strong>, r\u00e9servation des mati\u00e8res, encours clients, bons de livraison, \u00e9tiquettes d&#8217;exp\u00e9dition.<\/li>\n<li style=\"text-align: justify;\"><strong>Temps r\u00e9el<\/strong> : collecte des temps pass\u00e9s par terminaux d&#8217;atelier et association aux co\u00fbts de revient des dossiers.<\/li>\n<li style=\"text-align: justify;\"><strong>Prix de revient des dossiers<\/strong> : chiffre d&#8217;affaires, marge brute, r\u00e9sultats techniques\/commerciaux.<\/li>\n<li style=\"text-align: justify;\"><strong>Gestion des achats et des consommations<\/strong> de mati\u00e8res, sous-traitance.<\/li>\n<li style=\"text-align: justify;\"><strong>Contr\u00f4le de production<\/strong> : activit\u00e9\/productivit\u00e9 par poste de travail.<\/li>\n<li style=\"text-align: justify;\"><strong>Logiciel de planification Direct Planning<\/strong> : transferts des charges li\u00e9es aux dossiers vers le planning, gestion des liens entre les t\u00e2ches, marqueurs d&#8217;\u00e9tats, avancement.<\/li>\n<li style=\"text-align: justify;\"><strong>Gestion des stocks<\/strong> : r\u00e9servations papiers, recherche intuitive de l&#8217;existant disponible, pr\u00e9paration aux inventaires, d\u00e9tection des stocks morts, historique des mouvements.<\/li>\n<li style=\"text-align: justify;\"><strong>Facturation<\/strong> : par rappel du dossier ou du devis, transfert en comptabilit\u00e9 g\u00e9n\u00e9rale.<\/li>\n<li style=\"text-align: justify;\"><strong>Statistiques<\/strong> : clients, produits, chiffre d&#8217;affaires, marge brute, r\u00e9sultats.<\/li>\n<\/ul>\n","protected":false},"excerpt":{"rendered":"<p>L&#8217;ERP &#8220;industrie graphique&#8221; pour les PMI Avec PROSPER, vous avez la garantie de disposer d&#8217;un syst\u00e8me informatique simple d&#8217;utilisation, param\u00e9trable, modulaire et \u00e9volutif. La gamme PROSPER a \u00e9t\u00e9 con\u00e7ue et est d\u00e9velopp\u00e9e par une \u00e9quipe d&#8217;ing\u00e9nieurs conseils au service exclusif des industries graphiques depuis plus de 30 ans. Cette exp\u00e9rience unique est la garantie de [&hellip;]<\/p>\n","protected":false},"author":1,"featured_media":79,"parent":212,"menu_order":0,"comment_status":"closed","ping_status":"closed","template":"","meta":{"footnotes":""},"class_list":["post-611","page","type-page","status-publish","has-post-thumbnail","hentry"],"yoast_head":"<!-- This site is optimized with the Yoast SEO plugin v27.4 - https:\/\/yoast.com\/product\/yoast-seo-wordpress\/ -->\n<title>Prosper - Volume Software<\/title>\n<meta name=\"description\" content=\"L&#039;ERP &quot;industrie graphique&quot; pour les PMI Avec PROSPER, vous avez la garantie de disposer d&#039;un syst\u00e8me informatique simple d&#039;utilisation, param\u00e9trable,\" \/>\n<meta name=\"robots\" content=\"index, follow, max-snippet:-1, max-image-preview:large, max-video-preview:-1\" \/>\n<link rel=\"canonical\" href=\"https:\/\/www.volume-software.com\/en\/solutions\/prosper\/\" \/>\n<meta property=\"og:locale\" content=\"en_US\" \/>\n<meta property=\"og:type\" content=\"article\" \/>\n<meta property=\"og:title\" content=\"Prosper - Volume Software\" \/>\n<meta property=\"og:description\" content=\"L&#039;ERP &quot;industrie graphique&quot; pour les PMI Avec PROSPER, vous avez la garantie de disposer d&#039;un syst\u00e8me informatique simple d&#039;utilisation, param\u00e9trable,\" \/>\n<meta property=\"og:url\" content=\"https:\/\/www.volume-software.com\/en\/solutions\/prosper\/\" \/>\n<meta property=\"og:site_name\" content=\"Volume Software\" \/>\n<meta property=\"article:publisher\" content=\"https:\/\/www.facebook.com\/pages\/Volume-Software\/216816211713393\" \/>\n<meta property=\"article:modified_time\" content=\"2021-10-28T08:58:11+00:00\" \/>\n<meta property=\"og:image\" content=\"https:\/\/www.volume-software.com\/wp-content\/uploads\/2015\/02\/volume_software.png\" \/>\n\t<meta property=\"og:image:width\" content=\"900\" \/>\n\t<meta property=\"og:image:height\" content=\"264\" \/>\n\t<meta property=\"og:image:type\" content=\"image\/png\" \/>\n<meta name=\"twitter:card\" content=\"summary_large_image\" \/>\n<meta name=\"twitter:site\" content=\"@VolumeSoftware\" \/>\n<meta name=\"twitter:label1\" content=\"Est. reading time\" \/>\n\t<meta name=\"twitter:data1\" content=\"3 minutes\" \/>\n<script type=\"application\/ld+json\" class=\"yoast-schema-graph\">{\"@context\":\"https:\\\/\\\/schema.org\",\"@graph\":[{\"@type\":\"WebPage\",\"@id\":\"https:\\\/\\\/www.volume-software.com\\\/en\\\/solutions\\\/prosper\\\/\",\"url\":\"https:\\\/\\\/www.volume-software.com\\\/en\\\/solutions\\\/prosper\\\/\",\"name\":\"Prosper - Volume Software\",\"isPartOf\":{\"@id\":\"https:\\\/\\\/www.volume-software.com\\\/#website\"},\"primaryImageOfPage\":{\"@id\":\"https:\\\/\\\/www.volume-software.com\\\/en\\\/solutions\\\/prosper\\\/#primaryimage\"},\"image\":{\"@id\":\"https:\\\/\\\/www.volume-software.com\\\/en\\\/solutions\\\/prosper\\\/#primaryimage\"},\"thumbnailUrl\":\"https:\\\/\\\/www.volume-software.com\\\/wp-content\\\/uploads\\\/2015\\\/02\\\/volume_software.png\",\"datePublished\":\"2015-07-28T14:06:02+00:00\",\"dateModified\":\"2021-10-28T08:58:11+00:00\",\"description\":\"L'ERP \\\"industrie graphique\\\" pour les PMI Avec PROSPER, vous avez la garantie de disposer d'un syst\u00e8me informatique simple d'utilisation, param\u00e9trable,\",\"breadcrumb\":{\"@id\":\"https:\\\/\\\/www.volume-software.com\\\/en\\\/solutions\\\/prosper\\\/#breadcrumb\"},\"inLanguage\":\"en-US\",\"potentialAction\":[{\"@type\":\"ReadAction\",\"target\":[\"https:\\\/\\\/www.volume-software.com\\\/en\\\/solutions\\\/prosper\\\/\"]}]},{\"@type\":\"ImageObject\",\"inLanguage\":\"en-US\",\"@id\":\"https:\\\/\\\/www.volume-software.com\\\/en\\\/solutions\\\/prosper\\\/#primaryimage\",\"url\":\"https:\\\/\\\/www.volume-software.com\\\/wp-content\\\/uploads\\\/2015\\\/02\\\/volume_software.png\",\"contentUrl\":\"https:\\\/\\\/www.volume-software.com\\\/wp-content\\\/uploads\\\/2015\\\/02\\\/volume_software.png\",\"width\":900,\"height\":264},{\"@type\":\"BreadcrumbList\",\"@id\":\"https:\\\/\\\/www.volume-software.com\\\/en\\\/solutions\\\/prosper\\\/#breadcrumb\",\"itemListElement\":[{\"@type\":\"ListItem\",\"position\":1,\"name\":\"Volume Software\",\"item\":\"https:\\\/\\\/www.volume-software.com\\\/en\\\/\"},{\"@type\":\"ListItem\",\"position\":2,\"name\":\"Our solutions\",\"item\":\"https:\\\/\\\/www.volume-software.com\\\/en\\\/solutions\\\/\"},{\"@type\":\"ListItem\",\"position\":3,\"name\":\"Prosper\"}]},{\"@type\":\"WebSite\",\"@id\":\"https:\\\/\\\/www.volume-software.com\\\/#website\",\"url\":\"https:\\\/\\\/www.volume-software.com\\\/\",\"name\":\"Volume Software\",\"description\":\"ERP software publisher for packaging and printing industry\",\"publisher\":{\"@id\":\"https:\\\/\\\/www.volume-software.com\\\/#organization\"},\"potentialAction\":[{\"@type\":\"SearchAction\",\"target\":{\"@type\":\"EntryPoint\",\"urlTemplate\":\"https:\\\/\\\/www.volume-software.com\\\/?s={search_term_string}\"},\"query-input\":{\"@type\":\"PropertyValueSpecification\",\"valueRequired\":true,\"valueName\":\"search_term_string\"}}],\"inLanguage\":\"en-US\"},{\"@type\":\"Organization\",\"@id\":\"https:\\\/\\\/www.volume-software.com\\\/#organization\",\"name\":\"Volume Software\",\"url\":\"https:\\\/\\\/www.volume-software.com\\\/\",\"logo\":{\"@type\":\"ImageObject\",\"inLanguage\":\"en-US\",\"@id\":\"https:\\\/\\\/www.volume-software.com\\\/#\\\/schema\\\/logo\\\/image\\\/\",\"url\":\"http:\\\/\\\/www.volume-software.com\\\/wp-content\\\/uploads\\\/2015\\\/02\\\/volume_software.png\",\"contentUrl\":\"http:\\\/\\\/www.volume-software.com\\\/wp-content\\\/uploads\\\/2015\\\/02\\\/volume_software.png\",\"width\":900,\"height\":264,\"caption\":\"Volume Software\"},\"image\":{\"@id\":\"https:\\\/\\\/www.volume-software.com\\\/#\\\/schema\\\/logo\\\/image\\\/\"},\"sameAs\":[\"https:\\\/\\\/www.facebook.com\\\/pages\\\/Volume-Software\\\/216816211713393\",\"https:\\\/\\\/x.com\\\/VolumeSoftware\",\"https:\\\/\\\/www.linkedin.com\\\/company\\\/volume-software\",\"https:\\\/\\\/www.youtube.com\\\/user\\\/VolumeSoftware\"]}]}<\/script>\n<!-- \/ Yoast SEO plugin. -->","yoast_head_json":{"title":"Prosper - Volume Software","description":"L'ERP \"industrie graphique\" pour les PMI Avec PROSPER, vous avez la garantie de disposer d'un syst\u00e8me informatique simple d'utilisation, param\u00e9trable,","robots":{"index":"index","follow":"follow","max-snippet":"max-snippet:-1","max-image-preview":"max-image-preview:large","max-video-preview":"max-video-preview:-1"},"canonical":"https:\/\/www.volume-software.com\/en\/solutions\/prosper\/","og_locale":"en_US","og_type":"article","og_title":"Prosper - Volume Software","og_description":"L'ERP \"industrie graphique\" pour les PMI Avec PROSPER, vous avez la garantie de disposer d'un syst\u00e8me informatique simple d'utilisation, param\u00e9trable,","og_url":"https:\/\/www.volume-software.com\/en\/solutions\/prosper\/","og_site_name":"Volume Software","article_publisher":"https:\/\/www.facebook.com\/pages\/Volume-Software\/216816211713393","article_modified_time":"2021-10-28T08:58:11+00:00","og_image":[{"width":900,"height":264,"url":"https:\/\/www.volume-software.com\/wp-content\/uploads\/2015\/02\/volume_software.png","type":"image\/png"}],"twitter_card":"summary_large_image","twitter_site":"@VolumeSoftware","twitter_misc":{"Est. reading time":"3 minutes"},"schema":{"@context":"https:\/\/schema.org","@graph":[{"@type":"WebPage","@id":"https:\/\/www.volume-software.com\/en\/solutions\/prosper\/","url":"https:\/\/www.volume-software.com\/en\/solutions\/prosper\/","name":"Prosper - Volume Software","isPartOf":{"@id":"https:\/\/www.volume-software.com\/#website"},"primaryImageOfPage":{"@id":"https:\/\/www.volume-software.com\/en\/solutions\/prosper\/#primaryimage"},"image":{"@id":"https:\/\/www.volume-software.com\/en\/solutions\/prosper\/#primaryimage"},"thumbnailUrl":"https:\/\/www.volume-software.com\/wp-content\/uploads\/2015\/02\/volume_software.png","datePublished":"2015-07-28T14:06:02+00:00","dateModified":"2021-10-28T08:58:11+00:00","description":"L'ERP \"industrie graphique\" pour les PMI Avec PROSPER, vous avez la garantie de disposer d'un syst\u00e8me informatique simple d'utilisation, param\u00e9trable,","breadcrumb":{"@id":"https:\/\/www.volume-software.com\/en\/solutions\/prosper\/#breadcrumb"},"inLanguage":"en-US","potentialAction":[{"@type":"ReadAction","target":["https:\/\/www.volume-software.com\/en\/solutions\/prosper\/"]}]},{"@type":"ImageObject","inLanguage":"en-US","@id":"https:\/\/www.volume-software.com\/en\/solutions\/prosper\/#primaryimage","url":"https:\/\/www.volume-software.com\/wp-content\/uploads\/2015\/02\/volume_software.png","contentUrl":"https:\/\/www.volume-software.com\/wp-content\/uploads\/2015\/02\/volume_software.png","width":900,"height":264},{"@type":"BreadcrumbList","@id":"https:\/\/www.volume-software.com\/en\/solutions\/prosper\/#breadcrumb","itemListElement":[{"@type":"ListItem","position":1,"name":"Volume Software","item":"https:\/\/www.volume-software.com\/en\/"},{"@type":"ListItem","position":2,"name":"Our solutions","item":"https:\/\/www.volume-software.com\/en\/solutions\/"},{"@type":"ListItem","position":3,"name":"Prosper"}]},{"@type":"WebSite","@id":"https:\/\/www.volume-software.com\/#website","url":"https:\/\/www.volume-software.com\/","name":"Volume Software","description":"ERP software publisher for packaging and printing industry","publisher":{"@id":"https:\/\/www.volume-software.com\/#organization"},"potentialAction":[{"@type":"SearchAction","target":{"@type":"EntryPoint","urlTemplate":"https:\/\/www.volume-software.com\/?s={search_term_string}"},"query-input":{"@type":"PropertyValueSpecification","valueRequired":true,"valueName":"search_term_string"}}],"inLanguage":"en-US"},{"@type":"Organization","@id":"https:\/\/www.volume-software.com\/#organization","name":"Volume Software","url":"https:\/\/www.volume-software.com\/","logo":{"@type":"ImageObject","inLanguage":"en-US","@id":"https:\/\/www.volume-software.com\/#\/schema\/logo\/image\/","url":"http:\/\/www.volume-software.com\/wp-content\/uploads\/2015\/02\/volume_software.png","contentUrl":"http:\/\/www.volume-software.com\/wp-content\/uploads\/2015\/02\/volume_software.png","width":900,"height":264,"caption":"Volume Software"},"image":{"@id":"https:\/\/www.volume-software.com\/#\/schema\/logo\/image\/"},"sameAs":["https:\/\/www.facebook.com\/pages\/Volume-Software\/216816211713393","https:\/\/x.com\/VolumeSoftware","https:\/\/www.linkedin.com\/company\/volume-software","https:\/\/www.youtube.com\/user\/VolumeSoftware"]}]}},"_links":{"self":[{"href":"https:\/\/www.volume-software.com\/en\/wp-json\/wp\/v2\/pages\/611","targetHints":{"allow":["GET"]}}],"collection":[{"href":"https:\/\/www.volume-software.com\/en\/wp-json\/wp\/v2\/pages"}],"about":[{"href":"https:\/\/www.volume-software.com\/en\/wp-json\/wp\/v2\/types\/page"}],"author":[{"embeddable":true,"href":"https:\/\/www.volume-software.com\/en\/wp-json\/wp\/v2\/users\/1"}],"replies":[{"embeddable":true,"href":"https:\/\/www.volume-software.com\/en\/wp-json\/wp\/v2\/comments?post=611"}],"version-history":[{"count":1,"href":"https:\/\/www.volume-software.com\/en\/wp-json\/wp\/v2\/pages\/611\/revisions"}],"predecessor-version":[{"id":2550,"href":"https:\/\/www.volume-software.com\/en\/wp-json\/wp\/v2\/pages\/611\/revisions\/2550"}],"up":[{"embeddable":true,"href":"https:\/\/www.volume-software.com\/en\/wp-json\/wp\/v2\/pages\/212"}],"wp:featuredmedia":[{"embeddable":true,"href":"https:\/\/www.volume-software.com\/en\/wp-json\/wp\/v2\/media\/79"}],"wp:attachment":[{"href":"https:\/\/www.volume-software.com\/en\/wp-json\/wp\/v2\/media?parent=611"}],"curies":[{"name":"wp","href":"https:\/\/api.w.org\/{rel}","templated":true}]}}